{"id":1156,"date":"2025-04-16T13:34:13","date_gmt":"2025-04-16T13:34:13","guid":{"rendered":"https:\/\/red-lighttherapy.com\/?post_type=product&#038;p=1156"},"modified":"2025-04-17T08:49:17","modified_gmt":"2025-04-17T08:49:17","slug":"gold-glitter-magnetic-closure-collapsible-watch-box-dealer","status":"publish","type":"product","link":"https:\/\/red-lighttherapy.com\/sv\/gold-glitter-magnetic-closure-collapsible-watch-box-dealer\/","title":{"rendered":"Guldglittrig magnetisk st\u00e4ngning hopf\u00e4llbar klockbox \u00c5terf\u00f6rs\u00e4ljare"},"content":{"rendered":"<h2 id=\"-golden-sequin-magnetic-clasp-folding-watch-box-product-description-\"><strong>Gyllene paljett magnetl\u00e5s vikbar klockask Produktbeskrivning<\/strong><\/h2>\n<h2 id=\"1-precision-magnetic-box-design-\">1.\u00a0<strong>Precisionsdesign f\u00f6r magnetl\u00e5dor<\/strong><\/h2>\n<ul>\n<li>Patenterad magnetisk struktur, \u00f6ppnings- och st\u00e4ngningsvinkeln optimeras genom simulering av fluidmekanik och enhandsman\u00f6vrering kan uppn\u00e5 120\u00b0 smidig \u00f6ppning och st\u00e4ngning. Magnetkraften \u00e4r j\u00e4mnt f\u00f6rdelad och passningsfelet n\u00e4r den \u00e4r st\u00e4ngd \u00e4r mindre \u00e4n 0,1 mm, vilket s\u00e4kerst\u00e4ller noll risk f\u00f6r oavsiktlig \u00f6ppning under transport.<\/li>\n<li>Magneten \u00e4r helt inb\u00e4ddad i mellanlagret p\u00e5 l\u00e5dan, utan exponerad metall, f\u00f6r att undvika repor p\u00e5 klockan eller kontaktoxidation. Den minimalistiska designen passar modern estetik och l\u00e5dan \u00e4r lika sl\u00e4t som en spegel n\u00e4r den \u00e4r st\u00e4ngd.<\/li>\n<\/ul>\n<h2 id=\"2-glitter-paper-iridescent-material-\">2.\u00a0<strong>Glitterpapper Skimrande material<\/strong><\/h2>\n<ul>\n<li>Klockl\u00e5dan anv\u00e4nder en speciell kompositprocess Glitter Paper, basmaterialet \u00e4r FSC-certifierad milj\u00f6v\u00e4nlig massa och ytan \u00e4r t\u00e4ckt med optisk paljettfilm. Det kan presentera mer \u00e4n 5 iriserande gradienteffekter under ljusk\u00e4llan, vilket uppfyller de visuella presentationsbehoven f\u00f6r lyxvaror.<\/li>\n<li>Ytan \u00e4r belagd med en nano-antifoulingbel\u00e4ggning som har klarat 100.000 friktionstester och dess svett- och oljebest\u00e4ndighet har f\u00f6rb\u00e4ttrats med 300%. Den kan fortfarande bibeh\u00e5lla en spegelreflektivitet p\u00e5 mer \u00e4n 90% efter l\u00e5ngvarig anv\u00e4ndning.<\/li>\n<\/ul>\n<h2 id=\"3-safety-protection-and-convenient-storage-\">3.\u00a0<strong>S\u00e4kerhetsskydd och praktisk f\u00f6rvaring<\/strong><\/h2>\n<ul>\n<li>Den interna strukturen har en segmenterad buffertstruktur: 3 mm mikrofiber anti-repskikt p\u00e5 ovansidan + memory foam anti-chockskikt i mitten + silikon anti-slip pad p\u00e5 undersidan, som klarar ett fall p\u00e5 3 meter.<\/li>\n<li>Den vikbara skiktade designen g\u00f6r det m\u00f6jligt att f\u00f6rvara 2-3 klockor i en enda l\u00e5da, vilket \u00e4r l\u00e4mpligt f\u00f6r alla storlekar fr\u00e5n 36 mm damklockor till 45 mm dykarklockor.<\/li>\n<\/ul>\n<h2 id=\"-quality-assurance-system-\"><strong>4. System f\u00f6r kvalitetss\u00e4kring<\/strong><\/h2>\n<ul>\n<li><strong>Certifiering p\u00e5skrift<\/strong>: Tillverkaren \u00e4r ett referensf\u00f6retag inom Kinas f\u00f6rpackningsindustri, med FSC-skogscertifiering, ISO 9001-certifiering av kvalitetsstyrningssystem och BSCI-certifiering av socialt ansvar, och har betj\u00e4nat mer \u00e4n 50 internationella lyxm\u00e4rken i 16 \u00e5r.<\/li>\n<li><strong>Teststandarder<\/strong>: Klarade 72 timmars saltspraytest (korrosionsbest\u00e4ndighet), -20\u00b0C~60\u00b0C temperaturf\u00f6r\u00e4ndringstest (antideformation) och 100.000 \u00f6ppnings- och st\u00e4ngningsutmattningstest (h\u00e5llbarhet).<\/li>\n<\/ul>\n<h2 id=\"-application-scenarios-and-value-added-services-\"><strong>Applikationsscenarier och merv\u00e4rdestj\u00e4nster<\/strong><\/h2>\n<ul>\n<li><strong>Anpassning av varum\u00e4rke<\/strong>: St\u00f6der LOGO varmst\u00e4mpling, anpassning av foderf\u00e4rg och exklusiv doftimplantation (t.ex. sandeltr\u00e4 \/ cedertr\u00e4doft) f\u00f6r att f\u00f6rb\u00e4ttra k\u00e4nslan av att \u00f6ppna l\u00e5dan och varum\u00e4rkesigenk\u00e4nning.<\/li>\n<li><strong>Utvidgning av scenariot<\/strong>: F\u00f6rutom klockf\u00f6rvaring \u00e4r den kompatibel med f\u00f6rvaring av v\u00e4rdefulla tillbeh\u00f6r som manschettknappar och vigselringar, l\u00e4mpliga f\u00f6r avancerade scenarier som br\u00f6llopsg\u00e5vor och VIP-g\u00e5vor fr\u00e5n varum\u00e4rken.<\/li>\n<\/ul>","protected":false},"excerpt":{"rendered":"<p>Den magnetiskt vikbara lockboxen har en j\u00e4mn och naturlig \u00f6ppnings- och st\u00e4ngningsvinkel och kan enkelt man\u00f6vreras med en hand, med h\u00e4nsyn till b\u00e5de bekv\u00e4mlighet och en k\u00e4nsla av ritual. Glitterpappersmaterialet ger en skimrande effekt i flera vinklar under ljusk\u00e4llan. L\u00e5dans kropp \u00e4r snygg och har inga \u00f6verfl\u00f6diga linjer. N\u00e4r den \u00e4r st\u00e4ngd \u00e4r magnetkraften j\u00e4mnt f\u00f6rdelad f\u00f6r att s\u00e4kerst\u00e4lla att den inte l\u00e4tt \u00f6ppnas av misstag under transport.<\/p>","protected":false},"featured_media":1159,"template":"","meta":{"_kad_post_transparent":"default","_kad_post_title":"","_kad_post_layout":"default","_kad_post_sidebar_id":"","_kad_post_content_style":"default","_kad_post_vertical_padding":"default","_kad_post_feature":"","_kad_post_feature_position":"","_kad_post_header":false,"_kad_post_footer":false,"_kad_post_classname":""},"product_brand":[],"product_cat":[15,17],"product_tag":[451,450,431],"class_list":{"0":"post-1156","1":"product","2":"type-product","3":"status-publish","4":"has-post-thumbnail","6":"product_cat-red-light-therapy","7":"product_cat-services","8":"product_tag-collapsible-watch-gift-box","9":"product_tag-gold-glitter-watch-box","10":"product_tag-magnetic-closure-box","12":"first","13":"instock","14":"shipping-taxable","15":"product-type-simple","16":"entry","17":"content-bg","18":"loop-entry"},"_links":{"self":[{"href":"https:\/\/red-lighttherapy.com\/sv\/wp-json\/wp\/v2\/product\/1156","targetHints":{"allow":["GET"]}}],"collection":[{"href":"https:\/\/red-lighttherapy.com\/sv\/wp-json\/wp\/v2\/product"}],"about":[{"href":"https:\/\/red-lighttherapy.com\/sv\/wp-json\/wp\/v2\/types\/product"}],"wp:featuredmedia":[{"embeddable":true,"href":"https:\/\/red-lighttherapy.com\/sv\/wp-json\/wp\/v2\/media\/1159"}],"wp:attachment":[{"href":"https:\/\/red-lighttherapy.com\/sv\/wp-json\/wp\/v2\/media?parent=1156"}],"wp:term":[{"taxonomy":"product_brand","embeddable":true,"href":"https:\/\/red-lighttherapy.com\/sv\/wp-json\/wp\/v2\/product_brand?post=1156"},{"taxonomy":"product_cat","embeddable":true,"href":"https:\/\/red-lighttherapy.com\/sv\/wp-json\/wp\/v2\/product_cat?post=1156"},{"taxonomy":"product_tag","embeddable":true,"href":"https:\/\/red-lighttherapy.com\/sv\/wp-json\/wp\/v2\/product_tag?post=1156"}],"curies":[{"name":"wp","href":"https:\/\/api.w.org\/{rel}","templated":true}]}}