{"id":1150,"date":"2025-04-16T13:14:34","date_gmt":"2025-04-16T13:14:34","guid":{"rendered":"https:\/\/red-lighttherapy.com\/?post_type=product&#038;p=1150"},"modified":"2025-04-17T08:50:48","modified_gmt":"2025-04-17T08:50:48","slug":"glitter-red-hot-foil-stamping-boxes-for-wig-hair-extension","status":"publish","type":"product","link":"https:\/\/red-lighttherapy.com\/sv\/glitter-red-hot-foil-stamping-boxes-for-wig-hair-extension\/","title":{"rendered":"Glitter R\u00f6d Hot Foil St\u00e4mpelboxar f\u00f6r Peruk H\u00e5rf\u00f6rl\u00e4ngning"},"content":{"rendered":"<h2 id=\"product-description-of-flashing-gold-stamping-magnetic-closure-wig-storage-box\">Produktbeskrivning av Perukf\u00f6rvaringsl\u00e5da med blinkande guldst\u00e4mpel och magnetisk st\u00e4ngning<\/h2>\n<h2 id=\"-1-magnetic-closure-system-the-perfect-combination-of-convenience-and-stability-\"><strong>1. Magnetiskt f\u00f6rslutningssystem: Den perfekta kombinationen av bekv\u00e4mlighet och stabilitet<\/strong><\/h2>\n<p>Denna produkt anv\u00e4nder\u00a0<strong>Magnetiskt f\u00f6rslutningssystem<\/strong>Den magnetiska designen, som bygger p\u00e5 magnetisk precisionskontrollteknik och inb\u00e4ddar starka magnetmoduler i de \u00f6vre och nedre l\u00e5dorna f\u00f6r att uppn\u00e5 enhandsber\u00f6ring och st\u00e4ngning, och adsorptionskraften efter st\u00e4ngning kan n\u00e5 mer \u00e4n 3,5 N, vilket s\u00e4kerst\u00e4ller att l\u00e5dan \u00e4r stabil och inte lossnar under transport eller h\u00f6gfrekvent anv\u00e4ndning. J\u00e4mf\u00f6rt med traditionella sp\u00e4nnen undviker den magnetiska designen risken f\u00f6r mekaniskt slitage, och den dolda magnetsp\u00e5rsdesignen g\u00f6r utseendet utan utbuktningar, vilket uppfyller kraven p\u00e5 avancerade produkter f\u00f6r enkla linjer.<\/p>\n<h2 id=\"-2-one-handed-opening-and-closing-and-high-frequency-adaptability-\"><strong>2. \u00d6ppning och st\u00e4ngning med en hand och h\u00f6gfrekvent anpassningsbarhet<\/strong><\/h2>\n<p>L\u00e5dkroppen \u00f6verger den traditionella sp\u00e4nnstrukturen och optimerar driftslogiken genom\u00a0<strong>fj\u00e4derassisterat magnetiskt \u00f6ppnings- och st\u00e4ngningssystem<\/strong>N\u00e4r anv\u00e4ndaren bara beh\u00f6ver trycka med ett finger p\u00e5 avtryckaren p\u00e5 sidan av l\u00e5dan frig\u00f6rs magnetkraften omedelbart och fj\u00e4dern hj\u00e4lper l\u00e5dans lock att \u00f6ppnas i en vinkel p\u00e5 ca 30\u00b0. Inga tv\u00e5 h\u00e4nder kr\u00e4vs f\u00f6r hela processen, vilket \u00e4r s\u00e4rskilt l\u00e4mpligt f\u00f6r fris\u00f6rsalonger, direkts\u00e4ndningar och andra scener d\u00e4r peruker snabbt m\u00e5ste tas ut och s\u00e4ttas in.<\/p>\n<h2 id=\"-three-minimalist-geometry-and-space-utilization-\"><strong>3. Minimalistisk geometri och utrymmesutnyttjande<\/strong><\/h2>\n<p>L\u00e5dans kropp antar\u00a0<strong>design av hexaedrisk geometri<\/strong>, och kanter och h\u00f6rn \u00f6verg\u00e5r i rundade R2 -h\u00f6rn, med h\u00e4nsyn tagen till b\u00e5de tufft aff\u00e4rssinne och s\u00e4ker ber\u00f6ring. Den interna layouten \u00e4r baserad p\u00e5 modul\u00e4ra skiljev\u00e4ggar som kan anpassas till tillbeh\u00f6r som peruker och v\u00e5rdverktyg. Bittoleransen \u00e4r \u22640,1 mm vid stapling, och transportutrymmet minskar med 40% j\u00e4mf\u00f6rt med traditionella f\u00f6rpackningar. Den yttre v\u00e4ggtjockleken \u00e4r 3 mm och l\u00e4tta kompositmaterial v\u00e4ljs med en tryckh\u00e5llfasthet p\u00e5 50 kg, vilket uppfyller behoven f\u00f6r l\u00e5ngv\u00e4ga transporter.<\/p>\n<h2 id=\"-four-high-end-visual-language-and-surface-technology-\"><strong>4. Avancerat visuellt spr\u00e5k och ytteknik<\/strong><\/h2>\n<ol>\n<li><strong>F\u00e4rg- och varmst\u00e4mplingsteknik<\/strong>: L\u00e5dkroppen \u00e4r baserad p\u00e5\u00a0<strong>matt svart PET-bel\u00e4ggning<\/strong>, med lasergraverad\u00a0<strong>ljus varm r\u00f6d guld text\/LOGO<\/strong>och bildar ett visuellt fokus genom tv\u00e5f\u00e4rgskontrast f\u00f6r att \u00f6ka varum\u00e4rkesigenk\u00e4nningen.<\/li>\n<li><strong>Industriell precisionsstandard<\/strong>: L\u00e5dans kropp antar\u00a0<strong>s\u00f6ml\u00f6s formsprutningsprocess<\/strong>, toleransen f\u00f6r fogen kontrolleras inom \u00b1 0,05 mm, kanten \u00e4r exakt polerad av CNC, ber\u00f6ringen \u00e4r sl\u00e4t och burrfri och den uppfyller ytbehandlingsstandarden f\u00f6r medicinsk utrustning.<\/li>\n<\/ol>\n<h2 id=\"-v-customized-service-plan-\"><strong>5. Anpassad serviceplan<\/strong><\/h2>\n<ol>\n<li><strong>Storlek och struktur<\/strong>: St\u00f6der h\u00f6g anpassning, ger anpassad storlek och kan ocks\u00e5 designa specialformade l\u00e5dkroppar p\u00e5 beg\u00e4ran.<\/li>\n<li><strong>F\u00e4rg och tillbeh\u00f6r<\/strong>: F\u00f6rutom den klassiska svarta och guldf\u00e4rgen finns 6 st\u00e4mplingsscheman som champagneguld och ros\u00e9guld, och den st\u00f6der inbyggd magnetisk spegel, fukts\u00e4kert silikonlager och andra tillbeh\u00f6r.<\/li>\n<\/ol>\n<h2 id=\"-six-applicable-scenarios-and-added-value-enhancement-\"><strong>6. Till\u00e4mpliga scenarier och f\u00f6rb\u00e4ttring av merv\u00e4rdet<\/strong><\/h2>\n<p>Denna produkt kan s\u00f6ml\u00f6st integreras i displaysystemet f\u00f6r lyxvaror, avancerade kosmetika och andra kategorier med sin\u00a0<strong>aff\u00e4rsdesignspr\u00e5k<\/strong>\u00a0och\u00a0<strong>industriell kvalitet<\/strong>till exempel:<\/p>\n<ul>\n<li><strong>Offline-r\u00e4knare<\/strong>: bildar en enhetlig visuell array n\u00e4r de staplas f\u00f6r visning, vilket f\u00f6rb\u00e4ttrar terminalens image;<\/li>\n<li><strong>Logistik f\u00f6r e-handel<\/strong>: minska brottfrekvensen och fraktkostnaderna genom tryckt\u00e5lig struktur och l\u00e4ttviktsdesign;<\/li>\n<li><strong>Presentmarknaden<\/strong>: st\u00f6djer varmst\u00e4mpling av kundspecifika logotyper f\u00f6r att skapa exklusiva presentf\u00f6rpackningar med samma varum\u00e4rke.<\/li>\n<\/ul>","protected":false},"excerpt":{"rendered":"<p>Det magnetiska st\u00e4ngningssystemet \u00e4r l\u00e4tt att anv\u00e4nda och st\u00e4nger ordentligt, vilket f\u00f6rb\u00e4ttrar anv\u00e4ndarupplevelsen. Det kr\u00e4ver inga komplicerade sp\u00e4nnen och kan enkelt \u00f6ppnas och st\u00e4ngas med en hand. Det \u00e4r l\u00e4mpligt f\u00f6r h\u00f6gfrekventa anv\u00e4ndningsscenarier. Linjerna \u00e4r enkla och snygga, utrymmesutnyttjandegraden \u00e4r h\u00f6g och den \u00e4r l\u00e4tt att stapla och transportera. Den regelbundna geometriska formen ger produkten en avancerad aff\u00e4rsk\u00e4nsla, som \u00e4r l\u00e4mplig f\u00f6r kategorier med h\u00f6gt merv\u00e4rde, t.ex. peruker.<\/p>","protected":false},"featured_media":1151,"template":"","meta":{"_kad_post_transparent":"default","_kad_post_title":"","_kad_post_layout":"default","_kad_post_sidebar_id":"","_kad_post_content_style":"default","_kad_post_vertical_padding":"default","_kad_post_feature":"","_kad_post_feature_position":"","_kad_post_header":false,"_kad_post_footer":false,"_kad_post_classname":""},"product_brand":[],"product_cat":[15,27,17],"product_tag":[449,448,447],"class_list":{"0":"post-1150","1":"product","2":"type-product","3":"status-publish","4":"has-post-thumbnail","6":"product_cat-red-light-therapy","7":"product_cat-red-light-therapy-belt","8":"product_cat-services","9":"product_tag-custom-wig-boxes","10":"product_tag-hair-extension-boxes","11":"product_tag-wig-glitter-boxes","13":"first","14":"instock","15":"shipping-taxable","16":"product-type-simple","17":"entry","18":"content-bg","19":"loop-entry"},"_links":{"self":[{"href":"https:\/\/red-lighttherapy.com\/sv\/wp-json\/wp\/v2\/product\/1150","targetHints":{"allow":["GET"]}}],"collection":[{"href":"https:\/\/red-lighttherapy.com\/sv\/wp-json\/wp\/v2\/product"}],"about":[{"href":"https:\/\/red-lighttherapy.com\/sv\/wp-json\/wp\/v2\/types\/product"}],"wp:featuredmedia":[{"embeddable":true,"href":"https:\/\/red-lighttherapy.com\/sv\/wp-json\/wp\/v2\/media\/1151"}],"wp:attachment":[{"href":"https:\/\/red-lighttherapy.com\/sv\/wp-json\/wp\/v2\/media?parent=1150"}],"wp:term":[{"taxonomy":"product_brand","embeddable":true,"href":"https:\/\/red-lighttherapy.com\/sv\/wp-json\/wp\/v2\/product_brand?post=1150"},{"taxonomy":"product_cat","embeddable":true,"href":"https:\/\/red-lighttherapy.com\/sv\/wp-json\/wp\/v2\/product_cat?post=1150"},{"taxonomy":"product_tag","embeddable":true,"href":"https:\/\/red-lighttherapy.com\/sv\/wp-json\/wp\/v2\/product_tag?post=1150"}],"curies":[{"name":"wp","href":"https:\/\/api.w.org\/{rel}","templated":true}]}}