{"id":1144,"date":"2025-04-16T13:04:28","date_gmt":"2025-04-16T13:04:28","guid":{"rendered":"https:\/\/red-lighttherapy.com\/?post_type=product&#038;p=1144"},"modified":"2025-04-17T08:50:20","modified_gmt":"2025-04-17T08:50:20","slug":"glitter-magnetic-closure-paper-box-for-wig-hair-extension","status":"publish","type":"product","link":"https:\/\/red-lighttherapy.com\/sv\/glitter-magnetic-closure-paper-box-for-wig-hair-extension\/","title":{"rendered":"Glittrande pappersl\u00e5da med magnetisk f\u00f6rslutning f\u00f6r peruk och h\u00e5rf\u00f6rl\u00e4ngning"},"content":{"rendered":"<h2 id=\"-glitter-paper-magnetic-wig-extension-paper-box-product-manual-\"><strong>Glitterpapper magnetisk peruk f\u00f6rl\u00e4ngning pappersl\u00e5da produktmanual<\/strong><\/h2>\n<h2 id=\"1-magnetic-closure-system-\">1.\u00a0<strong>Magnetiskt f\u00f6rslutningssystem<\/strong><\/h2>\n<ul>\n<li><strong>Design av magnetisk krets med h\u00f6g precision<\/strong>: Anv\u00e4nder N52-klassad NdFeB permanentmagnet, med ringformad flerpolig magnetkrets, f\u00f6r att uppn\u00e5 en enda punkt 12N sugkraft, smidig \u00f6ppning och st\u00e4ngning och IP54-t\u00e4tning.<\/li>\n<li><strong>Optimering av drift med en hand<\/strong>: Genom den 60\u00b0 koniska positioneringsvinkeln och det elastiska sp\u00e4nnets samarbetsdesign riktas magnetpunkten automatiskt in och den kan l\u00e5sas upp genom att rotera 15\u00b0. \u00d6ppnings- och st\u00e4ngningsfelet med en hand \u00e4r mindre \u00e4n 0,3 mm.<\/li>\n<li><strong>\u00d6ppning mot olycksh\u00e4ndelse<\/strong>: Magnetpunkten \u00e4r matchad med kortplatsens bettstruktur och 5N rotationsmoment kr\u00e4vs f\u00f6r att separera. Transportvibrationstestet klarar ISTA 3A-standarden.<\/li>\n<\/ul>\n<h2 id=\"2-box-structure-\">2.\u00a0<strong>Boxens struktur<\/strong><\/h2>\n<ul>\n<li><strong>Typ av box f\u00f6r geometrisk optimering<\/strong>: Baserat p\u00e5 analys och ber\u00e4kning av finita element, antar den en hexahedral viklinjedesign, med ett kantfel p\u00e5 \u00b1 0,5 mm och en tryckh\u00e5llfasthet p\u00e5 800 kg\/m\u00b2.<\/li>\n<li><strong>Precisionsbitningssystem<\/strong>: Locket och bottenl\u00e5dan har en 2 mm f\u00f6rskjuten nestningsstruktur, med 0,5 mm magnetiska st\u00e5lpl\u00e5tsf\u00f6rst\u00e4rkningsribbor, den totala fallskyddsprestandan f\u00f6rb\u00e4ttras med 40%.<\/li>\n<\/ul>\n<h2 id=\"3-environmentally-friendly-materials-\">3.\u00a0<strong>Milj\u00f6v\u00e4nliga material<\/strong><\/h2>\n<ul>\n<li><strong>FSC-certifierad kartong<\/strong>: Den antar 1,5 mm tjockt dubbelgr\u00e5tt br\u00e4dsubstrat, med 120 g \/ m\u00b2 flashfilm p\u00e5 ytan, och har klarat SGS tungmetall och REACH milj\u00f6certifiering.<\/li>\n<li><strong>Antistatiskt band<\/strong>: Det svarta bandet \u00e4r behandlat med nano-kolbel\u00e4ggning, med ett ytmotst\u00e5nd p\u00e5 \u226410\u2076\u03a9 och en statisk avklingningstid p\u00e5 &lt;0,5 s, vilket s\u00e4kerst\u00e4ller ingen deformation under transport.<\/li>\n<\/ul>","protected":false},"excerpt":{"rendered":"<p>Denna f\u00f6rpackningsl\u00e5da \u00e4r speciellt utformad f\u00f6r perukf\u00f6rl\u00e4ngningsprodukter och kombinerar magnetisk st\u00e4ngningsteknik och milj\u00f6v\u00e4nligt materialhantverk f\u00f6r att skapa en avancerad f\u00f6rpackningsl\u00f6sning som \u00e4r b\u00e5de estetisk och funktionell. L\u00e5dan har en skarp geometrisk struktur med en glittrande pappersyta och ett magnetiskt \u00f6ppnings- och st\u00e4ngningssystem f\u00f6r att s\u00e4kerst\u00e4lla transports\u00e4kerhet och anv\u00e4ndarv\u00e4nlighet.<\/p>","protected":false},"featured_media":1146,"template":"","meta":{"_kad_post_transparent":"default","_kad_post_title":"","_kad_post_layout":"default","_kad_post_sidebar_id":"","_kad_post_content_style":"default","_kad_post_vertical_padding":"default","_kad_post_feature":"","_kad_post_feature_position":"","_kad_post_header":false,"_kad_post_footer":false,"_kad_post_classname":""},"product_brand":[],"product_cat":[15,27,17],"product_tag":[444,445,446],"class_list":{"0":"post-1144","1":"product","2":"type-product","3":"status-publish","4":"has-post-thumbnail","6":"product_cat-red-light-therapy","7":"product_cat-red-light-therapy-belt","8":"product_cat-services","9":"product_tag-glitter-paper-for-wig","10":"product_tag-magnetic-closure-box-for-hair-extension","11":"product_tag-wig-hair-extension-paper-box","13":"first","14":"instock","15":"shipping-taxable","16":"product-type-simple","17":"entry","18":"content-bg","19":"loop-entry"},"_links":{"self":[{"href":"https:\/\/red-lighttherapy.com\/sv\/wp-json\/wp\/v2\/product\/1144","targetHints":{"allow":["GET"]}}],"collection":[{"href":"https:\/\/red-lighttherapy.com\/sv\/wp-json\/wp\/v2\/product"}],"about":[{"href":"https:\/\/red-lighttherapy.com\/sv\/wp-json\/wp\/v2\/types\/product"}],"wp:featuredmedia":[{"embeddable":true,"href":"https:\/\/red-lighttherapy.com\/sv\/wp-json\/wp\/v2\/media\/1146"}],"wp:attachment":[{"href":"https:\/\/red-lighttherapy.com\/sv\/wp-json\/wp\/v2\/media?parent=1144"}],"wp:term":[{"taxonomy":"product_brand","embeddable":true,"href":"https:\/\/red-lighttherapy.com\/sv\/wp-json\/wp\/v2\/product_brand?post=1144"},{"taxonomy":"product_cat","embeddable":true,"href":"https:\/\/red-lighttherapy.com\/sv\/wp-json\/wp\/v2\/product_cat?post=1144"},{"taxonomy":"product_tag","embeddable":true,"href":"https:\/\/red-lighttherapy.com\/sv\/wp-json\/wp\/v2\/product_tag?post=1144"}],"curies":[{"name":"wp","href":"https:\/\/api.w.org\/{rel}","templated":true}]}}