{"id":1138,"date":"2025-04-16T12:47:16","date_gmt":"2025-04-16T12:47:16","guid":{"rendered":"https:\/\/red-lighttherapy.com\/?post_type=product&#038;p=1138"},"modified":"2025-04-20T06:06:46","modified_gmt":"2025-04-20T06:06:46","slug":"silver-glitter-double-side-open-gift-boxes-for-jewelry-ring","status":"publish","type":"product","link":"https:\/\/red-lighttherapy.com\/sv\/silver-glitter-double-side-open-gift-boxes-for-jewelry-ring\/","title":{"rendered":"Silverglittrande presentaskar med dubbelsidig \u00f6ppning f\u00f6r smycken Ring"},"content":{"rendered":"<h2 id=\"silver-glitter-paper-double-sided-open-jewelry-ring-gift-box-that-meets-the-needs-of-the-high-end-market\">Silverglitterpapper Dubbelsidig \u00f6ppen presentask f\u00f6r smycken och ringar som uppfyller behoven p\u00e5 den exklusiva marknaden<\/h2>\n<h2 id=\"1-ergonomic-double-sided-door-structure-\">1.\u00a0<strong>Ergonomisk dubbelsidig d\u00f6rrstruktur<\/strong><\/h2>\n<p>Den symmetriska dubbelsidiga \u00f6ppnings- och st\u00e4ngningsdesignen \u00e4r antagen. D\u00f6rrbladets \u00f6ppningsvinkel \u00e4r optimerad till 120\u00b0 genom ergonomisk ber\u00e4kning. N\u00e4r d\u00f6rren man\u00f6vreras med en hand kan tummen och pekfingret p\u00e5 ett naturligt s\u00e4tt ut\u00f6va kraft f\u00f6r att slutf\u00f6ra \u00f6ppnings- och st\u00e4ngnings\u00e5tg\u00e4rden. Den dolda g\u00e5ngj\u00e4rnsl\u00e4nkstrukturen antas inuti l\u00e5dkroppen. \u00d6ppnings- och st\u00e4ngningsprocessen \u00e4r lika smidig som mekanisk balett. Utf\u00e4llningstiden styrs inom 2 sekunder, vilket inte bara s\u00e4kerst\u00e4ller den visuella rituella k\u00e4nslan utan ocks\u00e5 undviker f\u00f6rl\u00e4genhet att v\u00e4nta.<\/p>\n<h2 id=\"2-magnetic-positioning-system-\">2.\u00a0<strong>Magnetiskt positioneringssystem<\/strong><\/h2>\n<p>Det inbyggda magnetiska dubbelpunktssp\u00e4nnet uppn\u00e5r \u00b10,5 mm positioneringsnoggrannhet genom N52-klassade neodymj\u00e4rnborromagneter. N\u00e4r l\u00e5dkroppen \u00e4r helt utf\u00e4lld l\u00e5ses magnetsystemet automatiskt s\u00e5 att ringh\u00e5llaren presenteras i en 30\u00b0 lutningsvinkel och LED-ljusk\u00e4llan kan bilda en reflekterande effekt p\u00e5 diamantniv\u00e5. Faktiska m\u00e4tningar visar att smidigheten i magnetisk \u00f6ppning och st\u00e4ngning \u00e4r 40% h\u00f6gre \u00e4n f\u00f6r traditionella sp\u00e4nnen, och den upprepade livsl\u00e4ngden \u00e4r mer \u00e4n 100 000 g\u00e5nger.<\/p>\n<h2 id=\"3-glitter-paper-diamond-faceted-reflective-technology-\">3.\u00a0<strong>Glitterpapper Diamantfasetterad reflekterande teknik<\/strong><\/h2>\n<p>Ytan har en kompositprocess i tre lager: substratet \u00e4r FSC-certifierad tallfiberplatta, mellanlagret \u00e4r vakuumpl\u00e4terad aluminiumfilm f\u00f6r att bilda ett spegelreflektionsskikt och ytan sprutas med UV-h\u00e4rdat lim som inneh\u00e5ller glasp\u00e4rlor, vilket kan simulera den 58-facetterade diamantsk\u00e4rningseffekten. Under en ljusk\u00e4lla p\u00e5 1000 lumen n\u00e5r reflektionsintensiteten 1200 cd\/m\u00b2, vilket kan j\u00e4mf\u00f6ras med brytningsindexet f\u00f6r naturliga diamanter (2,42).<\/p>\n<h2 id=\"4-sustainable-environmental-protection-system-\">4.\u00a0<strong>H\u00e5llbart milj\u00f6skyddssystem<\/strong><\/h2>\n<p>Huvudmaterialet \u00e4r certifierat av FSC Forest Stewardship Council och tr\u00e4et kommer fr\u00e5n h\u00e5llbara och f\u00f6rnyelsebara skogar i norra Europa. Varje ton kartong som produceras kan binda 1,2 ton koldioxid. Fodret \u00e4r tillverkat av ett kompositmaterial av silikon av livsmedelskvalitet och \u00e5tervunnen polyesterfiber, med ett inneh\u00e5ll av flyktiga organiska f\u00f6reningar (VOC) p\u00e5 mindre \u00e4n 0,01 mg\/m\u00b3, vilket uppfyller EU:s milj\u00f6skyddsstandard REACH.<\/p>\n<h2 id=\"5-luxury-ribbon-accessories-system-\">5.\u00a0<strong>Tillbeh\u00f6rssystem f\u00f6r lyxband<\/strong><\/h2>\n<p>Den levereras som standard med ett 1,5 cm brett italienskt sidenband med 12 Pantone-kundanpassade f\u00e4rger. Den ursprungliga patenterade \"double-loop wrapping\" bindningstekniken g\u00f6r att bandet automatiskt faller ner och bildar en v\u00e5gig dekoration n\u00e4r l\u00e5dan vecklas ut, och magnetsp\u00e4nnet kan undvika problemet med traditionella band som l\u00e4tt lossnar. F\u00f6r att h\u00f6ja presentf\u00f6rpackningens samlarv\u00e4rde kan tillbeh\u00f6r i form av Swarovski-kristallh\u00e4ngen l\u00e4ggas till som tillval.<\/p>\n<h2 id=\"6-intelligent-production-and-service-system-\">6.\u00a0<strong>Intelligent produktions- och servicesystem<\/strong><\/h2>\n<p>F\u00f6rlitar sig p\u00e5 en helautomatisk produktionslinje, uppn\u00e5r den storskalig produktion med en daglig kapacitet p\u00e5 3 miljoner bitar, och hela processen fr\u00e5n r\u00e5varusk\u00e4rning till f\u00e4rdig produktf\u00f6rpackning tar \u226415 minuter. Den st\u00f6der 72-timmars ultrasnabb korrektur, tillhandah\u00e5ller f\u00f6rhandsgranskningstj\u00e4nster f\u00f6r 3D-utskriftsmodeller och m\u00f6nstrets lasergraveringsnoggrannhet n\u00e5r 0,05 mm. F\u00f6r n\u00e4rvarande har leveranskedjans dockning med varum\u00e4rken som Tiffany och Cartier slutf\u00f6rts och massproduktionens avkastningsgrad \u00e4r stabil p\u00e5 99,3%.<\/p>\n<h2 id=\"-application-scenario-examples-\"><strong>Exempel p\u00e5 applikationsscenarier<\/strong><\/h2>\n<ul>\n<li><strong>Ceremoni f\u00f6r frieri<\/strong>: Med CNC-belysningsprogrammeringsmodulen utl\u00f6ses den 3-sekunders gradvisa ljuseffekten n\u00e4r l\u00e5dan \u00f6ppnas, och ljuspunktens bana och den reflekterande ytan p\u00e5 Glitter Paper bildar en dynamisk ljus- och skugginteraktion<\/li>\n<li><strong>H\u00f6gklassig detaljhandel<\/strong>: Genom AR-chipinb\u00e4ddningsteknik kan l\u00e5dan skannas med mobiltelefon f\u00f6r att visa varum\u00e4rkeshistoria och smyckenidentifieringsinformation<\/li>\n<li><strong>Konstsamling<\/strong>: Den begr\u00e4nsade upplagan erbjuder inl\u00e4ggningsalternativ med meteoritfragment, och varje presentf\u00f6rpackning levereras med ett oberoende digitalt NFT-certifikat<\/li>\n<\/ul>","protected":false},"excerpt":{"rendered":"<p>Den har en struktur med \u00f6ppen d\u00f6rr och \u00f6ppnings- och st\u00e4ngningsvinklarna \u00e4r ergonomiskt ber\u00e4knade. Den kan \u00f6ppnas elegant med en hand. Det inbyggda magnetiska sp\u00e4nnet ger en exakt positionering f\u00f6r att s\u00e4kerst\u00e4lla att tillbeh\u00f6ren presenteras p\u00e5 b\u00e4sta s\u00e4tt. Glitterpapperet som skapats genom en speciell kompositprocess kan ge en reflekterande effekt p\u00e5 diamantniv\u00e5.<\/p>","protected":false},"featured_media":1139,"template":"","meta":{"_kad_post_transparent":"default","_kad_post_title":"","_kad_post_layout":"default","_kad_post_sidebar_id":"","_kad_post_content_style":"default","_kad_post_vertical_padding":"default","_kad_post_feature":"","_kad_post_feature_position":"","_kad_post_header":false,"_kad_post_footer":false,"_kad_post_classname":""},"product_brand":[],"product_cat":[15,17],"product_tag":[441,443,442],"class_list":{"0":"post-1138","1":"product","2":"type-product","3":"status-publish","4":"has-post-thumbnail","6":"product_cat-red-light-therapy","7":"product_cat-services","8":"product_tag-glitter-gift-boxes","9":"product_tag-jewelry-ring-gift-boxes","10":"product_tag-silver-glitter-box","12":"first","13":"instock","14":"shipping-taxable","15":"product-type-simple","16":"entry","17":"content-bg","18":"loop-entry"},"_links":{"self":[{"href":"https:\/\/red-lighttherapy.com\/sv\/wp-json\/wp\/v2\/product\/1138","targetHints":{"allow":["GET"]}}],"collection":[{"href":"https:\/\/red-lighttherapy.com\/sv\/wp-json\/wp\/v2\/product"}],"about":[{"href":"https:\/\/red-lighttherapy.com\/sv\/wp-json\/wp\/v2\/types\/product"}],"wp:featuredmedia":[{"embeddable":true,"href":"https:\/\/red-lighttherapy.com\/sv\/wp-json\/wp\/v2\/media\/1139"}],"wp:attachment":[{"href":"https:\/\/red-lighttherapy.com\/sv\/wp-json\/wp\/v2\/media?parent=1138"}],"wp:term":[{"taxonomy":"product_brand","embeddable":true,"href":"https:\/\/red-lighttherapy.com\/sv\/wp-json\/wp\/v2\/product_brand?post=1138"},{"taxonomy":"product_cat","embeddable":true,"href":"https:\/\/red-lighttherapy.com\/sv\/wp-json\/wp\/v2\/product_cat?post=1138"},{"taxonomy":"product_tag","embeddable":true,"href":"https:\/\/red-lighttherapy.com\/sv\/wp-json\/wp\/v2\/product_tag?post=1138"}],"curies":[{"name":"wp","href":"https:\/\/api.w.org\/{rel}","templated":true}]}}