{"id":1132,"date":"2025-04-16T12:33:46","date_gmt":"2025-04-16T12:33:46","guid":{"rendered":"https:\/\/red-lighttherapy.com\/?post_type=product&#038;p=1132"},"modified":"2025-04-16T12:47:01","modified_gmt":"2025-04-16T12:47:01","slug":"rigid-glitter-paper-lid-and-base-jewelry-boxes-distributors","status":"publish","type":"product","link":"https:\/\/red-lighttherapy.com\/sv\/rigid-glitter-paper-lid-and-base-jewelry-boxes-distributors\/","title":{"rendered":"Styva smyckeskrin med lock och botten av glitterpapper Distribut\u00f6rer"},"content":{"rendered":"<h2 id=\"1-classic-top-and-bottom-lid-structure-design-\">1.\u00a0<strong>Klassisk design med topp- och bottenlock<\/strong><\/h2>\n<p>Den kapslade strukturen p\u00e5 de \u00f6vre och nedre locken har en exakt passform, smidig \u00f6ppning och st\u00e4ngning och utm\u00e4rkt t\u00e4tning, vilket effektivt kan skydda smycken av h\u00f6gt v\u00e4rde fr\u00e5n damm och fukt erosion. Vissa tillverkare (som Lufeng Zhifa och Dongguan Jiucai) anv\u00e4nder sexsidiga slitsmaskiner och s\u00f6ml\u00f6s pressteknik f\u00f6r att uppn\u00e5 sl\u00e4ta och gradfria s\u00f6mmar i l\u00e5dkroppen, vilket f\u00f6rb\u00e4ttrar den \u00f6vergripande f\u00f6rfiningen.<\/p>\n<h2 id=\"2-material-and-visual-effects-\">2.\u00a0<strong>Material och visuella effekter<\/strong><\/h2>\n<p>Glitterpappersmaterialet anv\u00e4nder en speciell bel\u00e4ggningsprocess f\u00f6r att uppn\u00e5 en dynamisk brytningseffekt av ljus, i kombination med den varma och kalla kontrastdesignen av guldl\u00e5dans kropp och matt satinbandb\u00e5ge, som inte bara kan locka visuellt fokus utan ocks\u00e5 ge elegans. Tillverkare som Shanghai Chengjin Printing f\u00f6rb\u00e4ttrar ocks\u00e5 ytstrukturen genom UV-tryck och p\u00e4rlemorskimrande lamineringsteknik.<\/p>\n<h2 id=\"3-functional-optimization-\">3.\u00a0<strong>Funktionell optimering<\/strong><\/h2>\n<ul>\n<li><strong>Ergonomisk design<\/strong>: F\u00f6rh\u00e5llandet mellan locket och l\u00e5dkroppen har optimerats genom flera \u00f6ppnings- och st\u00e4ngningstester, och det kan enkelt \u00f6ppnas med en hand, med en v\u00e4nlig anv\u00e4ndarupplevelse.<\/li>\n<li><strong>Rumslig anpassningsf\u00f6rm\u00e5ga<\/strong>: St\u00f6der anpassning av fodersp\u00e5r (t.ex. flockning, svampfack), anpassar sig till specialformade smycken som ringar och halsband och f\u00f6rb\u00e4ttrar utrymmesutnyttjandet.<\/li>\n<li><strong>H\u00e5llbarhet<\/strong>: L\u00e5dans stomme \u00e4r tillverkad av h\u00e5rd kartong eller kompositmaterial. Efter testning kan den t\u00e5la l\u00e5ngvarig \u00f6ppning och st\u00e4ngning utan deformation. Glitterskiktet har stark vidh\u00e4ftning och ingen risk f\u00f6r sprickbildning.<\/li>\n<\/ul>\n<h2 id=\"4-personalized-adjustment-\">4.\u00a0<strong>Personlig anpassning<\/strong><\/h2>\n<p>St\u00f6der flexibel justering av l\u00e5dstorlek (t.ex. kvadratisk, rektangul\u00e4r), LOGO-varmst\u00e4mpling \/ silkessk\u00e4rmstryck (fr\u00e4mst guld- och silverfolievarmst\u00e4mpling) och kan l\u00e4gga till eller ta bort tillbeh\u00f6r (som band, magnetiska sp\u00e4nnen). Till exempel tillhandah\u00e5ller Shenzhen Caimeng Packaging tj\u00e4nster f\u00f6r anpassning av sm\u00e5 satser, st\u00f6der LOGO-utskrift och design av foderfack.<\/p>\n<h2 id=\"5-environmental-protection-and-intelligent-upgrade-\">5.\u00a0<strong>Milj\u00f6skydd och intelligent uppgradering<\/strong><\/h2>\n<p>V\u00e5r fabrik har inf\u00f6rt FSC-certifierade milj\u00f6v\u00e4nliga pappersmaterial och utforskat integrationen av smarta chips eller QR-kodteknik f\u00f6r att f\u00f6rverkliga produktsp\u00e5rbarhet och interaktiva funktioner.<\/p>\n<h2 id=\"6-high-value-product-packaging-\">6.\u00a0<strong>F\u00f6rpackning av produkter med h\u00f6gt v\u00e4rde<\/strong><\/h2>\n<p>Fr\u00e4mst l\u00e4mplig f\u00f6r kategorier som lyxvaror, smycken och avancerad kosmetika, med b\u00e5de display och skydd.<\/p>","protected":false},"excerpt":{"rendered":"<p>Klassiska lock- och bottenl\u00e5dor med nischad design av \u00f6vre och nedre lock, med h\u00f6g passform, smidig \u00f6ppning och st\u00e4ngning, god t\u00e4tning och f\u00f6rb\u00e4ttrat produktskydd. Glitterpappersmaterialet ger en dynamisk blinkande effekt vid ljusbrytning och drar omedelbart till sig det visuella fokuset. L\u00e4mplig f\u00f6r f\u00f6rpackning av h\u00f6gv\u00e4rdiga produkter som lyxvaror, smycken, kosmetika etc., med b\u00e5de display- och f\u00f6rvaringsfunktionalitet.<\/p>","protected":false},"featured_media":1133,"template":"","meta":{"_kad_post_transparent":"default","_kad_post_title":"","_kad_post_layout":"default","_kad_post_sidebar_id":"","_kad_post_content_style":"default","_kad_post_vertical_padding":"default","_kad_post_feature":"","_kad_post_feature_position":"","_kad_post_header":false,"_kad_post_footer":false,"_kad_post_classname":""},"product_brand":[],"product_cat":[15,19,17],"product_tag":[440,99,439],"class_list":{"0":"post-1132","1":"product","2":"type-product","3":"status-publish","4":"has-post-thumbnail","6":"product_cat-red-light-therapy","7":"product_cat-red-light-therapy-stand","8":"product_cat-services","9":"product_tag-glitter-paper-jewelry-boxes","10":"product_tag-jewelry-rigid-boxes","11":"product_tag-lid-and-base-jewelry-boxes","13":"first","14":"instock","15":"shipping-taxable","16":"product-type-simple","17":"entry","18":"content-bg","19":"loop-entry"},"_links":{"self":[{"href":"https:\/\/red-lighttherapy.com\/sv\/wp-json\/wp\/v2\/product\/1132","targetHints":{"allow":["GET"]}}],"collection":[{"href":"https:\/\/red-lighttherapy.com\/sv\/wp-json\/wp\/v2\/product"}],"about":[{"href":"https:\/\/red-lighttherapy.com\/sv\/wp-json\/wp\/v2\/types\/product"}],"wp:featuredmedia":[{"embeddable":true,"href":"https:\/\/red-lighttherapy.com\/sv\/wp-json\/wp\/v2\/media\/1133"}],"wp:attachment":[{"href":"https:\/\/red-lighttherapy.com\/sv\/wp-json\/wp\/v2\/media?parent=1132"}],"wp:term":[{"taxonomy":"product_brand","embeddable":true,"href":"https:\/\/red-lighttherapy.com\/sv\/wp-json\/wp\/v2\/product_brand?post=1132"},{"taxonomy":"product_cat","embeddable":true,"href":"https:\/\/red-lighttherapy.com\/sv\/wp-json\/wp\/v2\/product_cat?post=1132"},{"taxonomy":"product_tag","embeddable":true,"href":"https:\/\/red-lighttherapy.com\/sv\/wp-json\/wp\/v2\/product_tag?post=1132"}],"curies":[{"name":"wp","href":"https:\/\/api.w.org\/{rel}","templated":true}]}}