{"id":1126,"date":"2025-04-16T12:20:17","date_gmt":"2025-04-16T12:20:17","guid":{"rendered":"https:\/\/red-lighttherapy.com\/?post_type=product&#038;p=1126"},"modified":"2025-04-16T12:33:36","modified_gmt":"2025-04-16T12:33:36","slug":"factory-supply-glitter-paper-custom-eyelash-magnetic-lid-box","status":"publish","type":"product","link":"https:\/\/red-lighttherapy.com\/sv\/factory-supply-glitter-paper-custom-eyelash-magnetic-lid-box\/","title":{"rendered":"Fabriksf\u00f6rs\u00f6rjning Glitterpapper Anpassad \u00f6gonfransmagnetisk lockbox"},"content":{"rendered":"<h2 id=\"-glitter-paper-customized-eyelash-magnetic-suction-box-product-description-\"><strong>Glitterpapper Anpassad magnetisk sugl\u00e5da f\u00f6r \u00f6gonfransar Produktbeskrivning<\/strong><\/h2>\n<h2 id=\"1-magnetic-suction-closure-system-\">1.\u00a0<strong>F\u00f6rslutningssystem med magnetisk sugning<\/strong><\/h2>\n<p>Genom att anta magnetisk sugstruktur med h\u00f6g precision, den inb\u00e4ddade designen med mikromagnet inser den enh\u00e4ndiga \u00f6ppnings- och st\u00e4ngningsoperationen, och magnetstyrkan n\u00e5r 0,2N-0,3N, vilket s\u00e4kerst\u00e4ller fullst\u00e4ndig t\u00e4tning n\u00e4r den st\u00e4ngs, effektivt isolerar luft och fukt och f\u00f6rhindrar att \u00f6gonfransarna blir fuktiga eller f\u00f6rorenade. Silikont\u00e4tningsring av livsmedelskvalitet l\u00e4ggs till det inre lagret f\u00f6r att ytterligare f\u00f6rb\u00e4ttra damm- och fuktmotst\u00e5ndet och anpassa sig till milj\u00f6er med h\u00f6g luftfuktighet.<\/p>\n<h2 id=\"2-transparent-acrylic-window-\">2.\u00a0<strong>Transparent akrylf\u00f6nster<\/strong><\/h2>\n<p>En 3 mm tjock akrylpanel med h\u00f6g transparens \u00e4r inb\u00e4ddad p\u00e5 toppen, med en ljustransmittans p\u00e5 92%. Med rundade h\u00f6rn och repskyddsteknik kan du observera den interna \u00f6gonfransstatusen (s\u00e5som renhet och arrangemangsintegritet) 360 \u00b0 utan att \u00f6ppna l\u00e5dan. F\u00f6nstret st\u00f6der mer \u00e4n 20 former som runda, hj\u00e4rtformade, sexkantiga etc. Kanten antar lasersk\u00e4rningsteknik med ett noggrannhetsfel p\u00e5 \u22640,5 mm.<\/p>\n<h2 id=\"3-glitter-paper-material-aesthetics-\">3.\u00a0<strong>Glitter Papper material estetik<\/strong><\/h2>\n<ul>\n<li><strong>Visuell prestanda<\/strong>: 120 g glitterpapper med h\u00f6g vikt anv\u00e4nds och ytan behandlas med varm st\u00e4mpling \/ silverteknik. Det presenterar dynamisk och ljus lyster under ljusbrytning. F\u00e4rgskalan t\u00e4cker mer \u00e4n 90% av Pantone-f\u00e4rgkort, s\u00e4rskilt l\u00e4mpliga f\u00f6r popul\u00e4ra f\u00e4rger som ros\u00e9guld och fantasibl\u00e5, vilket avsev\u00e4rt f\u00f6rb\u00e4ttrar hyllans attraktivitet.<\/li>\n<li><strong>Milj\u00f6egenskaper<\/strong>: Materialet \u00e4r FSC-certifierat, 100% \u00e5tervinningsbart och nedbrytbart, och det gr\u00e5 kartongunderlaget anv\u00e4nder \u00e5tervunnen fiber, vilket uppfyller EU:s h\u00e5llbarhetsstandarder f\u00f6r f\u00f6rpackningar.<\/li>\n<\/ul>\n<h2 id=\"4-emotional-color-design-\">4.\u00a0<strong>Emotionell f\u00e4rgdesign<\/strong><\/h2>\n<p>Huvudf\u00e4rgen \u00e4r Morandi-rosa, och m\u00e4ttnaden minskas med 15%, vilket visar en mjuk och s\u00f6t k\u00e4nsla, som passar den k\u00e4nslom\u00e4ssiga \u00f6verklagandet av Z-generationens kvinnor f\u00f6r \"flickaktig kraft\" och \"uts\u00f6kt estetik\". Sidan av l\u00e5dan kan l\u00e4ggas \u00f6ver med gradientfl\u00e4ckar eller p\u00e4rlemorskimrande bel\u00e4ggning f\u00f6r att f\u00f6rb\u00e4ttra varum\u00e4rkesigenk\u00e4nningen.<\/p>\n<h2 id=\"5-brand-specific-design-\">5.\u00a0<strong>Varum\u00e4rkesspecifik design<\/strong><\/h2>\n<ul>\n<li><strong>Tryckprocessen<\/strong>: St\u00f6djer CMYK fyrf\u00e4rgstryck, UV-pr\u00e4gling, lasergravyr, LOGO-noggrannhet p\u00e5 300 dpi, minsta teckensnittsstorlek f\u00f6r utskrift 0,8 mm.<\/li>\n<li><strong>Kombination av tillbeh\u00f6r<\/strong>: Kan matchas med samma serie utdragbara l\u00e5dboxar och b\u00e4rbara minil\u00e5dor f\u00f6r att bilda en produktmatris som uppfyller behoven i flera scenarier, t.ex. detaljhandel, g\u00e5vor och begr\u00e4nsade upplagor.<\/li>\n<\/ul>\n<h2 id=\"6-application-scenarios-and-market-value-\">6.\u00a0<strong>Applikationsscenarier och marknadsv\u00e4rde<\/strong><\/h2>\n<ul>\n<li><strong>Detaljhandelns slut<\/strong>: Den glittrande pappersglansen + den rosa tonen skapar en visuell effekt som hj\u00e4lper varum\u00e4rket att sticka ut i butiker med sk\u00f6nhetskollektioner, direkts\u00e4ndningar f\u00f6r e-handel och andra scenarier.<\/li>\n<li><strong>Anv\u00e4ndarupplevelse<\/strong>: Det magnetiska sugsystemet och f\u00f6nsterdesignen minskar frekvent \u00f6ppning och st\u00e4ngning, f\u00f6rl\u00e4nger \u00f6gonfransarnas livsl\u00e4ngd och tillgodoser konsumenternas behov av \"effektiva sk\u00f6nhetsverktyg\".<\/li>\n<li><strong>Milj\u00f6premie<\/strong>: \u00c5tervinningsbara material och anpassade tj\u00e4nster ansluter exakt till ESG-marknadsf\u00f6ringstrender f\u00f6r att st\u00e4rka varum\u00e4rkets image av \"gr\u00f6n estetik\".<\/li>\n<\/ul>","protected":false},"excerpt":{"rendered":"<p>Det magnetiska f\u00f6rslutningssystemet \u00e4r l\u00e4tt att anv\u00e4nda med en hand och har stark t\u00e4tning f\u00f6r att f\u00f6rhindra att \u00f6gonfransarna uts\u00e4tts f\u00f6r fukt eller kontaminering. Ett transparent akrylf\u00f6nster \u00e4r inb\u00e4ddat p\u00e5 toppen, s\u00e5 att du tydligt kan observera \u00f6gonfransarnas tillst\u00e5nd inuti utan att \u00f6ppna l\u00e5dan, vilket f\u00f6rb\u00e4ttrar anv\u00e4ndarv\u00e4nligheten. Det glittrande pappersmaterialet ger en ljus lyster under ljusbrytningen, vilket f\u00f6rb\u00e4ttrar produktens utseende p\u00e5 hyllan n\u00e4r den visas.<\/p>","protected":false},"featured_media":1129,"template":"","meta":{"_kad_post_transparent":"default","_kad_post_title":"","_kad_post_layout":"default","_kad_post_sidebar_id":"","_kad_post_content_style":"default","_kad_post_vertical_padding":"default","_kad_post_feature":"","_kad_post_feature_position":"","_kad_post_header":false,"_kad_post_footer":false,"_kad_post_classname":""},"product_brand":[],"product_cat":[15,28,27,17],"product_tag":[437,434,438],"class_list":{"0":"post-1126","1":"product","2":"type-product","3":"status-publish","4":"has-post-thumbnail","6":"product_cat-red-light-therapy","7":"product_cat-customize","8":"product_cat-red-light-therapy-belt","9":"product_cat-services","10":"product_tag-eyelashes-gift-box","11":"product_tag-glitter-eyelash-packaging","12":"product_tag-glitter-paper-eyelash-paper-box","14":"first","15":"instock","16":"shipping-taxable","17":"product-type-simple","18":"entry","19":"content-bg","20":"loop-entry"},"_links":{"self":[{"href":"https:\/\/red-lighttherapy.com\/sv\/wp-json\/wp\/v2\/product\/1126","targetHints":{"allow":["GET"]}}],"collection":[{"href":"https:\/\/red-lighttherapy.com\/sv\/wp-json\/wp\/v2\/product"}],"about":[{"href":"https:\/\/red-lighttherapy.com\/sv\/wp-json\/wp\/v2\/types\/product"}],"wp:featuredmedia":[{"embeddable":true,"href":"https:\/\/red-lighttherapy.com\/sv\/wp-json\/wp\/v2\/media\/1129"}],"wp:attachment":[{"href":"https:\/\/red-lighttherapy.com\/sv\/wp-json\/wp\/v2\/media?parent=1126"}],"wp:term":[{"taxonomy":"product_brand","embeddable":true,"href":"https:\/\/red-lighttherapy.com\/sv\/wp-json\/wp\/v2\/product_brand?post=1126"},{"taxonomy":"product_cat","embeddable":true,"href":"https:\/\/red-lighttherapy.com\/sv\/wp-json\/wp\/v2\/product_cat?post=1126"},{"taxonomy":"product_tag","embeddable":true,"href":"https:\/\/red-lighttherapy.com\/sv\/wp-json\/wp\/v2\/product_tag?post=1126"}],"curies":[{"name":"wp","href":"https:\/\/api.w.org\/{rel}","templated":true}]}}