{"id":1120,"date":"2025-04-16T12:06:57","date_gmt":"2025-04-16T12:06:57","guid":{"rendered":"https:\/\/red-lighttherapy.com\/?post_type=product&#038;p=1120"},"modified":"2025-04-16T12:20:07","modified_gmt":"2025-04-16T12:20:07","slug":"magnetic-closure-cosmetic-eyelash-glitter-paper-box-solution","status":"publish","type":"product","link":"https:\/\/red-lighttherapy.com\/sv\/magnetic-closure-cosmetic-eyelash-glitter-paper-box-solution\/","title":{"rendered":"Magnetisk st\u00e4ngning Kosmetiska \u00f6gonfransar Glitter Pappersl\u00e5da L\u00f6sning"},"content":{"rendered":"<h2 id=\"product-description-of-magnetic-clamp-eyelash-glitter-paper-box-solution\">Produktbeskrivning av Magnetisk kl\u00e4mma \u00d6gonfrans Glitter Pappersl\u00e5da L\u00f6sning<\/h2>\n<h2 id=\"-1-magnetic-opening-and-closing-system-precise-alignment-one-hand-operation-and-upgraded-sealing-\"><strong>1. Magnetiskt \u00f6ppnings- och st\u00e4ngningssystem: exakt justering, enhandsman\u00f6vrering och f\u00f6rb\u00e4ttrad t\u00e4tning<\/strong><\/h2>\n<ul>\n<li><strong>Magnetisk precisionsdesign<\/strong>: Med hj\u00e4lp av stark magnetisk inriktningsteknik matchas de magnetiska sp\u00e4nnkomponenterna exakt av magnetiska poler f\u00f6r att uppn\u00e5 \u00f6ppning och st\u00e4ngning utan avvikelse och t\u00e4tt passande efter st\u00e4ngning, med b\u00e4ttre damm- och fuktbest\u00e4ndighet \u00e4n traditionella sp\u00e4nnboxar.<\/li>\n<li><strong>Bekv\u00e4m anv\u00e4ndning med en hand<\/strong>: Optimera magnetisk styrka och \u00f6ppnings- och st\u00e4ngningsvinkel, och operationen kan slutf\u00f6ras med ett enhands tryck, vilket \u00e4r l\u00e4mpligt f\u00f6r konsumenter att snabbt ta ut det varje dag och f\u00f6rb\u00e4ttra anv\u00e4ndarupplevelsen.<\/li>\n<li><strong>F\u00f6rb\u00e4ttrad t\u00e4tning<\/strong>: Kombinerat med kortplats och magnetisk dubbell\u00e5sning, se till att det inte finns n\u00e5got gap efter att l\u00e5dan har st\u00e4ngts, skydda effektivt \u00f6gonfransglitter fr\u00e5n yttre f\u00f6roreningar och f\u00f6rl\u00e4nga produktens h\u00e5llbarhet.<\/li>\n<\/ul>\n<h2 id=\"-2-standardized-size-adaptation-unified-display-aesthetics-\"><strong>2. Standardiserad storleksanpassning, enhetlig visningsestetik<\/strong><\/h2>\n<ul>\n<li><strong>Kompatibel med vanliga storlekar<\/strong>: Anpassad storlek, l\u00e4mplig f\u00f6r vanliga produkter som enstaka mascara och flerf\u00e4rgade glitterupps\u00e4ttningar, med stark kompatibilitet.<\/li>\n<li><strong>F\u00f6rdelar med stapelbar display<\/strong>: L\u00e5dans linjer \u00e4r fyrkantiga och snygga och displayytan \u00e4r platt och enhetlig n\u00e4r den staplas. Den kan flexibelt kombineras till en hyllmatris eller kreativ form f\u00f6r att f\u00f6rb\u00e4ttra varum\u00e4rkets visuella p\u00e5verkan.<\/li>\n<\/ul>\n<h2 id=\"-3-minimalist-aesthetic-design-sharp-edges-and-full-of-modern-sense-\"><strong>3. Minimalistisk estetisk design: skarpa kanter och full av modern k\u00e4nsla<\/strong><\/h2>\n<ul>\n<li><strong>Tredimensionellt strukturellt spr\u00e5k<\/strong>: L\u00e5dans kropp antar r\u00e4tvinkliga vikningslinjer och plan sk\u00e4rningsteknik, med skarpa kanter och h\u00f6rn, kombinerat med matt textur Glitter Paper-material, som presenterar en kall k\u00e4nsla av teknik och modern minimalistisk stil.<\/li>\n<li><strong>F\u00f6rb\u00e4ttring av varum\u00e4rkeslogotypen<\/strong>: St\u00f6d varmst\u00e4mpling, pr\u00e4gling och andra processer f\u00f6r att anpassa varum\u00e4rkets LOGO, markera den avancerade tonen med enkla linjer, i linje med unga konsumenters estetiska preferens f\u00f6r \"less is more\".<\/li>\n<\/ul>\n<h2 id=\"-4-glitter-paper-material-both-wear-resistance-and-luxury-\"><strong>4. Glitterpappersmaterial: b\u00e5de slitstyrka och lyx<\/strong><\/h2>\n<ul>\n<li><strong>Mycket slitstark yta<\/strong>: Glitter Paper-substrat anv\u00e4nds, vilket \u00e4r 40% mer slitstarkt \u00e4n vanligt varmst\u00e4mplingspapper, med utm\u00e4rkt rept\u00e5lighet och \u00e4r inte l\u00e4tt att repa under transport och anv\u00e4ndning.<\/li>\n<li><strong>Lyxig teknik f\u00f6r varm st\u00e4mpling<\/strong>: varmst\u00e4mpling\/varmsilverteknik p\u00e5 mikroniv\u00e5, m\u00f6nsterkantnoggrannhet p\u00e5 \u00b10,1 mm, i kombination med dynamisk gittereffekt, ger en gl\u00e4nsande textur p\u00e5 flera niv\u00e5er under ljusbrytning.<\/li>\n<\/ul>\n<h2 id=\"-5-flexible-production-service-fast-response-sustainable-supply-\"><strong>5. Flexibel produktionstj\u00e4nst: snabb respons, h\u00e5llbar leverans<\/strong><\/h2>\n<ul>\n<li><strong>Flexibel minsta orderkvantitet<\/strong>: st\u00f6dja flexibla best\u00e4llningar fr\u00e5n 500 till 2 miljoner stycken, m\u00f6ta provproduktionen av nystartade varum\u00e4rken och batch-efterfr\u00e5gan fr\u00e5n stora varum\u00e4rken, utan begr\u00e4nsningar f\u00f6r minsta ordertr\u00f6skel.<\/li>\n<li><strong>Extremt snabb korrekturcykel<\/strong>: genom att f\u00f6rlita sig p\u00e5 det digitala formsystemet f\u00f6rkortas korrekturcykeln till 72 timmar, vilket ger 3 grundl\u00e4ggande f\u00e4rgmatchning och 2 processkombinationer av snabba provbekr\u00e4ftelsetj\u00e4nster.<\/li>\n<\/ul>\n<h2 id=\"-6-environmental-certification-and-sustainability-\"><strong>6. Milj\u00f6certifiering och h\u00e5llbarhet<\/strong><\/h2>\n<ul>\n<li><strong>FSC-certifierade r\u00e5varor<\/strong>: 100% av pappersl\u00e5dans basmaterial anv\u00e4nder FSC-certifierat papper f\u00f6r att s\u00e4kerst\u00e4lla att r\u00e5varor kommer fr\u00e5n Europeiska unionens milj\u00f6standarder och varum\u00e4rken ESG f\u00f6r att passa strategiska krav, kontinuerligt f\u00f6rvaltade skogar.<\/li>\n<li><strong>\u00c5tervinningsbar design<\/strong>: L\u00e5dkroppen har ingen limbindningsstruktur och magnetiska sugkomponenter kan separeras och separeras, vilket \u00e4r bekv\u00e4mt f\u00f6r klassificering och \u00e5tervinning, vilket minskar milj\u00f6belastningen.<\/li>\n<\/ul>\n<h2 id=\"-core-advantages-\"><strong>Centrala f\u00f6rdelar<\/strong><\/h2>\n<ul>\n<li><strong>Integration av teknik<\/strong>: Magnetisk \u00f6ppning och st\u00e4ngning + Glitter Paper-material + varmst\u00e4mplingsprocess, med h\u00e4nsyn till funktionalitet och visuellt tilltal.<\/li>\n<li><strong>Aff\u00e4rsv\u00e4nlig<\/strong>: Flexibel leveranskedja och snabb korrekturl\u00e4sning, vilket minskar kostnaderna f\u00f6r att pr\u00f6va och misslyckas med varum\u00e4rken och p\u00e5skyndar marknadsintroduktionen.<\/li>\n<li><strong>Ansvar f\u00f6r milj\u00f6n<\/strong>: FSC-certifiering och \u00e5tervinningsbar design hj\u00e4lper varum\u00e4rken att skapa en gr\u00f6n image.<\/li>\n<\/ul>","protected":false},"excerpt":{"rendered":"<p>Den h\u00e4r f\u00f6rpackningsl\u00e5dan har skarpa kanter och rena linjer, vilket ger en modern minimalistisk estetik. Det magnetiska \u00f6ppnings- och st\u00e4ngningssystemet \u00e4r exakt inriktat, l\u00e4tt att anv\u00e4nda med en hand och har en starkare t\u00e4tning \u00e4n vanliga sp\u00e4nnl\u00e5dor. Glitterpappersmaterialet \u00e4r mycket slitstarkt f\u00f6r att passa vanliga \u00f6gonfransprodukter.<\/p>","protected":false},"featured_media":1121,"template":"","meta":{"_kad_post_transparent":"default","_kad_post_title":"","_kad_post_layout":"default","_kad_post_sidebar_id":"","_kad_post_content_style":"default","_kad_post_vertical_padding":"default","_kad_post_feature":"","_kad_post_feature_position":"","_kad_post_header":false,"_kad_post_footer":false,"_kad_post_classname":""},"product_brand":[],"product_cat":[15,28,27,17],"product_tag":[434,436,435],"class_list":{"0":"post-1120","1":"product","2":"type-product","3":"status-publish","4":"has-post-thumbnail","6":"product_cat-red-light-therapy","7":"product_cat-customize","8":"product_cat-red-light-therapy-belt","9":"product_cat-services","10":"product_tag-glitter-eyelash-packaging","11":"product_tag-glitter-paper-eyelash-box","12":"product_tag-magnetic-closure-box-for-cosmetic","14":"first","15":"instock","16":"shipping-taxable","17":"product-type-simple","18":"entry","19":"content-bg","20":"loop-entry"},"_links":{"self":[{"href":"https:\/\/red-lighttherapy.com\/sv\/wp-json\/wp\/v2\/product\/1120","targetHints":{"allow":["GET"]}}],"collection":[{"href":"https:\/\/red-lighttherapy.com\/sv\/wp-json\/wp\/v2\/product"}],"about":[{"href":"https:\/\/red-lighttherapy.com\/sv\/wp-json\/wp\/v2\/types\/product"}],"wp:featuredmedia":[{"embeddable":true,"href":"https:\/\/red-lighttherapy.com\/sv\/wp-json\/wp\/v2\/media\/1121"}],"wp:attachment":[{"href":"https:\/\/red-lighttherapy.com\/sv\/wp-json\/wp\/v2\/media?parent=1120"}],"wp:term":[{"taxonomy":"product_brand","embeddable":true,"href":"https:\/\/red-lighttherapy.com\/sv\/wp-json\/wp\/v2\/product_brand?post=1120"},{"taxonomy":"product_cat","embeddable":true,"href":"https:\/\/red-lighttherapy.com\/sv\/wp-json\/wp\/v2\/product_cat?post=1120"},{"taxonomy":"product_tag","embeddable":true,"href":"https:\/\/red-lighttherapy.com\/sv\/wp-json\/wp\/v2\/product_tag?post=1120"}],"curies":[{"name":"wp","href":"https:\/\/api.w.org\/{rel}","templated":true}]}}