{"id":1115,"date":"2025-04-16T10:55:19","date_gmt":"2025-04-16T10:55:19","guid":{"rendered":"https:\/\/red-lighttherapy.com\/?post_type=product&#038;p=1115"},"modified":"2025-04-16T12:06:44","modified_gmt":"2025-04-16T12:06:44","slug":"custom-magnetic-closure-glitter-paper-box-jewelry-necklace","status":"publish","type":"product","link":"https:\/\/red-lighttherapy.com\/sv\/custom-magnetic-closure-glitter-paper-box-jewelry-necklace\/","title":{"rendered":"Anpassad magnetisk st\u00e4ngning Glitter pappersl\u00e5da smycken halsband"},"content":{"rendered":"<h2 id=\"-customized-magnetic-buckle-glitter-paper-box-jewelry-necklace-product-description-\"><strong>Anpassad magnetisk st\u00e4ngning Glitter pappersl\u00e5da smycken halsband Produktbeskrivning<\/strong><\/h2>\n<h2 id=\"-1-magnetic-flip-top-ritual-sense-\"><strong>1. Magnetisk ritualk\u00e4nsla med flip-top<\/strong><\/h2>\n<p>Detta smyckeskrin har en patenterad magnetisk flip-top-struktur. Skrinets kropp och locket \u00e4r exakt inriktade och st\u00e4ngs med hj\u00e4lp av h\u00f6gprecisionsmagneter. Sugkraften \u00e4r 1,5 g\u00e5nger h\u00f6gre \u00e4n industristandarden. Den kan \u00f6ppnas och st\u00e4ngas fritt med en hand. N\u00e4r den st\u00e4ngs \u00e5tf\u00f6ljs den av en skarp magnetisk ljudeffekt, vilket ger l\u00e5dan en k\u00e4nsla av ritual som n\u00e4r man \u00f6ppnar ett smycke. Insidan av l\u00e5dan \u00e4r f\u00f6rst\u00e4rkt med ett f\u00f6rst\u00e4rkt rektangul\u00e4rt ringsp\u00e5r och matchas med elastiska buffertkomponenter f\u00f6r att s\u00e4kerst\u00e4lla tryckmotst\u00e5nd och st\u00f6tt\u00e5lighet under transport. Stabiliteten har klarat 100.000 \u00f6ppnings- och st\u00e4ngningstester och uppfyller de h\u00e5llbara kraven f\u00f6r f\u00f6rvaring av avancerade smycken.<\/p>\n<h2 id=\"-2-minimalist-aesthetics-and-practical-details-\"><strong>2. Minimalistisk estetik och praktiska detaljer<\/strong><\/h2>\n<p>Presentf\u00f6rpackningen har en modern minimalistisk design med geometriska sk\u00e4rlinjer. Den h\u00f6gprecisionsformade formningsprocessen med en tolerans p\u00e5 0,5 mm s\u00e4kerst\u00e4ller att boxens kropp sitter t\u00e4tt. Kanterna \u00e4r polerade 3 g\u00e5nger och k\u00e4nslan \u00e4r delikat och gradfri. Den magnetiska f\u00f6rslutningspunkten \u00e4r dold i lockets innerkant och den matta metallkanten g\u00f6r den visuellt integrerad och i linje med modern designestetik.<\/p>\n<h2 id=\"-3-glitter-paper-glitter-craftsmanship-\"><strong>3. Glitterpapper glitter hantverkskunnande<\/strong><\/h2>\n<p>L\u00e5dans stomme \u00e4r tillverkad av skr\u00e4ddarsytt glitterpapper (Glitter Paper) och ytan \u00e4r pl\u00e4terad med glitterpartiklar p\u00e5 mikroniv\u00e5 genom UV-h\u00e4rdningsprocess. Under ljusbrytningen presenterar den en gradientglans som galaxstj\u00e4rnsand och har IP5X slitstyrka och rept\u00e5lighet. Materialtjockleken \u00e4r bara 1,2 mm, vilket \u00e4r 30% l\u00e4ttare \u00e4n traditionella smyckeskrin, och det har b\u00e5de b\u00e4rbarhet och visuell p\u00e5verkan.<\/p>\n<h2 id=\"-4-flocking-groove-protection-system-\"><strong>4. System f\u00f6r skydd av flockningssp\u00e5r<\/strong><\/h2>\n<p>Den anpassade partitionslayouten inuti l\u00e5dan, halsbandssp\u00e5ret antar 3D-skanningsmodelleringsteknik, som \u00e4r exakt anpassad till olika kedjel\u00e4ngder och h\u00e4ngstorlekar. Sp\u00e5rytan \u00e4r t\u00e4ckt med 0,8 mm mikrofiberflockning och friktionskoefficienten \u00e4r \u22640,3 f\u00f6r att undvika repor p\u00e5 metallsmycken; den U-formade kortplatsdesignen kan fixera halsbandets sp\u00e4nne f\u00f6r att f\u00f6rhindra intrassling och knutning och \u00e4r l\u00e4mplig f\u00f6r en m\u00e4ngd olika stilar som nyckelbenskedjor och l\u00e5nga kedjor.<\/p>\n<h2 id=\"-5-pink-and-purple-collide-with-glitter-\"><strong>5. Rosa och lila kolliderar med glitter<\/strong><\/h2>\n<p>L\u00e5dans huvudf\u00e4rg \u00e4r rosa och lila. Bottenskiktet \u00e4r screentryckt med 6 f\u00e4rger och \u00f6verlagrat med p\u00e4rlemorskimrande bel\u00e4ggning. Ytglittret \u00e4r sandbl\u00e4strat f\u00f6r att ge en stj\u00e4rnljusspridningseffekt. Under ljusf\u00f6r\u00e4ndringen kan den simulera de tv\u00e5 atmosf\u00e4rerna av morgonljus och skymningsros, vilket st\u00e4rker den feminina romantiska genen.<\/p>\n<h2 id=\"-6-hot-stamping-slogan-strengthens-memory-\"><strong>6. Slogan med varmst\u00e4mplad folie i guld st\u00e4rker minnet<\/strong><\/h2>\n<p>Varum\u00e4rkets slogan trycks p\u00e5 insidan av locket med laservarmpr\u00e4glingsteknik. Typsnittet har 0,1 mm tredimensionell reliefverkan. Den guldf\u00e4rgade, rosa och lila bakgrunden bildar en visuell kontrast och varum\u00e4rkets v\u00e4rdeproposition f\u00f6rmedlas direkt n\u00e4r l\u00e5dan \u00f6ppnas.<\/p>\n<h2 id=\"-7-flexible-customization-scheme-\"><strong>7. Flexibelt anpassningsschema<\/strong><\/h2>\n<p>St\u00f6djer fulldimensionell anpassning fr\u00e5n l\u00e5dtyp, storlek till funktion:<\/p>\n<ul>\n<li><strong>Typ av l\u00e5da<\/strong>: Fyrkantig l\u00e5da\/rund l\u00e5da\/hj\u00e4rtformad l\u00e5da som tillval, magnetsp\u00e4nnets position kan justeras till sidan eller toppen;<\/li>\n<li><strong>F\u00e4rg<\/strong>: Ge 12 grundl\u00e4ggande Pantone-f\u00e4rgalternativ, st\u00f6d f\u00f6r specialanpassning av f\u00e4rgglitterf\u00f6rh\u00e5llande;<\/li>\n<li><strong>Slogan<\/strong>: Kan ers\u00e4ttas med kundnamn, minnesdatum eller exklusivt meddelande, typsnittsbiblioteket inneh\u00e5ller 15 spr\u00e5kversioner;<\/li>\n<li><strong>Foder<\/strong>: Flockning \/ silke \/ svampfoder valfritt, sp\u00e5rlayout st\u00f6der omorganisering efter smyckeskategori.<\/li>\n<\/ul>\n<h2 id=\"-8-environmental-protection-and-quality-control-guarantee-\"><strong>8. Garanti f\u00f6r milj\u00f6skydd och kvalitetskontroll<\/strong><\/h2>\n<p>L\u00e5dans kropp \u00e4r FSC-certifierat milj\u00f6v\u00e4nligt papperssubstrat, och produktionsprocessen anv\u00e4nder vattenbaserade lim och bensenfria bl\u00e4ck; varje sats av f\u00e4rdiga produkter testas vid konstant temperatur och fuktighet i 72 timmar f\u00f6r att s\u00e4kerst\u00e4lla att den magnetiska absorptionsprestandan och l\u00e5dans deformationshastighet \u00e4r \u22640,5%.<\/p>","protected":false},"excerpt":{"rendered":"<ul>\n<li><strong>Present till smyckesm\u00e4rke<\/strong>: Som standardf\u00f6rpackning f\u00f6r exklusiva halsband f\u00f6rst\u00e4rker den upplevelsen av att packa upp och varum\u00e4rkets premium;<\/li>\n<li><strong>Personlig minnessamling<\/strong>: Anpassat namn och \u00e5rsdag, det blir en k\u00e4nslom\u00e4ssig b\u00e4rare f\u00f6r br\u00f6llop och \u00e5rsdagsg\u00e5vor;<\/li>\n<li><strong>Rekvisita f\u00f6r butiksdisplayer<\/strong>: Den magnetiska \u00f6ppnings- och st\u00e4ngningsdesignen i vitrinsk\u00e5pet \u00e4r bekv\u00e4m f\u00f6r kunderna att prova p\u00e5, samtidigt som de skyddar smyckenas utseende.<\/li>\n<\/ul>","protected":false},"featured_media":1117,"template":"","meta":{"_kad_post_transparent":"default","_kad_post_title":"","_kad_post_layout":"default","_kad_post_sidebar_id":"","_kad_post_content_style":"default","_kad_post_vertical_padding":"default","_kad_post_feature":"","_kad_post_feature_position":"","_kad_post_header":false,"_kad_post_footer":false,"_kad_post_classname":""},"product_brand":[],"product_cat":[15,27,17],"product_tag":[432,431,433],"class_list":{"0":"post-1115","1":"product","2":"type-product","3":"status-publish","4":"has-post-thumbnail","6":"product_cat-red-light-therapy","7":"product_cat-red-light-therapy-belt","8":"product_cat-services","9":"product_tag-glitter-paper-jewelry-box","10":"product_tag-magnetic-closure-box","11":"product_tag-necklace-paper-box","13":"first","14":"instock","15":"shipping-taxable","16":"product-type-simple","17":"entry","18":"content-bg","19":"loop-entry"},"_links":{"self":[{"href":"https:\/\/red-lighttherapy.com\/sv\/wp-json\/wp\/v2\/product\/1115","targetHints":{"allow":["GET"]}}],"collection":[{"href":"https:\/\/red-lighttherapy.com\/sv\/wp-json\/wp\/v2\/product"}],"about":[{"href":"https:\/\/red-lighttherapy.com\/sv\/wp-json\/wp\/v2\/types\/product"}],"wp:featuredmedia":[{"embeddable":true,"href":"https:\/\/red-lighttherapy.com\/sv\/wp-json\/wp\/v2\/media\/1117"}],"wp:attachment":[{"href":"https:\/\/red-lighttherapy.com\/sv\/wp-json\/wp\/v2\/media?parent=1115"}],"wp:term":[{"taxonomy":"product_brand","embeddable":true,"href":"https:\/\/red-lighttherapy.com\/sv\/wp-json\/wp\/v2\/product_brand?post=1115"},{"taxonomy":"product_cat","embeddable":true,"href":"https:\/\/red-lighttherapy.com\/sv\/wp-json\/wp\/v2\/product_cat?post=1115"},{"taxonomy":"product_tag","embeddable":true,"href":"https:\/\/red-lighttherapy.com\/sv\/wp-json\/wp\/v2\/product_tag?post=1115"}],"curies":[{"name":"wp","href":"https:\/\/api.w.org\/{rel}","templated":true}]}}