{"id":1109,"date":"2025-04-16T09:00:28","date_gmt":"2025-04-16T09:00:28","guid":{"rendered":"https:\/\/red-lighttherapy.com\/?post_type=product&#038;p=1109"},"modified":"2025-04-16T09:38:13","modified_gmt":"2025-04-16T09:38:13","slug":"trading-textured-paper-portable-power-bank-drawer-boxes","status":"publish","type":"product","link":"https:\/\/red-lighttherapy.com\/sv\/trading-textured-paper-portable-power-bank-drawer-boxes\/","title":{"rendered":"Trading Texturerat papper B\u00e4rbar Power Bank-l\u00e5da L\u00e5dor"},"content":{"rendered":"<h2 id=\"-product-description-of-portable-power-bank-pull-out-box-\"><strong>Produktbeskrivning av B\u00e4rbar Power Bank Match Slider Style Box<\/strong><\/h2>\n<h2 id=\"1-high-grade-textured-specialty-paper-\">1.\u00a0<strong>H\u00f6gkvalitativt texturerat specialpapper<\/strong><\/h2>\n<p>Produktens ytterf\u00f6rpackning \u00e4r tillverkad av 120G h\u00f6gkvalitativt texturerat specialpapper, med en k\u00e4nslig och skiktad yta, vilket ger f\u00f6rpackningen en h\u00f6gklassig k\u00e4nsla av den mystiska serien. Den unika texturen och ljus- och skuggeffekterna hos specialpapper, i kombination med m\u00f6rka eller metalliska f\u00e4rger, kan perfekt matcha varum\u00e4rkets ton och skapa en l\u00e5gm\u00e4ld och lyxig visuell upplevelse.<\/p>\n<h2 id=\"2-drawer-type-box-structure-\">2.\u00a0<strong>L\u00e5dkonstruktion av l\u00e5dtyp<\/strong><\/h2>\n<p>Den utdragbara designen \u00e4r smidig och rituell. Anv\u00e4ndare kan enkelt extrahera kraftbanken med h\u00e4nsyn till bekv\u00e4mlighet och ritual. Den interna strukturen st\u00f6ds av 1200G h\u00f6gdensitetsgr\u00e5 kartong f\u00f6r att s\u00e4kerst\u00e4lla att l\u00e5dans kropp \u00e4r stark och tryckbest\u00e4ndig, och insidan \u00e4r platt och sl\u00e4t, vilket skyddar kraftbanken fr\u00e5n st\u00f6tar under transport eller daglig anv\u00e4ndning.<\/p>\n<h2 id=\"3-gold-stamping-technology-is-the-finishing-touch-\">3.\u00a0<strong>Teknik f\u00f6r varmst\u00e4mpling av guldfolie \u00e4r pricken \u00f6ver i:et<\/strong><\/h2>\n<p>P\u00e5 f\u00f6rpackningsytan anv\u00e4nds tekniken \"gold hot stamp foil\", och varum\u00e4rkets logotyp eller m\u00f6nster presenteras i gyllene linjer eller block som reflekterar metallglansen i olika ljusvinklar, vilket f\u00f6rst\u00e4rker varum\u00e4rkets visuella igenk\u00e4nning och exklusiva ton.<\/p>\n<h2 id=\"4-professional-adaptation-solution-\">4.\u00a0<strong>Professionell l\u00f6sning f\u00f6r anpassning<\/strong><\/h2>\n<p>Baserat p\u00e5 storlek, kapacitet och anv\u00e4ndningsscenarier f\u00f6r mobil kraft (t.ex. f\u00f6retag, utomhus och g\u00e5va) tillhandah\u00e5ller vi en-till-en-rekommendationstj\u00e4nst av boxtyp. Till exempel:<\/p>\n<ul>\n<li><strong>Kompakt str\u00f6mf\u00f6rs\u00f6rjning<\/strong>: Rekommendera en smal och l\u00e5ng utdragbar l\u00e5da f\u00f6r enkel transport;<\/li>\n<li><strong>Str\u00f6mf\u00f6rs\u00f6rjning med stor kapacitet<\/strong>: Med f\u00f6rst\u00e4rkt fackdesign f\u00f6r b\u00e4ttre skydd.<\/li>\n<\/ul>\n<h2 id=\"5-efficient-service-guarantee-\">5.\u00a0<strong>Garanti f\u00f6r effektiv service<\/strong><\/h2>\n<ul>\n<li><strong>Blixtsnabb leverans<\/strong>: Standardleveranstiden \u00e4r 5-7 dagar, och snabbservice kan f\u00f6rkortas till 3 dagar f\u00f6r att tillgodose br\u00e5dskande behov;<\/li>\n<li><strong>Kvalitets\u00e5tagande<\/strong>: Fullst\u00e4ndig kvalitetsinspektion f\u00f6r att s\u00e4kerst\u00e4lla att l\u00e5dkroppen inte har n\u00e5gra repor, att varmst\u00e4mpling inte faller av och att utdraget \u00e4r smidigt;<\/li>\n<li><strong>Anpassad service<\/strong>: St\u00f6der personliga behov som LOGO-anpassning och val av fodermaterial (t.ex. EVA-svamp, flanell).<\/li>\n<\/ul>\n<h2 id=\"6-fsc-forest-certification-\">6.\u00a0<strong>FSC skogscertifiering<\/strong><\/h2>\n<p>Alla specialpapper och gr\u00e5kartonger \u00e4r FSC-skogscertifierade f\u00f6r att s\u00e4kerst\u00e4lla att r\u00e5varorna kommer fr\u00e5n h\u00e5llbart f\u00f6rvaltade skogar och uppfyller de str\u00e4nga krav p\u00e5 milj\u00f6skydd och socialt ansvar som st\u00e4lls av exklusiva varum\u00e4rken.<\/p>\n<h3 id=\"7-applicable-scenarios-\">7.\u00a0<strong>Till\u00e4mpliga scenarier<\/strong><\/h3>\n<ul>\n<li><strong>F\u00f6retagspresenter<\/strong>: Matchande teknik f\u00f6r varmst\u00e4mpling och m\u00f6rkf\u00e4rgat specialpapper f\u00f6r att f\u00f6rmedla varum\u00e4rkets \u00e4dla k\u00e4nsla;<\/li>\n<li><strong>Tekniska produkter<\/strong>: F\u00f6rst\u00e4rk de tekniska egenskaperna genom minimalistisk design och metallisk textur;<\/li>\n<li><strong>Utrustning f\u00f6r utomhusbruk<\/strong>: Anv\u00e4nd slitstarkt och fukts\u00e4kert specialpapper f\u00f6r att anpassa till utomhusbruk.<\/li>\n<\/ul>\n<h2 id=\"-v-summary-of-core-advantages-\"><strong>8. Sammanfattning av de viktigaste f\u00f6rdelarna<\/strong><\/h2>\n<table>\n<thead>\n<tr>\n<th>F\u00f6rdelens m\u00e5tt<\/th>\n<th>Specifik beskrivning<\/th>\n<\/tr>\n<\/thead>\n<tbody>\n<tr>\n<td><strong>Materialteknik<\/strong><\/td>\n<td>Kombination av specialpapper och gr\u00e5 kartong, b\u00e5de vacker och tryckt\u00e5lig; teknik f\u00f6r varmst\u00e4mpling f\u00f6rb\u00e4ttrar varum\u00e4rkesigenk\u00e4nningen<\/td>\n<\/tr>\n<tr>\n<td><strong>Strukturell design<\/strong><\/td>\n<td>Utdragsdesignen \u00e4r bekv\u00e4m och praktisk, l\u00e4mplig f\u00f6r str\u00f6mf\u00f6rs\u00f6rjning i flera storlekar och har h\u00f6gt internt utrymmeutnyttjande<\/td>\n<\/tr>\n<tr>\n<td><strong>Milj\u00f6certifiering<\/strong><\/td>\n<td>FSC-certifierade material, i linje med internationella milj\u00f6standarder<\/td>\n<\/tr>\n<tr>\n<td><strong>Svar fr\u00e5n tj\u00e4nsten<\/strong><\/td>\n<td>Professionellt team tillhandah\u00e5ller kundanpassade l\u00f6sningar och full sp\u00e5rbarhet fr\u00e5n design till leverans<\/td>\n<\/tr>\n<\/tbody>\n<\/table>","protected":false},"excerpt":{"rendered":"<p>Pappersl\u00e5dan kan enkelt \u00f6ppnas och st\u00e4ngas. Den \u00e4r tillverkad av 120G texturerat specialpapper och 1200G gr\u00e5 kartong. Den \u00e4r robust, h\u00e5llbar och har en mystisk och avancerad k\u00e4nsla. Ytan antar den avancerade \"guld heta st\u00e4mpelfolien\" -processen f\u00f6r att lyfta fram varum\u00e4rkets gyllene k\u00e4nsla och visa varum\u00e4rkets ton.<\/p>","protected":false},"featured_media":1112,"template":"","meta":{"_kad_post_transparent":"default","_kad_post_title":"","_kad_post_layout":"default","_kad_post_sidebar_id":"","_kad_post_content_style":"default","_kad_post_vertical_padding":"default","_kad_post_feature":"","_kad_post_feature_position":"","_kad_post_header":false,"_kad_post_footer":false,"_kad_post_classname":""},"product_brand":[],"product_cat":[15,20,17],"product_tag":[429,428,430],"class_list":{"0":"post-1109","1":"product","2":"type-product","3":"status-publish","4":"has-post-thumbnail","6":"product_cat-red-light-therapy","7":"product_cat-led-face-light-therapy","8":"product_cat-services","9":"product_tag-match-style-box-for-power-bank","10":"product_tag-portable-power-bank-packaging-box","11":"product_tag-power-bank-slider-packaging-box","13":"first","14":"instock","15":"shipping-taxable","16":"product-type-simple","17":"entry","18":"content-bg","19":"loop-entry"},"_links":{"self":[{"href":"https:\/\/red-lighttherapy.com\/sv\/wp-json\/wp\/v2\/product\/1109","targetHints":{"allow":["GET"]}}],"collection":[{"href":"https:\/\/red-lighttherapy.com\/sv\/wp-json\/wp\/v2\/product"}],"about":[{"href":"https:\/\/red-lighttherapy.com\/sv\/wp-json\/wp\/v2\/types\/product"}],"wp:featuredmedia":[{"embeddable":true,"href":"https:\/\/red-lighttherapy.com\/sv\/wp-json\/wp\/v2\/media\/1112"}],"wp:attachment":[{"href":"https:\/\/red-lighttherapy.com\/sv\/wp-json\/wp\/v2\/media?parent=1109"}],"wp:term":[{"taxonomy":"product_brand","embeddable":true,"href":"https:\/\/red-lighttherapy.com\/sv\/wp-json\/wp\/v2\/product_brand?post=1109"},{"taxonomy":"product_cat","embeddable":true,"href":"https:\/\/red-lighttherapy.com\/sv\/wp-json\/wp\/v2\/product_cat?post=1109"},{"taxonomy":"product_tag","embeddable":true,"href":"https:\/\/red-lighttherapy.com\/sv\/wp-json\/wp\/v2\/product_tag?post=1109"}],"curies":[{"name":"wp","href":"https:\/\/api.w.org\/{rel}","templated":true}]}}