{"id":1103,"date":"2025-04-16T08:41:45","date_gmt":"2025-04-16T08:41:45","guid":{"rendered":"https:\/\/red-lighttherapy.com\/?post_type=product&#038;p=1103"},"modified":"2025-04-16T09:00:18","modified_gmt":"2025-04-16T09:00:18","slug":"maker-magnetic-closure-box-for-hair-extensions-removal-device","status":"publish","type":"product","link":"https:\/\/red-lighttherapy.com\/sv\/maker-magnetic-closure-box-for-hair-extensions-removal-device\/","title":{"rendered":"Tillverkad magnetisk f\u00f6rslutningsl\u00e5da f\u00f6r h\u00e5rf\u00f6rl\u00e4ngningsanordning"},"content":{"rendered":"<h2 id=\"magnetic-closure-wig-extension-disassembly-device-packaging-box-product-description\">Magnetisk f\u00f6rslutning peruk f\u00f6rl\u00e4ngning demonteringsanordning f\u00f6rpackningsl\u00e5da produktbeskrivning<\/h2>\n<h2 id=\"-1-appearance-design-simple-and-stylish-book-shaped-box-body-enhances-exquisiteness-\"><strong>1. Utseende design: enkel och elegant, bokformad l\u00e5da kropp f\u00f6rb\u00e4ttrar uts\u00f6kthet<\/strong><\/h2>\n<p>Denna produkt antar den ljusvita seriens design, presenterad i den klassiska bokformade l\u00e5dstrukturen, med enkla och sl\u00e4ta linjer och elegant utseende. L\u00e5dans yta \u00e4r tryckt med 157 GSM bestruket papper, vilket framh\u00e4ver den l\u00e4tta lyxstilen. Den magnetiska st\u00e4ngningsdesignen \u00e4r inspirerad av de popul\u00e4ra magnetiska sugboxprodukterna, som \u00e4r praktiska att \u00f6ppna och st\u00e4nga och st\u00e4nger ordentligt, vilket f\u00f6rb\u00e4ttrar anv\u00e4ndarupplevelsen samtidigt som den f\u00f6rb\u00e4ttrar den avancerade k\u00e4nslan.<\/p>\n<h2 id=\"-2-internal-and-external-double-color-contrast-combination-of-function-and-aesthetics-\"><strong>2. Inv\u00e4ndig och utv\u00e4ndig dubbel f\u00e4rgkontrast, kombination av funktion och estetik<\/strong><\/h2>\n<p>Den yttre l\u00e5dan \u00e4r ljusvit och den inre l\u00e5dan \u00e4r ren vit. F\u00e4rgkontrasten bildar en visuell hierarki, som tydligt kan visa de strukturella detaljerna i perukf\u00f6rl\u00e4ngningsanordningen i l\u00e5dan och underl\u00e4tta snabb identifiering av produkten n\u00e4r den visas. I kombination med det stansade formade fodret, se till att produkten lagras stabilt.<\/p>\n<h2 id=\"-3-material-and-structure-professional-grade-protection-stable-and-durable-\"><strong>3. Material och struktur: professionellt skydd, stabilt och h\u00e5llbart<\/strong><\/h2>\n<ul>\n<li><strong>Basmaterial<\/strong>: 1200 GSM h\u00f6gh\u00e5llfast gr\u00e5 kartong, som har b\u00e4ttre tryckmotst\u00e5nd \u00e4n vanlig kartong och t\u00e5l transportst\u00f6tar och l\u00e5ngvarig stapling.<\/li>\n<li><strong>Ytbehandling<\/strong>: 157 GSM bestruket papper med matt film, rept\u00e5ligt och slitstarkt, k\u00e4nslig touch och f\u00f6rb\u00e4ttrad varum\u00e4rkesigenk\u00e4nning.<\/li>\n<li><strong>Innerfoder<\/strong>: Anpassad genom precisionssk\u00e4rningsprocess, passar perfekt konturen p\u00e5 perukanordningen f\u00f6r att f\u00f6rhindra att produkten skakar eller slits.<\/li>\n<\/ul>\n<h2 id=\"-4-brand-empowerment-double-upgrade-of-texture-and-added-value-\"><strong>4. St\u00e4rkande av varum\u00e4rket: Dubbel uppgradering av textur och merv\u00e4rde<\/strong><\/h2>\n<p>F\u00f6rpackningsl\u00e5dans design inneh\u00e5ller detaljer p\u00e5 lyxniv\u00e5, t.ex. dold \u00f6ppning och st\u00e4ngning av magnetiska sp\u00e4nnen och rundade h\u00f6rn f\u00f6r antikollisionsbehandling. L\u00e5dans baksida kan anpassas med en varum\u00e4rkesst\u00e4mpel f\u00f6r att st\u00e4rka konsumenternas f\u00f6rtroende f\u00f6r varum\u00e4rkets hantverk och kvalitet och bidra till att \u00f6ka premiumutrymmet.<\/p>\n<h2 id=\"-5-supply-chain-advantages-16-years-of-professional-guarantee-flexible-customization-\"><strong>5. F\u00f6rdelar med leveranskedjan: 16 \u00e5rs professionell garanti, flexibel anpassning<\/strong><\/h2>\n<ul>\n<li><strong>Val av process<\/strong>: St\u00f6der 20+ processanpassningar som UV-lokal lack, pr\u00e4gling, justering av magnetisk adsorptionsstyrka etc.<\/li>\n<li><strong>Anpassning av storlek<\/strong>: L\u00e5dans storlek kan anpassas till olika specifikationer f\u00f6r perukutrustning, med en minsta orderkvantitet s\u00e5 l\u00e5g som 500 stycken f\u00f6r att tillgodose behoven hos sm\u00e5 och medelstora varum\u00e4rken.<\/li>\n<li><strong>Kostnadsf\u00f6rdel<\/strong>: Storskalig upphandling av r\u00e5varor, 15%-20% l\u00e4gre pris \u00e4n liknande produkter och en garantitid p\u00e5 upp till 2 \u00e5r.<\/li>\n<\/ul>\n<h2 id=\"-customization-process-description-\"><strong>Beskrivning av processen f\u00f6r kundanpassning<\/strong><\/h2>\n<ol>\n<li><strong>Efterfr\u00e5gan p\u00e5 kommunikation<\/strong>: Ange varum\u00e4rke VI, produktstorlek och funktionskrav (t.ex. om det kr\u00e4vs st\u00f6ldskyddande magnetremsor).<\/li>\n<li><strong>3D-provtryckning<\/strong>: Utmatning av fysiska provl\u00e5dor inom 72 timmar f\u00f6r att bekr\u00e4fta strukturen och de visuella effekterna.<\/li>\n<li><strong>Massproduktion<\/strong>: Skriv ut med milj\u00f6v\u00e4nligt vattenbaserat bl\u00e4ck, leverera inom 7-14 dagar och st\u00f6dja global logistiksp\u00e5rning.<\/li>\n<\/ol>","protected":false},"excerpt":{"rendered":"<p>L\u00e5dan antar en enkel och fashionabel ljusvit serie, den magnetiska lockl\u00e5dans design \u00e4r enkel och elegant, vilket ger m\u00e4nniskor en k\u00e4nsla av f\u00f6rfining och \u00e4r gjord av 1200 GSM gr\u00e5 kartong och 157 GSM bestruket papper. Strukturen \u00e4r stabil och l\u00e4tt att skydda din peruk H\u00e5rborttagningsenhet F\u00f6rpackning.<\/p>","protected":false},"featured_media":1104,"template":"","meta":{"_kad_post_transparent":"default","_kad_post_title":"","_kad_post_layout":"default","_kad_post_sidebar_id":"","_kad_post_content_style":"default","_kad_post_vertical_padding":"default","_kad_post_feature":"","_kad_post_feature_position":"","_kad_post_header":false,"_kad_post_footer":false,"_kad_post_classname":""},"product_brand":[],"product_cat":[15,28,27,17],"product_tag":[426,425,427],"class_list":{"0":"post-1103","1":"product","2":"type-product","3":"status-publish","4":"has-post-thumbnail","6":"product_cat-red-light-therapy","7":"product_cat-customize","8":"product_cat-red-light-therapy-belt","9":"product_cat-services","10":"product_tag-hair-removal-device-box","11":"product_tag-magnetic-hair-extensions-packaging-box","12":"product_tag-wig-magnetic-closure-box","14":"first","15":"instock","16":"shipping-taxable","17":"product-type-simple","18":"entry","19":"content-bg","20":"loop-entry"},"_links":{"self":[{"href":"https:\/\/red-lighttherapy.com\/sv\/wp-json\/wp\/v2\/product\/1103","targetHints":{"allow":["GET"]}}],"collection":[{"href":"https:\/\/red-lighttherapy.com\/sv\/wp-json\/wp\/v2\/product"}],"about":[{"href":"https:\/\/red-lighttherapy.com\/sv\/wp-json\/wp\/v2\/types\/product"}],"wp:featuredmedia":[{"embeddable":true,"href":"https:\/\/red-lighttherapy.com\/sv\/wp-json\/wp\/v2\/media\/1104"}],"wp:attachment":[{"href":"https:\/\/red-lighttherapy.com\/sv\/wp-json\/wp\/v2\/media?parent=1103"}],"wp:term":[{"taxonomy":"product_brand","embeddable":true,"href":"https:\/\/red-lighttherapy.com\/sv\/wp-json\/wp\/v2\/product_brand?post=1103"},{"taxonomy":"product_cat","embeddable":true,"href":"https:\/\/red-lighttherapy.com\/sv\/wp-json\/wp\/v2\/product_cat?post=1103"},{"taxonomy":"product_tag","embeddable":true,"href":"https:\/\/red-lighttherapy.com\/sv\/wp-json\/wp\/v2\/product_tag?post=1103"}],"curies":[{"name":"wp","href":"https:\/\/api.w.org\/{rel}","templated":true}]}}