{"id":1091,"date":"2025-04-16T07:58:12","date_gmt":"2025-04-16T07:58:12","guid":{"rendered":"https:\/\/red-lighttherapy.com\/?post_type=product&#038;p=1091"},"modified":"2025-04-16T08:13:25","modified_gmt":"2025-04-16T08:13:25","slug":"agency-luxury-lid-and-base-box-for-clothing-sock-packaging","status":"publish","type":"product","link":"https:\/\/red-lighttherapy.com\/sv\/agency-luxury-lid-and-base-box-for-clothing-sock-packaging\/","title":{"rendered":"Agentur Lyxigt lock och bottenl\u00e5da f\u00f6r f\u00f6rpackning av kl\u00e4dstrumpor"},"content":{"rendered":"<h2 id=\"-product-instructions-for-the-agent-of-luxury-clothing-and-socks-packaging-heaven-and-earth-box-\">Byr\u00e5ns lyxiga lock- och bottenl\u00e5da f\u00f6r f\u00f6rpackning av kl\u00e4dstrumpor Produktbeskrivning<\/h2>\n<h2 id=\"-1-visual-presentation-a-balance-between-simplicity-and-luxury-\"><strong>1. Visuell presentation: En balans mellan enkelhet och lyx<\/strong><\/h2>\n<ul>\n<li><strong>F\u00e4rgmatchning och logotyp<\/strong>: L\u00e5dkroppen \u00e4r t\u00e4ckt med matt svart specialpapper och ytan \u00e4r k\u00e4nslig; logotypen \u00e4r pr\u00e4glad eller varmst\u00e4mplad (valfritt), och den monokroma mikropr\u00e4glande effekten anv\u00e4nds f\u00f6r att f\u00f6rb\u00e4ttra varum\u00e4rkesigenk\u00e4nningen, undvika st\u00f6rningar av komplexa f\u00e4rger och passa det \u00e5terh\u00e5llsamma temperamentet hos avancerade varum\u00e4rken.<\/li>\n<li><strong>Modelleringsspr\u00e5k<\/strong>: Den kvadratiska l\u00e5dan har snygga linjer och inga \u00f6verfl\u00f6diga dekorationer. Papprets textur och ljus- och skuggf\u00f6rh\u00e5llandena f\u00f6rst\u00e4rker texturen och framh\u00e4ver designfilosofin \"less is more\".<\/li>\n<\/ul>\n<h2 id=\"-2-structure-and-opening-and-closing-experience-\"><strong>2. Struktur samt \u00f6ppnings- och avslutningsupplevelse<\/strong><\/h2>\n<ul>\n<li><strong>Design av huvud- och jordomslag<\/strong>: De \u00f6vre och nedre skydden passar exakt, och \u00f6ppningen och st\u00e4ngningen \u00e4r smidig och st\u00e4ngningen \u00e4r stabil. Vid \u00f6ppning glider locket av naturligt och avsl\u00f6jar den fodrade produkten, vilket ger uppackningsprocessen en k\u00e4nsla av ritual som en presentf\u00f6rpackning och f\u00f6rb\u00e4ttrar kundens f\u00f6rsta ber\u00f6ringsupplevelse.<\/li>\n<li><strong>B\u00e4righet och h\u00e5llbarhet<\/strong>: 120 g h\u00f6gviktigt specialpapper \u00e4r t\u00e4ckt av 1,5 mm tjock kartong, med en tryckh\u00e5llfasthet p\u00e5 1,2 g\u00e5nger industristandarden, vilket s\u00e4kerst\u00e4ller att det inte deformeras under transport och l\u00e5ngvarig lagring.<\/li>\n<\/ul>\n<h2 id=\"-3-material-and-process-details-\"><strong>3. Material- och processdetaljer<\/strong><\/h2>\n<ul>\n<li><strong>Ytterboxens material<\/strong>: Ytan p\u00e5 specialpapperet \u00e4r anti-repbehandlad, fingeravtrycksresistent och l\u00e4tt att reng\u00f6ra; kartongk\u00e4rnan anv\u00e4nder FSC-certifierade milj\u00f6v\u00e4nliga material, vilket \u00f6verensst\u00e4mmer med h\u00e5llbarhetsbegreppet.<\/li>\n<li><strong>Anpassat foder<\/strong>: Ge EVA-svamp, p\u00e4rlbomull eller flockande innerbricka och andra alternativ, och kan anpassa sp\u00e5ren efter strumpornas storlek f\u00f6r att uppn\u00e5 de dubbla funktionerna f\u00f6r produktfixering och chockskydd, l\u00e4mplig f\u00f6r enkel- och dubbelf\u00f6rpackningar, presentf\u00f6rpackningssatser och andra behov.<\/li>\n<\/ul>\n<h2 id=\"-4-customized-service-\"><strong>4. Anpassad service<\/strong><\/h2>\n<ul>\n<li><strong>Flexibilitet vid utskrift<\/strong>: St\u00f6d UV-tryck, silketryck eller varmst\u00e4mpling av logotyper, varum\u00e4rkesslogans och m\u00f6nster och kan matcha Pantone-spotf\u00e4rger f\u00f6r att s\u00e4kerst\u00e4lla visuell konsistens.<\/li>\n<li><strong>Anpassning av storlek<\/strong>: Justera l\u00e5dstorleken enligt kundens produktspecifikationer (t.ex. strumpans l\u00e4ngd och h\u00f6jd), med en minsta orderkvantitet p\u00e5 500 stycken f\u00f6r att tillgodose anpassningsbehov f\u00f6r sm\u00e5 och medelstora partier.<\/li>\n<\/ul>\n<h2 id=\"-5-quality-assurance-system-\"><strong>5. System f\u00f6r kvalitetss\u00e4kring<\/strong><\/h2>\n<ul>\n<li><strong>Produktionsstandard<\/strong>: F\u00f6rlita sig p\u00e5 16 \u00e5rs professionell tryck- och f\u00f6rpackningserfarenhet, med hj\u00e4lp av helautomatiska stansmaskiner och kvalitetskontrollsystem f\u00f6r att s\u00e4kerst\u00e4lla att l\u00e5dkroppsfelet \u00e4r \u22640,5 mm och den kvalificerade graden av f\u00e4rdiga produkter n\u00e5r 99,8%.<\/li>\n<li><strong>Service\u00e5tagande<\/strong>: Full sp\u00e5rning fr\u00e5n designkorrektur till batchleverans, vilket ger 30-dagars kvalitetsbekymmersfria returer och utbyten och svarar p\u00e5 anpassade behov inom 72 timmar.<\/li>\n<\/ul>\n<h2 id=\"-6-application-scenarios-\"><strong>6. Till\u00e4mpningsscenarier<\/strong><\/h2>\n<ul>\n<li><strong>H\u00f6gklassig detaljhandel<\/strong>: Som en varum\u00e4rkesbutik displayf\u00f6rpackning, f\u00f6rb\u00e4ttra hyllans attraktivitet.<\/li>\n<li><strong>Presentmarknaden<\/strong>: Med band eller midjef\u00f6rsegling, uppgradera till presentf\u00f6rpackningar f\u00f6r semestertider f\u00f6r att \u00f6ka v\u00e4rdet p\u00e5 g\u00e5vorna.<\/li>\n<li><strong>Logistik f\u00f6r e-handel<\/strong>: Optimera den seismiska konstruktionen, minska transportf\u00f6rlusterna och minska kostnaderna efter f\u00f6rs\u00e4ljningen.<\/li>\n<\/ul>","protected":false},"excerpt":{"rendered":"<p>Denna l\u00e5da med lock och botten \u00e4r utformad f\u00f6r exklusiva kl\u00e4der och accessoarer. Den kombinerar enkel estetik med praktiska funktioner f\u00f6r att skapa en f\u00f6rpackningsl\u00f6sning med b\u00e5de en k\u00e4nsla av ceremoni och kvalitet. L\u00e5dan har en klassisk lock- och bottenstruktur med en svart huvudf\u00e4rg och en varum\u00e4rkeslogotyp. Den anv\u00e4nder ett minimalistiskt formspr\u00e5k f\u00f6r att f\u00f6rmedla en l\u00e5gm\u00e4ld och lyxig varum\u00e4rkeston, l\u00e4mplig f\u00f6r lyxvaror, l\u00e4tta lyxkl\u00e4der och presentscener.<\/p>","protected":false},"featured_media":1095,"template":"","meta":{"_kad_post_transparent":"default","_kad_post_title":"","_kad_post_layout":"default","_kad_post_sidebar_id":"","_kad_post_content_style":"default","_kad_post_vertical_padding":"default","_kad_post_feature":"","_kad_post_feature_position":"","_kad_post_header":false,"_kad_post_footer":false,"_kad_post_classname":""},"product_brand":[],"product_cat":[15,30,19,17],"product_tag":[421,419,420],"class_list":{"0":"post-1091","1":"product","2":"type-product","3":"status-publish","4":"has-post-thumbnail","6":"product_cat-red-light-therapy","7":"product_cat-dropshipping","8":"product_cat-red-light-therapy-stand","9":"product_cat-services","10":"product_tag-custom-clothing-sock-packaging","11":"product_tag-lid-and-base-box-for-clothing","12":"product_tag-lid-and-base-box-for-sock","14":"first","15":"instock","16":"shipping-taxable","17":"product-type-simple","18":"entry","19":"content-bg","20":"loop-entry"},"_links":{"self":[{"href":"https:\/\/red-lighttherapy.com\/sv\/wp-json\/wp\/v2\/product\/1091","targetHints":{"allow":["GET"]}}],"collection":[{"href":"https:\/\/red-lighttherapy.com\/sv\/wp-json\/wp\/v2\/product"}],"about":[{"href":"https:\/\/red-lighttherapy.com\/sv\/wp-json\/wp\/v2\/types\/product"}],"wp:featuredmedia":[{"embeddable":true,"href":"https:\/\/red-lighttherapy.com\/sv\/wp-json\/wp\/v2\/media\/1095"}],"wp:attachment":[{"href":"https:\/\/red-lighttherapy.com\/sv\/wp-json\/wp\/v2\/media?parent=1091"}],"wp:term":[{"taxonomy":"product_brand","embeddable":true,"href":"https:\/\/red-lighttherapy.com\/sv\/wp-json\/wp\/v2\/product_brand?post=1091"},{"taxonomy":"product_cat","embeddable":true,"href":"https:\/\/red-lighttherapy.com\/sv\/wp-json\/wp\/v2\/product_cat?post=1091"},{"taxonomy":"product_tag","embeddable":true,"href":"https:\/\/red-lighttherapy.com\/sv\/wp-json\/wp\/v2\/product_tag?post=1091"}],"curies":[{"name":"wp","href":"https:\/\/api.w.org\/{rel}","templated":true}]}}