{"id":1080,"date":"2025-04-16T07:33:52","date_gmt":"2025-04-16T07:33:52","guid":{"rendered":"https:\/\/red-lighttherapy.com\/?post_type=product&#038;p=1080"},"modified":"2025-04-16T07:57:50","modified_gmt":"2025-04-16T07:57:50","slug":"top-and-bottom-packaging-boxes-vendor-for-phone-accessories","status":"publish","type":"product","link":"https:\/\/red-lighttherapy.com\/sv\/top-and-bottom-packaging-boxes-vendor-for-phone-accessories\/","title":{"rendered":"Leverant\u00f6r av topp- och bottenf\u00f6rpackningsl\u00e5dor f\u00f6r telefontillbeh\u00f6r"},"content":{"rendered":"<h2 id=\"-mobile-phone-accessories-box-packaging-solution-\"><strong>F\u00f6rpackningsl\u00f6sning f\u00f6r mobiltelefontillbeh\u00f6r<\/strong><\/h2>\n<h2 id=\"-i-core-material-environmentally-friendly-and-stable-\"><strong>1. K\u00e4rnmaterial: milj\u00f6v\u00e4nligt och stabilt<\/strong><\/h2>\n<p><strong>Dubbelt kopparpapper p\u00e5 mer \u00e4n 300 g<\/strong>\u00a0anv\u00e4nds som ytpapper, och\u00a0<strong>enkelsidig vit gr\u00e5 kartong med h\u00f6g densitet<\/strong>\u00a0anv\u00e4nds som bas f\u00f6r att skapa en solid och stabil l\u00e5dstruktur. Kopparpapperets yta \u00e4r sl\u00e4t och k\u00e4nslig, med h\u00f6g f\u00e4rg\u00e5tergivning, vilket s\u00e4kerst\u00e4ller tydliga och ljusa tryckta m\u00f6nster; den gr\u00e5 br\u00e4dan ger utm\u00e4rkt tryckmotst\u00e5nd och h\u00e5llbarhet, vilket effektivt fixerar mobiltelefontillbeh\u00f6r (som laddare, datakablar, h\u00f6rlurar etc.) f\u00f6r att undvika skakningar och kollisioner under transport. Alla material uppfyller milj\u00f6skyddsstandarder, st\u00f6der \u00e5tervinning och \u00e5teranv\u00e4ndning och uppfyller trenden med gr\u00f6na f\u00f6rpackningar.<\/p>\n<h2 id=\"-ii-appearance-design-simple-and-atmospheric-the-brand-image-is-vivid-on-the-box-\"><strong>2. Utseende design: enkel och atmosf\u00e4risk, varum\u00e4rkesbilden \u00e4r levande p\u00e5 l\u00e5dan<\/strong><\/h2>\n<ol>\n<li>L\u00e5dkroppen \u00e4r baserad p\u00e5\u00a0<strong>rent vit<\/strong>\u00a0och adopterar\u00a0<strong>teknik f\u00f6r fyrf\u00e4rgstryck (CMYK)<\/strong>\u00a0f\u00f6r att korrekt presentera kundens logotyp och grafiska information, s\u00e4kerst\u00e4lla f\u00e4rgm\u00e4ttnad och detaljskiktning.<\/li>\n<li>St\u00f6d\u00a0<strong>gradient, spotf\u00e4rg, varmst\u00e4mpling<\/strong>\u00a0och andra specialprocesser, som att f\u00f6rb\u00e4ttra den lokala glansen genom UV-tryck eller anv\u00e4nda pr\u00e4glingsteknik f\u00f6r att framh\u00e4va den tredimensionella k\u00e4nslan i varum\u00e4rkeslogotypen.<\/li>\n<li>Ytan p\u00e5 de \u00f6vre och nedre l\u00e5dorna antar\u00a0<strong>Lamineringsteknik f\u00f6r matt film<\/strong>\u00a0f\u00f6r att f\u00f6rb\u00e4ttra slitstyrkan och antifouling-prestandan, och det \u00e4r inte l\u00e4tt att l\u00e4mna fingeravtryck eller repor vid daglig anv\u00e4ndning, samtidigt som l\u00e5dans struktur f\u00f6rst\u00e4rks.<\/li>\n<\/ol>\n<h2 id=\"-three-structural-optimization-humanized-opening-and-closing-and-adaptability-\"><strong>3. strukturell optimering: humaniserad \u00f6ppning och st\u00e4ngning och anpassningsf\u00f6rm\u00e5ga<\/strong><\/h2>\n<ol>\n<li><strong>L\u00e4tt att \u00f6ppna och st\u00e4nga<\/strong>: L\u00e5dans lock och botten av l\u00e5dan anv\u00e4nder precisionsstansningsteknik, och den luftbromsande designen s\u00e4kerst\u00e4ller att bottenl\u00e5dan faller smidigt n\u00e4r du \u00f6ppnar l\u00e5dan (h\u00e4nvisar till Apples patenterade struktur).<\/li>\n<li><strong>Fingerposition p\u00e5 sidan<\/strong>: Sidan \u00e4r reserverad med ett b\u00e5gformat sp\u00e5r, som enkelt kan \u00f6ppnas med en hand f\u00f6r att f\u00f6rb\u00e4ttra anv\u00e4ndarupplevelsen.<\/li>\n<li>Tillhandah\u00e5lla\u00a0<strong>fyrkantig, sexkantig, l\u00e5dtyp, magnetisk sugtyp<\/strong>\u00a0och andra typer av l\u00e5dor f\u00f6r att anpassa sig till olika tillbeh\u00f6rsstorlekar och visningsbehov. Till exempel:<\/li>\n<li><strong>L\u00e5dbox<\/strong>: L\u00e4mplig f\u00f6r kombinationssatser med flera tillbeh\u00f6r, sidodragningsdesignen \u00e4r l\u00e4tt att klassificera och f\u00f6rvara.<\/li>\n<li><strong>Box med magnetiskt sp\u00e4nne<\/strong>: Det b\u00e4sta valet f\u00f6r avancerade modeller, med en stabil st\u00e4ngning och en stark k\u00e4nsla av ceremoni.<\/li>\n<\/ol>\n<h2 id=\"-fourth-customized-service-flexibly-meet-personalized-needs-\"><strong>4. Anpassad service: flexibelt tillgodose personliga behov<\/strong><\/h2>\n<ol>\n<li>St\u00f6der skr\u00e4ddarsydd design av hela l\u00e5dans yta, som kan integreras med varum\u00e4rkesber\u00e4ttelser, produktparametrar eller konstn\u00e4rliga illustrationer. Ett exempel:<\/li>\n<li><strong>Partiell urholkning<\/strong>: Med ett genomskinligt f\u00f6nster f\u00f6r att visa tillbeh\u00f6rsdetaljer.<\/li>\n<li><strong>Kulturella element<\/strong>: Kombinerat med varmst\u00e4mplingsteknik f\u00f6r att presentera traditionella m\u00f6nster och lyfta fram produkttonen.<\/li>\n<li>Anpassa fodrets struktur efter tillbeh\u00f6rens storlek (t.ex. tr\u00e5dl\u00f6sa h\u00f6rlurar, mobila n\u00e4taggregat) och anv\u00e4ndning\u00a0<strong>EVA blistertr\u00e5g eller bikakekartong<\/strong>\u00a0f\u00f6r att fixera produkten, med h\u00e4nsyn till b\u00e5de skydd och l\u00e4ttvikt.<\/li>\n<\/ol>\n<h2 id=\"-v-production-capacity-and-quality-control-guarantee-\"><strong>5. Garanti f\u00f6r produktionskapacitet och kvalitetskontroll<\/strong><\/h2>\n<ol>\n<li>Med\u00a0<strong>5.320 kvadratmeter modern verkstad<\/strong>Utrustad med helautomatiska stansmaskiner, UV-trycklinjer och milj\u00f6v\u00e4nlig lamineringsutrustning st\u00f6der den en daglig produktionskapacitet p\u00e5 mer \u00e4n 100.000 stycken och leveranscykeln f\u00f6rkortas till\u00a0<strong>15-20 arbetsdagar<\/strong>.<\/li>\n<li>Fr\u00e5n lagring av r\u00e5varor till leverans av f\u00e4rdiga produkter genomf\u00f6r vi\u00a0<strong>kvalitetsinspektionsprocesser i sex niv\u00e5er<\/strong>, inklusive f\u00e4rgskillnadsdetektering (\u0394E\u22641,5), falltest (1,5 meter h\u00f6gt utan skada), test av fukt- och v\u00e4derbest\u00e4ndighet etc.<\/li>\n<\/ol>\n<h2 id=\"-vi-application-scenarios-and-case-studies-\"><strong>6. Till\u00e4mpningsscenarier och fallstudier<\/strong><\/h2>\n<ul>\n<li><strong>Avancerade tillbeh\u00f6r<\/strong>: t.ex. tr\u00e5dl\u00f6s Bluetooth-headsetl\u00e5da med magnetisk sugl\u00e5da + varmst\u00e4mpling Logodesign f\u00f6r att f\u00f6rb\u00e4ttra uppackningsupplevelsen.<\/li>\n<li><strong>Milj\u00f6v\u00e4nlig upps\u00e4ttning<\/strong>: Anv\u00e4ndning av nedbrytbar gr\u00e5 kartong och bl\u00e4ckutskrift, i linje med begreppet h\u00e5llbar utveckling.<\/li>\n<\/ul>\n<h2 id=\"-choose-us-you-will-get-\"><strong>V\u00e4lj oss, du kommer att f\u00e5:<\/strong><\/h2>\n<p>\u2705\u00a0<strong>Professionellt designteam<\/strong>: 1 till 1-tj\u00e4nst fr\u00e5n kommunikation av efterfr\u00e5gan till bekr\u00e4ftelse av korrektur. \u2705\u00a0<strong>Effektiv leverans<\/strong>: Expediterade best\u00e4llningar kan skickas s\u00e5 snabbt som 7 dagar, vilket st\u00f6der global logistiksp\u00e5rning. \u2705\u00a0<strong>Kostnadsoptimering<\/strong>: Storskalig upphandling och lean production, 15%-20% l\u00e4gre \u00e4n marknadens genomsnittspris.<\/p>","protected":false},"excerpt":{"rendered":"<p>Lockets och bottenl\u00e5dans f\u00e4rg \u00e4r ren vit och fyrf\u00e4rgstryckprocessen anv\u00e4nds f\u00f6r att exakt trycka kundens logotyp p\u00e5 den. Denna design skapar en enkel och elegant \u00f6vergripande stil. H\u00f6gkvalitativa material har valts, med bestruket papper som ytpapper och enkelsidig vitgr\u00e5 kartong som bas. L\u00e5dans kropp \u00e4r solid och stabil och produkten kan fixeras p\u00e5 ett tillf\u00f6rlitligt s\u00e4tt.<\/p>","protected":false},"featured_media":1089,"template":"","meta":{"_kad_post_transparent":"default","_kad_post_title":"","_kad_post_layout":"default","_kad_post_sidebar_id":"","_kad_post_content_style":"default","_kad_post_vertical_padding":"default","_kad_post_feature":"","_kad_post_feature_position":"","_kad_post_header":false,"_kad_post_footer":false,"_kad_post_classname":""},"product_brand":[],"product_cat":[15,19,17],"product_tag":[417,418,416],"class_list":{"0":"post-1080","1":"product","2":"type-product","3":"status-publish","4":"has-post-thumbnail","6":"product_cat-red-light-therapy","7":"product_cat-red-light-therapy-stand","8":"product_cat-services","9":"product_tag-phone-accessories-packaging-boxes","10":"product_tag-phone-packaging-boxes-vendor","11":"product_tag-top-and-bottom-packaging-boxes","13":"first","14":"instock","15":"shipping-taxable","16":"product-type-simple","17":"entry","18":"content-bg","19":"loop-entry"},"_links":{"self":[{"href":"https:\/\/red-lighttherapy.com\/sv\/wp-json\/wp\/v2\/product\/1080","targetHints":{"allow":["GET"]}}],"collection":[{"href":"https:\/\/red-lighttherapy.com\/sv\/wp-json\/wp\/v2\/product"}],"about":[{"href":"https:\/\/red-lighttherapy.com\/sv\/wp-json\/wp\/v2\/types\/product"}],"wp:featuredmedia":[{"embeddable":true,"href":"https:\/\/red-lighttherapy.com\/sv\/wp-json\/wp\/v2\/media\/1089"}],"wp:attachment":[{"href":"https:\/\/red-lighttherapy.com\/sv\/wp-json\/wp\/v2\/media?parent=1080"}],"wp:term":[{"taxonomy":"product_brand","embeddable":true,"href":"https:\/\/red-lighttherapy.com\/sv\/wp-json\/wp\/v2\/product_brand?post=1080"},{"taxonomy":"product_cat","embeddable":true,"href":"https:\/\/red-lighttherapy.com\/sv\/wp-json\/wp\/v2\/product_cat?post=1080"},{"taxonomy":"product_tag","embeddable":true,"href":"https:\/\/red-lighttherapy.com\/sv\/wp-json\/wp\/v2\/product_tag?post=1080"}],"curies":[{"name":"wp","href":"https:\/\/api.w.org\/{rel}","templated":true}]}}