{"id":1074,"date":"2025-04-16T07:17:06","date_gmt":"2025-04-16T07:17:06","guid":{"rendered":"https:\/\/red-lighttherapy.com\/?post_type=product&#038;p=1074"},"modified":"2025-04-16T07:33:44","modified_gmt":"2025-04-16T07:33:44","slug":"custom-black-slide-drawer-t-shirt-clothes-packaging-dealers","status":"publish","type":"product","link":"https:\/\/red-lighttherapy.com\/sv\/custom-black-slide-drawer-t-shirt-clothes-packaging-dealers\/","title":{"rendered":"Anpassad svart skjutl\u00e5da T-Shirt Kl\u00e4df\u00f6rpackning \u00c5terf\u00f6rs\u00e4ljare"},"content":{"rendered":"<h2 id=\"-customized-black-drawer-style-t-shirt-clothing-packaging-solution-\"><strong>Anpassad f\u00f6rpackningsl\u00f6sning f\u00f6r T-shirt-kl\u00e4der i svart l\u00e5dstil<\/strong><\/h2>\n<h2 id=\"1-advanced-materials-and-craftsmanship-\">1.\u00a0<strong>Avancerade material och hantverksskicklighet<\/strong><\/h2>\n<ul>\n<li><strong>Kombination av specialpapper och gr\u00e5 kartong<\/strong>: Ytterf\u00f6rpackningen anv\u00e4nder 120G texturerat specialpapper, som har en k\u00e4nslig och skiktad yta, och \u00e4r ihopkopplad med ett 1200G h\u00f6gdensitetsgr\u00e5tt kartongfoder f\u00f6r att s\u00e4kerst\u00e4lla att l\u00e5dan \u00e4r styv och tryckt\u00e5lig, med h\u00e4nsyn till b\u00e5de utseende och skyddsprestanda.<\/li>\n<li><strong>St\u00e4mplingsteknik f\u00f6r brons v\u00e4lsignelse<\/strong>: Ytan anv\u00e4nder tredimensionell guldst\u00e4mplingsteknik, och varum\u00e4rkeslogotypen eller m\u00f6nstret hoppar p\u00e5 papperet med en metallisk glans, vilket ger en \"gyllene\" lyxig visuell, vilket f\u00f6rb\u00e4ttrar varum\u00e4rkesigenk\u00e4nningen och tonaliteten.<\/li>\n<\/ul>\n<h2 id=\"2-drawer-style-structure-design-\">2.\u00a0<strong>L\u00e5dliknande strukturdesign<\/strong><\/h2>\n<ul>\n<li><strong>Ceremoni och bekv\u00e4mlighet samexisterar<\/strong>: L\u00e5dans form \u00e4r inspirerad av den klassiska f\u00f6rvaringsdesignen och utdragningen \u00e4r smidig och smidig. \u00d6ppnings- och st\u00e4ngningsprocessen ger anv\u00e4ndarna en \"k\u00e4nsla av uppackningsceremoni\", samtidigt som den underl\u00e4ttar upprepad lagring och h\u00e4mtning av T-shirts. L\u00e5dans struktur har ber\u00e4knats exakt f\u00f6r att s\u00e4kerst\u00e4lla att l\u00e5dan och den yttre l\u00e5dan \u00e4r ordentligt anslutna f\u00f6r att undvika l\u00f6shet.<\/li>\n<li><strong>Ergonomisk passform<\/strong>: Anpassa l\u00e5dans andel enligt T-shirtens vikningsstorlek och rekommendera enskikts- eller flerskiktsl\u00e5dstruktur (t.ex. presentf\u00f6rpackningar i flera delar), l\u00e4mplig f\u00f6r aff\u00e4rsg\u00e5vor, f\u00f6rs\u00e4ljning i begr\u00e4nsad upplaga och andra scenarier.<\/li>\n<\/ul>\n<h2 id=\"3-environmental-certification-and-sustainable-concept-\">3.\u00a0<strong>Milj\u00f6certifiering och h\u00e5llbart koncept<\/strong><\/h2>\n<ul>\n<li><strong>FSC skogscertifiering<\/strong>: Allt f\u00f6rpackningsmaterial \u00e4r FSC-certifierat f\u00f6r att s\u00e4kerst\u00e4lla att pappersk\u00e4llan uppfyller standarderna f\u00f6r h\u00e5llbart skogsbruk och uppfyller de behov som exklusiva varum\u00e4rken har n\u00e4r det g\u00e4ller milj\u00f6skydd och socialt ansvar.<\/li>\n<li><strong>\u00c5tervinningsbar design<\/strong>: Anta milj\u00f6v\u00e4nligt lim och nedbrytbar varmst\u00e4mplingsfolie, med h\u00e4nsyn till b\u00e5de sk\u00f6nhet och milj\u00f6skydd, vilket hj\u00e4lper varum\u00e4rket att f\u00f6rmedla gr\u00f6na v\u00e4rden.<\/li>\n<\/ul>\n<h2 id=\"4-service-system-and-advantages-\">4.\u00a0<strong>Servicesystem och f\u00f6rdelar<\/strong><\/h2>\n<ul>\n<li><strong>En-till-en professionell l\u00f6sning<\/strong>: Fr\u00e5n T-shirtstorlek, varum\u00e4rkeston till anv\u00e4ndningsscenarier (t.ex. presentf\u00f6rpackningar f\u00f6r semester, gemensam f\u00f6rs\u00e4ljning), ge anpassade f\u00f6rslag p\u00e5 l\u00e5dtyp, process och visuell design f\u00f6r att f\u00f6rb\u00e4ttra anpassningsf\u00f6rm\u00e5gan hos produkter och f\u00f6rpackningar.<\/li>\n<li><strong>Garanti f\u00f6r blixtsnabb leverans<\/strong>: F\u00f6rlita sig p\u00e5 intelligenta produktionslinjer (s\u00e5som lasersk\u00e4rning och kompressionsgjutningsteknik), st\u00f6dja sm\u00e5 till stora satsorder och leverera s\u00e5 snabbt som 72 timmar och full kvalitetskontroll f\u00f6r att s\u00e4kerst\u00e4lla att den f\u00e4rdiga produkten \u00e4r felfri.<\/li>\n<li><strong>H\u00f6gt kostnadseffektivt val<\/strong>: Minska kostnaderna genom optimering av processkombinationer (t.ex. partiell varmst\u00e4mpling + vanligt specialpapper) samtidigt som du beh\u00e5ller den avancerade strukturen, l\u00e4mplig f\u00f6r de olika behoven hos nystartade varum\u00e4rken till lyxvaror.<\/li>\n<\/ul>\n<h2 id=\"5-application-scenarios-and-cases-\">5.\u00a0<strong>Till\u00e4mpningsscenarier och fall<\/strong><\/h2>\n<ul>\n<li><strong>Lyxiga ledmodeller<\/strong>: En svart l\u00e5dbox med varmstansning och matt texturerat papper framh\u00e4ver s\u00e4llsyntheten och samlarv\u00e4rdet hos T-shirts i begr\u00e4nsad upplaga (referensfall: LV:s designlogik f\u00f6r f\u00f6rpackningar i h\u00e5rdbox).<\/li>\n<li><strong>Presentf\u00f6rpackning f\u00f6r jul<\/strong>: L\u00e5dstrukturen i flera lager rymmer T-shirts + tillbeh\u00f6r, och det dolda trycket p\u00e5 baksidan kan anpassas med semesterm\u00f6nster f\u00f6r att f\u00f6rb\u00e4ttra \u00f6verraskningen vid uppackningen.<\/li>\n<li><strong>Flash-event f\u00f6r varum\u00e4rke<\/strong>: Kombinera lysande varmst\u00e4mpling eller temperaturk\u00e4nslig f\u00e4rgf\u00f6r\u00e4ndringsteknik (t.ex. SOULGOODS lysande stadiondesign) f\u00f6r att skapa interaktiva f\u00f6rpackningar f\u00f6r att locka unga konsumenter att ta bilder och sprida.<\/li>\n<\/ul>","protected":false},"excerpt":{"rendered":"<p>Pappersl\u00e5da, l\u00e4tt att dra ut och bekv\u00e4mare, tillverkad av h\u00f6gkvalitativt texturerat specialpapper, den mystiska serien av avancerad k\u00e4nsla, materialet som anv\u00e4nds \u00e4r 120G texturerat specialpapper och 1200G styv kartong, stark och h\u00e5llbar<\/p>","protected":false},"featured_media":1078,"template":"","meta":{"_kad_post_transparent":"default","_kad_post_title":"","_kad_post_layout":"default","_kad_post_sidebar_id":"","_kad_post_content_style":"default","_kad_post_vertical_padding":"default","_kad_post_feature":"","_kad_post_feature_position":"","_kad_post_header":false,"_kad_post_footer":false,"_kad_post_classname":""},"product_brand":[],"product_cat":[15,30,20,17],"product_tag":[414,415,413],"class_list":{"0":"post-1074","1":"product","2":"type-product","3":"status-publish","4":"has-post-thumbnail","6":"product_cat-red-light-therapy","7":"product_cat-dropshipping","8":"product_cat-led-face-light-therapy","9":"product_cat-services","10":"product_tag-clothes-packaging-dealers","11":"product_tag-custom-black-clothes-box","12":"product_tag-drawer-t-shirt-packaging","14":"first","15":"instock","16":"shipping-taxable","17":"product-type-simple","18":"entry","19":"content-bg","20":"loop-entry"},"_links":{"self":[{"href":"https:\/\/red-lighttherapy.com\/sv\/wp-json\/wp\/v2\/product\/1074","targetHints":{"allow":["GET"]}}],"collection":[{"href":"https:\/\/red-lighttherapy.com\/sv\/wp-json\/wp\/v2\/product"}],"about":[{"href":"https:\/\/red-lighttherapy.com\/sv\/wp-json\/wp\/v2\/types\/product"}],"wp:featuredmedia":[{"embeddable":true,"href":"https:\/\/red-lighttherapy.com\/sv\/wp-json\/wp\/v2\/media\/1078"}],"wp:attachment":[{"href":"https:\/\/red-lighttherapy.com\/sv\/wp-json\/wp\/v2\/media?parent=1074"}],"wp:term":[{"taxonomy":"product_brand","embeddable":true,"href":"https:\/\/red-lighttherapy.com\/sv\/wp-json\/wp\/v2\/product_brand?post=1074"},{"taxonomy":"product_cat","embeddable":true,"href":"https:\/\/red-lighttherapy.com\/sv\/wp-json\/wp\/v2\/product_cat?post=1074"},{"taxonomy":"product_tag","embeddable":true,"href":"https:\/\/red-lighttherapy.com\/sv\/wp-json\/wp\/v2\/product_tag?post=1074"}],"curies":[{"name":"wp","href":"https:\/\/api.w.org\/{rel}","templated":true}]}}