{"id":1061,"date":"2025-04-16T06:22:13","date_gmt":"2025-04-16T06:22:13","guid":{"rendered":"https:\/\/red-lighttherapy.com\/?post_type=product&#038;p=1061"},"modified":"2025-04-16T06:54:40","modified_gmt":"2025-04-16T06:54:40","slug":"trading-logo-custom-printed-shopping-paper-bags-for-clothing","status":"publish","type":"product","link":"https:\/\/red-lighttherapy.com\/sv\/trading-logo-custom-printed-shopping-paper-bags-for-clothing\/","title":{"rendered":"Handelslogotyp Anpassade tryckta shoppingpappersp\u00e5sar f\u00f6r kl\u00e4der"},"content":{"rendered":"<h2 id=\"-trading-logo-custom-printed-shopping-paper-bags-for-clothing-product-description-\"><strong>Handelslogotyp Anpassade tryckta shoppingpappersp\u00e5sar f\u00f6r kl\u00e4der Produktbeskrivning<\/strong><\/h2>\n<h2 id=\"-1-aesthetic-design-axially-symmetrical-geometric-shapes-and-mexican-totem-elements-\"><strong>1. Estetisk design: Axialsymmetriska geometriska former och mexikanska totemelement<\/strong><\/h2>\n<ul>\n<li><strong>Symmetrisk estetik<\/strong>: Pappersp\u00e5sen har en symmetrisk geometrisk design som f\u00f6rmedlar en avancerad textur och k\u00e4nsla av ordning genom det visuella spr\u00e5ket med v\u00e4nster och h\u00f6ger spegelbalans, vilket \u00f6verensst\u00e4mmer med k\u00e4rnkonceptet \"symmetri ger visuell komfort och kvalitetsf\u00f6rening\" i modern f\u00f6rpackningsdesign.<\/li>\n<li><strong>Kulturell fusion<\/strong>: Huvudmotivet p\u00e5 ytan inneh\u00e5ller traditionella mexikanska totemelement, s\u00e5som geometriska m\u00f6nster fr\u00e5n Maya-civilisationen eller symboler i Aztec-stil, med rika etniska f\u00e4rger (s\u00e5som keramikr\u00f6tt och indigo), vilket inte bara belyser varum\u00e4rkets kulturella inkludering utan ocks\u00e5 ger pappersp\u00e5sen ett unikt konstn\u00e4rligt erk\u00e4nnande.<\/li>\n<\/ul>\n<h2 id=\"-2-structural-optimization-bottom-load-bearing-reinforcement-and-flattening-adaptation-\"><strong>2. Strukturell optimering: f\u00f6rst\u00e4rkning av b\u00e4rande botten och anpassning av utplaning<\/strong><\/h2>\n<ul>\n<li><strong>Bottenf\u00f6rst\u00e4rkningsprocess<\/strong>: Den automatiska l\u00e5sbottenl\u00e5dans strukturdesign antas och bottenst\u00f6det f\u00f6rb\u00e4ttras genom exakt stansning och dubbelskikts kartongbindningsprocess. Den kan b\u00e4ra transportbehoven f\u00f6r platta produkter som badkl\u00e4der och badhanddukar och undvika deformation p\u00e5 grund av stapling eller str\u00e4ngsprutning.<\/li>\n<li><strong>Uppgradering av anpassningsf\u00f6rm\u00e5ga<\/strong>: Andelen av v\u00e4skkroppen har ber\u00e4knats mekaniskt och det inre utrymmet kan flexibelt anpassas till vikning och f\u00f6rvaring av tunna och l\u00e4tta kl\u00e4der. Samtidigt \u00e4r kantbufferten reserverad f\u00f6r att minska friktionsf\u00f6rlusten.<\/li>\n<\/ul>\n<h2 id=\"-3-material-selection-environmentally-friendly-high-weight-white-cardboard-and-thickened-ribbon-\"><strong>3. Materialval: milj\u00f6v\u00e4nlig vit kartong med h\u00f6g vikt och f\u00f6rtjockat band<\/strong><\/h2>\n<ul>\n<li><strong>Milj\u00f6certifiering<\/strong>: 280g\/m\u00b2 h\u00f6gviktig vit kartong v\u00e4ljs, och materialet \u00e4r FSC-skogscertifierat f\u00f6r att s\u00e4kerst\u00e4lla att r\u00e5varorna kommer fr\u00e5n h\u00e5llbart f\u00f6rvaltade skogar, med h\u00e4nsyn till b\u00e5de styvhet och milj\u00f6skyddsegenskaper.<\/li>\n<li><strong>Lastb\u00e4rande handtag<\/strong>: De dubbla handtagen \u00e4r gjorda av f\u00f6rtjockat band (bredd \u2265 20 mm), med en dragfiberk\u00e4rna inb\u00e4ddad inuti, och belastningen p\u00e5 en sida kan n\u00e5 8 kg, vilket garanterar handens komfort och h\u00e5llbarhet.<\/li>\n<\/ul>\n<h2 id=\"-4-customization-flexibility-and-process-combination-\"><strong>4. Anpassningsflexibilitet och processkombination<\/strong><\/h2>\n<ul>\n<li><strong>Modul\u00e4r process<\/strong>: St\u00f6der modul\u00e4r kombination av processer som varmst\u00e4mpling, pr\u00e4gling och UV-lokal lack. Till exempel anv\u00e4nder totemlinjerna varmst\u00e4mpling f\u00f6r att f\u00f6rb\u00e4ttra den tredimensionella effekten, och varum\u00e4rkeslogotypen kan \u00f6verlagras med en magnetisk t\u00e4tningsdesign f\u00f6r att f\u00f6rb\u00e4ttra k\u00e4nslan av att \u00f6ppna och st\u00e4nga.<\/li>\n<li><strong>L\u00e5g orderkvantitet<\/strong>: Minsta orderkvantitet \u00e4r 500 st, vilket st\u00f6der djup anpassning av storlek, f\u00e4rg och m\u00f6nster, utan extra formkostnader, f\u00f6r att m\u00f6ta de l\u00e4tta testorderbehoven hos sm\u00e5 och medelstora varum\u00e4rken.<\/li>\n<\/ul>\n<h2 id=\"-5-production-guarantee-and-production-capacity-advantage-\"><strong>5. Produktionsgaranti och f\u00f6rdel i fr\u00e5ga om produktionskapacitet<\/strong><\/h2>\n<ul>\n<li><strong>Certifiering av kvalifikationer<\/strong>: F\u00f6rlita sig p\u00e5 ISO 9001 \/ FSC-certifierad fabrik med 16 \u00e5rs kvalifikationer, hela processen \u00f6verensst\u00e4mmer med det internationella milj\u00f6skydds- och kvalitetsstyrningssystemet f\u00f6r att s\u00e4kerst\u00e4lla att produkten klarar SGS-s\u00e4kerhetstestet.<\/li>\n<li><strong>Effektiv leverans<\/strong>: Fabriken har en daglig produktionskapacitet p\u00e5 1 miljon enheter, st\u00f6djer 72 timmars korrektur och 15 dagars batchleverans och \u00e4r utrustad med ett intelligent lagersystem f\u00f6r att s\u00e4kerst\u00e4lla att best\u00e4llningarna kan fullf\u00f6ljas under h\u00f6gs\u00e4song.<\/li>\n<\/ul>\n<p id=\"-application-scenarios-suitable-for-clothing-stores-e-commerce-gift-packaging-brand-flash-events-and-other-scenarios-with-both-functionality-and-brand-communication-value-through-the-dual-innovation-of-vision-and-structure-it-helps-customers-establish-a-differentiated-image-in-the-competitive-market-\"><strong>Till\u00e4mpningsscenarier<\/strong>: L\u00e4mplig f\u00f6r kl\u00e4dbutiker, presentf\u00f6rpackningar f\u00f6r e-handel, flash-evenemang f\u00f6r varum\u00e4rken och andra scenarier, med b\u00e5de funktionalitet och varum\u00e4rkeskommunikationsv\u00e4rde. Genom den dubbla innovationen av vision och struktur hj\u00e4lper det kunderna att skapa en differentierad bild p\u00e5 den konkurrensutsatta marknaden.<\/p>","protected":false},"excerpt":{"rendered":"<p>Denna presentp\u00e5se av papper har en symmetrisk geometrisk form p\u00e5 den centrala axeln, vilket ger en k\u00e4nsla av visuell balans. Den starka b\u00e4rande botten f\u00f6rhindrar att produkten deformeras under transport. Den kan anv\u00e4ndas f\u00f6r platta produkter som badkl\u00e4der och strandhanddukar.<\/p>","protected":false},"featured_media":1062,"template":"","meta":{"_kad_post_transparent":"default","_kad_post_title":"","_kad_post_layout":"default","_kad_post_sidebar_id":"","_kad_post_content_style":"default","_kad_post_vertical_padding":"default","_kad_post_feature":"","_kad_post_feature_position":"","_kad_post_header":false,"_kad_post_footer":false,"_kad_post_classname":""},"product_brand":[],"product_cat":[15,30,17],"product_tag":[407,409,408],"class_list":{"0":"post-1061","1":"product","2":"type-product","3":"status-publish","4":"has-post-thumbnail","6":"product_cat-red-light-therapy","7":"product_cat-dropshipping","8":"product_cat-services","9":"product_tag-custom-paper-bags-for-clothing","10":"product_tag-logo-custom-clothing-paper-bags","11":"product_tag-shopping-paper-bags","13":"first","14":"instock","15":"shipping-taxable","16":"product-type-simple","17":"entry","18":"content-bg","19":"loop-entry"},"_links":{"self":[{"href":"https:\/\/red-lighttherapy.com\/sv\/wp-json\/wp\/v2\/product\/1061","targetHints":{"allow":["GET"]}}],"collection":[{"href":"https:\/\/red-lighttherapy.com\/sv\/wp-json\/wp\/v2\/product"}],"about":[{"href":"https:\/\/red-lighttherapy.com\/sv\/wp-json\/wp\/v2\/types\/product"}],"wp:featuredmedia":[{"embeddable":true,"href":"https:\/\/red-lighttherapy.com\/sv\/wp-json\/wp\/v2\/media\/1062"}],"wp:attachment":[{"href":"https:\/\/red-lighttherapy.com\/sv\/wp-json\/wp\/v2\/media?parent=1061"}],"wp:term":[{"taxonomy":"product_brand","embeddable":true,"href":"https:\/\/red-lighttherapy.com\/sv\/wp-json\/wp\/v2\/product_brand?post=1061"},{"taxonomy":"product_cat","embeddable":true,"href":"https:\/\/red-lighttherapy.com\/sv\/wp-json\/wp\/v2\/product_cat?post=1061"},{"taxonomy":"product_tag","embeddable":true,"href":"https:\/\/red-lighttherapy.com\/sv\/wp-json\/wp\/v2\/product_tag?post=1061"}],"curies":[{"name":"wp","href":"https:\/\/api.w.org\/{rel}","templated":true}]}}