{"id":1047,"date":"2025-04-16T05:49:00","date_gmt":"2025-04-16T05:49:00","guid":{"rendered":"https:\/\/red-lighttherapy.com\/?post_type=product&#038;p=1047"},"modified":"2025-04-16T06:20:53","modified_gmt":"2025-04-16T06:20:53","slug":"holographic-paper-lid-and-base-software-accessories-boxes","status":"publish","type":"product","link":"https:\/\/red-lighttherapy.com\/sv\/holographic-paper-lid-and-base-software-accessories-boxes\/","title":{"rendered":"Elegant presentask med lock och botten F\u00f6rpackningsl\u00f6sning f\u00f6r smarta klockor"},"content":{"rendered":"<h2 id=\"-holographic-paper-lid-and-base-software-accessories-boxes-\"><strong>Holografiskt papper Lock och botten Programvarutillbeh\u00f6r L\u00e5dor<\/strong><\/h2>\n<h2 id=\"-1-standard-lid-and-lid-structure-precise-opening-and-closing-experience-\"><strong>1. Standardlock och lockstruktur, exakt \u00f6ppnings- och st\u00e4ngningsupplevelse<\/strong><\/h2>\n<ul>\n<li>L\u00e5dans stomme och lock \u00e4r formade med h\u00f6gprecisionsformar f\u00f6r att uppn\u00e5 toleransmatchning p\u00e5 millimeterniv\u00e5, vilket s\u00e4kerst\u00e4ller smidig \u00f6ppning och st\u00e4ngning.<\/li>\n<li>Fodret kan anpassas med d\u00e4mpningslager av EVA eller flanell, l\u00e4mpligt f\u00f6r tillbeh\u00f6r i olika storlekar, vilket ger ett allroundskydd.<\/li>\n<\/ul>\n<h2 id=\"-2-right-angle-folding-process-three-dimensional-load-bearing-design-\"><strong>2. Vikningsprocess i r\u00e4t vinkel, tredimensionell lastb\u00e4rande design<\/strong><\/h2>\n<ul>\n<li>Den 90\u00b0 r\u00e4tvinkliga vikningsprocessen st\u00e4rker l\u00e5dans struktur f\u00f6r att s\u00e4kerst\u00e4lla att l\u00e5dans form \u00e4r rak och inte deformerad, med en b\u00e4rande kapacitet p\u00e5 mer \u00e4n 3 kg, l\u00e4mplig f\u00f6r tunga produkter som smycken och elektroniska precisionskomponenter.<\/li>\n<li>Den inre och yttre dubbelsidiga lamineringsprocessen f\u00f6rb\u00e4ttrar papperets slitstyrka och tryckh\u00e5llfasthet och f\u00f6rl\u00e4nger f\u00f6rpackningens livsl\u00e4ngd.<\/li>\n<\/ul>\n<h2 id=\"-3-183g-holographic-iridescent-paper-dynamic-visual-hierarchy-\"><strong>3. 183 g holografiskt iriserande papper, dynamisk visuell hierarki<\/strong><\/h2>\n<ul>\n<li>Speciellt holografiskt papper anv\u00e4nder laserskiktsteknik p\u00e5 nanoniv\u00e5 f\u00f6r att uppn\u00e5 en iriserande gradienteffekt i flera vinklar, vilket ger en flytande metallisk lyster under ljusbrytning och kan f\u00f6rmedla en k\u00e4nsla av lyx utan ytterligare dekoration.<\/li>\n<li>Pappersytan har en k\u00e4nslig touch, med b\u00e5de matt textur och h\u00f6ga reflekterande egenskaper, l\u00e4mplig f\u00f6r anpassade processer som varum\u00e4rkes LOGO varmst\u00e4mpling och UV-pr\u00e4gling.<\/li>\n<\/ul>\n<h2 id=\"-4-minimalist-design-focusing-on-material-aesthetics-\"><strong>4. Minimalistisk design med fokus p\u00e5 materialestetik<\/strong><\/h2>\n<ul>\n<li>Genom att avst\u00e5 fr\u00e5n \u00f6verfl\u00f6diga dekorationer som metallsp\u00e4nnen och band f\u00f6rmedlar den iriserande ljuseffekten och den l\u00e5dformade strukturen hos sj\u00e4lva papperet en k\u00e4nsla av lyx, vilket uppfyller moderna konsumenters estetiska behov av enkelhet och high-end.<\/li>\n<li>Holografiska temaf\u00e4rger som matt svart, fantasy silver och starry blue \u00e4r valfria f\u00f6r att m\u00f6ta tonaliteten hos olika varum\u00e4rken.<\/li>\n<\/ul>\n<h2 id=\"-5-strengthen-the-sense-of-unboxing-ceremony-and-adapt-to-high-value-scenarios-\"><strong>5. St\u00e4rk k\u00e4nslan av en uppackningsceremoni och anpassa till scenarier med h\u00f6gt v\u00e4rde<\/strong><\/h2>\n<ul>\n<li>Den \u00e4r s\u00e4rskilt utformad f\u00f6r lyxvaror och teknikprodukter (t.ex. smarta b\u00e4rbara enheter, mjukvarudonglar, avancerade h\u00f6rlurar etc.) och f\u00f6rb\u00e4ttrar anv\u00e4ndarnas f\u00f6rsta intryck av produktkvaliteten genom dynamiska iriseringseffekter och exakt \u00f6ppnings- och st\u00e4ngningsupplevelse.<\/li>\n<li>L\u00e4mplig f\u00f6r produkter i begr\u00e4nsad upplaga, presentaskar f\u00f6r medlemmar och andra scenarier som beh\u00f6ver st\u00e4rka varum\u00e4rkets minnespunkter.<\/li>\n<\/ul>\n<h2 id=\"-6-technical-parameters-\"><strong>6. Tekniska parametrar<\/strong><\/h2>\n<ul>\n<li><strong>Material<\/strong>: 183g holografiskt iriserande papper + 1,5mm gr\u00e5 kartongfoder<\/li>\n<li><strong>Process<\/strong>: r\u00e4tvinklig vikning, laminering, varmst\u00e4mpling\/UV-tryck (tillval)<\/li>\n<li><strong>Struktur<\/strong>: standard\u00f6ver- och undersida (anpassningsbart flipomslag, magnetisk st\u00e4ngning och andra varianter)<\/li>\n<li><strong>Lastb\u00e4rande<\/strong>: statiskt lastb\u00e4rande \u22653 kg, dynamiskt fallskydd genom ISTA 1A-test<\/li>\n<li><strong>Milj\u00f6skydd<\/strong>: 100% \u00e5tervinningsbart pappersmaterial, i linje med FSC-certifiering<\/li>\n<\/ul>\n<h2 id=\"-7-applicable-scenarios-\"><strong>7. Till\u00e4mpliga scenarier<\/strong><\/h2>\n<ul>\n<li><strong>Teknikomr\u00e5de<\/strong>: mjukvarudongle, USB-minne, armband f\u00f6r smart klocka, h\u00f6rlurstillbeh\u00f6r etc.<\/li>\n<li><strong>Lyxvaror<\/strong>: smycken, klockor, presentaskar i begr\u00e4nsad upplaga<\/li>\n<li><strong>Konsumentelektronik<\/strong>: tillbeh\u00f6r till mobiltelefoner, komponenter till VR-enheter, kringutrustning till spel<\/li>\n<li><strong>Anpassning av varum\u00e4rke<\/strong>: f\u00f6rpackningar f\u00f6r medlemmar, presentf\u00f6rpackningar till minne av evenemang<\/li>\n<\/ul>\n<h2 id=\"-8-customized-service-\"><strong>8. Anpassad service<\/strong><\/h2>\n<ul>\n<li>St\u00f6der flexibel anpassning av storlek, tjocklek, fodermaterial och ytbehandling (varmst\u00e4mpling\/pr\u00e4glade\/delvis UV).<\/li>\n<li>Ger sm\u00e5 partiorder (MOQ 500 stycken) och en leveransperiod p\u00e5 7-14 dagar.<\/li>\n<\/ul>","protected":false},"excerpt":{"rendered":"<p>Denna produkt \u00e4r avsedd f\u00f6r avancerade mjukvarutillbeh\u00f6r, elektroniska produkter och lyxvaror. Den anv\u00e4nder innovativt 183g holografiskt iriserande papper, kombinerat med standard topp- och bottenlocksstruktur och r\u00e4tvinklig vikningsteknik f\u00f6r att skapa en f\u00f6rpackningsl\u00f6sning med b\u00e5de funktionellt och estetiskt v\u00e4rde. L\u00e5dans kropp och locket passar exakt och \u00f6ppningen och st\u00e4ngningen sker smidigt utan att n\u00e5got fastnar. Den minimalistiska designen f\u00f6rmedlar en avancerad textur, anpassar sig till f\u00f6rpackningsbehoven f\u00f6r produkter med h\u00f6gt merv\u00e4rde och skapar en uppslukande unboxing-upplevelse f\u00f6r anv\u00e4ndarna.<\/p>","protected":false},"featured_media":1052,"template":"","meta":{"_kad_post_transparent":"default","_kad_post_title":"","_kad_post_layout":"default","_kad_post_sidebar_id":"","_kad_post_content_style":"default","_kad_post_vertical_padding":"default","_kad_post_feature":"","_kad_post_feature_position":"","_kad_post_header":false,"_kad_post_footer":false,"_kad_post_classname":""},"product_brand":[],"product_cat":[15,19,17],"product_tag":[406,404,405],"class_list":{"0":"post-1047","1":"product","2":"type-product","3":"status-publish","4":"has-post-thumbnail","6":"product_cat-red-light-therapy","7":"product_cat-red-light-therapy-stand","8":"product_cat-services","9":"product_tag-elegant-smart-watch-packaging-box","10":"product_tag-lid-and-base-smart-watch-box","11":"product_tag-smart-watch-packaging-solution","13":"first","14":"instock","15":"shipping-taxable","16":"product-type-simple","17":"entry","18":"content-bg","19":"loop-entry"},"_links":{"self":[{"href":"https:\/\/red-lighttherapy.com\/sv\/wp-json\/wp\/v2\/product\/1047","targetHints":{"allow":["GET"]}}],"collection":[{"href":"https:\/\/red-lighttherapy.com\/sv\/wp-json\/wp\/v2\/product"}],"about":[{"href":"https:\/\/red-lighttherapy.com\/sv\/wp-json\/wp\/v2\/types\/product"}],"wp:featuredmedia":[{"embeddable":true,"href":"https:\/\/red-lighttherapy.com\/sv\/wp-json\/wp\/v2\/media\/1052"}],"wp:attachment":[{"href":"https:\/\/red-lighttherapy.com\/sv\/wp-json\/wp\/v2\/media?parent=1047"}],"wp:term":[{"taxonomy":"product_brand","embeddable":true,"href":"https:\/\/red-lighttherapy.com\/sv\/wp-json\/wp\/v2\/product_brand?post=1047"},{"taxonomy":"product_cat","embeddable":true,"href":"https:\/\/red-lighttherapy.com\/sv\/wp-json\/wp\/v2\/product_cat?post=1047"},{"taxonomy":"product_tag","embeddable":true,"href":"https:\/\/red-lighttherapy.com\/sv\/wp-json\/wp\/v2\/product_tag?post=1047"}],"curies":[{"name":"wp","href":"https:\/\/api.w.org\/{rel}","templated":true}]}}