{"id":1041,"date":"2025-04-16T05:34:12","date_gmt":"2025-04-16T05:34:12","guid":{"rendered":"https:\/\/red-lighttherapy.com\/?post_type=product&#038;p=1041"},"modified":"2025-04-16T05:48:50","modified_gmt":"2025-04-16T05:48:50","slug":"collapsible-magnetic-gifts-box-for-christmas-promotional","status":"publish","type":"product","link":"https:\/\/red-lighttherapy.com\/sv\/collapsible-magnetic-gifts-box-for-christmas-promotional\/","title":{"rendered":"Hopf\u00e4llbar magnetisk presentask f\u00f6r julkampanjer"},"content":{"rendered":"<h2 id=\"1-geometric-aesthetics-and-functional-innovation-\">1.\u00a0<strong>Geometrisk estetik och funktionell innovation<\/strong><\/h2>\n<ul>\n<li><strong>Polyeder innovativ struktur<\/strong>: Genom att anta 12-sidig solid geometrisk design, bryta begr\u00e4nsningarna f\u00f6r traditionell fyrkantig \/ cirkul\u00e4r l\u00e5dtyp, bildar den vinklade vikningsytan en visuell skiktning och skulptural estetisk effekt. Den inbyggda st\u00f6dstrukturen f\u00f6r mekanisk optimering s\u00e4kerst\u00e4ller att styvheten kan bibeh\u00e5llas efter vikning och att tryckh\u00e5llfastheten \u00f6kar med 35%.<\/li>\n<li><strong>Dynamiskt vikningssystem<\/strong>: L\u00e5dkroppen st\u00f6der 360\u00b0 fri vikning, och vikningslinjens vinkel och djup styrs exakt genom stansning av veckteknik. Efter vikning reduceras volymen till 1\/6 av det utf\u00e4llda tillst\u00e5ndet och lagringsutrymmets bel\u00e4ggningsgrad minskas med 58%.<\/li>\n<\/ul>\n<h2 id=\"2-environmental-protection-and-sustainability-\">2.\u00a0<strong>Milj\u00f6skydd och h\u00e5llbarhet<\/strong><\/h2>\n<ul>\n<li><strong>FSC-certifierade material<\/strong>: 100% FSC-certifierat 1,5 mm tjockt gr\u00e5tt kartongpapper v\u00e4ljs och ytan t\u00e4cks med matt milj\u00f6v\u00e4nlig vattenbaserad bel\u00e4ggning, vilket ger en k\u00e4llsp\u00e5rbar skogsf\u00f6rvaltningsrapport som uppfyller EU:s standarder f\u00f6r skattebefrielse f\u00f6r plast.<\/li>\n<li><strong>Design f\u00f6r cirkul\u00e4r ekonomi<\/strong>: Kan vikas och monteras minst 20 g\u00e5nger utan att f\u00f6rst\u00f6ras och kan \u00e5tervinnas 100% eller komposteras industriellt efter skrotning, med ett koldioxidavtryck som \u00e4r 42% l\u00e4gre \u00e4n f\u00f6r traditionella presentf\u00f6rpackningar.<\/li>\n<\/ul>\n<h2 id=\"3-intelligent-interactive-experience-\">3.\u00a0<strong>Intelligent interaktiv upplevelse<\/strong><\/h2>\n<ul>\n<li><strong>Magnetiskt snabbsp\u00e4nne<\/strong>: NdFeB-magneter med h\u00f6g precision \u00e4r inb\u00e4ddade i l\u00e5dkroppens nyckelfogar f\u00f6r att uppn\u00e5 \"one-touch\" \u00f6ppning och st\u00e4ngning p\u00e5 n\u00e5gra sekunder, och driftseffektiviteten \u00e4r 3 g\u00e5nger h\u00f6gre \u00e4n f\u00f6r den traditionella tungstrukturen.<\/li>\n<li><strong>F\u00f6rb\u00e4ttrad varum\u00e4rkesigenk\u00e4nning<\/strong>: Antagande av en enda orange f\u00e4rgdesign, med en minimalistisk varm silverprocess LOGO, f\u00e4rgskillnadskontrollen \u0394E\u22641,5, detaljhandelns displayigenk\u00e4nning \u00f6kar med 70%.<\/li>\n<\/ul>\n<h2 id=\"4-application-scenarios-and-value-\">4.<strong>Till\u00e4mpningsscenarier och v\u00e4rde<\/strong><\/h2>\n<ul>\n<li><strong>Marknadsf\u00f6ring av varum\u00e4rken<\/strong>: Den orangef\u00e4rgade designen och polyederstrukturen bildar ett visuellt fokus i hylldisplayen, och den anpassade varmst\u00e4mplingen f\u00f6rb\u00e4ttrar djupet i varum\u00e4rkesminnet.<\/li>\n<li><strong>Logistikoptimering<\/strong>: Efter vikning n\u00e5r lastkapaciteten f\u00f6r en enda l\u00e5da 120 stycken och transportkostnaden minskas med 52% j\u00e4mf\u00f6rt med traditionella presentf\u00f6rpackningar.<\/li>\n<li><strong>Interaktion med anv\u00e4ndare<\/strong>: St\u00f6d DIY sekund\u00e4r montering (t.ex. julgransprydnader, skrivbordsf\u00f6rvaring), f\u00f6rl\u00e4ng f\u00f6rpackningens livscykel och f\u00f6rb\u00e4ttra anv\u00e4ndarens klibbighet.<\/li>\n<\/ul>\n<h2 id=\"5-service-support-\">5.\u00a0<strong>Service och support<\/strong><\/h2>\n<ul>\n<li><strong>Anpassad l\u00f6sning<\/strong>: Tillhandah\u00e5lla djup anpassning av storlek, magnetlayout, tryckprocess (offsettryck \/ UV \/ varmst\u00e4mpling), minsta orderkvantitet 500 stycken, 7-15 dagars leverans.<\/li>\n<li><strong>St\u00f6d f\u00f6r milj\u00f6certifiering<\/strong>: St\u00f6dja FSC-faktura och koldioxidavtrycksrapport f\u00f6r att uppfylla ESG-informationskraven.<\/li>\n<\/ul>","protected":false},"excerpt":{"rendered":"<p>Denna f\u00f6rpackningsl\u00e5da bryter det traditionella presentf\u00f6rpackningsformatet, f\u00f6rb\u00e4ttrar den visuella skiktningen och den tredimensionella k\u00e4nslan och \u00e4r l\u00e4mplig f\u00f6r avancerade produktf\u00f6rpackningsbehov. L\u00e5dkroppen kan vikas flexibelt, vilket kraftigt minskar lagringsvolymen, minskar lagrings- och transportkostnaderna och \u00e4r bekv\u00e4mt f\u00f6r anv\u00e4ndarna att montera och anv\u00e4nda upprepade g\u00e5nger.<\/p>","protected":false},"featured_media":1042,"template":"","meta":{"_kad_post_transparent":"default","_kad_post_title":"","_kad_post_layout":"default","_kad_post_sidebar_id":"","_kad_post_content_style":"default","_kad_post_vertical_padding":"default","_kad_post_feature":"","_kad_post_feature_position":"","_kad_post_header":false,"_kad_post_footer":false,"_kad_post_classname":""},"product_brand":[],"product_cat":[15,22,17],"product_tag":[398,399,400],"class_list":{"0":"post-1041","1":"product","2":"type-product","3":"status-publish","4":"has-post-thumbnail","6":"product_cat-red-light-therapy","7":"product_cat-red-light-therapy-blanket","8":"product_cat-services","9":"product_tag-christmas-collapsible-gifts-box","10":"product_tag-magnetic-gifts-box","11":"product_tag-promotional-gifts-box","13":"first","14":"instock","15":"shipping-taxable","16":"product-type-simple","17":"entry","18":"content-bg","19":"loop-entry"},"_links":{"self":[{"href":"https:\/\/red-lighttherapy.com\/sv\/wp-json\/wp\/v2\/product\/1041","targetHints":{"allow":["GET"]}}],"collection":[{"href":"https:\/\/red-lighttherapy.com\/sv\/wp-json\/wp\/v2\/product"}],"about":[{"href":"https:\/\/red-lighttherapy.com\/sv\/wp-json\/wp\/v2\/types\/product"}],"wp:featuredmedia":[{"embeddable":true,"href":"https:\/\/red-lighttherapy.com\/sv\/wp-json\/wp\/v2\/media\/1042"}],"wp:attachment":[{"href":"https:\/\/red-lighttherapy.com\/sv\/wp-json\/wp\/v2\/media?parent=1041"}],"wp:term":[{"taxonomy":"product_brand","embeddable":true,"href":"https:\/\/red-lighttherapy.com\/sv\/wp-json\/wp\/v2\/product_brand?post=1041"},{"taxonomy":"product_cat","embeddable":true,"href":"https:\/\/red-lighttherapy.com\/sv\/wp-json\/wp\/v2\/product_cat?post=1041"},{"taxonomy":"product_tag","embeddable":true,"href":"https:\/\/red-lighttherapy.com\/sv\/wp-json\/wp\/v2\/product_tag?post=1041"}],"curies":[{"name":"wp","href":"https:\/\/api.w.org\/{rel}","templated":true}]}}