{"id":1035,"date":"2025-04-16T05:14:08","date_gmt":"2025-04-16T05:14:08","guid":{"rendered":"https:\/\/red-lighttherapy.com\/?post_type=product&#038;p=1035"},"modified":"2025-04-16T05:34:02","modified_gmt":"2025-04-16T05:34:02","slug":"china-fabrication-magnetic-collapsible-gift-box-with-ribbon","status":"publish","type":"product","link":"https:\/\/red-lighttherapy.com\/sv\/china-fabrication-magnetic-collapsible-gift-box-with-ribbon\/","title":{"rendered":"Kina Tillverkning Magnetisk hopf\u00e4llbar presentf\u00f6rpackning med band"},"content":{"rendered":"<h2 id=\"-product-description-of-magnetic-folding-gift-box-made-in-china-with-ribbon-\"><strong>Produktbeskrivning av Magnetisk hopf\u00e4llbar presentask tillverkad i Kina (med band)<\/strong><\/h2>\n<h2 id=\"-i-product-structure-and-functional-design-\"><strong>1. Produktstruktur och funktionell design<\/strong><\/h2>\n<ol>\n<li><strong>Typ av magnetl\u00e5da och optimering av utrymme<\/strong>\u00a0Presentf\u00f6rpackningen har en skarp geometrisk strukturdesign. Genom exakt vikningsteknik maximeras det inre utrymmet och olika f\u00f6rem\u00e5l som smycken, hantverk och kosmetika kan lagras stabilt. L\u00e5dkroppen kombinerar h\u00f6gh\u00e5llfast gr\u00e5br\u00e4da och wellpapp mellanlager, med stark tryckmotst\u00e5nd, b\u00e4rf\u00f6rm\u00e5ga p\u00e5 mer \u00e4n 2 kg och \u00e4r inte l\u00e4tt att deformera efter l\u00e5ngvarig anv\u00e4ndning, vilket s\u00e4kerst\u00e4ller att inneh\u00e5llet placeras ordentligt.<\/li>\n<li><strong>Magnetiskt f\u00f6rslutningssystem<\/strong>\u00a0Inbyggd magnetisk struktur med h\u00f6g precision, fast adsorberad n\u00e4r den \u00e4r st\u00e4ngd, smidig och tyst \u00f6ppnings- och st\u00e4ngningsprocess, vilket inte bara f\u00f6rb\u00e4ttrar anv\u00e4ndarv\u00e4nligheten utan ocks\u00e5 ger en k\u00e4nsla av ritual n\u00e4r du \u00f6ppnar l\u00e5dan. Utformningen av magnetiska punkter har ber\u00e4knats mekaniskt f\u00f6r att s\u00e4kerst\u00e4lla att den fortfarande uppr\u00e4tth\u00e5ller stabil prestanda efter upprepad anv\u00e4ndning.<\/li>\n<\/ol>\n<h2 id=\"-second-materials-and-environmental-protection-characteristics-\"><strong>2. Material och milj\u00f6skyddsegenskaper<\/strong><\/h2>\n<ol>\n<li><strong>H\u00f6gkvalitativa milj\u00f6skyddsmaterial<\/strong>\u00a0Det yttre lagret anv\u00e4nder 300 g bestruket papper och ytan \u00e4r t\u00e4ckt med matt lamineringsteknik, som har en k\u00e4nslig touch och \u00e4r rept\u00e5lig; det inre lagret anv\u00e4nder gr\u00e5 kartong av livsmedelskvalitet och milj\u00f6v\u00e4nligt konstpapper, som har klarat ISO9001- och ROHS-certifiering, \u00e4r \u00e5tervinningsbart och nedbrytbart och tar h\u00e4nsyn till b\u00e5de b\u00e4rf\u00f6rm\u00e5ga och milj\u00f6skyddsbehov. L\u00e5dstrukturen har f\u00f6rst\u00e4rkts speciellt och kan \u00e5teranv\u00e4ndas mer \u00e4n 50 g\u00e5nger f\u00f6r att minska f\u00f6rlustkostnaderna.<\/li>\n<\/ol>\n<h2 id=\"-third-visual-aesthetics-and-brand-adaptation-\"><strong>3. Visuell estetik och varum\u00e4rkesanpassning<\/strong><\/h2>\n<ol>\n<li><strong>L\u00e5gm\u00e4ld lyxig f\u00e4rgmatchning<\/strong>\u00a0Huvudf\u00e4rgen \u00e4r beige guld, med en matt textur ytbehandling, som presenterar en l\u00e5gm\u00e4ld lyxk\u00e4nsla, som \u00e4r l\u00e4mplig f\u00f6r tonaliteten hos avancerade varum\u00e4rken. L\u00e5dans yta kan anpassas med pr\u00e4gling, varmst\u00e4mpling, UV-utskrift och andra processer, som st\u00f6der varum\u00e4rkes LOGO eller m\u00f6nster personlig design, visuellt inte \u00f6verskuggar, vilket belyser inneh\u00e5llets v\u00e4rde.<\/li>\n<li><strong>Tv\u00e5f\u00e4rgad banddesign<\/strong>\u00a0Den innovativa anv\u00e4ndningen av dubbla band i ros\u00e9guld och beige guld kan korsdekoreras f\u00f6r att f\u00f6rh\u00f6ja presentf\u00f6rpackningens uts\u00f6kthet och kan ocks\u00e5 anv\u00e4ndas som handrem f\u00f6r att \u00f6ka anv\u00e4ndbarheten.<\/li>\n<\/ol>\n<h2 id=\"-fourth-folding-design-and-transportation-advantages-\"><strong>4. F\u00e4llbar design och transportf\u00f6rdelar<\/strong><\/h2>\n<ol>\n<li><strong>Vikbar struktur minskar kostnaderna och \u00f6kar effektiviteten<\/strong>\u00a0efter vikning \u00e4r tjockleken endast 2,5 cm och volymen minskas med 87,5%, vilket kraftigt minskar lagrings- och logistikkostnaderna. Monteringen kr\u00e4ver ingen utrustning och kan ske p\u00e5 3 sekunder, vilket \u00e4r l\u00e4mpligt f\u00f6r batch-transporter och detaljhandelsscenarier. I f\u00f6rpackningen anv\u00e4nds fukts\u00e4ker wellpapp f\u00f6r att s\u00e4kerst\u00e4lla att inga skador uppst\u00e5r under l\u00e5ngv\u00e4ga transporter.<\/li>\n<\/ol>\n<h2 id=\"-five-multi-scenario-application-\"><strong>5. Till\u00e4mpning i flera scenarier<\/strong><\/h2>\n<ol>\n<li><strong>Presentf\u00f6rpackning<\/strong>: L\u00e4mplig f\u00f6r br\u00f6llop och julklappar, f\u00f6r skydd av k\u00e4nsliga f\u00f6rem\u00e5l med alternativt underliggande st\u00f6ts\u00e4kert skumlager.<\/li>\n<li><strong>Lyxig display<\/strong>: L\u00e4mplig f\u00f6r avancerade produkter som smycken och klockor med band f\u00f6r att \u00f6ka de visuella effekterna av prestandask\u00e5pet.<\/li>\n<li><strong>F\u00f6rvaring av hantverk<\/strong>: Anpassningsbar indelning i l\u00e5dan \u00e4r l\u00e4mplig f\u00f6r f\u00f6rvaring av skiljev\u00e4ggar, artefakter av specialstorlek som porslin och lackredskap.<\/li>\n<\/ol>","protected":false},"excerpt":{"rendered":"<p>Denna l\u00e5da med magnetisk f\u00f6rslutning har tydliga kanter och h\u00f6rn, maximerar anv\u00e4ndningen av det inre utrymmet, \u00e4r bekv\u00e4m f\u00f6r f\u00f6rvaring av olika f\u00f6rem\u00e5l och placeras stabilt. Den \u00e4r l\u00e4mplig f\u00f6r anv\u00e4ndning i flera scenarier, t.ex. g\u00e5vor, lyxvaror, hantverk etc., och tar h\u00e4nsyn till b\u00e5de sk\u00f6nhet och funktionalitet.<\/p>","protected":false},"featured_media":1036,"template":"","meta":{"_kad_post_transparent":"default","_kad_post_title":"","_kad_post_layout":"default","_kad_post_sidebar_id":"","_kad_post_content_style":"default","_kad_post_vertical_padding":"default","_kad_post_feature":"","_kad_post_feature_position":"","_kad_post_header":false,"_kad_post_footer":false,"_kad_post_classname":""},"product_brand":[],"product_cat":[15,22,17],"product_tag":[395,397,396],"class_list":{"0":"post-1035","1":"product","2":"type-product","3":"status-publish","4":"has-post-thumbnail","6":"product_cat-red-light-therapy","7":"product_cat-red-light-therapy-blanket","8":"product_cat-services","9":"product_tag-china-gift-box","10":"product_tag-collapsible-gift-box-with-ribbon","11":"product_tag-magnetic-collapsible-gift-box","13":"first","14":"instock","15":"shipping-taxable","16":"product-type-simple","17":"entry","18":"content-bg","19":"loop-entry"},"_links":{"self":[{"href":"https:\/\/red-lighttherapy.com\/sv\/wp-json\/wp\/v2\/product\/1035","targetHints":{"allow":["GET"]}}],"collection":[{"href":"https:\/\/red-lighttherapy.com\/sv\/wp-json\/wp\/v2\/product"}],"about":[{"href":"https:\/\/red-lighttherapy.com\/sv\/wp-json\/wp\/v2\/types\/product"}],"wp:featuredmedia":[{"embeddable":true,"href":"https:\/\/red-lighttherapy.com\/sv\/wp-json\/wp\/v2\/media\/1036"}],"wp:attachment":[{"href":"https:\/\/red-lighttherapy.com\/sv\/wp-json\/wp\/v2\/media?parent=1035"}],"wp:term":[{"taxonomy":"product_brand","embeddable":true,"href":"https:\/\/red-lighttherapy.com\/sv\/wp-json\/wp\/v2\/product_brand?post=1035"},{"taxonomy":"product_cat","embeddable":true,"href":"https:\/\/red-lighttherapy.com\/sv\/wp-json\/wp\/v2\/product_cat?post=1035"},{"taxonomy":"product_tag","embeddable":true,"href":"https:\/\/red-lighttherapy.com\/sv\/wp-json\/wp\/v2\/product_tag?post=1035"}],"curies":[{"name":"wp","href":"https:\/\/api.w.org\/{rel}","templated":true}]}}