{"id":1028,"date":"2025-04-16T04:58:19","date_gmt":"2025-04-16T04:58:19","guid":{"rendered":"https:\/\/red-lighttherapy.com\/?post_type=product&#038;p=1028"},"modified":"2025-04-16T05:42:55","modified_gmt":"2025-04-16T05:42:55","slug":"holographic-laser-paper-rainbow-a5-deep-gift-box-with-ribbon","status":"publish","type":"product","link":"https:\/\/red-lighttherapy.com\/sv\/holographic-laser-paper-rainbow-a5-deep-gift-box-with-ribbon\/","title":{"rendered":"Holografiskt laserpapper Regnb\u00e5ge A5 Djup presentask med band"},"content":{"rendered":"<h2 id=\"-holographic-laser-paper-rainbow-a5-deep-gift-box-with-ribbon-product-description-\"><strong>Holografiskt laserpapper Rainbow A5 Djup presentask med band Produktbeskrivning<\/strong><\/h2>\n<h2 id=\"-1-industrial-aesthetic-design-highlighting-high-end-texture-\"><strong>1. Industriell estetisk design, framh\u00e4vande av avancerad textur<\/strong><\/h2>\n<ul>\n<li><strong>Rena linjer och kantig estetik<\/strong>: N\u00e4r presentf\u00f6rpackningen har vecklats ut har den en minimalistisk geometrisk design. L\u00e5dans linjer \u00e4r skarpa och sl\u00e4ta, med tydliga kanter och h\u00f6rn. Den kombinerar modern industriell estetik och konstn\u00e4rlig k\u00e4nsla. Den \u00e4r l\u00e4mplig f\u00f6r f\u00f6rpackningsbehoven f\u00f6r varor av h\u00f6gt v\u00e4rde som lyxvaror, smycken och klockor.<\/li>\n<li><strong>Tredimensionell djup boxstruktur<\/strong>: Den djupa A5-l\u00e5dans design optimerar utrymmesutnyttjandet genom exakta vikningsf\u00f6rh\u00e5llanden, f\u00f6rst\u00e4rker den visuella k\u00e4nslan av djup och \u00e4r l\u00e4mplig f\u00f6r scener som kr\u00e4ver skiktad visning av smycken, kosmetika etc.<\/li>\n<\/ul>\n<h2 id=\"-2-modular-folding-process-taking-into-account-both-function-and-efficiency-\"><strong>2. Modul\u00e4r vikningsprocess som tar h\u00e4nsyn till b\u00e5de funktion och effektivitet<\/strong><\/h2>\n<ul>\n<li><strong>Kompakt transportdesign<\/strong>: Efter vikning komprimeras volymen till 1\/4 av det ovikta tillst\u00e5ndet, och limfri skarvning uppn\u00e5s genom f\u00f6rpressad veckteknik, vilket minskar lagrings- och logistikkostnaderna med 30%.<\/li>\n<li><strong>H\u00e5llbarhet och stabilitet<\/strong>: Den patenterade modul\u00e4ra veckprocessen antas. L\u00e5dkroppen bibeh\u00e5ller fortfarande en deformationshastighet p\u00e5 95% efter 500 \u00f6ppnings- och st\u00e4ngningstester, vilket \u00e4r l\u00e4mpligt f\u00f6r behoven av flera anv\u00e4ndningsomr\u00e5den f\u00f6r avancerade g\u00e5vor (s\u00e5som samlingsdisplay och festival\u00e5teranv\u00e4ndningsf\u00f6rpackning).<\/li>\n<\/ul>\n<h2 id=\"-3-environmentally-friendly-materials-and-process-certification-\"><strong>3. Certifiering av milj\u00f6v\u00e4nliga material och processer<\/strong><\/h2>\n<ul>\n<li><strong>Bas f\u00f6r h\u00f6gviktigt specialpapper<\/strong>: 400g\/m\u00b2 FSC-certifierad milj\u00f6v\u00e4nlig kartong v\u00e4ljs och pappersbasdensiteten n\u00e5r 0,85g\/cm\u00b3, vilket har b\u00e5de styvhet och plasticitet och st\u00f6der sekund\u00e4ra processer som varmst\u00e4mpling och pr\u00e4gling.<\/li>\n<li><strong>H\u00e5llbar produktion<\/strong>: Hela processen anv\u00e4nder vattenbaserad bl\u00e4ckutskrift och l\u00f6sningsmedelsfri lamineringsteknik, som \u00f6verensst\u00e4mmer med EU: s REACH-milj\u00f6skyddsstandarder, klarar koldioxidavtryckscertifieringen och uppfyller kraven f\u00f6r marknadstilltr\u00e4de i Europa och USA.<\/li>\n<\/ul>\n<h2 id=\"-4-holographic-iridescent-dynamic-effect-\"><strong>4. Holografisk skimrande dynamisk effekt<\/strong><\/h2>\n<ul>\n<li><strong>Optiskt skikt p\u00e5 nanoniv\u00e5<\/strong>: Ytan \u00e4r sammansatt med laserholografisk film, som realiserar 360\u00b0 dynamiska iriserande f\u00f6r\u00e4ndringar genom diffraktionsgitterteknik, vilket ger en fl\u00f6dande regnb\u00e5gsljuseffekt under starkt ljus (v\u00e5gl\u00e4ngdsomr\u00e5de 380-780 nm), vilket f\u00f6rb\u00e4ttrar den visuella igenk\u00e4nningen av produkten.<\/li>\n<li><strong>Bek\u00e4mpning av varum\u00e4rkesf\u00f6rfalskning och st\u00e4rkande av varum\u00e4rken<\/strong>: Holografiska m\u00f6nster st\u00f6der anpassade krypteringstekniker som mikrotext och dynamiska ljuspelare, vilket kombinerar funktioner f\u00f6r f\u00f6rfalskningsskydd med varum\u00e4rkesf\u00f6rb\u00e4ttring.<\/li>\n<\/ul>\n<h2 id=\"-5-digital-customization-service-\"><strong>5. Digital anpassningstj\u00e4nst<\/strong><\/h2>\n<ul>\n<li><strong>Produktion med intelligent kontroll i hela processen<\/strong>: Fr\u00e5n 3D-modellering till korrektur anv\u00e4nds AI-algoritmer f\u00f6r att optimera strukturell design (st\u00f6djer 20+ l\u00e5dtyper som topp- och bottenskydd, bokformade l\u00e5dor, l\u00e5dl\u00e5dor etc.), och provl\u00e5dor levereras inom 48 timmar.<\/li>\n<li><strong>Funktionell djupanpassning<\/strong>:<\/li>\n<li><strong>Magnetisk \u00f6ppning och st\u00e4ngning<\/strong>: Inbyggd osynlig neodymmagnet, sugkraft \u22650,5N, exakt positionering utan avvikelser.<\/li>\n<li><strong>F\u00f6nsterdesign<\/strong>: St\u00f6der delvis transparent PET-f\u00f6nster\u00f6ppning, ljus\u00f6verf\u00f6ring \u2265 92%, och matchas med ett band (valfritt polyester \/ acetatband) f\u00f6r att f\u00f6rb\u00e4ttra k\u00e4nslan av \u00f6ppningsceremoni.<\/li>\n<li><strong>Expansion av ytprocesser<\/strong>: Kompatibel med ljusm\u00f6nster varmst\u00e4mpling, pr\u00e4gling, UV-lokal lack och andra processer f\u00f6r att m\u00f6ta varum\u00e4rkesanpassade behov.<\/li>\n<\/ul>\n<h2 id=\"-application-scenarios-and-compatibility-\"><strong>Applikationsscenarier och kompatibilitet<\/strong><\/h2>\n<ul>\n<li><strong>Avancerade f\u00e4lt<\/strong>: lyxiga handv\u00e4skor, smycken, elektroniska apparater i begr\u00e4nsad upplaga, konstsamlingar.<\/li>\n<li><strong>Scenarier f\u00f6r milj\u00f6skydd<\/strong>: Kan \u00e5tervinnas och brytas ned helt och h\u00e5llet, anpassat till den koldioxidneutrala varum\u00e4rkesstrategin<\/li>\n<\/ul>","protected":false},"excerpt":{"rendered":"<p>N\u00e4r l\u00e5dan \u00e4r hopf\u00e4llbar har den rena linjer och skarpa kanter, vilket \u00e5terspeglar avancerad industriell designestetik. Det holografiska papperet har en dynamisk skimrande effekt i starkt ljus, vilket g\u00f6r det l\u00e4mpligt f\u00f6r flera olika anv\u00e4ndningsomr\u00e5den f\u00f6r varor med h\u00f6gt v\u00e4rde, t.ex. presenter och smycken.<\/p>","protected":false},"featured_media":1034,"template":"","meta":{"_kad_post_transparent":"default","_kad_post_title":"","_kad_post_layout":"default","_kad_post_sidebar_id":"","_kad_post_content_style":"default","_kad_post_vertical_padding":"default","_kad_post_feature":"","_kad_post_feature_position":"","_kad_post_header":false,"_kad_post_footer":false,"_kad_post_classname":""},"product_brand":[],"product_cat":[15,22,17],"product_tag":[394,392,393],"class_list":{"0":"post-1028","1":"product","2":"type-product","3":"status-publish","4":"has-post-thumbnail","6":"product_cat-red-light-therapy","7":"product_cat-red-light-therapy-blanket","8":"product_cat-services","9":"product_tag-gift-box-with-ribbon","10":"product_tag-holographic-paper-gift-box","11":"product_tag-rainbow-a5-deep-gift-box","13":"first","14":"instock","15":"shipping-taxable","16":"product-type-simple","17":"entry","18":"content-bg","19":"loop-entry"},"_links":{"self":[{"href":"https:\/\/red-lighttherapy.com\/sv\/wp-json\/wp\/v2\/product\/1028","targetHints":{"allow":["GET"]}}],"collection":[{"href":"https:\/\/red-lighttherapy.com\/sv\/wp-json\/wp\/v2\/product"}],"about":[{"href":"https:\/\/red-lighttherapy.com\/sv\/wp-json\/wp\/v2\/types\/product"}],"wp:featuredmedia":[{"embeddable":true,"href":"https:\/\/red-lighttherapy.com\/sv\/wp-json\/wp\/v2\/media\/1034"}],"wp:attachment":[{"href":"https:\/\/red-lighttherapy.com\/sv\/wp-json\/wp\/v2\/media?parent=1028"}],"wp:term":[{"taxonomy":"product_brand","embeddable":true,"href":"https:\/\/red-lighttherapy.com\/sv\/wp-json\/wp\/v2\/product_brand?post=1028"},{"taxonomy":"product_cat","embeddable":true,"href":"https:\/\/red-lighttherapy.com\/sv\/wp-json\/wp\/v2\/product_cat?post=1028"},{"taxonomy":"product_tag","embeddable":true,"href":"https:\/\/red-lighttherapy.com\/sv\/wp-json\/wp\/v2\/product_tag?post=1028"}],"curies":[{"name":"wp","href":"https:\/\/api.w.org\/{rel}","templated":true}]}}