{"id":1022,"date":"2025-04-16T04:08:32","date_gmt":"2025-04-16T04:08:32","guid":{"rendered":"https:\/\/red-lighttherapy.com\/?post_type=product&#038;p=1022"},"modified":"2025-04-16T05:43:16","modified_gmt":"2025-04-16T05:43:16","slug":"silver-hologram-paper-folding-gift-sephora-packaging-boxes","status":"publish","type":"product","link":"https:\/\/red-lighttherapy.com\/sv\/silver-hologram-paper-folding-gift-sephora-packaging-boxes\/","title":{"rendered":"Silver Hologram Papper Vikbara Present Sephora F\u00f6rpackningar Boxar"},"content":{"rendered":"<h2 id=\"-silver-hologram-paper-folding-gift-sephora-packaging-boxes-\"><strong>Silver Hologram Papper Vikbara Present Sephora F\u00f6rpackningar Boxar<\/strong><\/h2>\n<h2 id=\"-1-regular-folding-structure-design-both-functional-and-aesthetic-\"><strong>1. Regelbunden vikbar strukturdesign, b\u00e5de funktionell och estetisk<\/strong><\/h2>\n<p>Den\u00a0<strong>Kombinationsprocess \"sp\u00e5rlinje + knivlinje\"<\/strong>\u00a0anv\u00e4nds f\u00f6r att optimera viklinjens layout f\u00f6r att s\u00e4kerst\u00e4lla smidig \u00f6ppning och st\u00e4ngning och stabil form. L\u00e5dkroppen anv\u00e4nder\u00a0<strong>L-formad f\u00f6rreglingsstruktur<\/strong>\u00a0f\u00f6r att uppn\u00e5 exakt sn\u00e4ppmontering av de \u00f6vre och nedre lagren, f\u00f6rb\u00e4ttra kompressionsmotst\u00e5ndet och f\u00f6rslutningst\u00e4theten samt undvika oavsiktlig \u00f6ppning under transport. Intern konfiguration\u00a0<strong>Flyttbara skiktade skiljev\u00e4ggar<\/strong>\u00a0st\u00f6dja anpassad partitionslagring, anpassa sig till de fasta behoven hos kosmetika, parfymer och andra produkter i olika storlekar och ta h\u00e4nsyn till kapacitet och b\u00e4rbarhet.<\/p>\n<h2 id=\"-2-flat-folding-design-efficient-adaptation-to-multiple-scenarios-\"><strong>2. Platt vikbar design, effektiv anpassning till flera scenarier<\/strong><\/h2>\n<p>Genom\u00a0<strong>f\u00f6rinst\u00e4llda viklinjer och teknik f\u00f6r honeycomb-kartong<\/strong>kan f\u00f6rpackningsl\u00e5dan plattas ut helt f\u00f6r f\u00f6rvaring, och kompressionshastigheten \u00f6kas med\u00a0<strong>mer \u00e4n 50%<\/strong>, vilket kraftigt minskar lagrings- och logistikkostnaderna. Den \u00e4r l\u00e4mplig f\u00f6r bulktransporter inom e-handel, snabb exponering i detaljhandeln och \u00e5teranv\u00e4ndning av konsumenter. Tjockleken efter vikning \u00e4r endast\u00a0<strong>3 mm<\/strong>och en enda l\u00e5da kan staplas upp till\u00a0<strong>200<\/strong>vilket avsev\u00e4rt f\u00f6rb\u00e4ttrar utrymmesutnyttjandet.<\/p>\n<h2 id=\"-3-high-strength-environmentally-friendly-material-lightweight-and-load-bearing-\"><strong>3. Milj\u00f6v\u00e4nligt material med h\u00f6g h\u00e5llfasthet, l\u00e4tt och b\u00e4rande<\/strong><\/h2>\n<p>Huvuddelen \u00e4r tillverkad av\u00a0<strong>FSC-certifierat bestruket papper<\/strong>\u00a0(80 g\/m\u00b2), och f\u00f6rst\u00e4rkningstekniken f\u00f6r kompositpappersbas anv\u00e4nds f\u00f6r att uppn\u00e5\u00a0<strong>balans mellan l\u00e4tthet och h\u00f6g styvhet<\/strong>. Papprets yta \u00e4r bestruken med\u00a0<strong>vattenbaserad milj\u00f6v\u00e4nlig bel\u00e4ggning<\/strong>och rivh\u00e5llfastheten \u00f6kar med\u00a0<strong>30%<\/strong>. Den enskilda l\u00e5dan kan b\u00e4ra\u00a0<strong>2 kg<\/strong>och kan s\u00e4kert lasta \u00f6mt\u00e5liga f\u00f6rem\u00e5l som t.ex. glasflaskor. L\u00e5dans kantf\u00f6rst\u00e4rkta design matchas med ett ergonomiskt handtag, som \u00e4r l\u00e4tt att h\u00e5lla med en hand, och som \u00e4r b\u00e5de b\u00e4rbart och h\u00e5llbart.<\/p>\n<h2 id=\"-4-sustainable-forest-management-environmental-certification-guarantee-\"><strong>4. H\u00e5llbart skogsbruk, garanti f\u00f6r milj\u00f6certifiering<\/strong><\/h2>\n<p>R\u00e5varorna f\u00f6ljer strikt de krav som\u00a0<strong>FSC-standarder f\u00f6r skogscertifiering<\/strong>\u00a0(Forest Stewardship Council), vilket s\u00e4kerst\u00e4ller att massak\u00e4llan kan sp\u00e5ras tillbaka till h\u00e5llbart sk\u00f6tta skogar. I hela produktionsprocessen anv\u00e4nds\u00a0<strong>l\u00f6sningsmedelsfritt h\u00e4ft\u00e4mne<\/strong>\u00a0och\u00a0<strong>process med l\u00e5g f\u00e4rgt\u00e4ckning<\/strong>\u00a0(&lt;20%), som \u00f6verensst\u00e4mmer med EU:s milj\u00f6skyddsstandarder REACH och st\u00f6der\u00a0<strong>100% \u00e5tervinningsbar och nedbrytbar<\/strong>.<\/p>\n<h2 id=\"-5-holographic-iridescence-dynamic-display-visual-impact-upgrade-\"><strong>5. Holografisk iridescence dynamisk display, visuell effekt uppgradering<\/strong><\/h2>\n<p>Den ytliga appliceringen\u00a0<strong>tredje generationens holografiska teknik med direktskrivande mikrostruktur<\/strong>\u00a0presenter\u00a0<strong>dynamisk iridescence gradient effekt<\/strong>\u00a0genom gitterarrangemang p\u00e5 nanoniv\u00e5. Under brytningen av ljus,\u00a0<strong>f\u00e4rg\u00f6verg\u00e5ng i flera vinklar<\/strong>\u00a0(t.ex. silverbl\u00e5tt\u2192lilar\u00f6tt\u2192guldgr\u00f6nt) kan visas, med\u00a0<strong>substrat med h\u00f6greflekterande aluminiumskikt<\/strong>, metallstrukturen och iriserande ljus och skugga \u00e4r sammanfl\u00e4tade, och den visuella igenk\u00e4nningen f\u00f6rb\u00e4ttras med\u00a0<strong>200%<\/strong>. L\u00e4mplig f\u00f6r exponering av exklusiva sk\u00f6nhetsprodukter f\u00f6r att g\u00f6ra hyllan mer attraktiv.<\/p>\n<h2 id=\"-6-minimalist-design-philosophy-function-oriented-aesthetics-\"><strong>6. Minimalistisk designfilosofi, funktionsorienterad estetik<\/strong><\/h2>\n<p>Genom att f\u00f6lja Sephoras\u00a0<strong>\"Mindre \u00e4r mer\"<\/strong>\u00a0varum\u00e4rkeskoncept, \u00f6verfl\u00f6diga dekorativa element elimineras och visuella niv\u00e5er byggs upp med\u00a0<strong>geometriska sk\u00e4rlinjer<\/strong>\u00a0och\u00a0<strong>matt-h\u00f6gblanka kontrastytor<\/strong>. L\u00e5dans yta h\u00e5ller endast kvar\u00a0<strong>lasergraverad varum\u00e4rkeslogotyp<\/strong>, fokusera p\u00e5 produktens k\u00e4rnfunktioner och anpassa sig till tonen i lyxiga och minimalistiska produkter.<\/p>\n<h2 id=\"-applicable-scenarios-\"><strong>Till\u00e4mpliga scenarier<\/strong><\/h2>\n<ul>\n<li><strong>Logistik f\u00f6r e-handel<\/strong>: Plattvikning \u00e4r l\u00e4mplig f\u00f6r automatiserad sortering f\u00f6r att minska transportf\u00f6rlusterna<\/li>\n<li><strong>Display f\u00f6r detaljhandeln<\/strong>: Holografiskt skimrande attraherar kundfl\u00f6det och f\u00f6rb\u00e4ttrar terminalens konverteringsgrad<\/li>\n<li><strong>Julklapp<\/strong>: Kan anpassas f\u00f6r sekund\u00e4r anv\u00e4ndning som f\u00f6rvaringsl\u00e5da f\u00f6r att f\u00f6rl\u00e4nga livscykeln<\/li>\n<\/ul>","protected":false},"excerpt":{"rendered":"<p>Denna styva l\u00e5da har en regelbunden vikstruktur med smidig \u00f6ppning och st\u00e4ngning och stabil form, med h\u00e4nsyn tagen till b\u00e5de lagringskapacitet och b\u00e4rbarhet. Det holografiska papperet uppvisar en dynamisk skimrande gradient med en h\u00f6gintensiv displayeffekt. Det har genomg\u00e5tt FSC-skogscertifiering f\u00f6r att s\u00e4kerst\u00e4lla att r\u00e5varorna \u00e4r sp\u00e5rbara och f\u00f6rnybara, i linje med trenden f\u00f6r h\u00e5llbar utveckling.<\/p>","protected":false},"featured_media":1026,"template":"","meta":{"_kad_post_transparent":"default","_kad_post_title":"","_kad_post_layout":"default","_kad_post_sidebar_id":"","_kad_post_content_style":"default","_kad_post_vertical_padding":"default","_kad_post_feature":"","_kad_post_feature_position":"","_kad_post_header":false,"_kad_post_footer":false,"_kad_post_classname":""},"product_brand":[],"product_cat":[15,28,22,17],"product_tag":[390,389,391],"class_list":{"0":"post-1022","1":"product","2":"type-product","3":"status-publish","4":"has-post-thumbnail","6":"product_cat-red-light-therapy","7":"product_cat-customize","8":"product_cat-red-light-therapy-blanket","9":"product_cat-services","10":"product_tag-hologram-folding-gift-boxes","11":"product_tag-holographic-laser-paperboard-gift-boxes","12":"product_tag-large-gift-boxes-holographic","14":"first","15":"instock","16":"shipping-taxable","17":"product-type-simple","18":"entry","19":"content-bg","20":"loop-entry"},"_links":{"self":[{"href":"https:\/\/red-lighttherapy.com\/sv\/wp-json\/wp\/v2\/product\/1022","targetHints":{"allow":["GET"]}}],"collection":[{"href":"https:\/\/red-lighttherapy.com\/sv\/wp-json\/wp\/v2\/product"}],"about":[{"href":"https:\/\/red-lighttherapy.com\/sv\/wp-json\/wp\/v2\/types\/product"}],"wp:featuredmedia":[{"embeddable":true,"href":"https:\/\/red-lighttherapy.com\/sv\/wp-json\/wp\/v2\/media\/1026"}],"wp:attachment":[{"href":"https:\/\/red-lighttherapy.com\/sv\/wp-json\/wp\/v2\/media?parent=1022"}],"wp:term":[{"taxonomy":"product_brand","embeddable":true,"href":"https:\/\/red-lighttherapy.com\/sv\/wp-json\/wp\/v2\/product_brand?post=1022"},{"taxonomy":"product_cat","embeddable":true,"href":"https:\/\/red-lighttherapy.com\/sv\/wp-json\/wp\/v2\/product_cat?post=1022"},{"taxonomy":"product_tag","embeddable":true,"href":"https:\/\/red-lighttherapy.com\/sv\/wp-json\/wp\/v2\/product_tag?post=1022"}],"curies":[{"name":"wp","href":"https:\/\/api.w.org\/{rel}","templated":true}]}}