{"id":1017,"date":"2025-04-16T03:57:29","date_gmt":"2025-04-16T03:57:29","guid":{"rendered":"https:\/\/red-lighttherapy.com\/?post_type=product&#038;p=1017"},"modified":"2025-04-16T04:08:23","modified_gmt":"2025-04-16T04:08:23","slug":"exporting-custom-luxury-magnetic-closure-rigid-shoes-boxes","status":"publish","type":"product","link":"https:\/\/red-lighttherapy.com\/sv\/exporting-custom-luxury-magnetic-closure-rigid-shoes-boxes\/","title":{"rendered":"Export av anpassade lyxiga l\u00e5dor f\u00f6r styva skor med magnetisk f\u00f6rslutning"},"content":{"rendered":"<h2 id=\"-product-description-of-exporting-custom-luxury-magnetic-closure-rigid-shoes-boxes-\"><strong>Produktbeskrivning av Exportera anpassade lyxiga styva skokartonger med magnetisk f\u00f6rslutning<\/strong><\/h2>\n<h2 id=\"1-magnetic-box-design-\">1.\u00a0<strong>Design med magnetisk l\u00e5da<\/strong><\/h2>\n<p>Locket och l\u00e5dan har ett inb\u00e4ddat starkt magnetsystem, som exakt adsorberas av magnetisk kraft n\u00e4r det st\u00e4ngs f\u00f6r att s\u00e4kerst\u00e4lla utm\u00e4rkt t\u00e4tning och effektivt f\u00f6rhindra oavsiktlig \u00f6ppning under transport eller lagring. Den dubbla magnetremsans layout f\u00f6rb\u00e4ttrar adsorptionsstabiliteten och kan f\u00f6rbli st\u00e4ngd \u00e4ven n\u00e4r den lutas eller vibreras, vilket ger ett omfattande skydd f\u00f6r avancerade skor.<\/p>\n<h2 id=\"2-folding-portability-and-structural-stability-\">2.\u00a0<strong>Hopf\u00e4llbar b\u00e4rbarhet och strukturell stabilitet<\/strong><\/h2>\n<p>Den exakta vikningsprocessen anv\u00e4nds och volymen efter vikning \u00e4r endast 1\/3 av det utvikta tillst\u00e5ndet, vilket avsev\u00e4rt minskar logistik- och lagerh\u00e5llningskostnaderna. Inga verktyg eller komplex montering kr\u00e4vs vid utf\u00e4llning. L\u00e5dkroppen \u00e5terst\u00e4ller automatiskt den tredimensionella formen genom f\u00f6rindentationslinjen, kanten \u00e4r s\u00f6ml\u00f6st formad och tryckh\u00e5llfastheten n\u00e5r 20 kg \/ lager, vilket uppfyller staplingsbehoven i flera scenarier.<\/p>\n<h2 id=\"3-one-handed-opening-and-closing-flap-structure-\">3.\u00a0<strong>Klaffstruktur som kan \u00f6ppnas och st\u00e4ngas med en hand<\/strong><\/h2>\n<p>Den innovativa klaffdesignen i kombination med den ergonomiska vinkeln (65\u00b0 \u00f6ppning och st\u00e4ngning) g\u00f6r att klaffen kan man\u00f6vreras smidigt med en hand. G\u00e5ngj\u00e4rnet \u00e4r f\u00f6rst\u00e4rkt med tjockare bestruket papper och magnetisk sugning. Det har inte deformerats efter tusentals \u00f6ppnings- och st\u00e4ngningstester, med h\u00e4nsyn tagen till bekv\u00e4mlighet och h\u00e5llbarhet.<\/p>\n<h2 id=\"4-high-weight-coated-paper-material-\">4.\u00a0<strong>H\u00f6gviktigt bestruket pappersmaterial<\/strong><\/h2>\n<p>320g\/m\u00b2 bestruket papper v\u00e4ljs och ytan behandlas med superglansig bel\u00e4ggning, vilket \u00f6kar styvheten med 40% och tryckh\u00e5llfastheten \u00e4r 1,5 g\u00e5nger industristandarden. Materialet \u00e4r milj\u00f6v\u00e4nligt och nedbrytbart, uppfyller FSC-certifiering, st\u00f6der \u00e5tervinning och minskar koldioxidavtrycket.<\/p>\n<h2 id=\"5-sustainable-development-design-\">5.\u00a0<strong>Design f\u00f6r h\u00e5llbar utveckling<\/strong><\/h2>\n<p>Det gr\u00f6na konceptet \u00e4r implementerat i hela processen fr\u00e5n r\u00e5varor till produktion:<\/p>\n<ul>\n<li>Vattenbaserat tryckf\u00e4rg, inga skadliga flyktiga \u00e4mnen<\/li>\n<li>\u00c5tervinningsgrad f\u00f6r avfall \u226595%<\/li>\n<li>Godk\u00e4nd ISO 14001-certifiering av milj\u00f6ledningssystem<\/li>\n<\/ul>\n<h2 id=\"6-high-saturation-blue-visual-design-\">6.\u00a0<strong>Bl\u00e5 visuell design med h\u00f6g m\u00e4ttnadsgrad<\/strong><\/h2>\n<p>L\u00e5dans kropp anv\u00e4nder Pantone 286C klassisk bl\u00e5, som har h\u00f6g f\u00e4rgm\u00e4ttnad och inte bleknar, vilket f\u00f6rmedlar en professionell och stabil varum\u00e4rkesimage. Den matta ytbehandlingen undviker bl\u00e4ndning, l\u00e4mplig f\u00f6r aff\u00e4rsg\u00e5vor, lyxf\u00f6rpackningar, avancerad detaljhandel och andra scenarier.<\/p>\n<h2 id=\"7-same-color-ribbon-handle-\">7.\u00a0<strong>Handtag med band i samma f\u00e4rg<\/strong><\/h2>\n<p>Det bl\u00e5a handtaget i v\u00e4vt band \u00e4r i samma f\u00e4rg som l\u00e5dans stomme, med en lyftkraft p\u00e5 5 kg, med h\u00e4nsyn till b\u00e5de praktiska och rituella aspekter. Handtagets gr\u00e4nssnitt \u00e4r dolt och f\u00f6rst\u00e4rkt f\u00f6r att undvika risken f\u00f6r rivning, l\u00e4mpligt f\u00f6r h\u00f6gfrekvent anv\u00e4ndning.<\/p>\n<h2 id=\"-application-scenarios-and-advantages-\"><strong>Till\u00e4mpningsscenarier och f\u00f6rdelar<\/strong><\/h2>\n<ul>\n<li><strong>F\u00f6retagspresenter<\/strong>: Bandhandtaget och magnetisk \u00f6ppning och st\u00e4ngning f\u00f6rst\u00e4rker k\u00e4nslan av ritual f\u00f6r uppackning, l\u00e4mplig f\u00f6r skr\u00e4ddarsydda souvenirer f\u00f6r f\u00f6retag.<\/li>\n<li><strong>Detaljhandel i lyxsegmentet<\/strong>: Material med h\u00f6g styvhet och f\u00e4rgdesign f\u00f6rb\u00e4ttrar varornas visningsgrad och minskar utrymmet som upptas av vitrinsk\u00e5p.<\/li>\n<li><strong>Gr\u00e4ns\u00f6verskridande logistik<\/strong>: Den hopf\u00e4llbara designen minskar kostnaderna f\u00f6r sj\u00f6- och flygtransporter och tryckmotst\u00e5ndet garanterar s\u00e4kerheten vid l\u00e5ngv\u00e4ga transporter.<\/li>\n<\/ul>","protected":false},"excerpt":{"rendered":"<p>Det hj\u00e4rtformade locket och topp- och bottenlocket passar perfekt till l\u00e5dan, med hj\u00e4rtformade konturer p\u00e5 in- och utsidan, visuellt enhetliga och k\u00e4nslom\u00e4ssigt tilltalande. Locket och botten \u00e4r separerade, vilket \u00e4r l\u00e4tt att \u00f6ppna och st\u00e4nga, med god t\u00e4tning, vilket effektivt skyddar inneh\u00e5llet och f\u00f6rst\u00e4rker k\u00e4nslan av ceremoni n\u00e4r du \u00f6ppnar l\u00e5dan.<\/p>","protected":false},"featured_media":1018,"template":"","meta":{"_kad_post_transparent":"default","_kad_post_title":"","_kad_post_layout":"default","_kad_post_sidebar_id":"","_kad_post_content_style":"default","_kad_post_vertical_padding":"default","_kad_post_feature":"","_kad_post_feature_position":"","_kad_post_header":false,"_kad_post_footer":false,"_kad_post_classname":""},"product_brand":[],"product_cat":[15,30,22,17],"product_tag":[388,387,386],"class_list":{"0":"post-1017","1":"product","2":"type-product","3":"status-publish","4":"has-post-thumbnail","6":"product_cat-red-light-therapy","7":"product_cat-dropshipping","8":"product_cat-red-light-therapy-blanket","9":"product_cat-services","10":"product_tag-custom-shoes-boxes","11":"product_tag-magnetic-closure-boxes-for-shoes","12":"product_tag-rigid-shoes-boxes","14":"first","15":"instock","16":"shipping-taxable","17":"product-type-simple","18":"entry","19":"content-bg","20":"loop-entry"},"_links":{"self":[{"href":"https:\/\/red-lighttherapy.com\/sv\/wp-json\/wp\/v2\/product\/1017","targetHints":{"allow":["GET"]}}],"collection":[{"href":"https:\/\/red-lighttherapy.com\/sv\/wp-json\/wp\/v2\/product"}],"about":[{"href":"https:\/\/red-lighttherapy.com\/sv\/wp-json\/wp\/v2\/types\/product"}],"wp:featuredmedia":[{"embeddable":true,"href":"https:\/\/red-lighttherapy.com\/sv\/wp-json\/wp\/v2\/media\/1018"}],"wp:attachment":[{"href":"https:\/\/red-lighttherapy.com\/sv\/wp-json\/wp\/v2\/media?parent=1017"}],"wp:term":[{"taxonomy":"product_brand","embeddable":true,"href":"https:\/\/red-lighttherapy.com\/sv\/wp-json\/wp\/v2\/product_brand?post=1017"},{"taxonomy":"product_cat","embeddable":true,"href":"https:\/\/red-lighttherapy.com\/sv\/wp-json\/wp\/v2\/product_cat?post=1017"},{"taxonomy":"product_tag","embeddable":true,"href":"https:\/\/red-lighttherapy.com\/sv\/wp-json\/wp\/v2\/product_tag?post=1017"}],"curies":[{"name":"wp","href":"https:\/\/api.w.org\/{rel}","templated":true}]}}