{"id":1011,"date":"2025-04-16T03:44:51","date_gmt":"2025-04-16T03:44:51","guid":{"rendered":"https:\/\/red-lighttherapy.com\/?post_type=product&#038;p=1011"},"modified":"2025-04-16T03:57:17","modified_gmt":"2025-04-16T03:57:17","slug":"valentines-day-heart-shaped-gift-box-packaging-for-jewelry","status":"publish","type":"product","link":"https:\/\/red-lighttherapy.com\/sv\/valentines-day-heart-shaped-gift-box-packaging-for-jewelry\/","title":{"rendered":"Alla hj\u00e4rtans dag Hj\u00e4rtformad presentf\u00f6rpackning f\u00f6r smycken"},"content":{"rendered":"<h2 id=\"valentine-s-day-heart-shaped-jewelry-gift-box-packaging-product-description\">Alla hj\u00e4rtans dag Hj\u00e4rtformade smycken Presentask F\u00f6rpackning Produktbeskrivning<\/h2>\n<h2 id=\"-1-heart-shaped-top-and-bottom-design-perfect-fusion-of-vision-and-emotion-\"><strong>1. Hj\u00e4rtformad topp- och bottendesign: Perfekt fusion av vision och k\u00e4nsla<\/strong><\/h2>\n<p>Presentf\u00f6rpackningen har en hj\u00e4rtformad topp- och bottenstruktur. Locket och l\u00e5dans kropp \u00e4r integrerade med en sl\u00e4t hj\u00e4rtformad kontur, vilket visar visuell enhet och k\u00e4nslom\u00e4ssig sp\u00e4nning mellan \u00f6ppning och st\u00e4ngning. Lockets insida kan anpassas med varmst\u00e4mpling eller pr\u00e4glingsteknik, och med en hj\u00e4rtformad ih\u00e5lig f\u00f6nsterdesign \u00e4r smyckena hotande n\u00e4r de inte \u00f6ppnas helt, vilket skapar en \"hj\u00e4rtslag\" -liknande k\u00e4nsla av f\u00f6rv\u00e4ntan.<\/p>\n<h2 id=\"-2-separate-opening-and-closing-structure-convenience-and-ritual-coexistence-\"><strong>2. Separat \u00f6ppnings- och st\u00e4ngningsstruktur: bekv\u00e4mlighet och rituell samexistens<\/strong><\/h2>\n<p>Locket och botten av l\u00e5dan \u00e4r \u00e5tskilda och s\u00f6ml\u00f6s st\u00e4ngning uppn\u00e5s genom exakta sp\u00e4nnen eller magnetiska anordningar, vilket inte bara s\u00e4kerst\u00e4ller t\u00e4tning (damm- och fukts\u00e4ker) utan ocks\u00e5 ger \u00f6ppnings\u00e5tg\u00e4rden en elegant rituell k\u00e4nsla. Kanten p\u00e5 fodret antar en kantf\u00f6rpackningsprocess f\u00f6r att undvika friktion p\u00e5 smyckesytan vid \u00f6ppning och st\u00e4ngning, och detaljerna \u00e5terspeglar skyddet av v\u00e4rdesaker.<\/p>\n<h2 id=\"-3-coated-paper-material-double-guarantee-of-firmness-and-beauty-\"><strong>3. Bestruket pappersmaterial: dubbel garanti f\u00f6r fasthet och sk\u00f6nhet<\/strong><\/h2>\n<p>Presentf\u00f6rpackningens huvuddel \u00e4r gjord av 300 gram h\u00f6gviktigt bestruket papper, som \u00e4r belagt med en matt film, k\u00e4nslig ber\u00f6ring och rept\u00e5lig. Det inre skiktet \u00e4r f\u00f6rst\u00e4rkt med gr\u00e5tt kartongpapper, som har en b\u00e4rf\u00f6rm\u00e5ga p\u00e5 mer \u00e4n 5 kg, och det \u00e4r inte l\u00e4tt att snedvrida under transporten, vilket s\u00e4kerst\u00e4ller att g\u00e5van \u00e4r ny att packa upp fr\u00e5n l\u00e5dfabriken.<\/p>\n<h2 id=\"-4-red-main-color-visual-communication-of-romantic-atmosphere-\"><strong>4. R\u00f6d huvudf\u00e4rg: visuell kommunikation av romantisk atmosf\u00e4r<\/strong><\/h2>\n<p>L\u00e5dkroppen antar Pantone-f\u00e4rgkortstandardr\u00f6tt, och fyrf\u00e4rgstryckprocessen ger en enhetlig och ljus f\u00e4rgeffekt, med lokal UV- eller varmst\u00e4mplingsprocess, vilket belyser den tredimensionella k\u00e4nslan av den hj\u00e4rtformade konturen. Valfria band eller eviga blommor i samma f\u00e4rg kan anv\u00e4ndas f\u00f6r att f\u00f6rb\u00e4ttra den festliga atmosf\u00e4ren.<\/p>\n<h2 id=\"-5-high-resilience-sponge-lining-professional-grade-jewelry-protection-\"><strong>5. Svampfoder med h\u00f6g motst\u00e5ndskraft: professionellt skydd f\u00f6r smycken<\/strong><\/h2>\n<p>Fodret best\u00e5r av 3 cm tjock svamp med h\u00f6g densitet, som sk\u00e4rs av CNC f\u00f6r att passa den hj\u00e4rtformade konturen, och sp\u00e5rdjupet kan anpassas (l\u00e4mpligt f\u00f6r olika smyckesformer som ringar och halsband). Svampens yta \u00e4r t\u00e4ckt med kort flanell, som \u00e4r mjuk och hudv\u00e4nlig, och undviker att repa \u00e4delmetaller och \u00e4delstenar. Det antiseismiska testet visar att den t\u00e5l en fallp\u00e5verkan p\u00e5 1,2 meter och \u00e4r l\u00e4mplig f\u00f6r gr\u00e4ns\u00f6verskridande transporter.<\/p>\n<h2 id=\"-6-customized-printing-service-deep-adaptation-of-brands-and-scenarios-\"><strong>6. Kundanpassad tryckeritj\u00e4nst: djupg\u00e5ende anpassning av varum\u00e4rken och scenarier<\/strong><\/h2>\n<p>St\u00f6der en m\u00e4ngd olika processer som silkscreentryck, varmst\u00e4mpling, lasergravyr etc. och kan skriva ut personligt inneh\u00e5ll som f\u00f6retagets LOGO, parnamn, minnesdatum etc. p\u00e5 l\u00e5dans lock. Br\u00f6llopsanpassade modeller kan tryckas med varmst\u00e4mplade l\u00f6ften eller pr\u00e4glade rosm\u00f6nster, och f\u00f6retagsg\u00e5vor rekommenderas att matcha varum\u00e4rkets huvudvision och slogan f\u00f6r att f\u00f6rb\u00e4ttra presentf\u00f6rpackningens merv\u00e4rde.<\/p>\n<h2 id=\"-7-made-by-a-local-old-factory-dual-commitment-of-quality-and-production-capacity-\"><strong>7. Tillverkad av en lokal gammal fabrik: dubbelt \u00e5tagande f\u00f6r kvalitet och produktionskapacitet<\/strong><\/h2>\n<p>Tillverkad av Shenzhen Printing Factory med 16 \u00e5rs erfarenhet, anv\u00e4nder den helautomatiska stansmaskiner och kvalitetsinspektionslinjer, med en m\u00e5natlig produktionskapacitet p\u00e5 mer \u00e4n 500 000 stycken, och st\u00f6der 72-timmars snabb korrektur och bulkorderleverans. Varje sats passerar 12 kvalitetskontrolltester (inklusive h\u00f6rnplanhet, f\u00e4rgskillnad, b\u00e4rande etc.) f\u00f6r att s\u00e4kerst\u00e4lla att massproduktionens konsistensfel \u00e4r \u22641 mm.<\/p>\n<h2 id=\"-8-environmental-certification-sustainable-romantic-promise-\"><strong>8. Milj\u00f6certifiering: H\u00e5llbart romantiskt l\u00f6fte<\/strong><\/h2>\n<p>Presentf\u00f6rpackningens material har klarat FSC-skogsf\u00f6rvaltningscertifiering och ISO-certifiering av ledningssystem, och bl\u00e4cket \u00f6verensst\u00e4mmer med EU REACH-standarder, \u00e4r giftfritt och biologiskt nedbrytbart. Fodersvampen \u00e4r tillverkad av EVA-material av livsmedelskvalitet, klarade SGS-testning och \u00e4r s\u00e4ker f\u00f6r hudkontakt.<\/p>\n<h2 id=\"-product-application-scenarios-\"><strong>Scenarier f\u00f6r produktapplikationer<\/strong><\/h2>\n<ul>\n<li><strong>Personlig g\u00e5va<\/strong>: Tillsammans med anpassade k\u00e4rleksbrev och eviga blommor skapar du en presentf\u00f6rpackning med temat \"hj\u00e4rtr\u00f6rande bek\u00e4nnelse\".<\/li>\n<li><strong>Br\u00f6llopssmycken<\/strong>: En plats f\u00f6r vigselringskort kan b\u00e4ddas in i l\u00e5dan och ringen kan ses s\u00e5 snart l\u00e5dan \u00f6ppnas, vilket st\u00e4rker k\u00e4nslan av f\u00f6rslagsceremoni.<\/li>\n<li><strong>Co-branding av varum\u00e4rke<\/strong>: F\u00f6retag kan skr\u00e4ddarsy begr\u00e4nsade upplagor och kombinera IP-bild och hj\u00e4rtformade element f\u00f6r att \u00f6ka kundlojaliteten.<\/li>\n<\/ul>","protected":false},"excerpt":{"rendered":"<p>Det hj\u00e4rtformade locket och topp- och bottenlocket passar perfekt till l\u00e5dan, med hj\u00e4rtformade konturer p\u00e5 in- och utsidan, visuellt enhetliga och k\u00e4nslom\u00e4ssigt tilltalande. Locket och botten \u00e4r separerade, vilket \u00e4r l\u00e4tt att \u00f6ppna och st\u00e4nga, med god t\u00e4tning, vilket effektivt skyddar inneh\u00e5llet och f\u00f6rst\u00e4rker k\u00e4nslan av ceremoni n\u00e4r du \u00f6ppnar l\u00e5dan.<\/p>","protected":false},"featured_media":1016,"template":"","meta":{"_kad_post_transparent":"default","_kad_post_title":"","_kad_post_layout":"default","_kad_post_sidebar_id":"","_kad_post_content_style":"default","_kad_post_vertical_padding":"default","_kad_post_feature":"","_kad_post_feature_position":"","_kad_post_header":false,"_kad_post_footer":false,"_kad_post_classname":""},"product_brand":[],"product_cat":[15,17],"product_tag":[383,384,385],"class_list":{"0":"post-1011","1":"product","2":"type-product","3":"status-publish","4":"has-post-thumbnail","6":"product_cat-red-light-therapy","7":"product_cat-services","8":"product_tag-heart-shaped-gift-box","9":"product_tag-jewelry-packaging-box","10":"product_tag-valentines-day-gift-box","12":"first","13":"instock","14":"shipping-taxable","15":"product-type-simple","16":"entry","17":"content-bg","18":"loop-entry"},"_links":{"self":[{"href":"https:\/\/red-lighttherapy.com\/sv\/wp-json\/wp\/v2\/product\/1011","targetHints":{"allow":["GET"]}}],"collection":[{"href":"https:\/\/red-lighttherapy.com\/sv\/wp-json\/wp\/v2\/product"}],"about":[{"href":"https:\/\/red-lighttherapy.com\/sv\/wp-json\/wp\/v2\/types\/product"}],"wp:featuredmedia":[{"embeddable":true,"href":"https:\/\/red-lighttherapy.com\/sv\/wp-json\/wp\/v2\/media\/1016"}],"wp:attachment":[{"href":"https:\/\/red-lighttherapy.com\/sv\/wp-json\/wp\/v2\/media?parent=1011"}],"wp:term":[{"taxonomy":"product_brand","embeddable":true,"href":"https:\/\/red-lighttherapy.com\/sv\/wp-json\/wp\/v2\/product_brand?post=1011"},{"taxonomy":"product_cat","embeddable":true,"href":"https:\/\/red-lighttherapy.com\/sv\/wp-json\/wp\/v2\/product_cat?post=1011"},{"taxonomy":"product_tag","embeddable":true,"href":"https:\/\/red-lighttherapy.com\/sv\/wp-json\/wp\/v2\/product_tag?post=1011"}],"curies":[{"name":"wp","href":"https:\/\/api.w.org\/{rel}","templated":true}]}}