{"id":1005,"date":"2025-04-16T03:24:02","date_gmt":"2025-04-16T03:24:02","guid":{"rendered":"https:\/\/red-lighttherapy.com\/?post_type=product&#038;p=1005"},"modified":"2025-04-16T03:44:42","modified_gmt":"2025-04-16T03:44:42","slug":"brand-double-door-box-for-skincare-bottle-fragrance-perfume","status":"publish","type":"product","link":"https:\/\/red-lighttherapy.com\/sv\/brand-double-door-box-for-skincare-bottle-fragrance-perfume\/","title":{"rendered":"Brand Double Door Box f\u00f6r hudv\u00e5rdsflaska doft parfym"},"content":{"rendered":"<h2 id=\"-double-door-skin-care-perfume-bottle-box-product-description-\"><strong>Produktbeskrivning f\u00f6r parfymflaska med dubbeld\u00f6rr f\u00f6r hudv\u00e5rd<\/strong><\/h2>\n<h2 id=\"-1-box-design-and-positioning-\"><strong>1. Boxens utformning och placering<\/strong><\/h2>\n<p>Den\u00a0<strong>\u00d6ppen presentf\u00f6rpackning med dubbla sidor<\/strong>\u00a0dubbeld\u00f6rrsl\u00e5da antas, och den symmetriska strukturen skapar en h\u00f6gtidlig k\u00e4nsla, som passar den avancerade presentpositioneringen. L\u00e5dans kropp \u00e4r optimerad genom geometriska linjer och proportioner, i kombination med den svarta huvudf\u00e4rgen och det bl\u00e5 blomm\u00f6nsterrelieftekniken, vilket visar en balans mellan lugn och konstn\u00e4rlig k\u00e4nsla. N\u00e4r dubbeld\u00f6rrarna \u00f6ppnas vecklas l\u00e5dkroppen l\u00e5ngsamt ut som en scenrid\u00e5, vilket ger uppackningsprocessen en stark k\u00e4nsla av ritual och f\u00f6rvandlar produktvisningen till en uppslukande upplevelse.<\/p>\n<h2 id=\"-2-innovative-interactivity-and-unboxing-experience-\"><strong>2. Innovativ interaktivitet och unboxing-upplevelse<\/strong><\/h2>\n<p>Den unika\u00a0<strong>dubbeld\u00f6rrars g\u00e5ngj\u00e4rnsstruktur<\/strong>\u00a0bryter mot den traditionella enkelsidiga \u00f6ppnings- och st\u00e4ngningsdesignen och \u00f6kar anv\u00e4ndarens k\u00e4nsla av delaktighet:<\/p>\n<ul>\n<li><strong>\u00d6verraskning<\/strong>: N\u00e4r d\u00f6rren \u00f6ppnas framtr\u00e4der den inbyggda parfymflaskan gradvis i takt med att l\u00e5dans vinkel \u00e4ndras, och EVA-flockfodrets omslagsfixering skapar en visuell effekt som \"avsl\u00f6jar skatten\".<\/li>\n<li><strong>Interaktivitet<\/strong>: Illustrationer av varum\u00e4rkesber\u00e4ttelser eller kartor \u00f6ver aromkomponenter kan anpassas p\u00e5 insidan av d\u00f6rrpanelen. Anv\u00e4ndare kan utforska detaljer genom att bl\u00e4ddra, dra och andra \u00e5tg\u00e4rder f\u00f6r att st\u00e4rka den k\u00e4nslom\u00e4ssiga kopplingen.<\/li>\n<\/ul>\n<h2 id=\"-3-material-and-craft-details-\"><strong>3. Material- och hantverksdetaljer<\/strong><\/h2>\n<ul>\n<li><strong>Bestruket papperssubstrat<\/strong>: 350g h\u00f6gviktigt bestruket papper v\u00e4ljs, vilket \u00e4r b\u00e5de l\u00e4tt och tryckbest\u00e4ndigt f\u00f6r att s\u00e4kerst\u00e4lla deformationsmotst\u00e5nd under transport. Samtidigt \u00e4r ytan t\u00e4ckt med en matt film f\u00f6r att f\u00f6rb\u00e4ttra den k\u00e4nsliga k\u00e4nslan.<\/li>\n<li><strong>Precisionsbearbetning<\/strong>: Lasersk\u00e4rning och automatiserad klistringsteknik anv\u00e4nds, kantfelet p\u00e5 l\u00e5dkroppen \u00e4r \u22640,1 mm och \u00f6ppnings- och st\u00e4ngningsstrukturen \u00e4r t\u00e4tt monterad f\u00f6r att undvika grader och l\u00f6shet i traditionella handgjorda l\u00e5dor.<\/li>\n<li><strong>Dekorationsteknik<\/strong>: Det bl\u00e5 blomm\u00f6nstret uppvisar en tredimensionell lyster genom lokal UV+hot silver-teknik, och den svarta bakgrunden anv\u00e4nder en mikropearlescent bel\u00e4ggning f\u00f6r att ge en l\u00e5gm\u00e4ld och lyxig gradient effekt under ljus och skugga.<\/li>\n<\/ul>\n<h2 id=\"-4-functional-and-protective-design-\"><strong>4. Funktionell och skyddande design<\/strong><\/h2>\n<ul>\n<li><strong>Foder av EVA-flock<\/strong>: Anpassade sp\u00e5r enligt kurvan p\u00e5 flaskkroppen, fodrets tjocklek \u00e4r upp till 5 mm och flockning med h\u00f6g densitet anv\u00e4nds f\u00f6r att d\u00e4mpa och motst\u00e5 st\u00f6tar f\u00f6r att undvika repor och f\u00f6rskjutning under transport.<\/li>\n<li><strong>Partitionens struktur<\/strong>: St\u00f6der skiktad design av innerboxen (t.ex. placering av parfymflaskor p\u00e5 det \u00f6vre lagret och inb\u00e4ddade instruktioner eller presentkortsfack p\u00e5 det nedre lagret), vilket f\u00f6rb\u00e4ttrar utrymmesutnyttjandet och funktionaliteten.<\/li>\n<\/ul>\n<h2 id=\"-5-customized-service-and-brand-adaptation-\"><strong>5. Anpassad service och varum\u00e4rkesanpassning<\/strong><\/h2>\n<ul>\n<li><strong>Anpassning i alla led<\/strong>: St\u00f6der flexibel justering av storlek (h\u00f6jdanpassning till 15-30 cm flasktyp), \u00f6ppnings- och st\u00e4ngningsvinkel (90\u00b0-180\u00b0 justerbar) och intern struktur (mellanlager \/ magnetiskt sp\u00e4nne etc.) f\u00f6r att m\u00f6ta varum\u00e4rkets differentieringsbehov.<\/li>\n<li><strong>Integration av varum\u00e4rkeselement<\/strong>: Kan b\u00e4dda in varmpr\u00e4gling av varum\u00e4rkeslogotyp, doftmikrokapslar (n\u00e4r f\u00f6rpackningen \u00f6ppnas frig\u00f6rs tillh\u00f6rande doft) eller AR-taggar (n\u00e4r koden skannas utl\u00f6ses en animation av varum\u00e4rkesber\u00e4ttelsen) f\u00f6r att uppn\u00e5 en djupg\u00e5ende koppling mellan f\u00f6rpackning och produktber\u00e4ttelse.<\/li>\n<\/ul>","protected":false},"excerpt":{"rendered":"<p>Denna presentf\u00f6rpackning med dubbeld\u00f6rr \u00e4r baserad p\u00e5 konceptet \"\u00f6ppna ceremonin, k\u00e4nn lyxen\". Genom strukturell innovation, hantverksskicklighet och sensorisk koppling uppgraderas f\u00f6rpackningen fr\u00e5n en beh\u00e5llare till k\u00e4rnan i varum\u00e4rkesupplevelsen. Fr\u00e5n det \u00f6verraskande \u00f6gonblicket n\u00e4r asken \u00f6ppnas till detaljerna, varje l\u00e4nk ekar den avancerade positioneringen och hj\u00e4lper varum\u00e4rket att etablera ett differentierat erk\u00e4nnande i marknadskonkurrensen.<\/p>","protected":false},"featured_media":1006,"template":"","meta":{"_kad_post_transparent":"default","_kad_post_title":"","_kad_post_layout":"default","_kad_post_sidebar_id":"","_kad_post_content_style":"default","_kad_post_vertical_padding":"default","_kad_post_feature":"","_kad_post_feature_position":"","_kad_post_header":false,"_kad_post_footer":false,"_kad_post_classname":""},"product_brand":[],"product_cat":[15,28,17],"product_tag":[381,382,380],"class_list":{"0":"post-1005","1":"product","2":"type-product","3":"status-publish","4":"has-post-thumbnail","6":"product_cat-red-light-therapy","7":"product_cat-customize","8":"product_cat-services","9":"product_tag-brand-perfume-box","10":"product_tag-custom-fragrance-box","11":"product_tag-double-door-box-for-skincare","13":"first","14":"instock","15":"shipping-taxable","16":"product-type-simple","17":"entry","18":"content-bg","19":"loop-entry"},"_links":{"self":[{"href":"https:\/\/red-lighttherapy.com\/sv\/wp-json\/wp\/v2\/product\/1005","targetHints":{"allow":["GET"]}}],"collection":[{"href":"https:\/\/red-lighttherapy.com\/sv\/wp-json\/wp\/v2\/product"}],"about":[{"href":"https:\/\/red-lighttherapy.com\/sv\/wp-json\/wp\/v2\/types\/product"}],"wp:featuredmedia":[{"embeddable":true,"href":"https:\/\/red-lighttherapy.com\/sv\/wp-json\/wp\/v2\/media\/1006"}],"wp:attachment":[{"href":"https:\/\/red-lighttherapy.com\/sv\/wp-json\/wp\/v2\/media?parent=1005"}],"wp:term":[{"taxonomy":"product_brand","embeddable":true,"href":"https:\/\/red-lighttherapy.com\/sv\/wp-json\/wp\/v2\/product_brand?post=1005"},{"taxonomy":"product_cat","embeddable":true,"href":"https:\/\/red-lighttherapy.com\/sv\/wp-json\/wp\/v2\/product_cat?post=1005"},{"taxonomy":"product_tag","embeddable":true,"href":"https:\/\/red-lighttherapy.com\/sv\/wp-json\/wp\/v2\/product_tag?post=1005"}],"curies":[{"name":"wp","href":"https:\/\/api.w.org\/{rel}","templated":true}]}}