{"id":1000,"date":"2025-04-16T03:15:01","date_gmt":"2025-04-16T03:15:01","guid":{"rendered":"https:\/\/red-lighttherapy.com\/?post_type=product&#038;p=1000"},"modified":"2025-04-16T03:25:59","modified_gmt":"2025-04-16T03:25:59","slug":"commercial-large-heart-shaped-gift-packaging-paper-boxes","status":"publish","type":"product","link":"https:\/\/red-lighttherapy.com\/sv\/commercial-large-heart-shaped-gift-packaging-paper-boxes\/","title":{"rendered":"Kommersiella stora hj\u00e4rtformade presentf\u00f6rpackningar Pappersl\u00e5dor"},"content":{"rendered":"<h2 id=\"-product-description-of-commercial-large-heart-shaped-gift-packaging-paper-box-\"><strong>Produktbeskrivning av Kommersiell stor hj\u00e4rtformad presentf\u00f6rpackning Pappersl\u00e5da<\/strong><\/h2>\n<h2 id=\"-1-structural-design-heart-shaped-top-and-bottom-cover-reshaping-emotional-expression-\"><strong>1. Strukturell design: Hj\u00e4rtformad \u00f6ver- och underdel, omformning av k\u00e4nslouttryck<\/strong><\/h2>\n<p>Denna produkt anv\u00e4nder\u00a0<strong>hj\u00e4rtformad \u00f6vre och undre t\u00e4ckstruktur<\/strong>Alla hj\u00e4rtans dag-boxen \u00e4r ett s\u00e4tt att bryta igenom begr\u00e4nsningarna hos traditionella fyrkantiga boxar och f\u00f6rmedla romantik och k\u00e4rlek med mjuka b\u00f6jda konturer. Topplocket och bottenl\u00e5dan passar t\u00e4tt ihop genom den magnetiska sn\u00e4ppf\u00e4stdesignen, och \u00f6ppnings- och st\u00e4ngningsmomentet ger en \"hj\u00e4rtslagsresonans\" med en stark k\u00e4nsla av ritual, som uppfyller de k\u00e4nslom\u00e4ssiga behoven p\u00e5 Alla hj\u00e4rtans dag, br\u00f6llop, \u00e5rsdagar och andra scener. Insidan av l\u00e5dan antar\u00a0<strong>skiktad skiljev\u00e4ggsdesign<\/strong>som p\u00e5 ett flexibelt s\u00e4tt kan separera choklad, smycken, skr\u00e4ddarsydda g\u00e5vor och andra f\u00f6rem\u00e5l i olika storlekar, med h\u00e4nsyn till b\u00e5de sk\u00f6nhet och praktiska egenskaper.<\/p>\n<h2 id=\"-2-material-and-environmental-protection-sustainable-forest-resources-global-certification-guarantee-\"><strong>2. Material- och milj\u00f6skydd: h\u00e5llbara skogsresurser, global certifieringsgaranti<\/strong><\/h2>\n<p>Produkten anv\u00e4nder\u00a0<strong>FSC-certifierade milj\u00f6v\u00e4nliga material<\/strong>, och basmaterialet \u00e4r en kompositstruktur av 250 g vit kartong och wellpapp i tre lager\/fem lager f\u00f6r att s\u00e4kerst\u00e4lla b\u00e4righet och h\u00e5llbarhet. Allt papper kommer fr\u00e5n h\u00e5llbart f\u00f6rvaltade skogar, uppfyller EU:s milj\u00f6standarder och koncept f\u00f6r cirkul\u00e4r ekonomi, st\u00f6der \u00e5tervinning och nedbrytning under hela livscykeln och hj\u00e4lper varum\u00e4rken att f\u00f6rmedla gr\u00f6na v\u00e4rderingar. L\u00e5dans yta \u00e4r t\u00e4ckt med\u00a0<strong>PE-bel\u00e4ggning av livsmedelskvalitet<\/strong>, som har dubbelt skydd mot fukt och olja, och \u00e4r l\u00e4mplig f\u00f6r presentf\u00f6rpackningar som livsmedel och kosmetika som l\u00e4tt p\u00e5verkas av milj\u00f6n.<\/p>\n<h2 id=\"-3-visual-design-pink-tones-and-geometric-aesthetics-upgraded-layering-\"><strong>3. Visuell design: rosa toner och geometrisk estetik, uppgraderad skiktning<\/strong><\/h2>\n<p>L\u00e5dkroppen \u00e4r huvudsakligen i\u00a0<strong>soft mist rosa<\/strong>, med\u00a0<strong>tredimensionella geometriska reliefm\u00f6nster<\/strong>som f\u00f6rst\u00e4rker den visuella layering genom sammanfl\u00e4tning av linjer och f\u00f6r\u00e4ndring av ljus och skugga, vilket framh\u00e4ver den avancerade anpassade texturen. Designinspirationen kommer fr\u00e5n modern minimalistisk konst. De geometriska elementen kan uttryckas abstrakt som ett k\u00e4nslom\u00e4ssigt fl\u00f6de eller anpassas som varum\u00e4rkesexklusiva symboler (t.ex. LOGO-deformationsm\u00f6nster) f\u00f6r att \u00f6ka varum\u00e4rkesigenk\u00e4nningen.<\/p>\n<h2 id=\"-4-functional-highlights-transparent-window-direct-consumer-decision-making-\"><strong>4. Funktionella h\u00f6jdpunkter: transparent f\u00f6nster, direkt beslutsfattande f\u00f6r konsumenten<\/strong><\/h2>\n<p>Den\u00a0<strong>elliptiskt transparent PET-f\u00f6nster<\/strong>\u00a0\u00e4r inb\u00e4ddat i mitten av l\u00e5dans lock, och konsumenterna kan direkt se inneh\u00e5llet (t.ex. choklad, parfymflaskor etc.) utan att packa upp, vilket minskar kommunikationskostnaderna och \u00f6kar k\u00f6pf\u00f6rtroendet. F\u00f6nstrets kant antar\u00a0<strong>Teknik f\u00f6r UV-varmpr\u00e4gling av kanter<\/strong>som \u00e5terger l\u00e5dans st\u00e4mpelm\u00f6nster och \u00e4r b\u00e5de funktionell och dekorativ.<\/p>\n<h2 id=\"-5-process-details-three-dimensional-hot-stamping-luxurious-touch-\"><strong>5. Processdetaljer: tredimensionell varmst\u00e4mpling, lyxig touch<\/strong><\/h2>\n<p>Ytan p\u00e5 l\u00e5dans lock anv\u00e4nder\u00a0<strong>3D-teknik f\u00f6r varmpr\u00e4gling<\/strong>, som kombinerar guldfolie med pr\u00e4glad textur genom h\u00f6gtemperaturpr\u00e4glingsteknik f\u00f6r att skapa en varum\u00e4rkeslogotyp eller v\u00e4lsignelse med en konkav och konvex touch, som visuellt presenterar en metallisk lyster och tredimensionell niv\u00e5. Den heta st\u00e4mplingsdelen \u00e4r motst\u00e5ndskraftig mot friktion och skalning och har testats f\u00f6r att motst\u00e5 mer \u00e4n 1 000 g\u00e5nger \u00f6ppnings- och st\u00e4ngningsslitage, vilket s\u00e4kerst\u00e4ller att den fortfarande bibeh\u00e5ller en lyxig struktur efter l\u00e5ngvarig anv\u00e4ndning.<\/p>\n<h2 id=\"-6-scene-adaptation-a-multi-scene-marketing-tool-\"><strong>6. Scenanpassning: ett marknadsf\u00f6ringsverktyg f\u00f6r flera scener<\/strong><\/h2>\n<ul>\n<li><strong>Marknadsf\u00f6ring av festivaler<\/strong>: Den hj\u00e4rtformade formen och de heta st\u00e4mplingselementen matchar perfekt semesterteman som Alla hj\u00e4rtans dag, Qixi-festivalen och jul och matchas med band eller eviga blommor f\u00f6r att f\u00f6rb\u00e4ttra k\u00e4nslan av presentceremonin.<\/li>\n<li><strong>Br\u00f6llopssouvenirer<\/strong>: St\u00f6der anpassning av varmst\u00e4mplingstext som namnen p\u00e5 de nygifta och br\u00f6llopsdatum, och fodret kan tillverkas av satinmaterial f\u00f6r att f\u00f6rb\u00e4ttra de avancerade anpassningsattributen.<\/li>\n<li><strong>Co-branding av varum\u00e4rke<\/strong>: F\u00f6nsterdesignen kombineras med varmst\u00e4mpling av varum\u00e4rkets IP-bild, vilket \u00e4r l\u00e4mpligt f\u00f6r produktf\u00f6rpackningar i begr\u00e4nsad upplaga inom sk\u00f6nhets-, lyx- och andra industrier.<\/li>\n<\/ul>","protected":false},"excerpt":{"rendered":"<p>Denna hj\u00e4rtformade presentf\u00f6rpackning har emotionell design som sin k\u00e4rna. Genom att integrera strukturell innovation, milj\u00f6v\u00e4nliga material och avancerat hantverk skapas en kommersiell f\u00f6rpackningsl\u00f6sning som \u00e4r b\u00e5de visuellt attraktiv och funktionell, vilket hj\u00e4lper varum\u00e4rken att sticka ut p\u00e5 den romantiska ekonomimarknaden.<\/p>","protected":false},"featured_media":1001,"template":"","meta":{"_kad_post_transparent":"default","_kad_post_title":"","_kad_post_layout":"default","_kad_post_sidebar_id":"","_kad_post_content_style":"default","_kad_post_vertical_padding":"default","_kad_post_feature":"","_kad_post_feature_position":"","_kad_post_header":false,"_kad_post_footer":false,"_kad_post_classname":""},"product_brand":[],"product_cat":[15,19,17],"product_tag":[378,377,379],"class_list":{"0":"post-1000","1":"product","2":"type-product","3":"status-publish","4":"has-post-thumbnail","6":"product_cat-red-light-therapy","7":"product_cat-red-light-therapy-stand","8":"product_cat-services","9":"product_tag-jewelry-paper-gift-bag","10":"product_tag-luxury-jewelry-shopping-bag","11":"product_tag-sourcing-jewelry-gift-bag","13":"first","14":"instock","15":"shipping-taxable","16":"product-type-simple","17":"entry","18":"content-bg","19":"loop-entry"},"_links":{"self":[{"href":"https:\/\/red-lighttherapy.com\/sv\/wp-json\/wp\/v2\/product\/1000","targetHints":{"allow":["GET"]}}],"collection":[{"href":"https:\/\/red-lighttherapy.com\/sv\/wp-json\/wp\/v2\/product"}],"about":[{"href":"https:\/\/red-lighttherapy.com\/sv\/wp-json\/wp\/v2\/types\/product"}],"wp:featuredmedia":[{"embeddable":true,"href":"https:\/\/red-lighttherapy.com\/sv\/wp-json\/wp\/v2\/media\/1001"}],"wp:attachment":[{"href":"https:\/\/red-lighttherapy.com\/sv\/wp-json\/wp\/v2\/media?parent=1000"}],"wp:term":[{"taxonomy":"product_brand","embeddable":true,"href":"https:\/\/red-lighttherapy.com\/sv\/wp-json\/wp\/v2\/product_brand?post=1000"},{"taxonomy":"product_cat","embeddable":true,"href":"https:\/\/red-lighttherapy.com\/sv\/wp-json\/wp\/v2\/product_cat?post=1000"},{"taxonomy":"product_tag","embeddable":true,"href":"https:\/\/red-lighttherapy.com\/sv\/wp-json\/wp\/v2\/product_tag?post=1000"}],"curies":[{"name":"wp","href":"https:\/\/api.w.org\/{rel}","templated":true}]}}