{"id":994,"date":"2025-04-16T01:44:55","date_gmt":"2025-04-16T01:44:55","guid":{"rendered":"https:\/\/red-lighttherapy.com\/?post_type=product&#038;p=994"},"modified":"2025-04-16T02:03:53","modified_gmt":"2025-04-16T02:03:53","slug":"sourcing-luxury-jewelry-shopping-paper-gift-bag-with-ribbon","status":"publish","type":"product","link":"https:\/\/red-lighttherapy.com\/pt_pt\/sourcing-luxury-jewelry-shopping-paper-gift-bag-with-ribbon\/","title":{"rendered":"Sourcing J\u00f3ias de Luxo Compras Saco de papel para presente com fita"},"content":{"rendered":"<h2 id=\"product-description-of-luxury-jewelry-shopping-paper-gift-bag\">Descri\u00e7\u00e3o do produto de Saco de papel para oferta de j\u00f3ias de luxo para compras<\/h2>\n<h2 id=\"-1-double-rope-handle-design-a-balance-between-practicality-and-aesthetics-\"><strong>1. Design de pega de corda dupla: um equil\u00edbrio entre praticidade e est\u00e9tica<\/strong><\/h2>\n<p>A pega adopta uma estrutura de corda dupla tecida de alta densidade, e o corpo da corda \u00e9 feito de material de fita mate da mesma cor que o corpo do saco para garantir que a for\u00e7a \u00e9 distribu\u00edda uniformemente e n\u00e3o aperta a m\u00e3o ao puxar. Bom desempenho de suporte de carga.<\/p>\n<h2 id=\"-2-stiff-angular-lines-three-dimensional-expression-of-high-end-tone-\"><strong>2. Linhas angulares r\u00edgidas: express\u00e3o tridimensional da tonalidade de gama alta<\/strong><\/h2>\n<p>O corpo do saco adopta um processo de indenta\u00e7\u00e3o tridimensional patenteado e utiliza a tecnologia de dobragem em forma de V a 120\u00b0 e de selagem de extremidades em \u00e2ngulo reto para criar extremidades afiadas como o corte de j\u00f3ias. O papel \u00e9 feito de cart\u00e3o branco espesso certificado pelo FSC, e a sua camada de fibra \u00e9 tratada com uma estrutura composta de 7 camadas. A rigidez \u00e9 aumentada em 23% em compara\u00e7\u00e3o com o cart\u00e3o normal, garantindo que o corpo do saco \u00e9 afiado e n\u00e3o cai quando est\u00e1 de p\u00e9. O forro est\u00e1 equipado com uma camada tamp\u00e3o EVA de 3 mm, que refor\u00e7a ainda mais a dureza da linha atrav\u00e9s do suporte f\u00edsico e protege as j\u00f3ias de serem espremidas.<\/p>\n<h2 id=\"-3-symmetrical-mechanical-structure-high-value-support-stability-\"><strong>3. Estrutura mec\u00e2nica sim\u00e9trica: estabilidade de suporte de alto valor<\/strong><\/h2>\n<p>A estrutura sim\u00e9trica do tipo caixa foi concebida com base na propor\u00e7\u00e3o \u00e1urea e o fundo adopta o processo de refor\u00e7o cruzado \"bem\", com uma capacidade de carga superior a 3 kg. As folhas de suporte de pl\u00e1stico ABS de qualidade alimentar est\u00e3o embutidas nos quatro cantos do corpo do saco, e \u00e9 utilizada a tecnologia de colagem por press\u00e3o a quente ultra-s\u00f3nica para evitar o risco de deforma\u00e7\u00e3o causado pela colagem tradicional. De acordo com testes de simula\u00e7\u00e3o laboratorial, o \u00e2ngulo de inclina\u00e7\u00e3o do corpo do saco \u00e9 \u22641,5\u00b0 ap\u00f3s vibra\u00e7\u00e3o cont\u00ednua durante 2 horas sob carga total, o que \u00e9 muito superior ao padr\u00e3o da ind\u00fastria.<\/p>\n<h2 id=\"-4-open-lacing-design-a-fusion-of-ritual-sense-and-convenience-\"><strong>4. Design de la\u00e7o aberto: uma fus\u00e3o de sentido ritual e conveni\u00eancia<\/strong><\/h2>\n<p>A parte superior adopta de forma inovadora o sistema de la\u00e7o aberto \"corredi\u00e7a de via dupla + fivela magn\u00e9tica\":<\/p>\n<ul>\n<li><strong>Funcionalidade<\/strong>: A corredi\u00e7a possui \u00edmanes invis\u00edveis incorporados, que podem ser abertos e fechados em segundos com um simples toque, resolvendo o problema inc\u00f3modo do enrolamento tradicional da fita;<\/li>\n<li><strong>Sentido ritual<\/strong>: Com uma fita de cetim cor-de-rosa de 25 mm de largura, atrav\u00e9s do dispositivo de fixa\u00e7\u00e3o de la\u00e7os tridimensionais (n\u00famero de patente ZL20253001.2), \u00e9 poss\u00edvel formar rapidamente uma forma de la\u00e7o 3D completa, com uma altura de n\u00f3 de 4 cm, e o impacto visual \u00e9 aumentado em 60%.<\/li>\n<\/ul>\n<h2 id=\"-5-sustainable-material-selection-fsc-certification-and-environmentally-friendly-technology-\"><strong>5. Sele\u00e7\u00e3o de materiais sustent\u00e1veis: Certifica\u00e7\u00e3o FSC e tecnologia amiga do ambiente<\/strong><\/h2>\n<ul>\n<li><strong>Material de base<\/strong>: 100% cart\u00e3o branco com certifica\u00e7\u00e3o FSC, 90% brancura e passou no teste de odor de qualidade alimentar alem\u00e3o LFGB, sem risco de contamina\u00e7\u00e3o quando em contacto com j\u00f3ias;<\/li>\n<li><strong>Revestimento<\/strong>: \u00c9 utilizado um verniz ecol\u00f3gico \u00e0 base de \u00e1gua, com um brilho de 85GU (norma ISO 8254-1), que permite a impress\u00e3o UV inversa sem fissuras;<\/li>\n<li><strong>Reciclagem<\/strong>: O corpo do saco pode ser completamente desmontado em tr\u00eas componentes: papel, pl\u00e1stico e metal, apoiando a reciclagem da classifica\u00e7\u00e3o comunit\u00e1ria, e a pegada de carbono \u00e9 reduzida em 37% em compara\u00e7\u00e3o com as embalagens tradicionais.<\/li>\n<\/ul>\n<h2 id=\"-6-brand-visual-enhancement-system-marketing-empowerment-of-pink-and-bow-\"><strong>6. Sistema de valoriza\u00e7\u00e3o visual da marca: Capacita\u00e7\u00e3o de marketing do rosa e do la\u00e7o<\/strong><\/h2>\n<ul>\n<li><strong>Estrat\u00e9gia de cores<\/strong>: A cor principal \u00e9 o Pantone 13-2807TPX (rosa mate suave). O teste de solidez da cor mostra que a diferen\u00e7a de cor \u0394E\u22641,2 ap\u00f3s 6 meses de exposi\u00e7\u00e3o \u00e0 luz, e o revestimento perolado apresenta uma textura de veludo gradiente;<\/li>\n<li><strong>Configura\u00e7\u00e3o da proa<\/strong>: A fita cont\u00e9m seda de amora 32% e a largura foi concebida de acordo com o r\u00e1cio da sequ\u00eancia de Fibonacci (25mm:15mm:9mm). O corpo tem um esqueleto de fio de a\u00e7o com mem\u00f3ria incorporado, que pode manter a forma tridimensional durante 72 horas sem deforma\u00e7\u00e3o;<\/li>\n<li><strong>Exposi\u00e7\u00e3o da marca<\/strong>: A parte lateral do saco est\u00e1 reservada para ranhuras de estampagem a quente, suporta a grava\u00e7\u00e3o a laser de log\u00f3tipos de marcas (precis\u00e3o de 0,1 mm) e uma \u00e1rea de chip NFC invis\u00edvel est\u00e1 colocada na parte de tr\u00e1s, que pode saltar para a aplica\u00e7\u00e3o da marca tocando-lhe.<\/li>\n<\/ul>\n<h2 id=\"-technical-parameters-\"><strong>Par\u00e2metros t\u00e9cnicos<\/strong><\/h2>\n<table>\n<thead>\n<tr>\n<th>Projeto<\/th>\n<th>\u00cdndice<\/th>\n<th>Norma de ensaio<\/th>\n<\/tr>\n<\/thead>\n<tbody>\n<tr>\n<td>Capacidade de carga<\/td>\n<td>3,2 kg (est\u00e1tico)\/2,5 kg (din\u00e2mico)<\/td>\n<td>ASTM D5276<\/td>\n<\/tr>\n<tr>\n<td>Vida \u00fatil de abertura e fecho<\/td>\n<td>\u2265500 vezes<\/td>\n<td>GB\/T 2679.7<\/td>\n<\/tr>\n<tr>\n<td>Solidez da cor<\/td>\n<td>Grau 4-5 (ligeiro)<\/td>\n<td>ISO 105-B02<\/td>\n<\/tr>\n<tr>\n<td>Certifica\u00e7\u00e3o ambiental<\/td>\n<td>FSC, LFGB, REACH<\/td>\n<td>Relat\u00f3rio de ensaio de terceiros<\/td>\n<\/tr>\n<\/tbody>\n<\/table>","protected":false},"excerpt":{"rendered":"<p>Este saco de oferta de papel utiliza o cor-de-rosa como cor principal e est\u00e1 equipado com um la\u00e7o de fita para criar um efeito tridimensional completo. \u00c9 acompanhado por pegas duplas de corda para combinar o car\u00e1cter pr\u00e1tico com a est\u00e9tica art\u00edstica. A estrutura sim\u00e9trica garante uma for\u00e7a uniforme e pode suportar de forma est\u00e1vel produtos de joalharia de elevado valor.<\/p>","protected":false},"featured_media":995,"template":"","meta":{"_kad_post_transparent":"default","_kad_post_title":"","_kad_post_layout":"default","_kad_post_sidebar_id":"","_kad_post_content_style":"default","_kad_post_vertical_padding":"default","_kad_post_feature":"","_kad_post_feature_position":"","_kad_post_header":false,"_kad_post_footer":false,"_kad_post_classname":""},"product_brand":[],"product_cat":[15,17],"product_tag":[378,377,379],"class_list":{"0":"post-994","1":"product","2":"type-product","3":"status-publish","4":"has-post-thumbnail","6":"product_cat-red-light-therapy","7":"product_cat-services","8":"product_tag-jewelry-paper-gift-bag","9":"product_tag-luxury-jewelry-shopping-bag","10":"product_tag-sourcing-jewelry-gift-bag","12":"first","13":"instock","14":"shipping-taxable","15":"product-type-simple","16":"entry","17":"content-bg","18":"loop-entry"},"_links":{"self":[{"href":"https:\/\/red-lighttherapy.com\/pt_pt\/wp-json\/wp\/v2\/product\/994","targetHints":{"allow":["GET"]}}],"collection":[{"href":"https:\/\/red-lighttherapy.com\/pt_pt\/wp-json\/wp\/v2\/product"}],"about":[{"href":"https:\/\/red-lighttherapy.com\/pt_pt\/wp-json\/wp\/v2\/types\/product"}],"wp:featuredmedia":[{"embeddable":true,"href":"https:\/\/red-lighttherapy.com\/pt_pt\/wp-json\/wp\/v2\/media\/995"}],"wp:attachment":[{"href":"https:\/\/red-lighttherapy.com\/pt_pt\/wp-json\/wp\/v2\/media?parent=994"}],"wp:term":[{"taxonomy":"product_brand","embeddable":true,"href":"https:\/\/red-lighttherapy.com\/pt_pt\/wp-json\/wp\/v2\/product_brand?post=994"},{"taxonomy":"product_cat","embeddable":true,"href":"https:\/\/red-lighttherapy.com\/pt_pt\/wp-json\/wp\/v2\/product_cat?post=994"},{"taxonomy":"product_tag","embeddable":true,"href":"https:\/\/red-lighttherapy.com\/pt_pt\/wp-json\/wp\/v2\/product_tag?post=994"}],"curies":[{"name":"wp","href":"https:\/\/api.w.org\/{rel}","templated":true}]}}