{"id":988,"date":"2025-04-16T01:18:51","date_gmt":"2025-04-16T01:18:51","guid":{"rendered":"https:\/\/red-lighttherapy.com\/?post_type=product&#038;p=988"},"modified":"2025-04-20T06:05:30","modified_gmt":"2025-04-20T06:05:30","slug":"luxury-paper-gift-bags-for-cosmetics-perfume-distributors","status":"publish","type":"product","link":"https:\/\/red-lighttherapy.com\/pt_pt\/luxury-paper-gift-bags-for-cosmetics-perfume-distributors\/","title":{"rendered":"Sacos de oferta de papel de luxo para distribuidores de cosm\u00e9ticos e perfumes"},"content":{"rendered":"<h2 id=\"-product-description-of-high-end-perfume-gift-bag-\"><strong>Descri\u00e7\u00e3o do produto de Saco de papel para presente de cosm\u00e9ticos de alta qualidade para perfumes<\/strong><\/h2>\n<h2 id=\"-1-double-strand-twisted-cotton-rope-handle-tensile-strength-and-ergonomic-design-\"><strong>1. Cabo de corda de algod\u00e3o torcido de fio duplo: resist\u00eancia \u00e0 tra\u00e7\u00e3o e design ergon\u00f3mico<\/strong><\/h2>\n<p>Adotar\u00a0<strong>processo de tor\u00e7\u00e3o de corda de algod\u00e3o de alta densidade de fio duplo<\/strong>A corda \u00e9 tratada com um fio de fibra, atrav\u00e9s do entrela\u00e7amento de v\u00e1rios fios de fibras para melhorar a resist\u00eancia \u00e0 tra\u00e7\u00e3o (pode suportar \u226510kg), enquanto otimiza a sensa\u00e7\u00e3o de ader\u00eancia. A superf\u00edcie da corda \u00e9 tratada com antiderrapante, combinada com a medi\u00e7\u00e3o precisa do di\u00e2metro e do arco, para garantir que a press\u00e3o da palma da m\u00e3o seja distribu\u00edda uniformemente e n\u00e3o haja nenhuma marca na ader\u00eancia a longo prazo. As duas extremidades da corda de algod\u00e3o s\u00e3o fixadas com uma estrutura de fivela em ferradura, com um design de rebite refor\u00e7ado para evitar o risco de queda.<\/p>\n<h2 id=\"-2-artistic-visual-rhythm-geometric-relief-pattern-design-\"><strong>2. Ritmo visual art\u00edstico: desenho de padr\u00f5es geom\u00e9tricos em relevo<\/strong><\/h2>\n<p>O visual principal do corpo do saco utiliza\u00a0<strong>padr\u00e3o geom\u00e9trico fluido em relevo<\/strong>e o processo de grava\u00e7\u00e3o tridimensional apresenta uma textura ondulada com profundidades e profundidades alternadas. O padr\u00e3o \u00e9 inspirado na trajet\u00f3ria de movimento das mol\u00e9culas de perfume, combinado com o processo de revestimento mate, e forma-se um ritmo visual din\u00e2mico sob a refra\u00e7\u00e3o da luz e da sombra, refor\u00e7ando a tonalidade art\u00edstica da marca. O lado \u00e9 complementado com um processo de borr\u00e3o gradiente para ligar o padr\u00e3o principal e a \u00e1rea em branco, reflectindo o equil\u00edbrio est\u00e9tico topo de gama.<\/p>\n<h2 id=\"-3-brand-logo-enhancement-dark-blue-base-and-hot-stamping-process-\"><strong>3. Realce do log\u00f3tipo da marca: base azul escura e processo de estampagem a quente<\/strong><\/h2>\n<p>O principal\u00a0<strong>modelo azul marinho profundo<\/strong>\u00a0adopta o n\u00famero de cor cl\u00e1ssico de Pantone 19-4052, com um log\u00f3tipo central da marca em estampagem a quente. Atrav\u00e9s de\u00a0<strong>Tecnologia de estampagem a frio importada da Alemanha<\/strong>A precis\u00e3o de 0,1 mm na restaura\u00e7\u00e3o da linha \u00e9 conseguida, e a espessura da camada de folha met\u00e1lica atinge os 12\u03bcm, formando um forte contraste visual na superf\u00edcie mate do saco. De acordo com testes laboratoriais, a camada de estampagem a quente n\u00e3o caiu ap\u00f3s 5.000 fric\u00e7\u00f5es, cumprindo os padr\u00f5es de durabilidade de luxo.<\/p>\n<h2 id=\"-4-hidden-triangular-support-structure-no-load-shape-management-\"><strong>4. Estrutura de suporte triangular oculta: gest\u00e3o da forma sem carga<\/strong><\/h2>\n<p>Inovador incorporado\u00a0<strong>sistema de revestimento triangular dobr\u00e1vel<\/strong>O saco \u00e9 cortado a laser em cart\u00e3o cinzento com 1,2 mm de espessura. Quando vazio, desdobra-se automaticamente para formar uma estrutura de suporte de prisma triangular para manter a forma reta do saco; ap\u00f3s o carregamento, encolhe de forma adaptada ao conte\u00fado. O bordo do forro \u00e9 pr\u00e9-enterrado com ranhuras de encaixe sem cola. Depois de os consumidores o retirarem, podem voltar a ser montados numa caixa de arruma\u00e7\u00e3o de secret\u00e1ria atrav\u00e9s de fivelas para obter uma embalagem secund\u00e1ria.<\/p>\n<h2 id=\"-5-fsc-certified-environmentally-friendly-material-system-\"><strong>5. Sistema de materiais amigos do ambiente com certifica\u00e7\u00e3o FSC<\/strong><\/h2>\n<p>O corpo principal \u00e9 feito de\u00a0<strong>Cart\u00e3o branco com certifica\u00e7\u00e3o FSC Mix<\/strong>\u00a0(quantidade 300g \/ \u33a1, espessura 0,4 mm), e a superf\u00edcie \u00e9 coberta com revestimento \u00e0 base de \u00e1gua \u00e0 base de plantas, que passou no teste SGS e atingiu os padr\u00f5es de seguran\u00e7a de contato com alimentos. O forro \u00e9 feito de filme sint\u00e9tico de amido de milho degrad\u00e1vel, e o ciclo de degrada\u00e7\u00e3o de todo o saco \u00e9 \u2264180 dias, e a pegada de carbono \u00e9 reduzida em 42% em compara\u00e7\u00e3o com a embalagem tradicional.<\/p>\n<h2 id=\"-6-magnetic-safety-closure-system-\"><strong>6. Sistema magn\u00e9tico de fecho de seguran\u00e7a<\/strong><\/h2>\n<p>A capota est\u00e1 equipada com\u00a0<strong>Grupo de bot\u00f5es magn\u00e9ticos NdFeB<\/strong>e a for\u00e7a de fecho \u00e9 optimizada para 0,8N-m por simula\u00e7\u00e3o mec\u00e2nica ANSYS. O design de arranjo escalonado de p\u00f3lo magn\u00e9tico duplo alcan\u00e7a um alinhamento preciso, e o teste de vibra\u00e7\u00e3o de transporte mostra que o decaimento da for\u00e7a magn\u00e9tica \u00e9 inferior a 3% ap\u00f3s 10.000 aberturas e fechamentos. A parte de abertura e fecho \u00e9 pr\u00e9-enterrada com um forro de veludo anti-riscos para proteger o frasco de cosm\u00e9ticos pintado.<\/p>\n<h2 id=\"-7-die-cutting-and-indentation-rapid-prototyping-technology-\"><strong>7. Tecnologia de prototipagem r\u00e1pida por corte e indenta\u00e7\u00e3o<\/strong><\/h2>\n<p>O\u00a0<strong>sistema digital de corte e vinco<\/strong>\u00a0\u00e9 utilizado para completar a indenta\u00e7\u00e3o precisa da ranhura em V a 85\u00b0, complementada pela marca guia da linha de pr\u00e9-dobragem. O pessoal do distribuidor pode completar a modela\u00e7\u00e3o tridimensional do saco em 30 segundos, reduzindo os custos de m\u00e3o de obra em 60%. \u00c9 fornecido um guia de transforma\u00e7\u00e3o \"fa\u00e7a voc\u00ea mesmo\". Depois de os consumidores guardarem o saco, podem convert\u00ea-lo numa caixa de armazenamento de j\u00f3ias com seis grelhas dobrando as linhas pr\u00e9-cortadas, prolongando o ciclo de vida da embalagem.<\/p>","protected":false},"excerpt":{"rendered":"<p>Este saco de oferta de papel azul escuro tem um log\u00f3tipo dourado estampado a quente no centro da frente para melhorar a mem\u00f3ria da marca. A corda de algod\u00e3o de tor\u00e7\u00e3o dupla melhora a resist\u00eancia \u00e0 tra\u00e7\u00e3o e garante que a press\u00e3o da palma da m\u00e3o \u00e9 distribu\u00edda uniformemente durante o transporte. \u00c9 um saco de papel especial de alta qualidade para cosm\u00e9ticos e perfumes.<\/p>","protected":false},"featured_media":989,"template":"","meta":{"_kad_post_transparent":"default","_kad_post_title":"","_kad_post_layout":"default","_kad_post_sidebar_id":"","_kad_post_content_style":"default","_kad_post_vertical_padding":"default","_kad_post_feature":"","_kad_post_feature_position":"","_kad_post_header":false,"_kad_post_footer":false,"_kad_post_classname":""},"product_brand":[],"product_cat":[15,28,17],"product_tag":[376,374,375],"class_list":{"0":"post-988","1":"product","2":"type-product","3":"status-publish","4":"has-post-thumbnail","6":"product_cat-red-light-therapy","7":"product_cat-customize","8":"product_cat-services","9":"product_tag-luxury-cosmetics-perfume-gift-bags","10":"product_tag-paper-gift-bags-for-cosmetics","11":"product_tag-perfume-shopping-bags","13":"first","14":"instock","15":"shipping-taxable","16":"product-type-simple","17":"entry","18":"content-bg","19":"loop-entry"},"_links":{"self":[{"href":"https:\/\/red-lighttherapy.com\/pt_pt\/wp-json\/wp\/v2\/product\/988","targetHints":{"allow":["GET"]}}],"collection":[{"href":"https:\/\/red-lighttherapy.com\/pt_pt\/wp-json\/wp\/v2\/product"}],"about":[{"href":"https:\/\/red-lighttherapy.com\/pt_pt\/wp-json\/wp\/v2\/types\/product"}],"wp:featuredmedia":[{"embeddable":true,"href":"https:\/\/red-lighttherapy.com\/pt_pt\/wp-json\/wp\/v2\/media\/989"}],"wp:attachment":[{"href":"https:\/\/red-lighttherapy.com\/pt_pt\/wp-json\/wp\/v2\/media?parent=988"}],"wp:term":[{"taxonomy":"product_brand","embeddable":true,"href":"https:\/\/red-lighttherapy.com\/pt_pt\/wp-json\/wp\/v2\/product_brand?post=988"},{"taxonomy":"product_cat","embeddable":true,"href":"https:\/\/red-lighttherapy.com\/pt_pt\/wp-json\/wp\/v2\/product_cat?post=988"},{"taxonomy":"product_tag","embeddable":true,"href":"https:\/\/red-lighttherapy.com\/pt_pt\/wp-json\/wp\/v2\/product_tag?post=988"}],"curies":[{"name":"wp","href":"https:\/\/api.w.org\/{rel}","templated":true}]}}