{"id":982,"date":"2025-04-15T15:56:27","date_gmt":"2025-04-15T15:56:27","guid":{"rendered":"https:\/\/red-lighttherapy.com\/?post_type=product&#038;p=982"},"modified":"2025-04-15T16:12:20","modified_gmt":"2025-04-15T16:12:20","slug":"custom-child-proof-5-pre-roll-drawer-box-divider-boxes-consultant","status":"publish","type":"product","link":"https:\/\/red-lighttherapy.com\/pt_pt\/custom-child-proof-5-pre-roll-drawer-box-divider-boxes-consultant\/","title":{"rendered":"Caixa de gavetas com 5 pr\u00e9-rolos \u00e0 prova de crian\u00e7as personalizada Caixas divis\u00f3rias Consultor"},"content":{"rendered":"<h3 id=\"-1-core-product-positioning-\"><strong>1. Posicionamento do produto principal<\/strong><\/h3>\n<p>Especialmente concebido para derivados de can\u00e1bis (CBD\/THC\/Pr\u00e9-roll, etc.) Solu\u00e7\u00f5es de embalagem de alta seguran\u00e7a e alta funcionalidade para satisfazer as seguintes necessidades:<\/p>\n<p>-\u00a0<strong>Certifica\u00e7\u00e3o de seguran\u00e7a para crian\u00e7as<\/strong>: Em conformidade com as normas internacionais de seguran\u00e7a para crian\u00e7as (tais como ASTM D4253, CPSC 16 CFR Part 1700), atrav\u00e9s do design da estrutura resistente \u00e0 compress\u00e3o e anti-abertura, para garantir que as crian\u00e7as com menos de 5 anos n\u00e3o possam abrir acidentalmente.<\/p>\n<p>-\u00a0<strong>Sistema de divis\u00f3rias de pr\u00e9-enrolamento<\/strong>: Camada divis\u00f3ria ajust\u00e1vel incorporada, adequada para pr\u00e9-rolos, colof\u00f3nia viva e outros produtos em rolo de diferentes tamanhos, para evitar aban\u00f5es e danos durante o transporte.<\/p>\n<p>-\u00a0<strong>Otimiza\u00e7\u00e3o do marketing visual<\/strong>: Atrav\u00e9s da combina\u00e7\u00e3o de materiais e processos, criar uma apar\u00eancia moderna que satisfa\u00e7a o grupo de consumidores jovens, evitando o risco de log\u00f3tipos sens\u00edveis.<\/p>\n<h3 id=\"-2-customized-box-solution-\"><strong>2. Solu\u00e7\u00e3o de caixa personalizada<\/strong><\/h3>\n<table>\n<thead>\n<tr>\n<th>Tipo de caixa<\/th>\n<th>Carater\u00edsticas funcionais<\/th>\n<th>Caso de cen\u00e1rio aplic\u00e1vel<\/th>\n<\/tr>\n<\/thead>\n<tbody>\n<tr>\n<td><strong>Caixa de gavetas r\u00edgida resistente \u00e0s crian\u00e7as<\/strong><\/td>\n<td>Estrutura de bloqueio de camada dupla (suc\u00e7\u00e3o magn\u00e9tica + fivela), \u00e9 necess\u00e1ria uma opera\u00e7\u00e3o com duas m\u00e3os para abrir; a calha deslizante da gaveta tem um amortecedor incorporado<\/td>\n<td>Produtos de elevado valor, como o \u00f3leo de THC de alta qualidade, a ess\u00eancia de CBD, etc.<\/td>\n<\/tr>\n<tr>\n<td><strong>Caixa magn\u00e9tica dobr\u00e1vel<\/strong><\/td>\n<td>Design dobr\u00e1vel para poupar espa\u00e7o de arruma\u00e7\u00e3o, aba de suc\u00e7\u00e3o magn\u00e9tica com fecho oculto<\/td>\n<td>Caixa de oferta multi-pack port\u00e1til Pre-roll<\/td>\n<\/tr>\n<tr>\n<td><strong>Caixa com dobradi\u00e7a resistente a crian\u00e7as<\/strong><\/td>\n<td>Aba prensada a quente, fivela integrada de seguran\u00e7a para crian\u00e7as na dobradi\u00e7a, a abertura e o fecho requerem for\u00e7a num \u00e2ngulo espec\u00edfico<\/td>\n<td>Caixa de embalagem de c\u00e1psulas de CBD de grande capacidade<\/td>\n<\/tr>\n<tr>\n<td><strong>Gaveta para papel de arte personaliz\u00e1vel<\/strong><\/td>\n<td>Utilizando papel de arte de 350 grs + grava\u00e7\u00e3o UV parcial, a camada de separa\u00e7\u00e3o pode ser gravada a laser com o LOGOTIPO da marca<\/td>\n<td>Produtos de linha topo de gama para adultos<\/td>\n<\/tr>\n<\/tbody>\n<\/table>\n<h3 id=\"-3-innovative-combination-of-materials-and-processes-\"><strong>3. Combina\u00e7\u00e3o inovadora de materiais e processos<\/strong><\/h3>\n<p><strong>Sele\u00e7\u00e3o segura de materiais<\/strong>\u00a0-\u00a0<strong>Camada de prote\u00e7\u00e3o b\u00e1sica<\/strong>: Cart\u00e3o r\u00edgido cinzento (3 mm de espessura) + fecho de metal \u00e0 prova de crian\u00e7as<\/p>\n<p>- <strong>Camada de melhoramento visual<\/strong>: Papel hologr\u00e1fico (efeito de mudan\u00e7a de cor a laser) ou estampagem de folha de ouro (processo de estampagem a quente)<\/p>\n<p>-\u00a0<strong>Op\u00e7\u00e3o de prote\u00e7\u00e3o ambiental<\/strong>: material PLA biodegrad\u00e1vel (requer um ciclo de produ\u00e7\u00e3o adicional de 30 dias)<\/p>\n<p><strong>Solu\u00e7\u00e3o de sobreposi\u00e7\u00e3o de processos<br \/>\n<\/strong><\/p>\n<p>Exemplo: Separador de pr\u00e9-rolos \u00e0 prova de crian\u00e7as<\/p>\n<p>1. substrato: Papel de arte 400gsm (superf\u00edcie mate)<\/p>\n<p>2.Impress\u00e3o: Pantone 802C (cor de aviso) + sobreimpress\u00e3o de alta precis\u00e3o CMYK a 6 cores<\/p>\n<p>3.Prote\u00e7\u00e3o: Revestimento UV pontual em \u00e1reas-chave (anti-riscos)<\/p>\n<p>4. estrutura: divis\u00f3ria de espuma EVA incorporada, adequada para especifica\u00e7\u00f5es de 5 di\u00e2metros de rolo<\/p>\n<p>5.Fechadura: fechadura magn\u00e9tica oculta (requer 2 kg de for\u00e7a de tra\u00e7\u00e3o para abrir)<code class=\"lang-plaintext\"><br \/>\n<\/code><\/p>\n<h3 id=\"-4-cost-optimization-and-delivery-process-\"><strong>4. Otimiza\u00e7\u00e3o de custos e processo de entrega<\/strong><\/h3>\n<p>-\u00a0<strong>Vantagens da expedi\u00e7\u00e3o pr\u00e9-formada<\/strong>:<\/p>\n<p>- Sistema de divis\u00f3rias pr\u00e9-instalado na f\u00e1brica, os clientes s\u00f3 precisam de encher o produto (poupando 70% de tempo de embalagem manual)<\/p>\n<p>- Fornecer modelos de parti\u00e7\u00e3o normalizados (por exemplo, 1,5g\/3,0g Ranhura para cart\u00e3o dedicada ao pr\u00e9-rolamento)<\/p>\n<p>-\u00a0<strong>Servi\u00e7o de prova r\u00e1pida<\/strong>: - Fornecer representa\u00e7\u00f5es em 3D no prazo de 72 horas - Concluir a produ\u00e7\u00e3o da primeira encomenda em 15 dias (incluindo a certifica\u00e7\u00e3o de embalagem de qualidade alimentar da FDA)<\/p>\n<h3 id=\"-5-market-trend-insights-\"><strong>5. An\u00e1lise das tend\u00eancias do mercado<\/strong><\/h3>\n<p>-\u00a0<strong>Tend\u00eancias das embalagens em 2025<\/strong>:<\/p>\n<p>- Design emocional: Melhorar a experi\u00eancia interactiva atrav\u00e9s de tinta sens\u00edvel \u00e0 temperatura (mudan\u00e7a de cor ao toque)<\/p>\n<p>- Prote\u00e7\u00e3o inteligente: Chip NFC integrado para verifica\u00e7\u00e3o anti-contrafa\u00e7\u00e3o (custo adicional de $0,8\/unidade)<\/p>\n<p>- Embalagens sustent\u00e1veis: A taxa de utiliza\u00e7\u00e3o de materiais certificados pelo FSC aumentou para 65%<\/p>\n<h3 id=\"-6-design-team-service-\"><strong>6. Servi\u00e7o da equipa de conce\u00e7\u00e3o<\/strong><\/h3>\n<p>-\u00a0<strong>Fase de an\u00e1lise de requisitos<\/strong>: Fornecer a \"Lista de controlo da conformidade das embalagens de cannabis\" (incluindo 12 indicadores de seguran\u00e7a para crian\u00e7as)<\/p>\n<p>-\u00a0<strong>Fase de conce\u00e7\u00e3o<\/strong>: Produ\u00e7\u00e3o de 3 conjuntos de esquemas de estilo (estilo de tecnologia minimalista\/estilo de farm\u00e1cia retro\/estilo de planta natural)<\/p>\n<p>-\u00a0<strong>Apoio \u00e0 produ\u00e7\u00e3o em massa<\/strong>: Fornecer diagrama de desmontagem da embalagem e tutorial de enchimento (incluindo demonstra\u00e7\u00e3o em v\u00eddeo)<\/p>","protected":false},"excerpt":{"rendered":"<p>Caixa divis\u00f3ria para gavetas de pr\u00e9-rolos \u00e0 prova de crian\u00e7as Caixa divis\u00f3ria para gavetas de pr\u00e9-rolos \u00e0 prova de crian\u00e7as Descri\u00e7\u00e3o do servi\u00e7o de consultoria personalizado Com base em 16 anos de experi\u00eancia na ind\u00fastria de embalagens de cannabis, combinada com a seguran\u00e7a infantil e o design est\u00e9tico<\/p>","protected":false},"featured_media":986,"template":"","meta":{"_kad_post_transparent":"default","_kad_post_title":"","_kad_post_layout":"default","_kad_post_sidebar_id":"","_kad_post_content_style":"default","_kad_post_vertical_padding":"default","_kad_post_feature":"","_kad_post_feature_position":"","_kad_post_header":false,"_kad_post_footer":false,"_kad_post_classname":""},"product_brand":[],"product_cat":[15,40,17],"product_tag":[368,369,370],"class_list":{"0":"post-982","1":"product","2":"type-product","3":"status-publish","4":"has-post-thumbnail","6":"product_cat-red-light-therapy","7":"product_cat-red-light-therapy-panel","8":"product_cat-services","9":"product_tag-5-pre-roll-drawer-box","10":"product_tag-boxes-consultant","11":"product_tag-custom-child-proof-drawer-box","13":"first","14":"instock","15":"shipping-taxable","16":"product-type-simple","17":"entry","18":"content-bg","19":"loop-entry"},"_links":{"self":[{"href":"https:\/\/red-lighttherapy.com\/pt_pt\/wp-json\/wp\/v2\/product\/982","targetHints":{"allow":["GET"]}}],"collection":[{"href":"https:\/\/red-lighttherapy.com\/pt_pt\/wp-json\/wp\/v2\/product"}],"about":[{"href":"https:\/\/red-lighttherapy.com\/pt_pt\/wp-json\/wp\/v2\/types\/product"}],"wp:featuredmedia":[{"embeddable":true,"href":"https:\/\/red-lighttherapy.com\/pt_pt\/wp-json\/wp\/v2\/media\/986"}],"wp:attachment":[{"href":"https:\/\/red-lighttherapy.com\/pt_pt\/wp-json\/wp\/v2\/media?parent=982"}],"wp:term":[{"taxonomy":"product_brand","embeddable":true,"href":"https:\/\/red-lighttherapy.com\/pt_pt\/wp-json\/wp\/v2\/product_brand?post=982"},{"taxonomy":"product_cat","embeddable":true,"href":"https:\/\/red-lighttherapy.com\/pt_pt\/wp-json\/wp\/v2\/product_cat?post=982"},{"taxonomy":"product_tag","embeddable":true,"href":"https:\/\/red-lighttherapy.com\/pt_pt\/wp-json\/wp\/v2\/product_tag?post=982"}],"curies":[{"name":"wp","href":"https:\/\/api.w.org\/{rel}","templated":true}]}}