{"id":975,"date":"2025-04-15T15:41:40","date_gmt":"2025-04-15T15:41:40","guid":{"rendered":"https:\/\/red-lighttherapy.com\/?post_type=product&#038;p=975"},"modified":"2025-04-15T15:55:15","modified_gmt":"2025-04-15T15:55:15","slug":"customized-slider-child-resistant-box-rigid-boxes-wholesale","status":"publish","type":"product","link":"https:\/\/red-lighttherapy.com\/pt_pt\/customized-slider-child-resistant-box-rigid-boxes-wholesale\/","title":{"rendered":"Caixa deslizante personalizada resistente a crian\u00e7as Caixas r\u00edgidas por atacado"},"content":{"rendered":"<h3 id=\"-1-box-design-flexible-push-pull-pull-out-structure-suitable-for-multiple-scenarios-\"><strong>1. Conce\u00e7\u00e3o da caixa: estrutura flex\u00edvel push-pull\/pull-out, adequada para v\u00e1rios cen\u00e1rios<\/strong><\/h3>\n<p>Este produto adopta\u00a0<strong>tipo de caixa de modo duplo push-pull ou pull-out<\/strong>A caixa de papel\u00e3o \u00e9 feita de papel de parede, tendo em conta a divers\u00e3o e o car\u00e1cter pr\u00e1tico. O tamanho da caixa pode ser personalizado de acordo com as necessidades do cliente, e o papel de superf\u00edcie \u00e9 impresso com\u00a0<strong>papel liso de alto brilho<\/strong>e combinados com\u00a0<strong>processo de colagem de cart\u00e3o espessado<\/strong>\u00a0para garantir a resist\u00eancia \u00e0 compress\u00e3o, a resist\u00eancia ao desgaste e a textura visual. O design da estrutura push-pull cumpre as normas de prote\u00e7\u00e3o das crian\u00e7as (consulte os requisitos da FDA e as normas nacionais para o CRP) e, ao mesmo tempo, melhora a facilidade de utiliza\u00e7\u00e3o atrav\u00e9s de uma experi\u00eancia de abertura e fecho suave.<\/p>\n<h3 id=\"-2-brand-logo-technology-uv-hot-stamping-enhances-visual-impact-\"><strong>2. Tecnologia do log\u00f3tipo da marca: A estampagem UV\/quente aumenta o impacto visual<\/strong><\/h3>\n<p>O texto e os padr\u00f5es podem utilizar\u00a0<strong>Estampagem tridimensional UV, estampagem a quente, estampagem a quente em relevo<\/strong>\u00a0e outros processos para real\u00e7ar o tom da marca atrav\u00e9s da textura met\u00e1lica e dos efeitos de alto brilho. Por exemplo, o processo UV pode criar um contraste entre a luz mate e a luz brilhante, e o processo de estampagem a quente d\u00e1 ao LOGOTIPO uma sensa\u00e7\u00e3o de luxo, o que \u00e9 adequado \u00e0s necessidades das marcas de cigarros electr\u00f3nicos topo de gama.<\/p>\n<h3 id=\"-3-touch-optimization-soft-touch-coated-paper-improves-user-experience-\"><strong>3. Otimiza\u00e7\u00e3o do toque: o papel revestido de toque suave melhora a experi\u00eancia do utilizador<\/strong><\/h3>\n<p>As camadas de papel interior e exterior s\u00e3o feitas de\u00a0<strong>tecnologia de revestimento de toque suave<\/strong>que \u00e9 t\u00e3o delicado como a seda e se adapta \u00e0 mem\u00f3ria t\u00e1til das pontas dos dedos dos consumidores. Este design n\u00e3o s\u00f3 melhora a sensa\u00e7\u00e3o de cerim\u00f3nia de desembalagem, como tamb\u00e9m refor\u00e7a o reconhecimento da marca atrav\u00e9s de um feedback t\u00e1til diferenciado, especialmente adequado para produtos de cigarros electr\u00f3nicos que se centram na experi\u00eancia do utilizador.<\/p>\n<h3 id=\"-4-fusion-of-natural-elements-sea-water-droplet-theme-design-\"><strong>4. Fus\u00e3o de elementos naturais: desenho de tema de got\u00edculas de \u00e1gua do mar<\/strong><\/h3>\n<p>A superf\u00edcie da caixa incorpora\u00a0<strong>gotas de \u00e1gua din\u00e2micas e entrela\u00e7amento de luz e sombra<\/strong>\u00a0e simula o fluxo de got\u00edculas de \u00e1gua atrav\u00e9s de impress\u00e3o gradiente, tecnologia de pel\u00edcula parcial UV ou laser, transmitindo o conceito de prote\u00e7\u00e3o ambiental e pureza da marca. Este design pode ser adaptado a temas como a prote\u00e7\u00e3o marinha e a vida saud\u00e1vel, o que est\u00e1 em sintonia com a tend\u00eancia da ind\u00fastria dos cigarros electr\u00f3nicos para uma dire\u00e7\u00e3o amiga da natureza.<\/p>\n<h3 id=\"-5-holiday-theme-customization-seasonal-elements-enhance-marketing-value-\"><strong>5. Personaliza\u00e7\u00e3o do tema das f\u00e9rias: os elementos sazonais aumentam o valor de marketing<\/strong><\/h3>\n<p>Apoio\u00a0<strong>Flocos de neve de Natal, lanternas para o Festival da primavera, cora\u00e7\u00f5es para o Dia dos Namorados<\/strong>\u00a0e outras personaliza\u00e7\u00f5es de temas festivos, e conseguir uma substitui\u00e7\u00e3o r\u00e1pida atrav\u00e9s de inser\u00e7\u00f5es substitu\u00edveis, estampagem a laser a quente ou impress\u00e3o parcial a cores. Por exemplo, o modelo de Natal pode ser combinado com flocos de neve tridimensionais em relevo e fundo vermelho gradiente, enquanto o modelo do Festival da primavera incorpora lanternas estampadas a quente e padr\u00f5es de nuvens auspiciosas para melhorar os atributos dos presentes de Natal.<\/p>\n<h3 id=\"-6-r-d-strength-innovative-ability-to-keep-up-with-industry-trends-\"><strong>6. For\u00e7a de I&amp;D: capacidade de inova\u00e7\u00e3o para acompanhar as tend\u00eancias do sector<\/strong><\/h3>\n<p>A equipa \u00e9 composta por\u00a0<strong>especialistas em conce\u00e7\u00e3o de embalagens com mais de 16 anos de experi\u00eancia<\/strong>que estudam profundamente as tend\u00eancias da ind\u00fastria dos cigarros electr\u00f3nicos, como a estrutura de abertura \u00e0 prova de crian\u00e7as e a aplica\u00e7\u00e3o de materiais amigos do ambiente. A r\u00e1pida itera\u00e7\u00e3o \u00e9 conseguida atrav\u00e9s de um design modular, como a atualiza\u00e7\u00e3o da tradicional tampa superior e inferior para uma fivela magn\u00e9tica oculta, tendo em conta tanto a seguran\u00e7a como o sentido tecnol\u00f3gico.<\/p>\n<h3 id=\"-7-industry-cooperation-mature-supply-chain-and-reputation-guarantee-\"><strong>7. Coopera\u00e7\u00e3o no sector: cadeia de abastecimento madura e garantia de reputa\u00e7\u00e3o<\/strong><\/h3>\n<p>Os clientes da cooperativa cobrem\u00a0<strong>RELX, MOTI, VAZO<\/strong>\u00a0e outras marcas l\u00edderes, fornecendo um servi\u00e7o \u00fanico desde a prova at\u00e9 \u00e0 produ\u00e7\u00e3o em massa.\u00a0<strong>Papel ecol\u00f3gico certificado pelo FSC<\/strong>\u00a0e o processo de produ\u00e7\u00e3o padr\u00e3o RoHS s\u00e3o utilizados para garantir a conformidade com os requisitos de inspe\u00e7\u00e3o de qualidade nacionais e estrangeiros. A personaliza\u00e7\u00e3o de pequenos lotes \u00e9 suportada (m\u00ednimo de 500 pe\u00e7as), e o ciclo de entrega \u00e9 encurtado para 12-15 dias.<\/p>","protected":false},"excerpt":{"rendered":"<p>Podemos fornecer<br \/>\n- Caixa de oferta de lan\u00e7amento de um novo produto de cigarro eletr\u00f3nico<br \/>\n- Promo\u00e7\u00e3o de f\u00e9rias pacote de edi\u00e7\u00e3o limitada<br \/>\n- Solu\u00e7\u00f5es de embalagem personalizadas para o com\u00e9rcio eletr\u00f3nico transfronteiri\u00e7o, etc.<\/p>","protected":false},"featured_media":981,"template":"","meta":{"_kad_post_transparent":"default","_kad_post_title":"","_kad_post_layout":"default","_kad_post_sidebar_id":"","_kad_post_content_style":"default","_kad_post_vertical_padding":"default","_kad_post_feature":"","_kad_post_feature_position":"","_kad_post_header":false,"_kad_post_footer":false,"_kad_post_classname":""},"product_brand":[],"product_cat":[15,40,17],"product_tag":[295,366,367],"class_list":{"0":"post-975","1":"product","2":"type-product","3":"status-publish","4":"has-post-thumbnail","6":"product_cat-red-light-therapy","7":"product_cat-red-light-therapy-panel","8":"product_cat-services","9":"product_tag-child-resistant-box","10":"product_tag-customized-slider-box","11":"product_tag-rigid-boxes-wholesale","13":"first","14":"instock","15":"shipping-taxable","16":"product-type-simple","17":"entry","18":"content-bg","19":"loop-entry"},"_links":{"self":[{"href":"https:\/\/red-lighttherapy.com\/pt_pt\/wp-json\/wp\/v2\/product\/975","targetHints":{"allow":["GET"]}}],"collection":[{"href":"https:\/\/red-lighttherapy.com\/pt_pt\/wp-json\/wp\/v2\/product"}],"about":[{"href":"https:\/\/red-lighttherapy.com\/pt_pt\/wp-json\/wp\/v2\/types\/product"}],"wp:featuredmedia":[{"embeddable":true,"href":"https:\/\/red-lighttherapy.com\/pt_pt\/wp-json\/wp\/v2\/media\/981"}],"wp:attachment":[{"href":"https:\/\/red-lighttherapy.com\/pt_pt\/wp-json\/wp\/v2\/media?parent=975"}],"wp:term":[{"taxonomy":"product_brand","embeddable":true,"href":"https:\/\/red-lighttherapy.com\/pt_pt\/wp-json\/wp\/v2\/product_brand?post=975"},{"taxonomy":"product_cat","embeddable":true,"href":"https:\/\/red-lighttherapy.com\/pt_pt\/wp-json\/wp\/v2\/product_cat?post=975"},{"taxonomy":"product_tag","embeddable":true,"href":"https:\/\/red-lighttherapy.com\/pt_pt\/wp-json\/wp\/v2\/product_tag?post=975"}],"curies":[{"name":"wp","href":"https:\/\/api.w.org\/{rel}","templated":true}]}}