{"id":964,"date":"2025-04-15T13:02:38","date_gmt":"2025-04-15T13:02:38","guid":{"rendered":"https:\/\/red-lighttherapy.com\/?post_type=product&#038;p=964"},"modified":"2025-04-15T16:32:49","modified_gmt":"2025-04-15T16:32:49","slug":"exporter-unique-marble-paper-shopping-gift-bag-for-hair-wigs","status":"publish","type":"product","link":"https:\/\/red-lighttherapy.com\/pt_pt\/exporter-unique-marble-paper-shopping-gift-bag-for-hair-wigs\/","title":{"rendered":"Exportador Saco de compras de papel de m\u00e1rmore exclusivo para perucas de cabelo"},"content":{"rendered":"<h2 id=\"-product-description-of-exporter-s-unique-marble-wig-special-eco-friendly-gift-bag-\"><strong>Descri\u00e7\u00e3o do produto do saco de oferta ecol\u00f3gico especial para peruca de m\u00e1rmore exclusivo do exportador<\/strong><\/h2>\n<h2 id=\"-i-core-environmental-protection-concept-fsc-certification-and-degradable-characteristics-\"><strong>1. Conceito central de prote\u00e7\u00e3o ambiental: Certifica\u00e7\u00e3o FSC e Carater\u00edsticas Degrad\u00e1veis<\/strong><\/h2>\n<p>Este produto \u00e9 fabricado com pasta de papel ecol\u00f3gica certificada pelo FSC e as mat\u00e9rias-primas s\u00e3o obtidas de florestas geridas de forma cont\u00ednua para garantir que a pegada ecol\u00f3gica \u00e9 inferior \u00e0 da fonte. A pasta \u00e9 fabricada atrav\u00e9s de um processo de produ\u00e7\u00e3o limpo e combinada com aditivos biodegrad\u00e1veis. Pode ser completamente decomposta em subst\u00e2ncias inofensivas num prazo de 6 a 12 meses no ambiente natural, evitando o problema de polui\u00e7\u00e3o dos pl\u00e1sticos tradicionais. O corpo do saco \u00e9 impresso com\u00a0<strong>tinta vegetal \u00e0 base de \u00e1gua<\/strong>que n\u00e3o \u00e9 t\u00f3xico e \u00e9 inofensivo, cumpre as normas de prote\u00e7\u00e3o ambiental REACH da UE e \u00e9 adequado para as necessidades de embalagem ecol\u00f3gica de produtos de peruca topo de gama.<\/p>\n<h2 id=\"-ii-innovative-process-die-cutting-creasing-and-flattening-design-\"><strong>2. Processo inovador: conce\u00e7\u00e3o de corte, vinco e achatamento<\/strong><\/h2>\n<ul>\n<li><strong>Processo de corte e vinco<\/strong>: A borda do saco \u00e9 cortada sem problemas atrav\u00e9s de um molde de faca de a\u00e7o de alta precis\u00e3o, combinado com um design de linha de pr\u00e9-crimpagem para garantir que o saco de papel abre e fecha suavemente e a estrutura \u00e9 est\u00e1vel. O design especial do saco de fundo quadrado aumenta a capacidade de carga (pode transportar 5 kg de produtos de peruca), e a espessura ap\u00f3s a dobragem \u00e9 de apenas 2 cm, o que reduz significativamente o volume de transporte e poupa\u00a0<strong>mais de 40% do custo de transporte<\/strong>.<\/li>\n<li><strong>Linha de produ\u00e7\u00e3o automatizada<\/strong>: Adopta uma m\u00e1quina de corte e vinco totalmente autom\u00e1tica, com um sistema de corre\u00e7\u00e3o inteligente, e tem uma capacidade de produ\u00e7\u00e3o hor\u00e1ria de\u00a0<strong>1,000,000<\/strong>A m\u00e1quina de corte de papel \u00e9 um sistema de controlo de qualidade que permite a troca r\u00e1pida de v\u00e1rias especifica\u00e7\u00f5es para satisfazer as necessidades das encomendas de exporta\u00e7\u00e3o em grande escala.<\/li>\n<\/ul>\n<h2 id=\"-third-vision-and-touch-luxurious-marble-pattern-and-ergonomic-handle-\"><strong>3. Vis\u00e3o e tato: luxuoso padr\u00e3o de m\u00e1rmore e pega ergon\u00f3mica<\/strong><\/h2>\n<ul>\n<li><strong>Padr\u00e3o de m\u00e1rmore branco com base cinzenta<\/strong>: Com o cinzento mate como base, \u00e9 combinado com texturas brancas fluidas. Atrav\u00e9s de\u00a0<strong>tecnologia de impress\u00e3o de chapas<\/strong>A superf\u00edcie \u00e9 coberta por uma pel\u00edcula de tapetes ecol\u00f3gica, que \u00e9 resistente a riscos e ao toque, resistente ao desgaste e delicada, e adequada para produtos de peruca de alta qualidade. A superf\u00edcie \u00e9 coberta com uma pel\u00edcula de tapetes amiga do ambiente, que \u00e9 resistente ao toque, ao desgaste e delicada, e adequada para produtos de peruca de alta qualidade. Cabo ergon\u00f3mico: O cabo \u00e9 feito de fibra de tecelagem, com um di\u00e2metro de 8 mm e 200 kg de resist\u00eancia \u00e0 tra\u00e7\u00e3o, que \u00e9 simultaneamente macio e dur\u00e1vel. O lado interior do cabo adopta uma textura ondulada antiderrapante, que se adapta \u00e0 curva da palma da m\u00e3o, e n\u00e3o deixa cicatrizes ao segur\u00e1-lo durante muito tempo, o que foi concebido.<\/li>\n<\/ul>\n<h2 id=\"-fourth-efficient-production-and-quality-assurance-\"><strong>4. Produ\u00e7\u00e3o eficiente e garantia de qualidade<\/strong><\/h2>\n<ul>\n<li><strong>Tecnologia de impress\u00e3o por imposi\u00e7\u00e3o<\/strong>: Otimizar a utiliza\u00e7\u00e3o do layout atrav\u00e9s de software de composi\u00e7\u00e3o inteligente, reduzir o desperd\u00edcio de papel e aumentar o rendimento de impress\u00e3o de uma folha para 99,5%. Suporta a impress\u00e3o combinada de v\u00e1rios lotes de encomendas, encurtando o ciclo de entrega para 72 horas.<\/li>\n<li><strong>Sistema de controlo da qualidade<\/strong>: Inspe\u00e7\u00e3o de qualidade automatizada de todo o processo, incluindo monitoriza\u00e7\u00e3o da tens\u00e3o, calibra\u00e7\u00e3o da diferen\u00e7a de cor, testes de suporte de carga, etc., para garantir que cada lote de produtos cumpre as normas do sistema de gest\u00e3o da qualidade ISO 9001.<\/li>\n<\/ul>\n<h2 id=\"-application-scenarios-and-market-advantages-\"><strong>Cen\u00e1rios de aplica\u00e7\u00e3o e vantagens de mercado<\/strong><\/h2>\n<ul>\n<li><strong>Adaptabilidade ao sector das perucas<\/strong>: O tamanho do saco pode ser personalizado, e o forro pode ser equipado com uma camada de algod\u00e3o \u00e0 prova de humidade para proteger a forma e o brilho da peruca.<\/li>\n<li><strong>Pr\u00e9mio de marca<\/strong>: A dupla b\u00ean\u00e7\u00e3o dos atributos de prote\u00e7\u00e3o ambiental e do aspeto luxuoso ajuda a marca a transmitir o conceito de sustentabilidade atrav\u00e9s da embalagem e a refor\u00e7ar a fidelidade dos consumidores finais.<\/li>\n<\/ul>","protected":false},"excerpt":{"rendered":"<p>O corpo do saco adopta a tecnologia de corte e vinco, que \u00e9 f\u00e1cil de abrir e fechar, e pode ser enviado plano para poupar nos custos de transporte. \u00c9 feito de pasta de papel ecol\u00f3gica certificada pelo FSC, que \u00e9 biodegrad\u00e1vel e amiga do ambiente. O padr\u00e3o de m\u00e1rmore com fundo cinzento e linhas brancas confere uma sensa\u00e7\u00e3o de luxo ao saco de papel.<\/p>","protected":false},"featured_media":970,"template":"","meta":{"_kad_post_transparent":"default","_kad_post_title":"","_kad_post_layout":"default","_kad_post_sidebar_id":"","_kad_post_content_style":"default","_kad_post_vertical_padding":"default","_kad_post_feature":"","_kad_post_feature_position":"","_kad_post_header":false,"_kad_post_footer":false,"_kad_post_classname":""},"product_brand":[],"product_cat":[15,17],"product_tag":[373,371,372],"class_list":{"0":"post-964","1":"product","2":"type-product","3":"status-publish","4":"has-post-thumbnail","6":"product_cat-red-light-therapy","7":"product_cat-services","8":"product_tag-exporter-hair-wigs-bag","9":"product_tag-paper-shopping-bag-for-hair","10":"product_tag-unique-marble-paper-wigs-gift-bag","12":"first","13":"instock","14":"shipping-taxable","15":"product-type-simple","16":"entry","17":"content-bg","18":"loop-entry"},"_links":{"self":[{"href":"https:\/\/red-lighttherapy.com\/pt_pt\/wp-json\/wp\/v2\/product\/964","targetHints":{"allow":["GET"]}}],"collection":[{"href":"https:\/\/red-lighttherapy.com\/pt_pt\/wp-json\/wp\/v2\/product"}],"about":[{"href":"https:\/\/red-lighttherapy.com\/pt_pt\/wp-json\/wp\/v2\/types\/product"}],"wp:featuredmedia":[{"embeddable":true,"href":"https:\/\/red-lighttherapy.com\/pt_pt\/wp-json\/wp\/v2\/media\/970"}],"wp:attachment":[{"href":"https:\/\/red-lighttherapy.com\/pt_pt\/wp-json\/wp\/v2\/media?parent=964"}],"wp:term":[{"taxonomy":"product_brand","embeddable":true,"href":"https:\/\/red-lighttherapy.com\/pt_pt\/wp-json\/wp\/v2\/product_brand?post=964"},{"taxonomy":"product_cat","embeddable":true,"href":"https:\/\/red-lighttherapy.com\/pt_pt\/wp-json\/wp\/v2\/product_cat?post=964"},{"taxonomy":"product_tag","embeddable":true,"href":"https:\/\/red-lighttherapy.com\/pt_pt\/wp-json\/wp\/v2\/product_tag?post=964"}],"curies":[{"name":"wp","href":"https:\/\/api.w.org\/{rel}","templated":true}]}}