{"id":952,"date":"2025-04-15T11:34:00","date_gmt":"2025-04-15T11:34:00","guid":{"rendered":"https:\/\/red-lighttherapy.com\/?post_type=product&#038;p=952"},"modified":"2025-04-15T12:24:59","modified_gmt":"2025-04-15T12:24:59","slug":"dealers-custom-luxury-paper-shopping-gift-bags-for-clothing","status":"publish","type":"product","link":"https:\/\/red-lighttherapy.com\/pt_pt\/dealers-custom-luxury-paper-shopping-gift-bags-for-clothing\/","title":{"rendered":"Revendedores Sacos de oferta de papel de luxo personalizados para vestu\u00e1rio"},"content":{"rendered":"<h2>Revendedores Sacos de oferta de papel de luxo personalizados para vestu\u00e1rio<\/h2>\n<h2 id=\"1-color-and-visual-presentation-\">1.\u00a0<strong>Cor e apresenta\u00e7\u00e3o visual<\/strong><\/h2>\n<ul>\n<li>A cor principal \u00e9\u00a0<strong>Cart\u00e3o de cor Pantone personalizado rosa suave<\/strong>\u00a0(suporta a calibra\u00e7\u00e3o de cores diretas CMYK\/Pantone), e o\u00a0<strong>processo de impress\u00e3o offset a quatro cores<\/strong>\u00a0consegue uma transi\u00e7\u00e3o de cores uniforme, apresentando um efeito visual fresco e elegante.<\/li>\n<li>A superf\u00edcie pode ser\u00a0<strong>revestimento mate\/brilhante<\/strong>\u00a0para melhorar a resist\u00eancia ao desgaste do papel, mantendo um toque delicado.<\/li>\n<\/ul>\n<h2 id=\"2-light-luxury-craft-details-\">2.\u00a0<strong>Detalhes de artesanato de luxo leve<\/strong><\/h2>\n<ul>\n<li><strong>Linhas douradas de estampagem a quente precisas no bordo<\/strong>: Utilizando folha de estampagem a quente importada da Alemanha, o erro de linha \u00e9 controlado dentro de 0,5 mm para melhorar a textura micro-luxuosa.<\/li>\n<li><strong>La\u00e7o de fita tridimensional<\/strong>: O contorno tridimensional do arco \u00e9 modelado atrav\u00e9s da\u00a0<strong>Processo de grava\u00e7\u00e3o 3D<\/strong>O revestimento mate ou o processo UV local podem ser selecionados para melhorar o contraste do brilho e s\u00e3o mais avan\u00e7ados quando combinados com atacadores feitos \u00e0 m\u00e3o.<\/li>\n<\/ul>\n<h2 id=\"3-humanized-functional-design-\">3.\u00a0<strong>Design funcional humanizado<\/strong><\/h2>\n<ul>\n<li><strong>Punho ondulado antiderrapante<\/strong>: A corda \u00e9 feita de\u00a0<strong>n\u00facleo de nylon espesso + camada entran\u00e7ada de fio de algod\u00e3o antiderrapante<\/strong>e a \u00e1rea de preens\u00e3o \u00e9 pr\u00e9-definida com uma ranhura ondulada para dispersar a press\u00e3o de eleva\u00e7\u00e3o, e a capacidade de carga pode atingir 8 kg.<\/li>\n<li><strong>Estrutura de refor\u00e7o do fundo<\/strong>: Cinco camadas de cart\u00e3o comp\u00f3sito (espessura 0,4-0,6 mm) com\u00a0<strong>linha de adesivos de dupla camada<\/strong>\u00a0para garantir a estabilidade de objectos pesados.<\/li>\n<\/ul>\n<h2 id=\"4-multiple-printing-processes-\">4.\u00a0<strong>M\u00faltiplos processos de impress\u00e3o<\/strong><\/h2>\n<ul>\n<li><strong>Grava\u00e7\u00e3o UV em relevo<\/strong>: As imagens e os textos em relevo local s\u00e3o t\u00e1cteis e adequados para o refor\u00e7o do LOGOTIPO da marca.<\/li>\n<li><strong>Processo de microperfura\u00e7\u00e3o<\/strong>: Criar um efeito oco respir\u00e1vel, adequado para as necessidades de embalagem de vestu\u00e1rio de luxo leve de ver\u00e3o.<\/li>\n<li><strong>Tecnologia de estampagem a frio<\/strong>: Os padr\u00f5es de textura met\u00e1lica podem ser obtidos sem alta temperatura, s\u00e3o amigos do ambiente e compat\u00edveis com papel especial.<\/li>\n<\/ul>\n<h2 id=\"5-suitable-for-multi-scene-design-\">5.\u00a0<strong>Adequado para a conce\u00e7\u00e3o de v\u00e1rias cenas<\/strong><\/h2>\n<ul>\n<li><strong>Lembran\u00e7as de neg\u00f3cios<\/strong>: Pode imprimir slogans de empresas e n\u00fameros em hot stamping, forrado com seda ou flanela para aumentar a sensa\u00e7\u00e3o de cerim\u00f3nia.<\/li>\n<li><strong>S\u00e9rie de casamentos<\/strong>: Integra o relevo da renda, o revestimento de brilho p\u00e9rola e outros elementos, suporta a estampagem a quente dos nomes dos rec\u00e9m-casados.<\/li>\n<\/ul>\n<h2 id=\"6-material-and-production-standards-\">6.\u00a0<strong>Normas de materiais e de produ\u00e7\u00e3o<\/strong><\/h2>\n<ul>\n<li><strong>Sele\u00e7\u00e3o do material de base<\/strong>Papel\u00e3o branco de 250-300g (espessura 0,31-0,4mm) \u00e9 recomendado, com alta reprodu\u00e7\u00e3o de cores; ou papel kraft branco ecol\u00f3gico (120-200g), adequado para marcas de estilo natural.<\/li>\n<li><strong>Normas de controlo de qualidade<\/strong>Erro \u22641mm, diferen\u00e7a de cor de impress\u00e3o \u0394E\u22643.0, passou a certifica\u00e7\u00e3o do sistema de gest\u00e3o de cores ISO 12647-2.<\/li>\n<li><strong>Ciclo de produ\u00e7\u00e3o<\/strong>: 7-14 dias (incluindo 3 confirma\u00e7\u00f5es de projectos de design), apoio \u00e0 personaliza\u00e7\u00e3o r\u00e1pida.<\/li>\n<\/ul>","protected":false},"excerpt":{"rendered":"<p>Este saco de compras de papel para vestu\u00e1rio topo de gama foi concebido para marcas de luxo ligeiras, retalho topo de gama e lembran\u00e7as de empresas. Utiliza\u00a0<strong>rosa cereja em flor suave<\/strong>\u00a0como cor principal, combinada com\u00a0<strong>linhas de estampagem de ouro<\/strong>\u00a0e\u00a0<strong>la\u00e7o de fita tridimensional<\/strong>\u00a0para criar uma solu\u00e7\u00e3o de embalagem que seja simultaneamente art\u00edstica e pr\u00e1tica. Suporta servi\u00e7os personalizados de processo completo e \u00e9 adequado para casamentos, lojas pop-up de marcas, balc\u00f5es de luxo e outros cen\u00e1rios.<\/p>","protected":false},"featured_media":957,"template":"","meta":{"_kad_post_transparent":"default","_kad_post_title":"","_kad_post_layout":"default","_kad_post_sidebar_id":"","_kad_post_content_style":"default","_kad_post_vertical_padding":"default","_kad_post_feature":"","_kad_post_feature_position":"","_kad_post_header":false,"_kad_post_footer":false,"_kad_post_classname":""},"product_brand":[],"product_cat":[15,30,17],"product_tag":[361,362,360],"class_list":{"0":"post-952","1":"product","2":"type-product","3":"status-publish","4":"has-post-thumbnail","6":"product_cat-red-light-therapy","7":"product_cat-dropshipping","8":"product_cat-services","9":"product_tag-custom-clothing-gift-bags","10":"product_tag-dealers-shopping-gift-bags","11":"product_tag-paper-shopping-bags-for-clothing","13":"first","14":"instock","15":"shipping-taxable","16":"product-type-simple","17":"entry","18":"content-bg","19":"loop-entry"},"_links":{"self":[{"href":"https:\/\/red-lighttherapy.com\/pt_pt\/wp-json\/wp\/v2\/product\/952","targetHints":{"allow":["GET"]}}],"collection":[{"href":"https:\/\/red-lighttherapy.com\/pt_pt\/wp-json\/wp\/v2\/product"}],"about":[{"href":"https:\/\/red-lighttherapy.com\/pt_pt\/wp-json\/wp\/v2\/types\/product"}],"wp:featuredmedia":[{"embeddable":true,"href":"https:\/\/red-lighttherapy.com\/pt_pt\/wp-json\/wp\/v2\/media\/957"}],"wp:attachment":[{"href":"https:\/\/red-lighttherapy.com\/pt_pt\/wp-json\/wp\/v2\/media?parent=952"}],"wp:term":[{"taxonomy":"product_brand","embeddable":true,"href":"https:\/\/red-lighttherapy.com\/pt_pt\/wp-json\/wp\/v2\/product_brand?post=952"},{"taxonomy":"product_cat","embeddable":true,"href":"https:\/\/red-lighttherapy.com\/pt_pt\/wp-json\/wp\/v2\/product_cat?post=952"},{"taxonomy":"product_tag","embeddable":true,"href":"https:\/\/red-lighttherapy.com\/pt_pt\/wp-json\/wp\/v2\/product_tag?post=952"}],"curies":[{"name":"wp","href":"https:\/\/api.w.org\/{rel}","templated":true}]}}