{"id":946,"date":"2025-04-15T11:22:29","date_gmt":"2025-04-15T11:22:29","guid":{"rendered":"https:\/\/red-lighttherapy.com\/?post_type=product&#038;p=946"},"modified":"2025-04-15T11:33:47","modified_gmt":"2025-04-15T11:33:47","slug":"maker-lotion-eyebrow-pencil-lipstick-perfume-folding-carton","status":"publish","type":"product","link":"https:\/\/red-lighttherapy.com\/pt_pt\/maker-lotion-eyebrow-pencil-lipstick-perfume-folding-carton\/","title":{"rendered":"Lo\u00e7\u00e3o para o criador L\u00e1pis de sobrancelhas Batom Perfume Caixa de cart\u00e3o dobr\u00e1vel"},"content":{"rendered":"<h2 id=\"folding-carton-product-description-customized-packaging-solution-for-lotion-eyebrow-pencil-lipstick-and-perfume\">Descri\u00e7\u00e3o do produto em cart\u00e3o dobr\u00e1vel: Solu\u00e7\u00e3o de embalagem personalizada para lo\u00e7\u00e3o, l\u00e1pis de sobrancelhas, batom e perfume<\/h2>\n<h2 id=\"-1-card-box-design-specially-optimized-for-tubular-hand-cream-to-prevent-shaking-during-transportation-\"><strong>1. Design da caixa de cart\u00e3o: especialmente optimizada para o creme de m\u00e3os tubular para evitar aban\u00f5es durante o transporte<\/strong><\/h2>\n<p>Adotar\u00a0<strong>estrutura da caixa de cart\u00e3o de uma s\u00f3 pe\u00e7a<\/strong>O sistema de transporte de produtos, com divis\u00f3rias precisas concebidas no interior, adapta-se perfeitamente a diferentes formas de produtos, tais como creme de m\u00e3os tubular, l\u00e1pis de sobrancelhas, batom, etc., para garantir que n\u00e3o h\u00e1 aban\u00f5es durante o transporte e evitar danos por colis\u00e3o.\u00a0<strong>Ranhura para cart\u00f5es magn\u00e9ticos<\/strong>\u00a0\u00e9 utilizado no bordo do corpo da caixa para fixar objectos cil\u00edndricos, como frascos de perfume, para melhorar a estabilidade.<\/p>\n<h2 id=\"-2-high-strength-material-350g-white-cardboard-compression-resistant-structure-\"><strong>2. Material de alta resist\u00eancia: 350g de cart\u00e3o branco + estrutura resistente \u00e0 compress\u00e3o<\/strong><\/h2>\n<p>O corpo da caixa \u00e9 feito de\u00a0<strong>350 g de cart\u00e3o branco<\/strong>e \u00e9 refor\u00e7ado por\u00a0<strong>fundo selado em cruz + pain\u00e9is laterais de dupla camada<\/strong>com uma capacidade de carga superior a 50 kg, satisfazendo os requisitos de press\u00e3o de empilhamento de armazenamento.\u00a0<strong>Ensaio de resist\u00eancia \u00e0 compress\u00e3o<\/strong>\u00a0pode suportar um ambiente de armazenamento de empilhamento de 10 camadas para garantir que o corpo da caixa n\u00e3o se deforma.<\/p>\n<h2 id=\"-3-surface-lamination-process-moisture-proof-and-anti-fouling-in-line-with-hygiene-standards-\"><strong>3. Processo de lamina\u00e7\u00e3o da superf\u00edcie: \u00e0 prova de humidade e anti-incrustante, em conformidade com as normas de higiene<\/strong><\/h2>\n<p>A superf\u00edcie adopta\u00a0<strong>processo de lamina\u00e7\u00e3o mate amigo do ambiente<\/strong>\u00a0para reduzir o risco de absor\u00e7\u00e3o de humidade do cart\u00e3o e, ao mesmo tempo, passa o teste de biocompatibilidade ISO 10993, cumprindo as normas de higiene para embalagens de cosm\u00e9ticos.\u00a0<strong>Almofada de silicone de qualidade alimentar<\/strong>\u00a0\u00e9 adicionado \u00e0 camada interior para evitar que os cosm\u00e9ticos entrem em contacto direto com o cart\u00e3o, garantindo duplamente a seguran\u00e7a do produto.<\/p>\n<h2 id=\"-4-brand-logo-process-hot-stamping-logo-precision-printing-\"><strong>4. Processo do log\u00f3tipo da marca: estampagem a quente do LOGO + impress\u00e3o de precis\u00e3o<\/strong><\/h2>\n<p>O LOGOTIPO adopta\u00a0<strong>processo tridimensional de estampagem a quente<\/strong>e atinge uma textura met\u00e1lica de alto brilho atrav\u00e9s da grava\u00e7\u00e3o de precis\u00e3o da placa de silicone (erro \u22640,1 mm), suportando a personaliza\u00e7\u00e3o multicolorida, como ouro, prata e ouro rosa. A camada de impress\u00e3o \u00e9 tratada com\u00a0<strong>revestimento nano UV<\/strong>que \u00e9 resistente ao desgaste e aos riscos e n\u00e3o se desvanece ap\u00f3s um longo per\u00edodo de armazenamento, real\u00e7ando a imagem de topo de gama da marca.<\/p>\n<h2 id=\"-5-high-degree-of-customization-flexible-adaptation-to-multiple-categories-of-needs-\"><strong>5. Elevado grau de personaliza\u00e7\u00e3o: adapta\u00e7\u00e3o flex\u00edvel a m\u00faltiplas categorias de necessidades<\/strong><\/h2>\n<ul>\n<li><strong>Personaliza\u00e7\u00e3o do tamanho<\/strong>A caixa de transporte: suporta o ajuste do comprimento de 5-30 cm e pode acomodar produtos de diferentes especifica\u00e7\u00f5es, tais como frascos de perfume de 30 ml e l\u00e1pis de sobrancelhas de 15 cm.<\/li>\n<li><strong>Expans\u00e3o da fun\u00e7\u00e3o<\/strong>: As camadas opcionais do tipo gaveta, a janela transparente, o fecho de fita e outros modelos podem satisfazer as necessidades de cosm\u00e9ticos, caixas de oferta de perfumes e outros cen\u00e1rios.<\/li>\n<li><strong>Desenho de padr\u00f5es<\/strong>: Fornecer servi\u00e7os de conce\u00e7\u00e3o de caixas completas, desde a estrutura da caixa ao padr\u00e3o de estampagem a quente, correspond\u00eancia \u00fanica da linguagem visual da marca.<\/li>\n<\/ul>\n<h2 id=\"-6-source-factory-support-16-years-of-experience-small-batch-flexible-production-\"><strong>6. Suporte de f\u00e1brica de origem: 16 anos de experi\u00eancia, produ\u00e7\u00e3o flex\u00edvel de pequenos lotes<\/strong><\/h2>\n<p>Baseando-se no\u00a0<strong>16 anos de f\u00e1brica de embalagens<\/strong>\u00a0em Guangdong, China, adopta uma m\u00e1quina de corte e vinco totalmente autom\u00e1tica + linha de produ\u00e7\u00e3o de estampagem a quente, suporta\u00a0<strong>Encomenda m\u00ednima de 500 unidades<\/strong>e entrega no prazo de 7 a 15 dias. Fornecer\u00a0<strong>servi\u00e7o de prova gratuito<\/strong>\u00a0para garantir uma correspond\u00eancia exacta dos pormenores antes da produ\u00e7\u00e3o em massa.<\/p>","protected":false},"excerpt":{"rendered":"<p>Esta caixa de cart\u00e3o \u00e9 feita de cart\u00e3o branco de 350g. O revestimento da superf\u00edcie pode reduzir o risco de absor\u00e7\u00e3o de humidade pelo cart\u00e3o. Respeita as normas de higiene das embalagens de cosm\u00e9ticos e adapta-se perfeitamente \u00e0 forma da bisnaga de creme para as m\u00e3os para evitar que se agite durante o transporte.<\/p>","protected":false},"featured_media":947,"template":"","meta":{"_kad_post_transparent":"default","_kad_post_title":"","_kad_post_layout":"default","_kad_post_sidebar_id":"","_kad_post_content_style":"default","_kad_post_vertical_padding":"default","_kad_post_feature":"","_kad_post_feature_position":"","_kad_post_header":false,"_kad_post_footer":false,"_kad_post_classname":""},"product_brand":[],"product_cat":[15,28,24,17],"product_tag":[357,358,359],"class_list":{"0":"post-946","1":"product","2":"type-product","3":"status-publish","4":"has-post-thumbnail","6":"product_cat-red-light-therapy","7":"product_cat-customize","8":"product_cat-red-light-therapy-bed","9":"product_cat-services","10":"product_tag-eyebrow-pencil-folding-carton","11":"product_tag-lipstick-folding-carton","12":"product_tag-perfume-packaging-boxes","14":"first","15":"instock","16":"shipping-taxable","17":"product-type-simple","18":"entry","19":"content-bg","20":"loop-entry"},"_links":{"self":[{"href":"https:\/\/red-lighttherapy.com\/pt_pt\/wp-json\/wp\/v2\/product\/946","targetHints":{"allow":["GET"]}}],"collection":[{"href":"https:\/\/red-lighttherapy.com\/pt_pt\/wp-json\/wp\/v2\/product"}],"about":[{"href":"https:\/\/red-lighttherapy.com\/pt_pt\/wp-json\/wp\/v2\/types\/product"}],"wp:featuredmedia":[{"embeddable":true,"href":"https:\/\/red-lighttherapy.com\/pt_pt\/wp-json\/wp\/v2\/media\/947"}],"wp:attachment":[{"href":"https:\/\/red-lighttherapy.com\/pt_pt\/wp-json\/wp\/v2\/media?parent=946"}],"wp:term":[{"taxonomy":"product_brand","embeddable":true,"href":"https:\/\/red-lighttherapy.com\/pt_pt\/wp-json\/wp\/v2\/product_brand?post=946"},{"taxonomy":"product_cat","embeddable":true,"href":"https:\/\/red-lighttherapy.com\/pt_pt\/wp-json\/wp\/v2\/product_cat?post=946"},{"taxonomy":"product_tag","embeddable":true,"href":"https:\/\/red-lighttherapy.com\/pt_pt\/wp-json\/wp\/v2\/product_tag?post=946"}],"curies":[{"name":"wp","href":"https:\/\/api.w.org\/{rel}","templated":true}]}}