{"id":935,"date":"2025-04-15T10:55:33","date_gmt":"2025-04-15T10:55:33","guid":{"rendered":"https:\/\/red-lighttherapy.com\/?post_type=product&#038;p=935"},"modified":"2025-04-15T11:10:02","modified_gmt":"2025-04-15T11:10:02","slug":"custom-cosmetics-packaging-boxes-folding-carton-packaging","status":"publish","type":"product","link":"https:\/\/red-lighttherapy.com\/pt_pt\/custom-cosmetics-packaging-boxes-folding-carton-packaging\/","title":{"rendered":"Caixas de embalagem de cosm\u00e9ticos personalizadas Embalagem de cart\u00e3o dobr\u00e1vel"},"content":{"rendered":"<h2 id=\"-product-description-of-foldable-cosmetic-packaging-box-\"><strong>Descri\u00e7\u00e3o de Produto de Caixa de embalagem dobr\u00e1vel para cosm\u00e9ticos<\/strong><\/h2>\n<h2 id=\"-1-innovative-structural-design-perfect-fusion-of-folding-aesthetics-and-practicality-\"><strong>1. Conce\u00e7\u00e3o estrutural inovadora: fus\u00e3o perfeita entre est\u00e9tica de dobragem e car\u00e1cter pr\u00e1tico<\/strong><\/h2>\n<p>Esta caixa de papel dobr\u00e1vel para cosm\u00e9ticos adopta uma estrutura de montagem de dobragem patenteada, combinada com tecnologia de bloqueio lateral, para conseguir dobrar com um toque sem cola. Quando desdobrada, apresenta uma forma tridimensional em relevo de morango, e a espessura \u00e9 comprimida para 1\/3 do volume original ap\u00f3s o fecho, melhorando consideravelmente a taxa de utiliza\u00e7\u00e3o do espa\u00e7o de armazenamento e transporte. O design da fivela magn\u00e9tica incorporada garante que ainda pode ser reposta com precis\u00e3o ap\u00f3s v\u00e1rias aberturas e fechos, e os pormenores mostram a busca final da marca pela experi\u00eancia do utilizador.<\/p>\n<h2 id=\"-2-environmentally-friendly-material-selection-white-cardboard-lightweight-technology-\"><strong>2. Sele\u00e7\u00e3o de material amigo do ambiente: tecnologia leve de cart\u00e3o branco<\/strong><\/h2>\n<p>Selecion\u00e1mos cart\u00e3o branco de 300 g com certifica\u00e7\u00e3o FSC como material de base, tendo em conta a prote\u00e7\u00e3o do conte\u00fado e a otimiza\u00e7\u00e3o dos custos de transporte. O forro adopta ranhuras de posicionamento de EVA de qualidade alimentar, adequadas para produtos com formas especiais, como batons e bolos em p\u00f3, e o desempenho \u00e0 prova de choque \u00e9 certificado.<\/p>\n<h2 id=\"-iii-visual-communication-system-fusion-of-high-saturation-colors-and-youthful-ip-\"><strong>3. Sistema de comunica\u00e7\u00e3o visual: fus\u00e3o de cores de elevada satura\u00e7\u00e3o e IP jovem<\/strong><\/h2>\n<ol>\n<li><strong>Processo de impress\u00e3o<\/strong>: Adoptando a impress\u00e3o offset UV de 8 cores + processo parcial de estampagem a quente, a precis\u00e3o m\u00ednima dos pontos atinge 175 linhas\/polegada e a nitidez do texto \u00e9 um erro \u22640,1 mm. O padr\u00e3o de morango \u00e9 separado por modelagem 3D para obter uma restaura\u00e7\u00e3o precisa do vermelho Pantone 185C para n\u00fameros de cores gradientes, e a diferen\u00e7a de cor \u0394E&lt;1,5.<\/li>\n<li><strong>Desenho de padr\u00f5es<\/strong>: A imagem principal tem como elemento central o morango realista, com revestimento UV com efeito de luz de orvalho, apresentando uma sensa\u00e7\u00e3o tridimensional din\u00e2mica sob a fonte de luz. A ilustra\u00e7\u00e3o da mascote da marca est\u00e1 implantada na parte lateral da caixa, e a liga\u00e7\u00e3o emocional dos clientes da gera\u00e7\u00e3o Z \u00e9 refor\u00e7ada atrav\u00e9s do estilo bidimensional. O teste do rastreador ocular mostra que o tempo de perman\u00eancia visual \u00e9 aumentado em 27%.<\/li>\n<\/ol>\n<h2 id=\"-iv-sustainable-development-commitment-dual-certified-green-supply-chain-\"><strong>4. Compromisso de desenvolvimento sustent\u00e1vel: cadeia de abastecimento verde com dupla certifica\u00e7\u00e3o<\/strong><\/h2>\n<ol>\n<li><strong>Certifica\u00e7\u00e3o florestal FSC<\/strong>: 100% de mat\u00e9rias-primas de papel prov\u00eam de florestas geridas de forma sustent\u00e1vel, a pegada de carbono do processo de produ\u00e7\u00e3o \u00e9 reduzida em 35% e a taxa de reciclagem das caixas de embalagem atinge 95%.<\/li>\n<li><strong>Sistema ISO 14001<\/strong>: Utilizando tinta \u00e0 base de \u00e1gua com certifica\u00e7\u00e3o Sun Chemical EC 10\/2011, as emiss\u00f5es de COV s\u00e3o 60% inferiores ao limite da norma nacional. Os res\u00edduos de produ\u00e7\u00e3o s\u00e3o reciclados em papel de escrit\u00f3rio ap\u00f3s a polpa\u00e7\u00e3o, atingindo uma taxa de reciclagem de recursos de 92%.<\/li>\n<li><strong>Embalagem leve<\/strong>: 30% mais leves do que as caixas de cor tradicionais, a capacidade de carga de um \u00fanico contentor \u00e9 aumentada para 5.800 pe\u00e7as e o consumo de energia no transporte \u00e9 reduzido em 18%.<\/li>\n<\/ol>","protected":false},"excerpt":{"rendered":"<p>O design da caixa de cart\u00e3o dobr\u00e1vel \u00e9 dobr\u00e1vel para expedi\u00e7\u00e3o, combinando a est\u00e9tica com a utiliza\u00e7\u00e3o do espa\u00e7o, demonstrando a busca m\u00e1xima da marca pelos pormenores. O cart\u00e3o branco \u00e9 utilizado como material principal, o que permite proteger eficazmente o conte\u00fado. Ao mesmo tempo, o design leve reduz os custos de transporte, reflectindo o equil\u00edbrio entre funcionalidade e economia.<\/p>","protected":false},"featured_media":938,"template":"","meta":{"_kad_post_transparent":"default","_kad_post_title":"","_kad_post_layout":"default","_kad_post_sidebar_id":"","_kad_post_content_style":"default","_kad_post_vertical_padding":"default","_kad_post_feature":"","_kad_post_feature_position":"","_kad_post_header":false,"_kad_post_footer":false,"_kad_post_classname":""},"product_brand":[],"product_cat":[15,28,24,17],"product_tag":[352,89,353],"class_list":{"0":"post-935","1":"product","2":"type-product","3":"status-publish","4":"has-post-thumbnail","6":"product_cat-red-light-therapy","7":"product_cat-customize","8":"product_cat-red-light-therapy-bed","9":"product_cat-services","10":"product_tag-cosmetics-packaging-boxes","11":"product_tag-custom-cosmetics-packaging","12":"product_tag-folding-carton-for-cosmetics","14":"first","15":"instock","16":"shipping-taxable","17":"product-type-simple","18":"entry","19":"content-bg","20":"loop-entry"},"_links":{"self":[{"href":"https:\/\/red-lighttherapy.com\/pt_pt\/wp-json\/wp\/v2\/product\/935","targetHints":{"allow":["GET"]}}],"collection":[{"href":"https:\/\/red-lighttherapy.com\/pt_pt\/wp-json\/wp\/v2\/product"}],"about":[{"href":"https:\/\/red-lighttherapy.com\/pt_pt\/wp-json\/wp\/v2\/types\/product"}],"wp:featuredmedia":[{"embeddable":true,"href":"https:\/\/red-lighttherapy.com\/pt_pt\/wp-json\/wp\/v2\/media\/938"}],"wp:attachment":[{"href":"https:\/\/red-lighttherapy.com\/pt_pt\/wp-json\/wp\/v2\/media?parent=935"}],"wp:term":[{"taxonomy":"product_brand","embeddable":true,"href":"https:\/\/red-lighttherapy.com\/pt_pt\/wp-json\/wp\/v2\/product_brand?post=935"},{"taxonomy":"product_cat","embeddable":true,"href":"https:\/\/red-lighttherapy.com\/pt_pt\/wp-json\/wp\/v2\/product_cat?post=935"},{"taxonomy":"product_tag","embeddable":true,"href":"https:\/\/red-lighttherapy.com\/pt_pt\/wp-json\/wp\/v2\/product_tag?post=935"}],"curies":[{"name":"wp","href":"https:\/\/api.w.org\/{rel}","templated":true}]}}