{"id":929,"date":"2025-04-15T10:39:22","date_gmt":"2025-04-15T10:39:22","guid":{"rendered":"https:\/\/red-lighttherapy.com\/?post_type=product&#038;p=929"},"modified":"2025-04-15T10:55:24","modified_gmt":"2025-04-15T10:55:24","slug":"vendor-child-proof-empty-510-disposable-vape-pen-packaging","status":"publish","type":"product","link":"https:\/\/red-lighttherapy.com\/pt_pt\/vendor-child-proof-empty-510-disposable-vape-pen-packaging\/","title":{"rendered":"Embalagem de caneta Vape descart\u00e1vel 510 \u00e0 prova de crian\u00e7as do fornecedor"},"content":{"rendered":"<h2 id=\"child-proof-510-disposable-electronic-cigarette-pen-packaging-product-description\">Descri\u00e7\u00e3o do produto da embalagem da caneta Vape 510 descart\u00e1vel \u00e0 prova de crian\u00e7as<\/h2>\n<h2 id=\"1-intelligent-drawer-style-child-proof-opening-and-closing-design-\">1.\u00a0<strong>Design inteligente de abertura e fecho \u00e0 prova de crian\u00e7as, tipo gaveta<\/strong><\/h2>\n<p>Adoptando uma estrutura de empurrar-puxar, pode ser facilmente operada com uma m\u00e3o, e a fun\u00e7\u00e3o de prote\u00e7\u00e3o das crian\u00e7as \u00e9 realizada atrav\u00e9s de um design de amortecimento mec\u00e2nico. A calha da gaveta est\u00e1 equipada com um mecanismo de fivela dupla, sendo necess\u00e1rio aplicar um \u00e2ngulo e uma for\u00e7a espec\u00edficos durante o processo de empurrar-puxar para a abrir, o que n\u00e3o s\u00f3 satisfaz as necessidades dos adultos para um acesso c\u00f3modo, como tamb\u00e9m evita eficazmente o risco de abertura acidental ou de escorregamento das crian\u00e7as.<\/p>\n<h2 id=\"2-environmentally-friendly-and-durable-coated-paper-material-\">2.\u00a0<strong>Material de papel revestido duradouro e amigo do ambiente<\/strong><\/h2>\n<p>O corpo da caixa utiliza um substrato de papel revestido com certifica\u00e7\u00e3o FSC e a superf\u00edcie \u00e9 coberta com um revestimento resistente ao desgaste e anti-envelhecimento. Pode suportar a abertura e o fecho de alta frequ\u00eancia e o desgaste do transporte, e suporta uma utiliza\u00e7\u00e3o repetida por mais de 100 vezes. O tratamento de processo mate reduz os res\u00edduos de impress\u00f5es digitais, combinado com o design de aspeto preto puro, adequado para cen\u00e1rios de topo de gama, tais como empresas e servi\u00e7os m\u00e9dicos.<\/p>\n<h2 id=\"3-precision-mold-and-integrated-molding-process-\">3.\u00a0<strong>Molde de precis\u00e3o e processo de moldagem integrado<\/strong><\/h2>\n<p>Atrav\u00e9s da tecnologia de corte de moldes de alta precis\u00e3o de \u00b10,01mm, garante que as arestas s\u00e3o planas e sem rebarbas, e a estrutura de abertura e fecho \u00e9 perfeita. O processo de moldagem por dobragem integrada sem cola elimina as juntas e os pontos fracos de liga\u00e7\u00e3o das embalagens tradicionais, aumenta a resist\u00eancia global \u00e0 compress\u00e3o em 40% e prolonga a vida \u00fatil para o dobro do padr\u00e3o da ind\u00fastria.<\/p>\n<h2 id=\"4-customized-eva-lining-and-shock-protection-\">4.\u00a0<strong>Forro em EVA personalizado e prote\u00e7\u00e3o contra choques<\/strong><\/h2>\n<p>O revestimento em EVA branco \u00e9 esculpido em CNC para formar uma ranhura que se adapta ao produto tipo caneta 510, com uma precis\u00e3o de fixa\u00e7\u00e3o de \u00b10,5 mm para evitar desloca\u00e7\u00f5es durante o transporte. A divis\u00f3ria do forro permite um ajuste personalizado e \u00e9 compat\u00edvel com diferentes especifica\u00e7\u00f5es de tinteiros ou acess\u00f3rios adicionais (como cabos de carregamento, manuais), e o desempenho do amortecedor passou a certifica\u00e7\u00e3o do teste de queda de 1,5 metros.<\/p>\n<h2 id=\"5-modular-customization-and-global-compliance-\">5.\u00a0<strong>Personaliza\u00e7\u00e3o modular e conformidade global<\/strong><\/h2>\n<p>A embalagem permite um ajuste flex\u00edvel do tamanho, da posi\u00e7\u00e3o de abertura e da parti\u00e7\u00e3o do revestimento para satisfazer os requisitos de compatibilidade dos clientes para produtos com v\u00e1rias especifica\u00e7\u00f5es. O material passou a certifica\u00e7\u00e3o de sustentabilidade florestal FSC e est\u00e1 em conformidade com os regulamentos ambientais globais, como o REACH da UE e o FDA dos EUA, ajudando as empresas a atingir os objectivos da cadeia de fornecimento ecol\u00f3gica.<\/p>","protected":false},"excerpt":{"rendered":"<p>O design de abertura e fecho da caixa da gaveta de papel \u00e0 prova de crian\u00e7as permite empurrar e puxar facilmente os artigos com uma s\u00f3 m\u00e3o, evitando o deslizamento acidental. O material de papel revestido \u00e9 resistente ao desgaste e ao envelhecimento, reutiliz\u00e1vel e est\u00e1 em conformidade com a prote\u00e7\u00e3o ambiental e os conceitos econ\u00f3micos. Suporta o ajuste personalizado do tamanho, da posi\u00e7\u00e3o de abertura e da parti\u00e7\u00e3o do forro para satisfazer as necessidades de diferentes especifica\u00e7\u00f5es de tinteiros ou embalagens de produtos especiais.<\/p>","protected":false},"featured_media":930,"template":"","meta":{"_kad_post_transparent":"default","_kad_post_title":"","_kad_post_layout":"default","_kad_post_sidebar_id":"","_kad_post_content_style":"default","_kad_post_vertical_padding":"default","_kad_post_feature":"","_kad_post_feature_position":"","_kad_post_header":false,"_kad_post_footer":false,"_kad_post_classname":""},"product_brand":[],"product_cat":[15,20,40,17],"product_tag":[351,169,350],"class_list":{"0":"post-929","1":"product","2":"type-product","3":"status-publish","4":"has-post-thumbnail","6":"product_cat-red-light-therapy","7":"product_cat-led-face-light-therapy","8":"product_cat-red-light-therapy-panel","9":"product_cat-services","10":"product_tag-empty-vape-cartridge-packaging","11":"product_tag-vape-cartridge-packaging","12":"product_tag-vape-cartridge-packaging-usa","14":"first","15":"instock","16":"shipping-taxable","17":"product-type-simple","18":"entry","19":"content-bg","20":"loop-entry"},"_links":{"self":[{"href":"https:\/\/red-lighttherapy.com\/pt_pt\/wp-json\/wp\/v2\/product\/929","targetHints":{"allow":["GET"]}}],"collection":[{"href":"https:\/\/red-lighttherapy.com\/pt_pt\/wp-json\/wp\/v2\/product"}],"about":[{"href":"https:\/\/red-lighttherapy.com\/pt_pt\/wp-json\/wp\/v2\/types\/product"}],"wp:featuredmedia":[{"embeddable":true,"href":"https:\/\/red-lighttherapy.com\/pt_pt\/wp-json\/wp\/v2\/media\/930"}],"wp:attachment":[{"href":"https:\/\/red-lighttherapy.com\/pt_pt\/wp-json\/wp\/v2\/media?parent=929"}],"wp:term":[{"taxonomy":"product_brand","embeddable":true,"href":"https:\/\/red-lighttherapy.com\/pt_pt\/wp-json\/wp\/v2\/product_brand?post=929"},{"taxonomy":"product_cat","embeddable":true,"href":"https:\/\/red-lighttherapy.com\/pt_pt\/wp-json\/wp\/v2\/product_cat?post=929"},{"taxonomy":"product_tag","embeddable":true,"href":"https:\/\/red-lighttherapy.com\/pt_pt\/wp-json\/wp\/v2\/product_tag?post=929"}],"curies":[{"name":"wp","href":"https:\/\/api.w.org\/{rel}","templated":true}]}}