{"id":923,"date":"2025-04-15T10:22:56","date_gmt":"2025-04-15T10:22:56","guid":{"rendered":"https:\/\/red-lighttherapy.com\/?post_type=product&#038;p=923"},"modified":"2025-04-16T16:38:08","modified_gmt":"2025-04-16T16:38:08","slug":"custom-clamshell-perfume-gift-boxes-packaging-supplies","status":"publish","type":"product","link":"https:\/\/red-lighttherapy.com\/pt_pt\/custom-clamshell-perfume-gift-boxes-packaging-supplies\/","title":{"rendered":"Caixas de presente com concha personalizadas para perfumes Material de embalagem"},"content":{"rendered":"<h3 id=\"1-full-dimensional-brand-customization-service-\">1.\u00a0<strong>Servi\u00e7o completo de personaliza\u00e7\u00e3o da marca<\/strong><\/h3>\n<p>Fornecemos servi\u00e7os de personaliza\u00e7\u00e3o de todo o processo, desde a conce\u00e7\u00e3o \u00e0 produ\u00e7\u00e3o, e podemos ajustar de forma flex\u00edvel o tamanho, o artesanato, a correspond\u00eancia de cores e a estrutura da caixa de embalagem de acordo com o posicionamento da marca, as carater\u00edsticas do produto e a procura do mercado. Quer se trate de um estilo moderno simples, de elementos est\u00e9ticos orientais ou de um estilo de ilustra\u00e7\u00e3o art\u00edstica de alta qualidade, pode corresponder exatamente ao tom da marca. Por exemplo, atrav\u00e9s de estampagem a quente, grava\u00e7\u00e3o em relevo, grava\u00e7\u00e3o em relevo e outros processos para melhorar as camadas visuais, ou integrar o LOGOTIPO exclusivo da marca e s\u00edmbolos culturais para criar uma solu\u00e7\u00e3o de embalagem \u00fanica.<\/p>\n<h3 id=\"2-16-year-source-factory-quality-and-cost-double-guarantee-\">2.\u00a0<strong>16 anos de f\u00e1brica, dupla garantia de qualidade e custo<\/strong><\/h3>\n<p>Como uma f\u00e1brica de origem com 16 anos de cultivo profundo na ind\u00fastria de embalagens, temos um sistema completo de cadeia de fornecimento, que \u00e9 totalmente control\u00e1vel desde a aquisi\u00e7\u00e3o de mat\u00e9rias-primas at\u00e9 \u00e0 produ\u00e7\u00e3o e processamento. Utilizamos um modelo de produ\u00e7\u00e3o em grande escala para reduzir os custos e controlamos rigorosamente os pormenores, como o peso do papel e a prote\u00e7\u00e3o ambiental da cola, para garantir que o produto tem um desempenho de alto custo e durabilidade. Os nossos clientes cooperantes abrangem marcas de beleza internacionais e empresas de fragr\u00e2ncias de ponta, e a qualidade tem sido verificada pelo mercado h\u00e1 muito tempo.<\/p>\n<h3 id=\"3-design-empowers-brand-value-enhancement-\">3.\u00a0<strong>O design permite aumentar o valor da marca<\/strong><\/h3>\n<p>A equipa de design de embalagens conhece bem a l\u00f3gica das embalagens de luxo e aumenta o valor acrescentado do produto atrav\u00e9s do contraste de materiais, da psicologia das cores e da inova\u00e7\u00e3o estrutural. Por exemplo, a combina\u00e7\u00e3o de cart\u00e3o cinzento e cart\u00e3o preto n\u00e3o s\u00f3 real\u00e7a a textura calma, como tamb\u00e9m consegue um encaixe perfeito entre o revestimento e o produto atrav\u00e9s da tecnologia de corte e vinco, transmitindo a imagem profissional de uma marca de topo de gama. Os casos mostram que o design personalizado pode aumentar a prefer\u00eancia dos consumidores pela marca em mais de 40%.<\/p>\n<h3 id=\"4-scientific-lining-protection-system-\">4.\u00a0<strong>Sistema cient\u00edfico de prote\u00e7\u00e3o do revestimento<\/strong><\/h3>\n<p>O forro utiliza materiais de elevado amortecimento, como espuma EVA, flocagem ou esponja personalizada, e adapta-se exatamente ao contorno do frasco de perfume atrav\u00e9s de tecnologia de corte de precis\u00e3o para evitar aban\u00f5es e colis\u00f5es durante o transporte. A camada interior de cart\u00e3o cinzento (1200 GSM) proporciona um suporte b\u00e1sico e a camada exterior de cart\u00e3o preto (120 GSM) aumenta a resist\u00eancia \u00e0 press\u00e3o. A dupla prote\u00e7\u00e3o garante que o produto est\u00e1 intacto.<\/p>\n<h3 id=\"5-environmentally-friendly-materials-stable-structure-\">5.\u00a0<strong>Materiais amigos do ambiente, estrutura est\u00e1vel<\/strong><\/h3>\n<p>Os materiais principais s\u00e3o o cart\u00e3o cinzento de 1200 GSM e o cart\u00e3o preto de 120 GSM, que est\u00e3o em conformidade com a diretiva RoHS e apresentam vantagens de elevada resist\u00eancia e leveza. O cart\u00e3o cinzento \u00e9 tratado com um tratamento \u00e0 prova de humidade para se adaptar a diferentes ambientes de temperatura e humidade; o cart\u00e3o preto tem uma superf\u00edcie lisa e uma forte ader\u00eancia de impress\u00e3o, que pode apresentar efeitos complexos, tais como gradientes delicados e estampagem a quente, satisfazendo os requisitos rigorosos do mercado de topo de gama em termos de estabilidade da embalagem.<\/p>\n<h3 id=\"6-flip-top-design-practical-and-aesthetic-balance-\">6.\u00a0<strong>Design flip-top, equil\u00edbrio pr\u00e1tico e est\u00e9tico<\/strong><\/h3>\n<p>A caixa flip-top adopta uma estrutura de fecho magn\u00e9tico ou de fivela, que pode ser facilmente aberta com uma m\u00e3o, e o design da janela de exposi\u00e7\u00e3o permite ver o produto num relance. Os \u00e2ngulos de abertura e fecho s\u00e3o ergonomicamente optimizados e a experi\u00eancia de acesso \u00e9 suave. Ao mesmo tempo, o flip pode ser utilizado como um expositor independente quando est\u00e1 montado, o que \u00e9 adequado para exposi\u00e7\u00e3o ao balc\u00e3o ou cenas de oferta, combinando funcionalidade e ritual.<\/p>\n<h3 id=\"7-natural-color-matching-exquisite-style-\">7.\u00a0<strong>Cor natural a condizer, estilo requintado<\/strong><\/h3>\n<p>O esquema geral de cores verdes de baixa satura\u00e7\u00e3o reflecte o conceito de prote\u00e7\u00e3o ambiental, ao mesmo tempo que transmite uma imagem de marca fresca e de alta qualidade. As linhas simples em forma de caixa com tratamento de superf\u00edcie mate\/perolado evitam uma decora\u00e7\u00e3o excessiva e transmitem o estilo da marca atrav\u00e9s da textura do pr\u00f3prio material. Dados de testes reais mostram que este tipo de design pode aumentar o tempo de perman\u00eancia visual do produto na prateleira em 30%.<\/p>","protected":false},"excerpt":{"rendered":"<p>Desde o design criativo \u00e0 produ\u00e7\u00e3o e entrega em massa, somos apoiados por 16 anos de experi\u00eancia no sector e ajudamos as marcas a destacarem-se na concorr\u00eancia feroz atrav\u00e9s de solu\u00e7\u00f5es personalizadas. Quer se trate de presentes de Natal, exclusividades de com\u00e9rcio eletr\u00f3nico ou expositores de lojas de experi\u00eancias offline, podemos fornecer solu\u00e7\u00f5es de adapta\u00e7\u00e3o para ajudar a melhorar as capacidades de pr\u00e9mio dos produtos.<\/p>","protected":false},"featured_media":924,"template":"","meta":{"_kad_post_transparent":"default","_kad_post_title":"","_kad_post_layout":"default","_kad_post_sidebar_id":"","_kad_post_content_style":"default","_kad_post_vertical_padding":"default","_kad_post_feature":"","_kad_post_feature_position":"","_kad_post_header":false,"_kad_post_footer":false,"_kad_post_classname":""},"product_brand":[],"product_cat":[15,27,17],"product_tag":[348,347,349],"class_list":{"0":"post-923","1":"product","2":"type-product","3":"status-publish","4":"has-post-thumbnail","6":"product_cat-red-light-therapy","7":"product_cat-red-light-therapy-belt","8":"product_cat-services","9":"product_tag-custom-clamshell","10":"product_tag-custom-clamshell-boxes","11":"product_tag-gift-boxes-packaging-supplies","13":"first","14":"instock","15":"shipping-taxable","16":"product-type-simple","17":"entry","18":"content-bg","19":"loop-entry"},"_links":{"self":[{"href":"https:\/\/red-lighttherapy.com\/pt_pt\/wp-json\/wp\/v2\/product\/923","targetHints":{"allow":["GET"]}}],"collection":[{"href":"https:\/\/red-lighttherapy.com\/pt_pt\/wp-json\/wp\/v2\/product"}],"about":[{"href":"https:\/\/red-lighttherapy.com\/pt_pt\/wp-json\/wp\/v2\/types\/product"}],"wp:featuredmedia":[{"embeddable":true,"href":"https:\/\/red-lighttherapy.com\/pt_pt\/wp-json\/wp\/v2\/media\/924"}],"wp:attachment":[{"href":"https:\/\/red-lighttherapy.com\/pt_pt\/wp-json\/wp\/v2\/media?parent=923"}],"wp:term":[{"taxonomy":"product_brand","embeddable":true,"href":"https:\/\/red-lighttherapy.com\/pt_pt\/wp-json\/wp\/v2\/product_brand?post=923"},{"taxonomy":"product_cat","embeddable":true,"href":"https:\/\/red-lighttherapy.com\/pt_pt\/wp-json\/wp\/v2\/product_cat?post=923"},{"taxonomy":"product_tag","embeddable":true,"href":"https:\/\/red-lighttherapy.com\/pt_pt\/wp-json\/wp\/v2\/product_tag?post=923"}],"curies":[{"name":"wp","href":"https:\/\/api.w.org\/{rel}","templated":true}]}}