{"id":900,"date":"2025-04-15T09:58:54","date_gmt":"2025-04-15T09:58:54","guid":{"rendered":"https:\/\/red-lighttherapy.com\/?post_type=product&#038;p=900"},"modified":"2025-04-15T10:16:33","modified_gmt":"2025-04-15T10:16:33","slug":"private-label-child-resistant-drawer-box-for-vape-cartridge","status":"publish","type":"product","link":"https:\/\/red-lighttherapy.com\/pt_pt\/private-label-child-resistant-drawer-box-for-vape-cartridge\/","title":{"rendered":"Caixa de gaveta para cartuchos Vape com marca pr\u00f3pria e resistente a crian\u00e7as"},"content":{"rendered":"<h2 id=\"-child-safe-drawer-type-electronic-cigarette-cartridge-box-product-description-\"><strong>Marca pr\u00f3pria Caixa de gaveta resistente a crian\u00e7as para cartucho Vape Descri\u00e7\u00e3o do produto<\/strong><\/h2>\n<h2 id=\"1-child-lock-patent-technology-\">1.\u00a0<strong>Tecnologia patenteada de bloqueio para crian\u00e7as<\/strong><\/h2>\n<p>\u00c9 adotado o design de bloqueio mec\u00e2nico plug-in para crian\u00e7as internacionalmente aceite. O cartucho tem de ser ligado e desligado tr\u00eas vezes em 2 segundos antes de poder ser desbloqueado (a a\u00e7\u00e3o de desbloqueio refere-se aos requisitos de certifica\u00e7\u00e3o da norma internacional ISO 8317), o que impede eficazmente as crian\u00e7as de se manterem afastadas. O certificado de patente abrange os principais regulamentos do mercado, como a norma europeia EN 14375 e a norma americana ASTM D3475-18, garantindo que o produto est\u00e1 em conformidade com a \"Norma Nacional Obrigat\u00f3ria para Cigarros Electr\u00f3nicos\" e com os regulamentos de seguran\u00e7a mundiais.<\/p>\n<h2 id=\"2-sealing-and-protection-integration-\">2.\u00a0<strong>Integra\u00e7\u00e3o de veda\u00e7\u00e3o e prote\u00e7\u00e3o<\/strong><\/h2>\n<p>A caixa tipo gaveta adopta uma estrutura de fivela dupla. Quando fechada, forma uma barreira herm\u00e9tica atrav\u00e9s de um anel de veda\u00e7\u00e3o de silicone. O desempenho \u00e0 prova de humidade e anti-oxida\u00e7\u00e3o atinge o n\u00edvel IP54, evitando a abertura acidental causada por impacto externo.<\/p>\n<h2 id=\"1-fsc-certified-environmentally-friendly-paper-\">3. <strong>Papel ecol\u00f3gico certificado pelo FSC<\/strong><\/h2>\n<p>O corpo da caixa utiliza papel certificado FSC-C137354, as mat\u00e9rias-primas prov\u00eam de florestas geridas de forma sustent\u00e1vel, cumprem o Regulamento da UE relativo \u00e0 madeira (EUTR) e as normas ambientais norte-americanas, e a impress\u00e3o da embalagem utiliza tinta \u00e0 base de \u00e1gua, que n\u00e3o \u00e9 t\u00f3xica e \u00e9 degrad\u00e1vel.<\/p>\n<h2 id=\"2-visual-identification-system-enhancement-\">4. <strong>Melhoria do sistema de identifica\u00e7\u00e3o visual<\/strong><\/h2>\n<ul>\n<li><strong>Cor principal<\/strong>: Base branca pura, s\u00edmbolo de seguran\u00e7a e tecnologia.<\/li>\n<li><strong>Desenho de padr\u00f5es<\/strong>: O padr\u00e3o de nuvens em relevo na superf\u00edcie da caixa \u00e9 inspirado no padr\u00e3o tradicional oriental de nuvens auspiciosas, e \u00e9 combinado com o processo de estampagem a quente do LOGOTIPO da marca para aumentar o reconhecimento e a textura de alta qualidade.<\/li>\n<\/ul>\n<h2 id=\"1-eva-customized-lining-protection-\">5. <strong>Prote\u00e7\u00e3o do forro personalizada em EVA<\/strong><\/h2>\n<p>O revestimento utiliza espuma EVA de alta densidade (densidade 45P, espessura 7 mm), que foi testada para suportar uma press\u00e3o est\u00e1tica de 50 kg e um impacto de queda de 1,2 metros. A cavidade interior \u00e9 cortada a laser de acordo com a forma do cartucho, adequada para uma variedade de especifica\u00e7\u00f5es, e o desempenho \u00e0 prova de choque e de amortecimento \u00e9 30% melhor do que a norma da ind\u00fastria.<\/p>\n<h2 id=\"2-fast-modular-design-system-\">6. <strong>Sistema de conce\u00e7\u00e3o modular r\u00e1pido<\/strong><\/h2>\n<ul>\n<li><strong>Entrega em 72 horas<\/strong>: Suporta a importa\u00e7\u00e3o de desenhos CAD, gera de forma inteligente a estrutura da caixa, reveste a solu\u00e7\u00e3o de molde dividido e \u00e9 compat\u00edvel com a personaliza\u00e7\u00e3o de cartuchos redondos\/ovais (di\u00e2metro de 20 mm ou mais).<\/li>\n<li><strong>Expans\u00e3o flex\u00edvel<\/strong>: A calha da gaveta pode ser expandida para uma estrutura de camada simples\/dupla, adequada para cigarros electr\u00f3nicos descart\u00e1veis ou conjuntos de cartuchos multi-sabores que mudam de sabor.<\/li>\n<\/ul>\n<h2 id=\"-fourth-compliance-certification-and-after-sales-service-\"><strong>7. Certifica\u00e7\u00e3o de conformidade e servi\u00e7o p\u00f3s-venda<\/strong><\/h2>\n<ul>\n<li><strong>Certifica\u00e7\u00e3o internacional<\/strong>: Aprovado nos testes CE, RoHS, REACH e digitalizar o c\u00f3digo para verificar o lote de produ\u00e7\u00e3o e o certificado de conformidade.<\/li>\n<li><strong>Compromisso de garantia de qualidade<\/strong>: Fornecer uma garantia estrutural de 12 meses e apoiar a reciclagem e atualiza\u00e7\u00e3o de caixas antigas.<\/li>\n<\/ul>","protected":false},"excerpt":{"rendered":"<p>Este produto tem como n\u00facleo a \"seguran\u00e7a, a prote\u00e7\u00e3o ambiental e a elevada efici\u00eancia\", integra profundamente o mecanismo de resist\u00eancia \u00e0s crian\u00e7as com a est\u00e9tica da marca e satisfaz as diversas necessidades das marcas globais de vape em termos de conformidade, experi\u00eancia do utilizador e efici\u00eancia da cadeia de abastecimento.<\/p>","protected":false},"featured_media":913,"template":"","meta":{"_kad_post_transparent":"default","_kad_post_title":"","_kad_post_layout":"default","_kad_post_sidebar_id":"","_kad_post_content_style":"default","_kad_post_vertical_padding":"default","_kad_post_feature":"","_kad_post_feature_position":"","_kad_post_header":false,"_kad_post_footer":false,"_kad_post_classname":""},"product_brand":[],"product_cat":[15,20,40,17],"product_tag":[344,345,346],"class_list":{"0":"post-900","1":"product","2":"type-product","3":"status-publish","4":"has-post-thumbnail","6":"product_cat-red-light-therapy","7":"product_cat-led-face-light-therapy","8":"product_cat-red-light-therapy-panel","9":"product_cat-services","10":"product_tag-child-resistant-vape-packaging","11":"product_tag-drawer-box-for-vape-cartridge","12":"product_tag-private-label-vape-cartridge-box","14":"first","15":"instock","16":"shipping-taxable","17":"product-type-simple","18":"entry","19":"content-bg","20":"loop-entry"},"_links":{"self":[{"href":"https:\/\/red-lighttherapy.com\/pt_pt\/wp-json\/wp\/v2\/product\/900","targetHints":{"allow":["GET"]}}],"collection":[{"href":"https:\/\/red-lighttherapy.com\/pt_pt\/wp-json\/wp\/v2\/product"}],"about":[{"href":"https:\/\/red-lighttherapy.com\/pt_pt\/wp-json\/wp\/v2\/types\/product"}],"wp:featuredmedia":[{"embeddable":true,"href":"https:\/\/red-lighttherapy.com\/pt_pt\/wp-json\/wp\/v2\/media\/913"}],"wp:attachment":[{"href":"https:\/\/red-lighttherapy.com\/pt_pt\/wp-json\/wp\/v2\/media?parent=900"}],"wp:term":[{"taxonomy":"product_brand","embeddable":true,"href":"https:\/\/red-lighttherapy.com\/pt_pt\/wp-json\/wp\/v2\/product_brand?post=900"},{"taxonomy":"product_cat","embeddable":true,"href":"https:\/\/red-lighttherapy.com\/pt_pt\/wp-json\/wp\/v2\/product_cat?post=900"},{"taxonomy":"product_tag","embeddable":true,"href":"https:\/\/red-lighttherapy.com\/pt_pt\/wp-json\/wp\/v2\/product_tag?post=900"}],"curies":[{"name":"wp","href":"https:\/\/api.w.org\/{rel}","templated":true}]}}