{"id":894,"date":"2025-04-15T09:42:47","date_gmt":"2025-04-15T09:42:47","guid":{"rendered":"https:\/\/red-lighttherapy.com\/?post_type=product&#038;p=894"},"modified":"2025-04-16T16:37:17","modified_gmt":"2025-04-16T16:37:17","slug":"bespoke-clamshell-gift-box-for-1-gram-concentrate-live-resin","status":"publish","type":"product","link":"https:\/\/red-lighttherapy.com\/pt_pt\/bespoke-clamshell-gift-box-for-1-gram-concentrate-live-resin\/","title":{"rendered":"Caixa de oferta com concha feita \u00e0 medida para resina viva concentrada de 1 grama"},"content":{"rendered":"<h2 id=\"-customized-flip-top-gift-box-1g-concentrated-active-resin-exclusive-protection-solution-\"><strong>Caixa de oferta flip-top personalizada 1g de resina ativa concentrada solu\u00e7\u00e3o de prote\u00e7\u00e3o exclusiva<\/strong><\/h2>\n<h2 id=\"-1-ergonomic-flip-top-design-one-handed-operation-without-burden-\"><strong>1. Design ergon\u00f3mico com tampa flip-top, funcionamento com uma s\u00f3 m\u00e3o sem sobrecarga<\/strong><\/h2>\n<ul>\n<li>Adoptando uma estrutura de dobradi\u00e7a de precis\u00e3o e uma assist\u00eancia dupla de fivela magn\u00e9tica, o empurr\u00e3o com uma m\u00e3o pode abrir e fechar suavemente, evitando o problema de as caixas dobr\u00e1veis tradicionais ficarem facilmente presas ou soltas.<\/li>\n<li>A vida \u00fatil do flip-top foi testada para 10.000 vezes de abertura e fecho, e a durabilidade foi aumentada em 300%, satisfazendo as necessidades de utiliza\u00e7\u00e3o de alta frequ\u00eancia.<\/li>\n<\/ul>\n<h2 id=\"-2-environmentally-friendly-coated-paper-material-taking-into-account-strength-and-sustainability-\"><strong>2. Material de papel revestido amigo do ambiente, tendo em conta a resist\u00eancia e a sustentabilidade<\/strong><\/h2>\n<ul>\n<li>Papel revestido espesso selecionado com certifica\u00e7\u00e3o FSC (pel\u00edcula mate\/filme brilhante opcional), dureza de 400g\/m\u00b2, capacidade de carga superior a 500g, protegendo firmemente 1g de produtos de resina.<\/li>\n<li>Apoiar a impress\u00e3o com tinta ecol\u00f3gica e o processo de revestimento degrad\u00e1vel, em conformidade com as normas de acesso de prote\u00e7\u00e3o ambiental dos mercados europeu e americano.<\/li>\n<\/ul>\n<h2 id=\"-3-precision-die-cutting-process-millimeter-level-precision-adaptation-\"><strong>3. Processo de corte de precis\u00e3o, adapta\u00e7\u00e3o de precis\u00e3o ao n\u00edvel do mil\u00edmetro<\/strong><\/h2>\n<ul>\n<li>A tecnologia de corte a laser garante que n\u00e3o haja rebarbas na borda da caixa, a toler\u00e2ncia da costura \u00e9 \u22640,3 mm, o toque \u00e9 delicado e evita o risco de arranh\u00f5es.<\/li>\n<li>A profundidade da ranhura circular incorporada \u00e9 adaptada ao tamanho do concentrado de 1 grama mais comum na ind\u00fastria (di\u00e2metro de 20 mm\/ajust\u00e1vel) e \u00e9 utilizada a camada tamp\u00e3o EVA de qualidade alimentar, que \u00e9 resistente ao choque e \u00e0 press\u00e3o e tem uma desloca\u00e7\u00e3o zero durante o transporte.<\/li>\n<\/ul>\n<h2 id=\"-4-minimalist-blank-design-interpreting-high-end-tonality-\"><strong>4. Design minimalista em branco, interpretando a tonalidade da gama alta<\/strong><\/h2>\n<ul>\n<li>A base mate de cor pura \u00e9 combinada com um design em branco sem LOGO, real\u00e7ando o valor do conte\u00fado, e suporta estampagem a quente, grava\u00e7\u00e3o em relevo, superf\u00edcie brilhante parcial UV e outros processos de personaliza\u00e7\u00e3o.<\/li>\n<li>Forro de veludo magn\u00e9tico opcional, placa de identifica\u00e7\u00e3o em metal ou ranhura para cart\u00f5es personalizada para melhorar a sensa\u00e7\u00e3o de cerim\u00f3nia de desembalagem.<\/li>\n<\/ul>\n<h2 id=\"-customized-service-\"><strong>5. Servi\u00e7o personalizado<\/strong><\/h2>\n<ul>\n<li><strong>Tamanho flex\u00edvel<\/strong>: Suporta o ajuste de ranhuras com um di\u00e2metro de 15-30 mm, adaptando-se a latas de cera com formas especiais ou a necessidades de embalagem multi-grade.<\/li>\n<li><strong>Atualiza\u00e7\u00e3o estrutural<\/strong>: Podem ser adicionados selos anti-contrafa\u00e7\u00e3o, tabuleiros interiores extra\u00edveis ou modelos de empilhamento de camada dupla.<\/li>\n<li><strong>Solu\u00e7\u00e3o de impress\u00e3o<\/strong>: S\u00e3o fornecidas cores diretas Pantone, cores fluorescentes, impress\u00e3o em relevo e outros processos de nicho, e \u00e9 suportada a personaliza\u00e7\u00e3o visual da marca de toda a superf\u00edcie da caixa.<\/li>\n<li><strong>Valor acrescentado acess\u00f3rio<\/strong>: Com ferramentas personalizadas (como microesp\u00e1tulas), instru\u00e7\u00f5es ou chips electr\u00f3nicos (rastreabilidade NFC).<\/li>\n<\/ul>\n<h3 id=\"-application-scenarios-\"><strong>6. Cen\u00e1rios de aplica\u00e7\u00e3o<\/strong><\/h3>\n<ul>\n<li>Conjuntos de oferta de resina concentrada de alta qualidade<\/li>\n<li>Embalagem de produtos de edi\u00e7\u00e3o limitada com a marca conjunta<\/li>\n<li>Armazenamento selado de ingredientes activos de qualidade m\u00e9dica<\/li>\n<li>Caixas de oferta personalizadas exclusivas para membros da marca<\/li>\n<\/ul>","protected":false},"excerpt":{"rendered":"<p>A caixa de oferta em concha especialmente concebida para resina viva concentrada de elevado valor (resina viva) combina uma est\u00e9tica minimalista com um design funcional e utiliza uma t\u00e9cnica artesanal de precis\u00e3o para conseguir uma tripla melhoria na prote\u00e7\u00e3o do produto, na experi\u00eancia port\u00e1til e na textura da marca. \u00c9 adequada para presentes topo de gama, edi\u00e7\u00f5es limitadas ou necessidades de personaliza\u00e7\u00e3o de nicho.<\/p>","protected":false},"featured_media":896,"template":"","meta":{"_kad_post_transparent":"default","_kad_post_title":"","_kad_post_layout":"default","_kad_post_sidebar_id":"","_kad_post_content_style":"default","_kad_post_vertical_padding":"default","_kad_post_feature":"","_kad_post_feature_position":"","_kad_post_header":false,"_kad_post_footer":false,"_kad_post_classname":""},"product_brand":[],"product_cat":[15,27,17],"product_tag":[339,340,338],"class_list":{"0":"post-894","1":"product","2":"type-product","3":"status-publish","4":"has-post-thumbnail","6":"product_cat-red-light-therapy","7":"product_cat-red-light-therapy-belt","8":"product_cat-services","9":"product_tag-bespoke-live-resin-gift-box","10":"product_tag-clamshell-gift-box-for-concentrate","11":"product_tag-gift-box-for-1-gram-concentrate","13":"first","14":"instock","15":"shipping-taxable","16":"product-type-simple","17":"entry","18":"content-bg","19":"loop-entry"},"_links":{"self":[{"href":"https:\/\/red-lighttherapy.com\/pt_pt\/wp-json\/wp\/v2\/product\/894","targetHints":{"allow":["GET"]}}],"collection":[{"href":"https:\/\/red-lighttherapy.com\/pt_pt\/wp-json\/wp\/v2\/product"}],"about":[{"href":"https:\/\/red-lighttherapy.com\/pt_pt\/wp-json\/wp\/v2\/types\/product"}],"wp:featuredmedia":[{"embeddable":true,"href":"https:\/\/red-lighttherapy.com\/pt_pt\/wp-json\/wp\/v2\/media\/896"}],"wp:attachment":[{"href":"https:\/\/red-lighttherapy.com\/pt_pt\/wp-json\/wp\/v2\/media?parent=894"}],"wp:term":[{"taxonomy":"product_brand","embeddable":true,"href":"https:\/\/red-lighttherapy.com\/pt_pt\/wp-json\/wp\/v2\/product_brand?post=894"},{"taxonomy":"product_cat","embeddable":true,"href":"https:\/\/red-lighttherapy.com\/pt_pt\/wp-json\/wp\/v2\/product_cat?post=894"},{"taxonomy":"product_tag","embeddable":true,"href":"https:\/\/red-lighttherapy.com\/pt_pt\/wp-json\/wp\/v2\/product_tag?post=894"}],"curies":[{"name":"wp","href":"https:\/\/api.w.org\/{rel}","templated":true}]}}