{"id":893,"date":"2025-04-15T09:26:53","date_gmt":"2025-04-15T09:26:53","guid":{"rendered":"https:\/\/red-lighttherapy.com\/?post_type=product&#038;p=893"},"modified":"2025-04-16T16:38:38","modified_gmt":"2025-04-16T16:38:38","slug":"customized-clamshell-magnetic-perfume-box-gift-box-sourcing","status":"publish","type":"product","link":"https:\/\/red-lighttherapy.com\/pt_pt\/customized-clamshell-magnetic-perfume-box-gift-box-sourcing\/","title":{"rendered":"Caixa de perfume magn\u00e9tica com concha personalizada Caixa de presente Sourcing"},"content":{"rendered":"<h3 id=\"1-material-selection-the-golden-combination-of-coated-paper-and-cardboard-\">1.\u00a0<strong>Sele\u00e7\u00e3o de materiais: a combina\u00e7\u00e3o dourada de papel revestido e cart\u00e3o<\/strong><\/h3>\n<p>A caixa de oferta utiliza\u00a0<strong>papel revestido<\/strong>\u00a0como papel de superf\u00edcie. A sua superf\u00edcie \u00e9 lisa e absorvente. Pode restaurar com exatid\u00e3o padr\u00f5es de alta precis\u00e3o e efeitos de gradiente delicados. \u00c9 especialmente adequado para desenhos que apresentem texturas met\u00e1licas ou n\u00edveis de luz e sombra.\u00a0<strong>Cart\u00e3o de uma face de 1200 g<\/strong>\u00a0\u00e9 utilizado para o fundo. A espessura e a capacidade de carga s\u00e3o rigorosamente medidas para garantir que o corpo da caixa \u00e9 est\u00e1vel e n\u00e3o \u00e9 f\u00e1cil de deformar. Ao mesmo tempo, o design da estrutura interna (como o enchimento de cart\u00e3o alveolar) \u00e9 utilizado para melhorar a fixa\u00e7\u00e3o do perfume e evitar danos causados por aban\u00f5es durante o transporte.<\/p>\n<h3 id=\"2-appearance-design-deep-purple-tone-and-four-color-spot-color-technology-fusion-\">2.\u00a0<strong>Design do aspeto: tom p\u00farpura profundo e fus\u00e3o de quatro cores + tecnologia de cor direta<\/strong><\/h3>\n<p>A cor de base utiliza\u00a0<strong>roxo profundo<\/strong>que simboliza eleg\u00e2ncia e mist\u00e9rio e se enquadra no posicionamento topo de gama dos produtos de perfumaria.\u00a0<strong>Impress\u00e3o a quatro cores (CMYK)<\/strong>\u00a0\u00e9 utilizado para obter uma cobertura de cor b\u00e1sica, e\u00a0<strong>impress\u00e3o a cores diretas<\/strong>\u00a0(como a cor personalizada do cart\u00e3o de cor Pantone) \u00e9 sobreposta para real\u00e7ar o LOGOTIPO da marca ou a textura especial para garantir a satura\u00e7\u00e3o e a consist\u00eancia da cor. Por exemplo, a parte do LOGOTIPO adopta o processo de cor especial de estampagem a quente para formar um foco visual no fundo mate, e o estilo geral \u00e9 simples mas luxuoso.<\/p>\n<h3 id=\"3-surface-treatment-matt-film-process-improves-practicality-and-protection-\">3.\u00a0<strong>Tratamento de superf\u00edcie: O processo de pel\u00edcula mate melhora a praticidade e a prote\u00e7\u00e3o<\/strong><\/h3>\n<p>A superf\u00edcie da caixa \u00e9 coberta com\u00a0<strong>pel\u00edcula mate<\/strong>que tem as carater\u00edsticas de anti-incrustante, anti-impress\u00e3o digital e resist\u00eancia \u00e0 abras\u00e3o. A superf\u00edcie \u00e9 coberta com uma pel\u00edcula mate para formar uma superf\u00edcie mate de alta qualidade, que pode evitar a interfer\u00eancia do reflexo e, ao mesmo tempo, evitar a eros\u00e3o da humidade, do \u00f3leo e do \u00e1lcool, e prolongar a vida \u00fatil da caixa de oferta.<\/p>\n<h3 id=\"4-structural-design-the-convenience-and-aesthetic-balance-of-the-top-and-bottom-box-flap-\">4.\u00a0<strong>Conce\u00e7\u00e3o estrutural: a comodidade e o equil\u00edbrio est\u00e9tico da aba da caixa superior e inferior<\/strong><\/h3>\n<p>Adotar o\u00a0<strong>estrutura da aba da caixa superior e inferior<\/strong>A caixa superior e a caixa inferior s\u00e3o fechadas pela estrutura de suc\u00e7\u00e3o magn\u00e9tica, e o \u00e2ngulo de abertura e fecho \u00e9 de at\u00e9 180\u00b0, o que \u00e9 f\u00e1cil de tirar e p\u00f4r perfume. A rela\u00e7\u00e3o entre a tampa da caixa e o corpo da caixa foi ergonomicamente optimizada, podendo ser aberta e fechada com uma m\u00e3o, o que \u00e9 simples e r\u00e1pido, poupando tempo.<\/p>\n<h3 id=\"5-personalized-customization-flexibly-adapt-to-brand-creative-needs-\">5.\u00a0<strong>Personaliza\u00e7\u00e3o personalizada: adapta-se de forma flex\u00edvel \u00e0s necessidades criativas da marca<\/strong><\/h3>\n<p>A superf\u00edcie da caixa suporta\u00a0<strong>impress\u00e3o a toda a largura<\/strong>e pode personalizar padr\u00f5es, textos e hist\u00f3rias da marca. Por exemplo, a tecnologia de impress\u00e3o digital pode ser utilizada para obter pequenos lotes de produ\u00e7\u00e3o de alta precis\u00e3o, ou os processos de grava\u00e7\u00e3o em relevo e estampagem a quente podem ser combinados para melhorar o n\u00edvel t\u00e1til. Os clientes podem fornecer esbo\u00e7os de design ou confiar a equipas profissionais a realiza\u00e7\u00e3o de designs criativos para garantir que a caixa de oferta transmite o valor da marca desde a apar\u00eancia ao conte\u00fado.<\/p>\n<h3 id=\"6-box-type-adaptation-flexibility-of-multi-scenario-applications-\">6.\u00a0<strong>Adapta\u00e7\u00e3o do tipo de caixa: flexibilidade das aplica\u00e7\u00f5es em v\u00e1rios cen\u00e1rios<\/strong><\/h3>\n<p>Para al\u00e9m das caixas superior e inferior padr\u00e3o,\u00a0<strong>tipo gaveta, tipo dobr\u00e1vel, tipo fivela magn\u00e9tica<\/strong>\u00a0e outros tipos diversificados de caixas est\u00e3o dispon\u00edveis. Por exemplo, a linha topo de gama pode utilizar uma estrutura de encaixe de camada dupla para aumentar a sensa\u00e7\u00e3o de mist\u00e9rio, enquanto a edi\u00e7\u00e3o limitada pode ser integrada com um forro destac\u00e1vel ou um dispositivo de teste de fragr\u00e2ncia para melhorar a experi\u00eancia interactiva. Todos os tipos de caixas passaram nos testes de resist\u00eancia \u00e0 queda e \u00e0 press\u00e3o para garantir a seguran\u00e7a do transporte.<\/p>\n<h3 id=\"7-capacity-guarantee-full-process-quality-control-of-5320-workshop-\">7.\u00a0<strong>Garantia de capacidade: controlo de qualidade de processo completo da oficina 5320\u33a1<\/strong><\/h3>\n<p>Temos a nossa pr\u00f3pria\u00a0<strong>5320 metros quadrados de base de produ\u00e7\u00e3o inteligente<\/strong>A nossa empresa est\u00e1 equipada com equipamento avan\u00e7ado, como m\u00e1quinas de impress\u00e3o a seis cores da Heidelberg e m\u00e1quinas de corte e vinco totalmente autom\u00e1ticas, apoiando o controlo de todo o processo, desde a conce\u00e7\u00e3o at\u00e9 \u00e0 entrega. Seguimos rigorosamente o sistema de gest\u00e3o da qualidade ISO, com uma capacidade de produ\u00e7\u00e3o di\u00e1ria de mais de 30.000 pe\u00e7as, e as encomendas urgentes podem ser entregues em 7 dias. O sistema de gest\u00e3o digital monitoriza a temperatura, a humidade, a concentra\u00e7\u00e3o de tinta e outros par\u00e2metros em tempo real para garantir a consist\u00eancia do produto.<\/p>","protected":false},"excerpt":{"rendered":"<p>Esta caixa de oferta \u00e9 uma inova\u00e7\u00e3o colaborativa de materiais, artesanato e design, tendo em conta a funcionalidade, a est\u00e9tica e o tom da marca. \u00c9 adequada para perfumes topo de gama, caixas de oferta de f\u00e9rias ou produtos conjuntos limitados. Atrav\u00e9s de uma cadeia de fornecimento flex\u00edvel e de um controlo de qualidade rigoroso, oferece aos clientes solu\u00e7\u00f5es personalizadas eficientes e fi\u00e1veis.<\/p>","protected":false},"featured_media":920,"template":"","meta":{"_kad_post_transparent":"default","_kad_post_title":"","_kad_post_layout":"default","_kad_post_sidebar_id":"","_kad_post_content_style":"default","_kad_post_vertical_padding":"default","_kad_post_feature":"","_kad_post_feature_position":"","_kad_post_header":false,"_kad_post_footer":false,"_kad_post_classname":""},"product_brand":[],"product_cat":[15,27,17],"product_tag":[341,342,343],"class_list":{"0":"post-893","1":"product","2":"type-product","3":"status-publish","4":"has-post-thumbnail","6":"product_cat-red-light-therapy","7":"product_cat-red-light-therapy-belt","8":"product_cat-services","9":"product_tag-customized-clamshell-box","10":"product_tag-magnetic-perfume-box","11":"product_tag-perfume-gift-box-sourcing","13":"first","14":"instock","15":"shipping-taxable","16":"product-type-simple","17":"entry","18":"content-bg","19":"loop-entry"},"_links":{"self":[{"href":"https:\/\/red-lighttherapy.com\/pt_pt\/wp-json\/wp\/v2\/product\/893","targetHints":{"allow":["GET"]}}],"collection":[{"href":"https:\/\/red-lighttherapy.com\/pt_pt\/wp-json\/wp\/v2\/product"}],"about":[{"href":"https:\/\/red-lighttherapy.com\/pt_pt\/wp-json\/wp\/v2\/types\/product"}],"wp:featuredmedia":[{"embeddable":true,"href":"https:\/\/red-lighttherapy.com\/pt_pt\/wp-json\/wp\/v2\/media\/920"}],"wp:attachment":[{"href":"https:\/\/red-lighttherapy.com\/pt_pt\/wp-json\/wp\/v2\/media?parent=893"}],"wp:term":[{"taxonomy":"product_brand","embeddable":true,"href":"https:\/\/red-lighttherapy.com\/pt_pt\/wp-json\/wp\/v2\/product_brand?post=893"},{"taxonomy":"product_cat","embeddable":true,"href":"https:\/\/red-lighttherapy.com\/pt_pt\/wp-json\/wp\/v2\/product_cat?post=893"},{"taxonomy":"product_tag","embeddable":true,"href":"https:\/\/red-lighttherapy.com\/pt_pt\/wp-json\/wp\/v2\/product_tag?post=893"}],"curies":[{"name":"wp","href":"https:\/\/api.w.org\/{rel}","templated":true}]}}