{"id":888,"date":"2025-04-15T07:40:45","date_gmt":"2025-04-15T07:40:45","guid":{"rendered":"https:\/\/red-lighttherapy.com\/?post_type=product&#038;p=888"},"modified":"2025-04-15T07:57:39","modified_gmt":"2025-04-15T07:57:39","slug":"dealer-holographic-paper-clamshell-gift-vip-credit-card-box","status":"publish","type":"product","link":"https:\/\/red-lighttherapy.com\/pt_pt\/dealer-holographic-paper-clamshell-gift-vip-credit-card-box\/","title":{"rendered":"Caixa de cart\u00e3o de cr\u00e9dito VIP para oferta de papel hologr\u00e1fico para revendedor"},"content":{"rendered":"<h2 id=\"product-description-of-vip-member-card-magnetic-cover-hard-box-for-distribution\">Descri\u00e7\u00e3o do produto de Caixa de cart\u00e3o de cr\u00e9dito VIP para oferta de papel hologr\u00e1fico para revendedor<\/h2>\n<h2 id=\"1-magnetic-suction-box-type-double-upgrade-of-one-handed-operation-and-quality-perception-\">1.\u00a0<strong>Tipo de caixa de suc\u00e7\u00e3o magn\u00e9tica: Dupla atualiza\u00e7\u00e3o da opera\u00e7\u00e3o com uma m\u00e3o e da perce\u00e7\u00e3o de qualidade<\/strong><\/h2>\n<ul>\n<li><strong>Adsor\u00e7\u00e3o magn\u00e9tica de precis\u00e3o<\/strong>: Adoptando uma estrutura de suc\u00e7\u00e3o magn\u00e9tica de alta precis\u00e3o, a tampa da caixa pode ser aberta e fechada com um simples toque, e ouve-se um som n\u00edtido de \"clique\" quando fechada, o que melhora a perce\u00e7\u00e3o intuitiva da qualidade por parte do utilizador.<\/li>\n<li><strong>Garantia de durabilidade<\/strong>: O componente de suc\u00e7\u00e3o magn\u00e9tica foi testado para abrir e fechar milhares de vezes sem atenua\u00e7\u00e3o, garantindo uma estabilidade a longo prazo.<\/li>\n<\/ul>\n<h2 id=\"2-display-stand-design-enjoy-the-sense-of-ceremony-as-soon-as-you-open-the-box-\">2.\u00a0<strong>Design do expositor: Desfrute da sensa\u00e7\u00e3o de cerim\u00f3nia assim que abrir a caixa<\/strong><\/h2>\n<ul>\n<li><strong>Fun\u00e7\u00e3o de visualiza\u00e7\u00e3o multi-\u00e2ngulo<\/strong>: Depois de o corpo da caixa ser desdobrado, forma-se um expositor inclinado a 30\u00b0, que pode apresentar intuitivamente o LOGOTIPO gravado a quente ou o processo de grava\u00e7\u00e3o em relevo do cart\u00e3o VIP, aumentando a sensa\u00e7\u00e3o de dignidade e cerim\u00f3nia ao abrir a caixa.<\/li>\n<li><strong>Estrutura de carris deslizantes (opcional)<\/strong>: O design da calha deslizante do tipo gaveta melhora ainda mais a suavidade do funcionamento, o que satisfaz as necessidades eficientes dos cen\u00e1rios empresariais.<\/li>\n<\/ul>\n<h2 id=\"3-visual-presentation-luxury-aesthetic-language-\">3.\u00a0<strong>Apresenta\u00e7\u00e3o visual: linguagem est\u00e9tica de luxo<\/strong><\/h2>\n<ul>\n<li><strong>Cor principal e artesanato<\/strong>: O corpo da caixa adopta uma base branca mate pura, com estampagem a quente parcial\/artesanato prateado, como o log\u00f3tipo da marca, o padr\u00e3o da moldura, etc., apresentando um impacto visual discreto e luxuoso.<\/li>\n<li><strong>Sele\u00e7\u00e3o de materiais<\/strong>: Op\u00e7\u00e3o de PVC fosco, cart\u00e3o perolado ou material acr\u00edlico amigo do ambiente, de toque delicado, resistente a riscos e ao desgaste.<\/li>\n<\/ul>\n<h2 id=\"4-inner-lining-design-precise-storage-and-protection-\">4.\u00a0<strong>Design do forro interior: armazenamento e prote\u00e7\u00e3o precisos<\/strong><\/h2>\n<ul>\n<li><strong>Ranhura para cart\u00f5es personalizada<\/strong>: O forro interior adopta esponja EVA de alta densidade ou material de flanela, que se adapta com precis\u00e3o ao tamanho de cart\u00f5es simples\/m\u00faltiplos, \u00e0 prova de choque e resistente ao desgaste.<\/li>\n<li><strong>Divis\u00f3ria multifuncional<\/strong>: Podem ser adicionados compartimentos independentes, compat\u00edveis com cart\u00f5es de visita, manuais ou pequenos presentes, para satisfazer as necessidades dos cen\u00e1rios de presentes de neg\u00f3cios.<\/li>\n<\/ul>\n<h2 id=\"5-quality-control-standards-strict-scene-adaptability-\">5.\u00a0<strong>Normas de controlo de qualidade: rigorosa adaptabilidade ao cen\u00e1rio<\/strong><\/h2>\n<ul>\n<li><strong>Toler\u00e2ncia ambiental<\/strong>: Passou nos testes de envelhecimento \u00e0 prova de fogo, \u00e0 prova de humidade e anti-UV, e cumpre as normas de armazenamento e transporte a n\u00edvel banc\u00e1rio.<\/li>\n<li><strong>Detalhes da tecnologia<\/strong>: O bordo do corpo da caixa adopta uma tecnologia de chanfragem arredondada para evitar riscos.<\/li>\n<\/ul>\n<h2 id=\"-unlimited-customization-service-\"><strong>6. Servi\u00e7o de personaliza\u00e7\u00e3o ilimitado<\/strong><\/h2>\n<ul>\n<li><strong>Adapta\u00e7\u00e3o flex\u00edvel do processo<\/strong>: Suporta estampagem a quente\/prata, grava\u00e7\u00e3o UV, impress\u00e3o a laser a cores, grava\u00e7\u00e3o a laser e outros processos, e pode personalizar simultaneamente o LOGO, o n\u00famero, o nome do cliente e outras informa\u00e7\u00f5es personalizadas.<\/li>\n<li><strong>Expans\u00e3o da dimens\u00e3o e da estrutura<\/strong>: Compat\u00edvel com cart\u00f5es padr\u00e3o de 0,76 mm a cart\u00f5es com espessura de 1,2 mm, pode ser expandido para caixas de suc\u00e7\u00e3o magn\u00e9tica de camada dupla, caixas de oferta dobr\u00e1veis e outras formas, e adaptar-se a cart\u00f5es de formato especial e necessidades de combina\u00e7\u00e3o de v\u00e1rios cart\u00f5es.<\/li>\n<li><strong>Garantia de entrega de lotes<\/strong>: Suporta uma encomenda m\u00ednima de 500 pe\u00e7as, 7-14 dias de entrega extremamente r\u00e1pida e fornece servi\u00e7os de confirma\u00e7\u00e3o de amostras de cores, provas e revis\u00f5es durante todo o processo.<\/li>\n<\/ul>\n<h2 id=\"-applicable-scenario-examples-\"><strong>7. Exemplos de cen\u00e1rios aplic\u00e1veis<\/strong><\/h2>\n<ul>\n<li><strong>Clientes de banca privada dos bancos<\/strong>: Com os cart\u00f5es de ouro negro e os cart\u00f5es de diamante, refor\u00e7ar a \"identidade exclusiva dos utilizadores com elevado patrim\u00f3nio l\u00edquido\".<\/li>\n<li><strong>Sistema de ades\u00e3o topo de gama<\/strong>: Como componente de uma caixa de oferta anual, \u00e9 fornecida com um manual de direitos de membro e cart\u00f5es personalizados para aumentar a fidelidade \u00e0 marca.<\/li>\n<li><strong>Conjunto de cart\u00f5es de visita<\/strong>: Integrar cart\u00f5es de visita met\u00e1licos e caixas magn\u00e9ticas para criar um duplo ponto de mem\u00f3ria \"tato + vis\u00e3o\".<\/li>\n<\/ul>","protected":false},"excerpt":{"rendered":"<p>Esta caixa r\u00edgida com tampa magn\u00e9tica pode ser facilmente aberta e fechada com uma m\u00e3o, evitando o problema das fivelas das caixas de cart\u00e3o tradicionais que se soltam facilmente. O material de papel hologr\u00e1fico de 183 g apresenta um efeito iridescente din\u00e2mico sob diferentes \u00e2ngulos de luz, melhorando o reconhecimento da marca e os atributos do presente. O espa\u00e7o interno pode ser personalizado com camadas\/parti\u00e7\u00f5es para acomodar cart\u00f5es de diferentes espessuras (tais como cart\u00f5es com chip, cart\u00f5es com formato especial) ou cart\u00f5es de visita.<\/p>","protected":false},"featured_media":889,"template":"","meta":{"_kad_post_transparent":"default","_kad_post_title":"","_kad_post_layout":"default","_kad_post_sidebar_id":"","_kad_post_content_style":"default","_kad_post_vertical_padding":"default","_kad_post_feature":"","_kad_post_feature_position":"","_kad_post_header":false,"_kad_post_footer":false,"_kad_post_classname":""},"product_brand":[],"product_cat":[15,27,17],"product_tag":[336,337,335],"class_list":{"0":"post-888","1":"product","2":"type-product","3":"status-publish","4":"has-post-thumbnail","6":"product_cat-red-light-therapy","7":"product_cat-red-light-therapy-belt","8":"product_cat-services","9":"product_tag-clamshell-gift-box-for-vip-credit","10":"product_tag-dealer-vip-credit-card-gift-box","11":"product_tag-holographic-paper-clamshell-gift-box","13":"first","14":"instock","15":"shipping-taxable","16":"product-type-simple","17":"entry","18":"content-bg","19":"loop-entry"},"_links":{"self":[{"href":"https:\/\/red-lighttherapy.com\/pt_pt\/wp-json\/wp\/v2\/product\/888","targetHints":{"allow":["GET"]}}],"collection":[{"href":"https:\/\/red-lighttherapy.com\/pt_pt\/wp-json\/wp\/v2\/product"}],"about":[{"href":"https:\/\/red-lighttherapy.com\/pt_pt\/wp-json\/wp\/v2\/types\/product"}],"wp:featuredmedia":[{"embeddable":true,"href":"https:\/\/red-lighttherapy.com\/pt_pt\/wp-json\/wp\/v2\/media\/889"}],"wp:attachment":[{"href":"https:\/\/red-lighttherapy.com\/pt_pt\/wp-json\/wp\/v2\/media?parent=888"}],"wp:term":[{"taxonomy":"product_brand","embeddable":true,"href":"https:\/\/red-lighttherapy.com\/pt_pt\/wp-json\/wp\/v2\/product_brand?post=888"},{"taxonomy":"product_cat","embeddable":true,"href":"https:\/\/red-lighttherapy.com\/pt_pt\/wp-json\/wp\/v2\/product_cat?post=888"},{"taxonomy":"product_tag","embeddable":true,"href":"https:\/\/red-lighttherapy.com\/pt_pt\/wp-json\/wp\/v2\/product_tag?post=888"}],"curies":[{"name":"wp","href":"https:\/\/api.w.org\/{rel}","templated":true}]}}