{"id":871,"date":"2025-04-15T06:50:34","date_gmt":"2025-04-15T06:50:34","guid":{"rendered":"https:\/\/red-lighttherapy.com\/?post_type=product&#038;p=871"},"modified":"2025-04-15T07:42:52","modified_gmt":"2025-04-15T07:42:52","slug":"satin-lined-magnetic-closure-box-wigs-hair-extension-online","status":"publish","type":"product","link":"https:\/\/red-lighttherapy.com\/pt_pt\/satin-lined-magnetic-closure-box-wigs-hair-extension-online\/","title":{"rendered":"Perucas em caixa com fecho magn\u00e9tico e forradas a cetim Extens\u00e3o de cabelo online"},"content":{"rendered":"<h2 id=\"-satin-magnetic-buckle-wig-hair-extension-magnetic-box-product-description-\"><strong>Caixa magn\u00e9tica para peruca de cetim com fecho magn\u00e9tico Descri\u00e7\u00e3o do produto<\/strong><\/h2>\n<h2 id=\"1-magnetic-box-design-quiet-and-convenient-\">1.\u00a0<strong>Caixa com fecho magn\u00e9tico, silenciosa e c\u00f3moda<\/strong><\/h2>\n<p>A inovadora tecnologia de fivela magn\u00e9tica silenciosa permite abrir e fechar facilmente com uma m\u00e3o, resolvendo completamente os problemas das fivelas tradicionais que s\u00e3o f\u00e1ceis de usar e inc\u00f3modas de utilizar. A estrutura magn\u00e9tica foi testada com precis\u00e3o para garantir que mant\u00e9m uma for\u00e7a de adsor\u00e7\u00e3o est\u00e1vel sob utiliza\u00e7\u00e3o de alta frequ\u00eancia e \u00e9 adequada para cen\u00e1rios de utiliza\u00e7\u00e3o di\u00e1ria de perucas e produtos de extens\u00e3o capilar, melhorando consideravelmente a experi\u00eancia do utilizador e a efici\u00eancia do servi\u00e7o da marca.<\/p>\n<h2 id=\"2-hot-stamping-process-and-three-dimensional-pattern-\">2.\u00a0<strong>Processo de estampagem a quente e padr\u00e3o tridimensional<\/strong><\/h2>\n<p>A superf\u00edcie da caixa utiliza tecnologia de estampagem a quente de alta precis\u00e3o para apresentar o LOGOTIPO da marca ou padr\u00f5es tridimensionais personalizados (como flores, padr\u00f5es geom\u00e9tricos, etc.), formando um delicado contraste de brilho no material acetinado, melhorando a estratifica\u00e7\u00e3o visual e a textura de alta qualidade.<\/p>\n<h2 id=\"3-pink-main-color-stimulates-purchasing-desire-\">3.\u00a0<strong>A cor principal rosa estimula o desejo de compra<\/strong><\/h2>\n<p>O corpo da caixa \u00e9 principalmente cor-de-rosa suave, combinado com um toque acetinado mate, que transmite eleg\u00e2ncia e feminilidade, correspondendo exatamente \u00e0s prefer\u00eancias est\u00e9ticas das consumidoras e estimulando as compras por impulso.<\/p>\n<h2 id=\"4-replaceable-ribbon-accessory-design-\">4.\u00a0<strong>Design de acess\u00f3rio de fita substitu\u00edvel<\/strong><\/h2>\n<p>As fitas de cetim padr\u00e3o da mesma cor permitem a substitui\u00e7\u00e3o de acess\u00f3rios tem\u00e1ticos sazonais (como fitas bordadas limitadas a feriados, pingentes destac\u00e1veis), sem necessidade de substituir toda a caixa de embalagem, reduzindo significativamente os custos de itera\u00e7\u00e3o. Os clientes podem personalizar de forma flex\u00edvel o texto da fita e a correspond\u00eancia de cores para satisfazer as necessidades das actividades de marketing.<\/p>\n<h2 id=\"5-eva-impact-resistant-lining-protection-\">5.\u00a0<strong>Prote\u00e7\u00e3o do forro em EVA resistente ao impacto<\/strong><\/h2>\n<p>Camada interm\u00e9dia de EVA de alta densidade incorporada, a estrutura em favo de mel absorve o impacto durante o transporte ou a queda para evitar a deforma\u00e7\u00e3o da peruca ou danos nos acess\u00f3rios. O forro pode ser retirado e limpo para prolongar a vida \u00fatil da embalagem.<\/p>\n<h2 id=\"6-customized-service-and-supply-chain-advantages-\">6.\u00a0<strong>Vantagens do servi\u00e7o personalizado e da cadeia de fornecimento<\/strong><\/h2>\n<ul>\n<li><strong>Ajuste flex\u00edvel dos par\u00e2metros<\/strong>: Suporte para personaliza\u00e7\u00e3o online do tamanho (adapt\u00e1vel a pe\u00e7as de cabelo curto e conjuntos de cabelo comprido), estrutura da caixa (grelha\/camada \u00fanica), combina\u00e7\u00e3o de materiais (couro reciclado ecol\u00f3gico\/base de papel duro) para satisfazer diversas necessidades.<\/li>\n<li><strong>Quantidade m\u00ednima de encomenda reduzida<\/strong>: MOQ t\u00e3o baixo quanto 500pcs, pedidos de pequenos lotes tamb\u00e9m podem ser produzidos para reduzir a press\u00e3o do estoque do cliente.<\/li>\n<li><strong>Entrega r\u00e1pida<\/strong>: Baseando-se em linhas de produ\u00e7\u00e3o inteligentes, demora 7-15 dias desde a produ\u00e7\u00e3o de amostras at\u00e9 \u00e0 produ\u00e7\u00e3o em massa, e coopera com a rede log\u00edstica global para conseguir uma entrega eficiente.<\/li>\n<\/ul>\n<h2 id=\"7-applicable-scenarios-and-brand-value-\">7.\u00a0<strong>Cen\u00e1rios aplic\u00e1veis e valor da marca<\/strong><\/h2>\n<ul>\n<li><strong>Consumidor final<\/strong>: Aplic\u00e1vel \u00e0 arruma\u00e7\u00e3o pessoal de perucas e a cen\u00e1rios de oferta de presentes, melhorando a sensa\u00e7\u00e3o de cerim\u00f3nia de desembalagem do produto;<\/li>\n<li><strong>Fim do neg\u00f3cio<\/strong>: Os sal\u00f5es de beleza e as marcas de cadeias de cabeleireiros podem refor\u00e7ar a sua imagem de topo de gama atrav\u00e9s de uma embalagem unificada;<\/li>\n<li><strong>Conceito de prote\u00e7\u00e3o do ambiente<\/strong>: O material \u00e9 certificado pelo FSC e a fita e o forro podem ser reutilizados, respondendo \u00e0 tend\u00eancia de consumo sustent\u00e1vel.<\/li>\n<\/ul>","protected":false},"excerpt":{"rendered":"<p>Fecho magn\u00e9tico tipo caixa A fivela magn\u00e9tica silenciosa permite abrir e fechar com uma s\u00f3 m\u00e3o, evitando o problema do desgaste f\u00e1cil das fivelas tradicionais. \u00c9 adequada para a abertura e o fecho de alta frequ\u00eancia de perucas e cabelos, melhorando a experi\u00eancia do utilizador e a efici\u00eancia do servi\u00e7o da marca.<\/p>","protected":false},"featured_media":872,"template":"","meta":{"_kad_post_transparent":"default","_kad_post_title":"","_kad_post_layout":"default","_kad_post_sidebar_id":"","_kad_post_content_style":"default","_kad_post_vertical_padding":"default","_kad_post_feature":"","_kad_post_feature_position":"","_kad_post_header":false,"_kad_post_footer":false,"_kad_post_classname":""},"product_brand":[],"product_cat":[15,27,17],"product_tag":[330,322,331],"class_list":{"0":"post-871","1":"product","2":"type-product","3":"status-publish","4":"has-post-thumbnail","6":"product_cat-red-light-therapy","7":"product_cat-red-light-therapy-belt","8":"product_cat-services","9":"product_tag-hair-extension-box","10":"product_tag-magnetic-closure-box-for-wigs","11":"product_tag-wigs-hair-extension-rigid-box-online","13":"first","14":"instock","15":"shipping-taxable","16":"product-type-simple","17":"entry","18":"content-bg","19":"loop-entry"},"_links":{"self":[{"href":"https:\/\/red-lighttherapy.com\/pt_pt\/wp-json\/wp\/v2\/product\/871","targetHints":{"allow":["GET"]}}],"collection":[{"href":"https:\/\/red-lighttherapy.com\/pt_pt\/wp-json\/wp\/v2\/product"}],"about":[{"href":"https:\/\/red-lighttherapy.com\/pt_pt\/wp-json\/wp\/v2\/types\/product"}],"wp:featuredmedia":[{"embeddable":true,"href":"https:\/\/red-lighttherapy.com\/pt_pt\/wp-json\/wp\/v2\/media\/872"}],"wp:attachment":[{"href":"https:\/\/red-lighttherapy.com\/pt_pt\/wp-json\/wp\/v2\/media?parent=871"}],"wp:term":[{"taxonomy":"product_brand","embeddable":true,"href":"https:\/\/red-lighttherapy.com\/pt_pt\/wp-json\/wp\/v2\/product_brand?post=871"},{"taxonomy":"product_cat","embeddable":true,"href":"https:\/\/red-lighttherapy.com\/pt_pt\/wp-json\/wp\/v2\/product_cat?post=871"},{"taxonomy":"product_tag","embeddable":true,"href":"https:\/\/red-lighttherapy.com\/pt_pt\/wp-json\/wp\/v2\/product_tag?post=871"}],"curies":[{"name":"wp","href":"https:\/\/api.w.org\/{rel}","templated":true}]}}