{"id":865,"date":"2025-04-15T06:34:05","date_gmt":"2025-04-15T06:34:05","guid":{"rendered":"https:\/\/red-lighttherapy.com\/?post_type=product&#038;p=865"},"modified":"2025-04-15T07:43:08","modified_gmt":"2025-04-15T07:43:08","slug":"custom-commercial-clamshell-gift-cannabis-packaging-boxes","status":"publish","type":"product","link":"https:\/\/red-lighttherapy.com\/pt_pt\/custom-commercial-clamshell-gift-cannabis-packaging-boxes\/","title":{"rendered":"Caixas de embalagem de cannabis para prendas comerciais personalizadas com concha"},"content":{"rendered":"<h2 id=\"customized-product-description-for-commercial-clamshell-gift-box-cannabis-gift-box-\">Descri\u00e7\u00e3o personalizada do produto para a caixa de oferta comercial em concha de cannabis:<\/h2>\n<h2 id=\"1-magnetic-clamshell-gift-box-system-\">1.\u00a0<strong>Sistema de caixa de oferta em concha magn\u00e9tica<\/strong><\/h2>\n<p>Adopta uma estrutura de encaixe magn\u00e9tico de alta precis\u00e3o, com um \u00e2ngulo de abertura e fecho de 120\u00b0, equipada com uma dobradi\u00e7a de folha de Flandres com 0,8 mm de espessura, e mant\u00e9m a estabilidade magn\u00e9tica 98% ap\u00f3s 10.000 testes de fadiga. As linhas do corpo da caixa adoptam tecnologia de corte de moldes de n\u00edvel militar, com um erro de borda de \u22640,1 mm, e uma apar\u00eancia resistente \u00e9 obtida com a tecnologia de escultura de precis\u00e3o CNC. S\u00f3 \u00e9 necess\u00e1rio um impulso de 1,2 N para abrir e fechar com uma m\u00e3o, o que \u00e9 adequado para acesso r\u00e1pido em cen\u00e1rios de neg\u00f3cios.<\/p>\n<h2 id=\"2-modular-lining-configuration-\">2.\u00a0<strong>Configura\u00e7\u00e3o modular do revestimento<\/strong><\/h2>\n<p>O forro adopta esponja EVA de qualidade alimentar, com uma densidade de 45\u00b15kg\/m\u00b3, uma precis\u00e3o de furo de \u00b10,5mm, e suporta 12 formas de contentores, tais como cil\u00edndricas e quadradas. O molde de revestimento pode ser substitu\u00eddo de acordo com os requisitos do pedido, e o tempo de troca de molde \u00fanico \u00e9 \u226430 minutos. \u00c9 adequado para gomas de cannabis pr\u00e9-cheias, cigarros, garrafas de \u00f3leo essencial e outros produtos multi-forma.<\/p>\n<h2 id=\"3-color-and-pattern-technology-\">3.\u00a0<strong>Tecnologia de cores e padr\u00f5es<\/strong><\/h2>\n<p>A cor principal utiliza o amarelo brilhante de alta satura\u00e7\u00e3o da biblioteca de cores especiais PANTONE 109C da Pantone. O revestimento mate \u00e9 sobreposto por uma m\u00e1quina de impress\u00e3o offset de 6 cores, e o toque da superf\u00edcie atinge o coeficiente de fric\u00e7\u00e3o de uma lixa de 400-600 mesh. O padr\u00e3o preto pintado \u00e0 m\u00e3o utiliza tecnologia de grava\u00e7\u00e3o UV, a altura da sali\u00eancia da linha \u00e9 de 0,3 mm e a \u00e1rea de reconhecimento Braille \u00e9 adicionalmente sobreposta com nano-embossing, o que aumenta o reconhecimento t\u00e1til em 60%.<\/p>\n<h2 id=\"4-process-combination-solution-\">4.\u00a0<strong>Solu\u00e7\u00e3o de combina\u00e7\u00e3o de processos<\/strong><\/h2>\n<p>Suporta grava\u00e7\u00e3o a laser (profundidade ajust\u00e1vel de 0,1-0,5 mm), estampagem a frio (folha de ouro\/prata\/laser), estampagem tridimensional (precis\u00e3o de estampagem 3D de 0,02 mm) e outras combina\u00e7\u00f5es de processos. A \u00e1rea do LOGOTIPO da tampa da caixa reserva uma \u00e1rea de personaliza\u00e7\u00e3o de 2\u00d73 cm, que pode realizar simultaneamente a grava\u00e7\u00e3o a laser do c\u00f3digo QR e a estampagem a quente do texto, satisfazendo as necessidades duplas de anti-falsifica\u00e7\u00e3o e de exposi\u00e7\u00e3o da marca.<\/p>\n<h2 id=\"5-printing-and-production-capacity-guarantee-\">5.\u00a0<strong>Garantia de capacidade de impress\u00e3o e de produ\u00e7\u00e3o<\/strong><\/h2>\n<p>Adote a impressora offset Heidelberg XL106-8 + L, suporte CMYK + 3 impress\u00e3o simult\u00e2nea de cores especiais, controle de diferen\u00e7a de cores \u0394E\u22641,5. A f\u00e1brica est\u00e1 equipada com 18 linhas de produ\u00e7\u00e3o totalmente autom\u00e1ticas, com uma capacidade de produ\u00e7\u00e3o di\u00e1ria de 1 milh\u00e3o de pe\u00e7as, e 72 horas de produ\u00e7\u00e3o cont\u00ednua podem completar 500.000 pedidos urgentes. O processo de prova integra a modela\u00e7\u00e3o 3D e o corte CNC, e as caixas de amostras f\u00edsicas s\u00e3o fornecidas no prazo de 24 horas ap\u00f3s a confirma\u00e7\u00e3o do projeto de design.<\/p>\n<h2 id=\"6-customized-service-terms-\">6.\u00a0<strong>Condi\u00e7\u00f5es de servi\u00e7o personalizadas<\/strong><\/h2>\n<p>A quantidade m\u00ednima de encomenda \u00e9 de 500 unidades, e s\u00e3o suportados lotes mistos SKU. O ciclo de entrega padr\u00e3o \u00e9 de 7 dias, e a encomenda acelerada pode ser reduzida para 3 dias. Fornecer papel ecol\u00f3gico certificado pelo FSC e op\u00e7\u00f5es de revestimento PLA degrad\u00e1vel, que cumprem as normas de acesso ao mercado da Am\u00e9rica do Norte e da Uni\u00e3o Europeia.<\/p>\n<h2 id=\"-technical-parameters-\"><strong>Par\u00e2metros t\u00e9cnicos<\/strong><\/h2>\n<table>\n<thead>\n<tr>\n<th>Projeto<\/th>\n<th>Par\u00e2metros<\/th>\n<\/tr>\n<\/thead>\n<tbody>\n<tr>\n<td>Tamanho da caixa<\/td>\n<td>Personaliz\u00e1vel<\/td>\n<\/tr>\n<tr>\n<td>Espessura do material<\/td>\n<td>Folha de Flandres 0,25mm + revestimento 2mm EVA<\/td>\n<\/tr>\n<tr>\n<td>Atra\u00e7\u00e3o magn\u00e9tica<\/td>\n<td>800-1200 Gauss<\/td>\n<\/tr>\n<tr>\n<td>Capacidade de carga<\/td>\n<td>Carga est\u00e1tica \u22655kg\/resist\u00eancia din\u00e2mica \u00e0 queda 1,2m<\/td>\n<\/tr>\n<\/tbody>\n<\/table>","protected":false},"excerpt":{"rendered":"<p>A estrutura em forma de concha da caixa de presente combina estabilidade e utiliza\u00e7\u00e3o do espa\u00e7o. A caixa tem linhas n\u00edtidas e limpas. O design magn\u00e9tico de abertura e fecho permite uma opera\u00e7\u00e3o f\u00e1cil com uma s\u00f3 m\u00e3o. A vida \u00fatil da abertura e do fecho \u00e9 superior a mil vezes. A cor principal \u00e9 o amarelo, com padr\u00f5es pretos pintados \u00e0 m\u00e3o. Tem um forte reconhecimento t\u00e1til, garantindo que os seus produtos de can\u00e1bis atraem a aten\u00e7\u00e3o dos consumidores na prateleira de exposi\u00e7\u00e3o.<\/p>","protected":false},"featured_media":866,"template":"","meta":{"_kad_post_transparent":"default","_kad_post_title":"","_kad_post_layout":"default","_kad_post_sidebar_id":"","_kad_post_content_style":"default","_kad_post_vertical_padding":"default","_kad_post_feature":"","_kad_post_feature_position":"","_kad_post_header":false,"_kad_post_footer":false,"_kad_post_classname":""},"product_brand":[],"product_cat":[15,27,17],"product_tag":[327,329,328],"class_list":{"0":"post-865","1":"product","2":"type-product","3":"status-publish","4":"has-post-thumbnail","6":"product_cat-red-light-therapy","7":"product_cat-red-light-therapy-belt","8":"product_cat-services","9":"product_tag-clamshell-gift-boxes","10":"product_tag-commercial-cannabis-packaging","11":"product_tag-custom-cannabis-packaging","13":"first","14":"instock","15":"shipping-taxable","16":"product-type-simple","17":"entry","18":"content-bg","19":"loop-entry"},"_links":{"self":[{"href":"https:\/\/red-lighttherapy.com\/pt_pt\/wp-json\/wp\/v2\/product\/865","targetHints":{"allow":["GET"]}}],"collection":[{"href":"https:\/\/red-lighttherapy.com\/pt_pt\/wp-json\/wp\/v2\/product"}],"about":[{"href":"https:\/\/red-lighttherapy.com\/pt_pt\/wp-json\/wp\/v2\/types\/product"}],"wp:featuredmedia":[{"embeddable":true,"href":"https:\/\/red-lighttherapy.com\/pt_pt\/wp-json\/wp\/v2\/media\/866"}],"wp:attachment":[{"href":"https:\/\/red-lighttherapy.com\/pt_pt\/wp-json\/wp\/v2\/media?parent=865"}],"wp:term":[{"taxonomy":"product_brand","embeddable":true,"href":"https:\/\/red-lighttherapy.com\/pt_pt\/wp-json\/wp\/v2\/product_brand?post=865"},{"taxonomy":"product_cat","embeddable":true,"href":"https:\/\/red-lighttherapy.com\/pt_pt\/wp-json\/wp\/v2\/product_cat?post=865"},{"taxonomy":"product_tag","embeddable":true,"href":"https:\/\/red-lighttherapy.com\/pt_pt\/wp-json\/wp\/v2\/product_tag?post=865"}],"curies":[{"name":"wp","href":"https:\/\/api.w.org\/{rel}","templated":true}]}}