{"id":853,"date":"2025-04-15T06:10:00","date_gmt":"2025-04-15T06:10:00","guid":{"rendered":"https:\/\/red-lighttherapy.com\/?post_type=product&#038;p=853"},"modified":"2025-04-15T07:44:04","modified_gmt":"2025-04-15T07:44:04","slug":"luxury-brand-manufacturer-magnetic-closure-box-for-hair-wigs","status":"publish","type":"product","link":"https:\/\/red-lighttherapy.com\/pt_pt\/luxury-brand-manufacturer-magnetic-closure-box-for-hair-wigs\/","title":{"rendered":"Caixa de fecho magn\u00e9tico para perucas de cabelo do fabricante da marca de luxo"},"content":{"rendered":"<h2 id=\"-magnetic-luxury-wig-storage-box-product-description-\"><strong>Caixa para perucas de luxo com fecho magn\u00e9tico Descri\u00e7\u00e3o do produto<\/strong><\/h2>\n<h2 id=\"-i-innovative-magnetic-opening-and-closing-system-guarding-exquisite-art-\"><strong>1. Sistema magn\u00e9tico inovador de abertura e fecho, que protege a arte requintada<\/strong><\/h2>\n<p>Adotar\u00a0<strong>conce\u00e7\u00e3o de caixa magn\u00e9tica<\/strong>Os componentes magn\u00e9ticos de alta resist\u00eancia s\u00e3o utilizados para abrir e fechar com uma s\u00f3 m\u00e3o, o que \u00e9 f\u00e1cil de operar e tem uma excelente veda\u00e7\u00e3o. A superf\u00edcie de contacto entre a tampa da caixa e o corpo da caixa \u00e9 adaptada com precis\u00e3o, isolando eficazmente o p\u00f3, a humidade e a press\u00e3o externa, proporcionando um ambiente de armazenamento com temperatura e humidade constantes para as perucas e prolongando a vida \u00fatil. A camada de flanela \u00e0 prova de p\u00f3 e a pel\u00edcula de prote\u00e7\u00e3o eletrost\u00e1tica evitam ainda mais os danos provocados pela fric\u00e7\u00e3o das fibras e asseguram que a forma da peruca \u00e9 t\u00e3o boa como antes.<\/p>\n<h2 id=\"-ii-visual-language-that-emphasizes-both-aesthetics-and-function-\"><strong>2. Linguagem visual que enfatiza tanto a est\u00e9tica como a fun\u00e7\u00e3o<\/strong><\/h2>\n<ul>\n<li>Com\u00a0<strong>composi\u00e7\u00e3o sim\u00e9trica centrada<\/strong>\u00a0como n\u00facleo, o corpo da caixa desdobra-se a uma velocidade uniforme ao longo do eixo central ao abrir a caixa, dando-lhe uma sensa\u00e7\u00e3o de ritual e pontos de mem\u00f3ria exclusivos da marca. O \u00e2ngulo de abertura da tampa da caixa \u00e9 controlado com precis\u00e3o a 90\u00b0, o que \u00e9 adequado para a exposi\u00e7\u00e3o em prateleiras e cenas de oferta, e aumenta a tens\u00e3o visual da exposi\u00e7\u00e3o do produto.<\/li>\n<li>O corpo da caixa adopta\u00a0<strong>tecnologia de corte geom\u00e9trico puro<\/strong>A estrutura de empilhamento modular pode poupar espa\u00e7o de armazenamento e reduzir a taxa de perda de transporte. A estrutura modular de empilhamento pode poupar 40% de espa\u00e7o de armazenamento e reduzir a taxa de perda de transporte.<\/li>\n<\/ul>\n<h2 id=\"-three-sustainable-materials-and-process-innovation-\"><strong>3. Materiais sustent\u00e1veis e inova\u00e7\u00e3o de processos<\/strong><\/h2>\n<ul>\n<li>O material principal \u00e9\u00a0<strong>Papel revestido com certifica\u00e7\u00e3o FSC<\/strong>A tecnologia de estampagem composta de cinco camadas \u00e9 utilizada para aumentar a resist\u00eancia \u00e0 compress\u00e3o em 300%, e a capacidade de carga \u00e9 de at\u00e9 5 kg sem deforma\u00e7\u00e3o. O design leve em forma de sandu\u00edche alveolar tem em conta a portabilidade, e o peso de uma \u00fanica caixa \u00e9 de apenas 280g.<\/li>\n<li>O log\u00f3tipo da marca adopta\u00a0<strong>tecnologia de estampagem a quente tridimensional de n\u00edvel nano<\/strong>O erro de precis\u00e3o do rebordo \u00e9 \u22640,1 mm e a refra\u00e7\u00e3o da luz apresenta um delicado brilho met\u00e1lico. A cor preta pura mate \u00e9 calma e contida, e combina com a\u00a0<strong>fita de cetim amarela brilhante<\/strong>\u00a0que atravessa o corpo da caixa, formando um forte contraste visual e melhorando o reconhecimento da prateleira pelo 70%.<\/li>\n<\/ul>\n<h2 id=\"-four-humanized-lining-system-\"><strong>4. Sistema de revestimento humanizado<\/strong><\/h2>\n<ul>\n<li><strong>Suporte interior com ranhura cortada<\/strong>\u00a0\u00e9 personalizado de acordo com o arco da peruca, e o cabelo \u00e9 fixado por espuma viscoel\u00e1stica EVA e estrutura de suporte do arco para evitar a extrus\u00e3o e a deforma\u00e7\u00e3o. A superf\u00edcie da ranhura \u00e9 coberta com um forro de seda respir\u00e1vel para manter o estado fofo natural da peruca, que pode ser usada fora da caixa.<\/li>\n<\/ul>\n<h2 id=\"-v-environmental-commitment-and-brand-value-\"><strong>5. Compromisso ambiental e valor da marca<\/strong><\/h2>\n<ul>\n<li>Todo o processo, desde as mat\u00e9rias-primas at\u00e9 \u00e0 produ\u00e7\u00e3o, implementa a\u00a0<strong>Norma da cadeia de abastecimento ecol\u00f3gica<\/strong>. A tinta de embalagem adopta uma f\u00f3rmula vegetal \u00e0 base de \u00e1gua com uma taxa de biodegradabilidade de 98%. Por cada produto vendido, 1% das receitas ser\u00e3o doados ao projeto de prote\u00e7\u00e3o das florestas tropicais, sublinhando a responsabilidade social da marca.<\/li>\n<\/ul>\n<h2 id=\"-product-parameters-\"><strong>Par\u00e2metros do produto<\/strong><\/h2>\n<table>\n<thead>\n<tr>\n<th>Projeto<\/th>\n<th>Especifica\u00e7\u00f5es<\/th>\n<\/tr>\n<\/thead>\n<tbody>\n<tr>\n<td>Material<\/td>\n<td>Papel revestido com certifica\u00e7\u00e3o FSC<\/td>\n<\/tr>\n<tr>\n<td>Revestimento<\/td>\n<td>EVA curvo personalizado + forro de seda<\/td>\n<\/tr>\n<tr>\n<td>Componente de suc\u00e7\u00e3o magn\u00e9tica<\/td>\n<td>\u00cdman forte<\/td>\n<\/tr>\n<tr>\n<td>Tamanho<\/td>\n<td>Personaliz\u00e1vel<\/td>\n<\/tr>\n<\/tbody>\n<\/table>","protected":false},"excerpt":{"rendered":"<p>O design da caixa com fecho magn\u00e9tico permite abrir e fechar facilmente com uma m\u00e3o. \u00c9 f\u00e1cil de utilizar e tem fortes propriedades de veda\u00e7\u00e3o, protegendo a peruca do p\u00f3 e da humidade. A composi\u00e7\u00e3o sim\u00e9trica centrada real\u00e7a o corpo do produto e aumenta a sensa\u00e7\u00e3o de cerim\u00f3nia ao abrir a caixa. \u00c9 adequada para exposi\u00e7\u00e3o em prateleiras ou cenas de presentes.<\/p>","protected":false},"featured_media":854,"template":"","meta":{"_kad_post_transparent":"default","_kad_post_title":"","_kad_post_layout":"default","_kad_post_sidebar_id":"","_kad_post_content_style":"default","_kad_post_vertical_padding":"default","_kad_post_feature":"","_kad_post_feature_position":"","_kad_post_header":false,"_kad_post_footer":false,"_kad_post_classname":""},"product_brand":[],"product_cat":[15,27,17],"product_tag":[323,321,322],"class_list":{"0":"post-853","1":"product","2":"type-product","3":"status-publish","4":"has-post-thumbnail","6":"product_cat-red-light-therapy","7":"product_cat-red-light-therapy-belt","8":"product_cat-services","9":"product_tag-brand-manufacturer-hair-wigs-box","10":"product_tag-luxury-box-for-hair","11":"product_tag-magnetic-closure-box-for-wigs","13":"first","14":"instock","15":"shipping-taxable","16":"product-type-simple","17":"entry","18":"content-bg","19":"loop-entry"},"_links":{"self":[{"href":"https:\/\/red-lighttherapy.com\/pt_pt\/wp-json\/wp\/v2\/product\/853","targetHints":{"allow":["GET"]}}],"collection":[{"href":"https:\/\/red-lighttherapy.com\/pt_pt\/wp-json\/wp\/v2\/product"}],"about":[{"href":"https:\/\/red-lighttherapy.com\/pt_pt\/wp-json\/wp\/v2\/types\/product"}],"wp:featuredmedia":[{"embeddable":true,"href":"https:\/\/red-lighttherapy.com\/pt_pt\/wp-json\/wp\/v2\/media\/854"}],"wp:attachment":[{"href":"https:\/\/red-lighttherapy.com\/pt_pt\/wp-json\/wp\/v2\/media?parent=853"}],"wp:term":[{"taxonomy":"product_brand","embeddable":true,"href":"https:\/\/red-lighttherapy.com\/pt_pt\/wp-json\/wp\/v2\/product_brand?post=853"},{"taxonomy":"product_cat","embeddable":true,"href":"https:\/\/red-lighttherapy.com\/pt_pt\/wp-json\/wp\/v2\/product_cat?post=853"},{"taxonomy":"product_tag","embeddable":true,"href":"https:\/\/red-lighttherapy.com\/pt_pt\/wp-json\/wp\/v2\/product_tag?post=853"}],"curies":[{"name":"wp","href":"https:\/\/api.w.org\/{rel}","templated":true}]}}