{"id":847,"date":"2025-04-15T05:57:09","date_gmt":"2025-04-15T05:57:09","guid":{"rendered":"https:\/\/red-lighttherapy.com\/?post_type=product&#038;p=847"},"modified":"2025-04-15T07:44:32","modified_gmt":"2025-04-15T07:44:32","slug":"fabrication-hair-wigs-extension-magnetic-lid-boxes-packaging","status":"publish","type":"product","link":"https:\/\/red-lighttherapy.com\/pt_pt\/fabrication-hair-wigs-extension-magnetic-lid-boxes-packaging\/","title":{"rendered":"Fabrico de perucas de cabelo Extens\u00e3o de caixas com tampa magn\u00e9tica Embalagem"},"content":{"rendered":"<h2 id=\"-wig-and-hair-extension-magnetic-cover-box-packaging-product-description-\"><strong>Descri\u00e7\u00e3o do produto da embalagem da caixa com tampa magn\u00e9tica para perucas e extens\u00f5es de cabelo<\/strong><\/h2>\n<h2 id=\"1-three-dimensional-structure-design-stability-and-space-efficiency-coexist\">1. Conce\u00e7\u00e3o da estrutura tridimensional: coexist\u00eancia de estabilidade e efici\u00eancia de espa\u00e7o<\/h2>\n<p>Esta caixa de cobertura magn\u00e9tica adopta uma\u00a0<strong>estrutura de dobragem tridimensional<\/strong>O sistema de fecho de seguran\u00e7a da cabina \u00e9 baseado na otimiza\u00e7\u00e3o ergon\u00f3mica da disposi\u00e7\u00e3o do espa\u00e7o interno, que pode acomodar 1-2 perucas ou produtos de extens\u00e3o de cabelo, e ao mesmo tempo melhora a estabilidade geral atrav\u00e9s do fecho de precis\u00e3o e do design das nervuras de suporte. O\u00a0<strong>processo de refor\u00e7o de cart\u00e3o de dupla camada<\/strong>\u00a0\u00e9 utilizado nos cantos do corpo da caixa, combinado com o tratamento arredondado dos bordos, para eliminar completamente o risco de riscos de rebarbas, garantindo a seguran\u00e7a e a durabilidade durante o transporte e a utiliza\u00e7\u00e3o.<\/p>\n<h2 id=\"2-magnetic-opening-and-closing-system-convenience-and-sealing-double-guarantee\">2. Sistema magn\u00e9tico de abertura e fecho: comodidade e dupla garantia de selagem<\/h2>\n<p>Equipado com um\u00a0<strong>m\u00f3dulo magn\u00e9tico de alta precis\u00e3o<\/strong>O sistema de abertura e fecho pode ser efectuado com uma s\u00f3 m\u00e3o e pode ainda absorver e fechar automaticamente quando o \u00e2ngulo de abertura e fecho atinge 120\u00b0. O design silencioso da calha deslizante torna o processo de abertura e fecho sem ru\u00eddo mec\u00e2nico e forma uma\u00a0<strong>estrutura selada totalmente envolvida<\/strong>\u00a0ap\u00f3s o fecho, o que impede eficazmente a entrada de p\u00f3 e a abertura acidental durante o transporte. Foi testado para suportar 3 kg de press\u00e3o vertical sem deforma\u00e7\u00e3o.<\/p>\n<h2 id=\"3-environmentally-friendly-materials-and-crafts-fsc-certification-leads-the-green-trend\">3. Materiais e artesanato amigos do ambiente: A certifica\u00e7\u00e3o FSC lidera a tend\u00eancia verde<\/h2>\n<p>O corpo da caixa \u00e9 feito de\u00a0<strong>Papel revestido com certifica\u00e7\u00e3o FSC<\/strong>A superf\u00edcie \u00e9 coberta com tinta mate amiga do ambiente e o material \u00e9 100% recicl\u00e1vel e degrad\u00e1vel. O forro utiliza algod\u00e3o de amortecimento EVA e divis\u00f3rias amov\u00edveis, que n\u00e3o s\u00f3 protegem o produto como tamb\u00e9m apoiam a reorganiza\u00e7\u00e3o personalizada do espa\u00e7o e reduzem os res\u00edduos de embalagens. Todo o processo de produ\u00e7\u00e3o foi aprovado na certifica\u00e7\u00e3o do sistema de gest\u00e3o ambiental ISO14001, e a pegada de carbono \u00e9 40% inferior \u00e0 das embalagens tradicionais.<\/p>\n<h2 id=\"4-visual-aesthetics-and-brand-extension\">4. Est\u00e9tica visual e extens\u00e3o da marca<\/h2>\n<ol>\n<li><strong>Cor principal da s\u00e9rie lavanda<\/strong>: Inspirada no sistema de cores, a lavanda de baixa satura\u00e7\u00e3o apresenta uma textura de alta qualidade e \u00e9 combinada com o processo de revestimento perolado. Apresenta um efeito de brilho gradiente \u00e0 luz natural e \u00e0 luz, o que aumenta a atratividade da exposi\u00e7\u00e3o nas prateleiras.<\/li>\n<li><strong>Elementos visuais da marca da mesma cor<\/strong>:<\/li>\n<li>A fita de m\u00e3o \u00e9 feita de poli\u00e9ster reciclado, com uma largura de 2,5 cm e uma capacidade de carga de 8 kg, que est\u00e1 perfeitamente ligada \u00e0 cor do corpo da caixa.<\/li>\n<li>O centro da tampa da caixa est\u00e1 incrustado com um\u00a0<strong>fita decorativa magn\u00e9tica de cetim<\/strong>e o LOGOTIPO da marca \u00e9 impresso e prensado, formando uma continuidade visual da embalagem ao log\u00f3tipo da marca.<\/li>\n<\/ol>\n<h2 id=\"5-professional-manufacturing-and-fast-delivery\">5. Fabrico profissional e entrega r\u00e1pida<\/h2>\n<p>Confiar em\u00a0<strong>16 anos de experi\u00eancia no fabrico de embalagens<\/strong>A f\u00e1brica est\u00e1 equipada com um sistema de gest\u00e3o inteligente ERP para obter o controlo digital de todo o processo, desde a conce\u00e7\u00e3o e a prova at\u00e9 \u00e0 produ\u00e7\u00e3o em massa. Suporta uma encomenda m\u00ednima de 500 pe\u00e7as, conclui a produ\u00e7\u00e3o e entrega no prazo de 7 dias, com uma capacidade de produ\u00e7\u00e3o di\u00e1ria m\u00e9dia de 1 milh\u00e3o de pe\u00e7as e uma taxa de rendimento est\u00e1vel de mais de 99,8%.<\/p>\n<h2 id=\"-technical-parameters-\"><strong>Par\u00e2metros t\u00e9cnicos<\/strong><\/h2>\n<table>\n<thead>\n<tr>\n<th>Projeto<\/th>\n<th>Especifica\u00e7\u00f5es<\/th>\n<\/tr>\n<\/thead>\n<tbody>\n<tr>\n<td>Tamanho da caixa exterior<\/td>\n<td>Personaliz\u00e1vel<\/td>\n<\/tr>\n<tr>\n<td>For\u00e7a magn\u00e9tica<\/td>\n<td>\u2265800GS<\/td>\n<\/tr>\n<tr>\n<td>Certifica\u00e7\u00e3o ambiental<\/td>\n<td>FSC, RoHS, REACH<\/td>\n<\/tr>\n<tr>\n<td>Ciclo de entrega<\/td>\n<td>7 dias (incluindo a confirma\u00e7\u00e3o da prova)<\/td>\n<\/tr>\n<\/tbody>\n<\/table>","protected":false},"excerpt":{"rendered":"<p>A caixa de fecho magn\u00e9tico permite uma opera\u00e7\u00e3o c\u00f3moda com uma s\u00f3 m\u00e3o e o processo de abertura e fecho \u00e9 silencioso e suave. \u00c9 adequada para marcas de perucas topo de gama, conjuntos de oferta de sal\u00f5es de cabeleireiro, produtos de extens\u00e3o capilar de com\u00e9rcio eletr\u00f3nico transfronteiri\u00e7o e outros cen\u00e1rios, e suporta servi\u00e7os personalizados, tais como estampagem a quente do LOGOTIPO\/impress\u00e3o UV e anti-falsifica\u00e7\u00e3o a laser.<\/p>","protected":false},"featured_media":848,"template":"","meta":{"_kad_post_transparent":"default","_kad_post_title":"","_kad_post_layout":"default","_kad_post_sidebar_id":"","_kad_post_content_style":"default","_kad_post_vertical_padding":"default","_kad_post_feature":"","_kad_post_feature_position":"","_kad_post_header":false,"_kad_post_footer":false,"_kad_post_classname":""},"product_brand":[],"product_cat":[15,27,17],"product_tag":[319,320,318],"class_list":{"0":"post-847","1":"product","2":"type-product","3":"status-publish","4":"has-post-thumbnail","6":"product_cat-red-light-therapy","7":"product_cat-red-light-therapy-belt","8":"product_cat-services","9":"product_tag-custom-wig-packaging-boxes-wholesale","10":"product_tag-notable-wig-packaging","11":"product_tag-wig-boxes","13":"first","14":"instock","15":"shipping-taxable","16":"product-type-simple","17":"entry","18":"content-bg","19":"loop-entry"},"_links":{"self":[{"href":"https:\/\/red-lighttherapy.com\/pt_pt\/wp-json\/wp\/v2\/product\/847","targetHints":{"allow":["GET"]}}],"collection":[{"href":"https:\/\/red-lighttherapy.com\/pt_pt\/wp-json\/wp\/v2\/product"}],"about":[{"href":"https:\/\/red-lighttherapy.com\/pt_pt\/wp-json\/wp\/v2\/types\/product"}],"wp:featuredmedia":[{"embeddable":true,"href":"https:\/\/red-lighttherapy.com\/pt_pt\/wp-json\/wp\/v2\/media\/848"}],"wp:attachment":[{"href":"https:\/\/red-lighttherapy.com\/pt_pt\/wp-json\/wp\/v2\/media?parent=847"}],"wp:term":[{"taxonomy":"product_brand","embeddable":true,"href":"https:\/\/red-lighttherapy.com\/pt_pt\/wp-json\/wp\/v2\/product_brand?post=847"},{"taxonomy":"product_cat","embeddable":true,"href":"https:\/\/red-lighttherapy.com\/pt_pt\/wp-json\/wp\/v2\/product_cat?post=847"},{"taxonomy":"product_tag","embeddable":true,"href":"https:\/\/red-lighttherapy.com\/pt_pt\/wp-json\/wp\/v2\/product_tag?post=847"}],"curies":[{"name":"wp","href":"https:\/\/api.w.org\/{rel}","templated":true}]}}