{"id":836,"date":"2025-04-15T03:39:51","date_gmt":"2025-04-15T03:39:51","guid":{"rendered":"https:\/\/red-lighttherapy.com\/?post_type=product&#038;p=836"},"modified":"2025-04-15T04:18:39","modified_gmt":"2025-04-15T04:18:39","slug":"magnetic-closure-scissors-boxes-packaging-solution-with-eva","status":"publish","type":"product","link":"https:\/\/red-lighttherapy.com\/pt_pt\/magnetic-closure-scissors-boxes-packaging-solution-with-eva\/","title":{"rendered":"Solu\u00e7\u00e3o de embalagem de caixas de tesoura com fecho magn\u00e9tico com Eva"},"content":{"rendered":"<h2 id=\"-eva-magnetic-sealing-scissors-box-packaging-solution-\">Solu\u00e7\u00e3o de embalagem de caixas de tesoura com fecho magn\u00e9tico com Eva<\/h2>\n<h2 id=\"1-magnetic-flip-cover-structure-one-hand-operation-ultimate-sealing-\">1.\u00a0<strong>Estrutura da tampa com fecho magn\u00e9tico: opera\u00e7\u00e3o com uma m\u00e3o, veda\u00e7\u00e3o m\u00e1xima<\/strong><\/h2>\n<p>O design da tampa de fecho magn\u00e9tico \u00e9 adotado. Quando fechada, o conjunto de \u00edmanes N52 e a folha de metal s\u00e3o precisamente combinados para obter uma veda\u00e7\u00e3o perfeita, que pode ser facilmente aberta e fechada com uma m\u00e3o. A for\u00e7a de suc\u00e7\u00e3o magn\u00e9tica foi verificada atrav\u00e9s de 5000 testes de abertura e fecho, e mant\u00e9m uma suc\u00e7\u00e3o est\u00e1vel (a for\u00e7a magn\u00e9tica \u00e9 superior a 14 kg\/cm\u00b2), excedendo largamente a norma da ind\u00fastria. O bordo da tampa da caixa adopta um processo de transi\u00e7\u00e3o em arco para melhorar a suavidade da abertura e do fecho e evitar o risco de entalar as m\u00e3os.<\/p>\n<h2 id=\"2-stepped-eva-sponge-lining-precise-shockproof-suitable-for-high-end-scissors-\">2.\u00a0<strong>Revestimento de esponja EVA escalonado: resistente a choques precisos, adequado para tesouras topo de gama<\/strong><\/h2>\n<p>O revestimento \u00e9 feito de material EVA de alta densidade (amigo do ambiente e excelente resist\u00eancia ao impacto), que \u00e9 cortado com precis\u00e3o atrav\u00e9s do processo de abertura de molde escalonado para se ajustar perfeitamente ao contorno da tesoura. O interior est\u00e1 dividido em tr\u00eas camadas: a pega fixa superior, a l\u00e2mina interm\u00e9dia e o suporte inferior refor\u00e7ado, para obter uma prote\u00e7\u00e3o anti-s\u00edsmica de 360\u00b0, e a resist\u00eancia \u00e0 compress\u00e3o durante o transporte \u00e9 superior a 50 kg.<\/p>\n<h2 id=\"3-golden-section-box-design-balanced-aesthetics-of-visual-and-function-\">3.\u00a0<strong>Design de caixas de sec\u00e7\u00e3o dourada: Est\u00e9tica visual e funcional equilibrada<\/strong><\/h2>\n<p>A rela\u00e7\u00e3o comprimento, largura e altura da caixa de embalagem segue rigorosamente a sec\u00e7\u00e3o dourada 1:0,618, combinada com a cor preta principal e a textura mate, real\u00e7ando o luxo topo de gama. A borda do corpo da caixa \u00e9 processada com cantos arredondados de 5 mm para aumentar o conforto de segurar, enquanto ecoa a l\u00f3gica da est\u00e9tica geom\u00e9trica. O \u00e2ngulo de abertura da tampa da caixa \u00e9 de 110\u00b0, o que \u00e9 ergon\u00f3mico e apresenta uma postura elegante de abertura e fecho quando exposta.<\/p>\n<h2 id=\"4-customized-surface-technology-in-depth-transmission-of-brand-value-\">4.\u00a0<strong>Tecnologia de superf\u00edcie personalizada: Transmiss\u00e3o em profundidade do valor da marca<\/strong><\/h2>\n<ul>\n<li><strong>Grava\u00e7\u00e3o a laser<\/strong>: A tecnologia de grava\u00e7\u00e3o a laser UV \u00e9 utilizada na \u00e1rea central da tampa da caixa, que pode apresentar um LOGOTIPO ou textura da marca com uma precis\u00e3o de 0,1 mm e suporta o efeito de contraste da textura met\u00e1lica e do mate.<\/li>\n<li><strong>Processo de estampagem a quente<\/strong>: A estampagem a quente local em ouro\/prata melhora o n\u00edvel visual, como a decora\u00e7\u00e3o de linhas ou o texto do slogan no bordo da tampa da caixa.<\/li>\n<li><strong>Revestimento UV<\/strong>: A superf\u00edcie \u00e9 coberta com tinta UV mate, que \u00e9 delicada e resistente ao desgaste para evitar res\u00edduos de impress\u00f5es digitais.<\/li>\n<\/ul>\n<h2 id=\"5-efficient-production-and-verification-system-48-hour-ultra-fast-proofing-\">5.\u00a0<strong>Sistema eficaz de produ\u00e7\u00e3o e verifica\u00e7\u00e3o: Prova ultra-r\u00e1pida de 48 horas<\/strong><\/h2>\n<p>Baseando-se na biblioteca de caixas inteligente e na linha de produ\u00e7\u00e3o automatizada, permite uma resposta r\u00e1pida a todo o processo, desde a conce\u00e7\u00e3o at\u00e9 \u00e0 amostra:<\/p>\n<ul>\n<li><strong>Verifica\u00e7\u00e3o estrutural<\/strong>: A modela\u00e7\u00e3o 3D gera anima\u00e7\u00f5es de dobragem e simula os efeitos de abertura e fecho em tempo real.<\/li>\n<li><strong>Correspond\u00eancia de materiais<\/strong>: Est\u00e3o dispon\u00edveis 10 densidades de EVA (20-60kg\/m\u00b3) e 5 especifica\u00e7\u00f5es de \u00edmanes (di\u00e2metro 5-20mm).<\/li>\n<li><strong>Impress\u00e3o de provas<\/strong>: Adoptando a impress\u00e3o digital + modo de produ\u00e7\u00e3o experimental de pequenos lotes, as amostras f\u00edsicas com verifica\u00e7\u00e3o do processo s\u00e3o entregues no prazo de 48 horas.<\/li>\n<\/ul>\n<h2 id=\"-technical-parameters-and-applicable-scenarios-\"><strong>Par\u00e2metros t\u00e9cnicos e cen\u00e1rios aplic\u00e1veis<\/strong><\/h2>\n<table>\n<thead>\n<tr>\n<th><strong>Projeto<\/strong><\/th>\n<th><strong>Especifica\u00e7\u00f5es<\/strong><\/th>\n<\/tr>\n<\/thead>\n<tbody>\n<tr>\n<td>Material<\/td>\n<td>Caixa exterior: 450 g de cart\u00e3o preto + forro em EVA (espessura 10 mm)<\/td>\n<\/tr>\n<tr>\n<td>Configura\u00e7\u00e3o do \u00edman<\/td>\n<td>\u00cdman N52 NdFeB \u00d7 2 (di\u00e2metro 12 mm, espessura 3 mm)<\/td>\n<\/tr>\n<tr>\n<td>Processo de superf\u00edcie<\/td>\n<td>UV mate + estampagem a quente\/grava\u00e7\u00e3o a laser (combina\u00e7\u00e3o opcional)<\/td>\n<\/tr>\n<tr>\n<td>Tamanho da tesoura aplic\u00e1vel<\/td>\n<td>Comprimento 150-250mm (suporta revestimento de grelha personalizado)<\/td>\n<\/tr>\n<tr>\n<td>N\u00edvel de prote\u00e7\u00e3o<\/td>\n<td>Altura anti-queda de 1,5 m, capacidade de carga de 50 kg sem deforma\u00e7\u00e3o<\/td>\n<\/tr>\n<\/tbody>\n<\/table>\n<p><strong>Dom\u00ednios aplic\u00e1veis<\/strong>: tesouras dom\u00e9sticas topo de gama, ferramentas profissionais de cabeleireiro, instrumentos m\u00e9dico-cir\u00fargicos e outras embalagens de ferramentas de precis\u00e3o.<\/p>\n<h2 id=\"-value-proposition-\"><strong>Proposta de valor<\/strong><\/h2>\n<ul>\n<li><strong>Pr\u00e9mio de marca<\/strong>: O design minimalista preto \u00e9 combinado com a intera\u00e7\u00e3o magn\u00e9tica para criar uma experi\u00eancia de topo de gama de \"abrir a caixa \u00e9 uma sensa\u00e7\u00e3o de cerim\u00f3nia\".<\/li>\n<li><strong>Otimiza\u00e7\u00e3o dos custos<\/strong>: O processo integrado de moldagem do revestimento em EVA reduz as etapas de montagem e o custo de produ\u00e7\u00e3o em massa \u00e9 15% inferior ao da solu\u00e7\u00e3o de espuma tradicional.<\/li>\n<li><strong>Compromisso de prote\u00e7\u00e3o ambiental<\/strong>: Os materiais EVA s\u00e3o recicl\u00e1veis e degrad\u00e1veis e cumprem as normas RoHS da UE.<\/li>\n<\/ul>","protected":false},"excerpt":{"rendered":"<p>\u00c9 utilizada a estrutura de fecho magn\u00e9tico, que \u00e9 hermeticamente fechada sem quaisquer folgas, e pode ser facilmente acionada com uma m\u00e3o. O forro interno de esponja escalonada \u00e9 moldado com precis\u00e3o para atender aos requisitos \u00e0 prova de choque dos produtos de embalagem em tesoura.<\/p>","protected":false},"featured_media":837,"template":"","meta":{"_kad_post_transparent":"default","_kad_post_title":"","_kad_post_layout":"default","_kad_post_sidebar_id":"","_kad_post_content_style":"default","_kad_post_vertical_padding":"default","_kad_post_feature":"","_kad_post_feature_position":"","_kad_post_header":false,"_kad_post_footer":false,"_kad_post_classname":""},"product_brand":[],"product_cat":[15,17],"product_tag":[315,316,317],"class_list":{"0":"post-836","1":"product","2":"type-product","3":"status-publish","4":"has-post-thumbnail","6":"product_cat-red-light-therapy","7":"product_cat-services","8":"product_tag-magnetic-closure-boxes-for-scissors","9":"product_tag-scissors-boxes-packaging-solution","10":"product_tag-scissors-packaging-with-eva","12":"first","13":"instock","14":"shipping-taxable","15":"product-type-simple","16":"entry","17":"content-bg","18":"loop-entry"},"_links":{"self":[{"href":"https:\/\/red-lighttherapy.com\/pt_pt\/wp-json\/wp\/v2\/product\/836","targetHints":{"allow":["GET"]}}],"collection":[{"href":"https:\/\/red-lighttherapy.com\/pt_pt\/wp-json\/wp\/v2\/product"}],"about":[{"href":"https:\/\/red-lighttherapy.com\/pt_pt\/wp-json\/wp\/v2\/types\/product"}],"wp:featuredmedia":[{"embeddable":true,"href":"https:\/\/red-lighttherapy.com\/pt_pt\/wp-json\/wp\/v2\/media\/837"}],"wp:attachment":[{"href":"https:\/\/red-lighttherapy.com\/pt_pt\/wp-json\/wp\/v2\/media?parent=836"}],"wp:term":[{"taxonomy":"product_brand","embeddable":true,"href":"https:\/\/red-lighttherapy.com\/pt_pt\/wp-json\/wp\/v2\/product_brand?post=836"},{"taxonomy":"product_cat","embeddable":true,"href":"https:\/\/red-lighttherapy.com\/pt_pt\/wp-json\/wp\/v2\/product_cat?post=836"},{"taxonomy":"product_tag","embeddable":true,"href":"https:\/\/red-lighttherapy.com\/pt_pt\/wp-json\/wp\/v2\/product_tag?post=836"}],"curies":[{"name":"wp","href":"https:\/\/api.w.org\/{rel}","templated":true}]}}