{"id":824,"date":"2025-04-15T03:12:20","date_gmt":"2025-04-15T03:12:20","guid":{"rendered":"https:\/\/red-lighttherapy.com\/?post_type=product&#038;p=824"},"modified":"2025-04-15T03:26:31","modified_gmt":"2025-04-15T03:26:31","slug":"custom-luxury-sliding-drawer-wigs-packaging-boxes-bulk","status":"publish","type":"product","link":"https:\/\/red-lighttherapy.com\/pt_pt\/custom-luxury-sliding-drawer-wigs-packaging-boxes-bulk\/","title":{"rendered":"Caixas de embalagem de perucas com gaveta deslizante de luxo personalizadas a granel"},"content":{"rendered":"<h2 id=\"customized-luxury-sliding-drawer-style-wig-packaging-box-product-description\">Perucas de gaveta deslizante de luxo personalizadas Caixas de embalagem a granel Descri\u00e7\u00e3o do produto<\/h2>\n<h2><strong>1. Inovador s<\/strong>gaveta de correr <strong>desenho de abertura<\/strong><\/h2>\n<p>Adoptando uma estrutura de carris deslizantes de precis\u00e3o, pode abrir e fechar suavemente com um simples toque, tendo em conta\u00a0<strong>sentido ritual e conveni\u00eancia<\/strong>. O design da gaveta \u00e9 inspirado nas caixas de perucas topo de gama. O trilho interno foi repetidamente testado e optimizado para garantir um funcionamento suave sem encravamento. Ao mesmo tempo, a fivela magn\u00e9tica \u00e9 utilizada para obter estabilidade no fecho e evitar deslizamentos acidentais.<\/p>\n<h2 id=\"-2-scientific-lining-support-system-\"><strong>2. Sistema cient\u00edfico de apoio ao revestimento<\/strong><\/h2>\n<p>O forro \u00e9 feito de um material composto de esponja EVA de alta densidade e tecido de flocagem. Atrav\u00e9s de\u00a0<strong>Modela\u00e7\u00e3o 3D para simular a forma da cabeleira<\/strong>A empresa fornece um design de divis\u00f3ria personalizado:<\/p>\n<ul>\n<li><strong>Estabilidade<\/strong>: A ranhura precisa \u00e9 feita de acordo com o tamanho da peruca, adapta-se \u00e0 curvatura da pe\u00e7a de cabelo e evita a agita\u00e7\u00e3o e o desgaste durante o transporte;<\/li>\n<li><strong>Prote\u00e7\u00e3o<\/strong>: A superf\u00edcie flocada reduz a adsor\u00e7\u00e3o est\u00e1tica e prolonga a vida \u00fatil da peruca.<\/li>\n<\/ul>\n<h2 id=\"-three-laser-precision-and-detail-processing-\"><strong>3. Precis\u00e3o laser e processamento de pormenores<\/strong><\/h2>\n<ul>\n<li><strong>Corte sem erros<\/strong>: Utilizando o equipamento laser alem\u00e3o TRUMPF, o erro \u00e9 controlado dentro de \u00b10,1mm para garantir um encaixe perfeito do corpo da caixa;<\/li>\n<li><strong>Toque humanizado<\/strong>: A borda \u00e9 processada pelo processo de moagem de \u00e2ngulo R, o toque \u00e9 delicado e sem rebarbas, e est\u00e1 em conformidade com a experi\u00eancia de ader\u00eancia ergon\u00f3mica.<\/li>\n<\/ul>\n<h2 id=\"-four-soothing-visual-aesthetic-design-\"><strong>4. Conce\u00e7\u00e3o est\u00e9tica visual tranquila<\/strong><\/h2>\n<ul>\n<li><strong>Cor principal<\/strong>: Com base no verde, \u00e9 utilizado o processo de revestimento UV mate, e a cor de baixa satura\u00e7\u00e3o pode reduzir a press\u00e3o visual, o que se adequa \u00e0 tonalidade das marcas de perucas topo de gama;<\/li>\n<li><strong>Elementos decorativos<\/strong>: Com fita de cetim preta, o posicionamento exato da abertura da caixa \u00e9 conseguido atrav\u00e9s de ranhuras-guia pr\u00e9-definidas para aumentar a sensa\u00e7\u00e3o de cerim\u00f3nia de desembalagem.<\/li>\n<\/ul>\n<h2 id=\"-v-multi-dimensional-free-customization-solution-\"><strong>5. Solu\u00e7\u00e3o de personaliza\u00e7\u00e3o livre multidimensional<\/strong><\/h2>\n<p>Suporta uma combina\u00e7\u00e3o flex\u00edvel de\u00a0<strong>tamanho, estrutura e fun\u00e7\u00e3o<\/strong>\u00a0m\u00f3dulos:<\/p>\n<ol>\n<li><strong>Adapta\u00e7\u00e3o do tamanho<\/strong>: 15-60cm de comprimento, 3-15cm de altura, compat\u00edvel com pe\u00e7as de cabelo curtas a coberturas de cabe\u00e7a completas;<\/li>\n<li><strong>Expans\u00e3o da fun\u00e7\u00e3o<\/strong>: Ranhuras opcionais para cart\u00f5es \u00e0 prova de humidade, camada de espelho LED, ranhura para cart\u00f5es de marca, etc;<\/li>\n<li><strong>Atualiza\u00e7\u00e3o estrutural<\/strong>: Fornece formas derivadas, tais como coberturas superiores e inferiores, portas duplas e estilos dobr\u00e1veis.<\/li>\n<\/ol>\n<h2 id=\"-sixth-flexible-supply-chain-service-\"><strong>6. Servi\u00e7o flex\u00edvel da cadeia de abastecimento<\/strong><\/h2>\n<ul>\n<li><strong>Resposta r\u00e1pida<\/strong>: Prova completa no prazo de 72 horas, apoio \u00e0 confirma\u00e7\u00e3o simult\u00e2nea de representa\u00e7\u00f5es 3D e objectos f\u00edsicos;<\/li>\n<li><strong>Encomenda m\u00ednima flex\u00edvel<\/strong>: 500 pe\u00e7as para produ\u00e7\u00e3o em lote, 10 especifica\u00e7\u00f5es podem ser misturadas num \u00fanico lote para reduzir a press\u00e3o de invent\u00e1rio;<\/li>\n<li><strong>Servi\u00e7o de valor acrescentado<\/strong>: Design de fus\u00e3o VI de marca livre, solu\u00e7\u00f5es log\u00edsticas transfronteiri\u00e7as e garantia p\u00f3s-venda.<\/li>\n<\/ul>\n<h2 id=\"-vii-environmental-protection-and-quality-commitment-\"><strong>7. Prote\u00e7\u00e3o do ambiente e compromisso de qualidade<\/strong><\/h2>\n<ul>\n<li><strong>Certifica\u00e7\u00e3o de materiais<\/strong>: O corpo da caixa utiliza cart\u00e3o branco certificado pelo FSC e cola ecol\u00f3gica \u00e0 base de \u00e1gua, e passou nos testes de metais pesados da SGS;<\/li>\n<li><strong>Garantia de produtividade<\/strong>: A f\u00e1brica pr\u00f3pria est\u00e1 equipada com m\u00e1quinas de corte e vinco totalmente autom\u00e1ticas e linhas de produ\u00e7\u00e3o de impress\u00e3o offset, com uma capacidade de produ\u00e7\u00e3o di\u00e1ria m\u00e9dia de mais de 10.000.000 pe\u00e7as.<\/li>\n<\/ul>","protected":false},"excerpt":{"rendered":"<p>O design da abertura da caixa da gaveta de papel permite uma opera\u00e7\u00e3o suave com uma m\u00e3o, combinando uma sensa\u00e7\u00e3o de cerim\u00f3nia com comodidade. O forro foi calculado com precis\u00e3o para suportar de forma est\u00e1vel perucas de diferentes tamanhos para evitar aban\u00f5es e desgaste.<\/p>","protected":false},"featured_media":825,"template":"","meta":{"_kad_post_transparent":"default","_kad_post_title":"","_kad_post_layout":"default","_kad_post_sidebar_id":"","_kad_post_content_style":"default","_kad_post_vertical_padding":"default","_kad_post_feature":"","_kad_post_feature_position":"","_kad_post_header":false,"_kad_post_footer":false,"_kad_post_classname":""},"product_brand":[],"product_cat":[15,20,17],"product_tag":[311,309,310],"class_list":{"0":"post-824","1":"product","2":"type-product","3":"status-publish","4":"has-post-thumbnail","6":"product_cat-red-light-therapy","7":"product_cat-led-face-light-therapy","8":"product_cat-services","9":"product_tag-bulk-wigs-boxes","10":"product_tag-custom-wigs-packaging-boxes","11":"product_tag-luxury-sliding-wigs-boxes","13":"first","14":"instock","15":"shipping-taxable","16":"product-type-simple","17":"entry","18":"content-bg","19":"loop-entry"},"_links":{"self":[{"href":"https:\/\/red-lighttherapy.com\/pt_pt\/wp-json\/wp\/v2\/product\/824","targetHints":{"allow":["GET"]}}],"collection":[{"href":"https:\/\/red-lighttherapy.com\/pt_pt\/wp-json\/wp\/v2\/product"}],"about":[{"href":"https:\/\/red-lighttherapy.com\/pt_pt\/wp-json\/wp\/v2\/types\/product"}],"wp:featuredmedia":[{"embeddable":true,"href":"https:\/\/red-lighttherapy.com\/pt_pt\/wp-json\/wp\/v2\/media\/825"}],"wp:attachment":[{"href":"https:\/\/red-lighttherapy.com\/pt_pt\/wp-json\/wp\/v2\/media?parent=824"}],"wp:term":[{"taxonomy":"product_brand","embeddable":true,"href":"https:\/\/red-lighttherapy.com\/pt_pt\/wp-json\/wp\/v2\/product_brand?post=824"},{"taxonomy":"product_cat","embeddable":true,"href":"https:\/\/red-lighttherapy.com\/pt_pt\/wp-json\/wp\/v2\/product_cat?post=824"},{"taxonomy":"product_tag","embeddable":true,"href":"https:\/\/red-lighttherapy.com\/pt_pt\/wp-json\/wp\/v2\/product_tag?post=824"}],"curies":[{"name":"wp","href":"https:\/\/api.w.org\/{rel}","templated":true}]}}