{"id":818,"date":"2025-04-15T03:01:47","date_gmt":"2025-04-15T03:01:47","guid":{"rendered":"https:\/\/red-lighttherapy.com\/?post_type=product&#038;p=818"},"modified":"2025-04-17T15:08:55","modified_gmt":"2025-04-17T15:08:55","slug":"private-label-luxury-cosmetic-lipstick-slide-out-gift-boxes","status":"publish","type":"product","link":"https:\/\/red-lighttherapy.com\/pt_pt\/private-label-luxury-cosmetic-lipstick-slide-out-gift-boxes\/","title":{"rendered":"Caixas de oferta deslizantes para cosm\u00e9ticos de luxo com marca pr\u00f3pria para batom"},"content":{"rendered":"<h2 id=\"private-label-luxury-cosmetic-lipstick-slide-out-gift-boxes-product-description\">Caixas de oferta deslizantes para batom de luxo com marca pr\u00f3pria Descri\u00e7\u00e3o do produto<\/h2>\n<h2 id=\"-1-window-perspective-design-jewelry-is-directly-visible-\"><strong>1. Design de perspetiva de janela, as j\u00f3ias s\u00e3o diretamente vis\u00edveis<\/strong><\/h2>\n<p>A parte superior da caixa de oferta adopta\u00a0<strong>design de janela com formato especial<\/strong>\u00a0A caixa \u00e9 feita de material acr\u00edlico de elevada transpar\u00eancia, que permite ver claramente os pormenores requintados das j\u00f3ias e do batom no interior sem abrir a caixa. O rebordo da janela \u00e9 processado com\u00a0<strong>tecnologia de corte de precis\u00e3o por laser<\/strong>\u00a0que se liga perfeitamente ao corpo da caixa, o que pode n\u00e3o s\u00f3 aumentar a autenticidade da exposi\u00e7\u00e3o do produto, mas tamb\u00e9m evitar o desgaste causado pela abertura e fecho repetidos das caixas de flip tradicionais.<\/p>\n<h2 id=\"-2-ergonomic-slide-rail-structure-smooth-one-hand-operation-\"><strong>2. Estrutura ergon\u00f3mica da calha deslizante, opera\u00e7\u00e3o suave com uma m\u00e3o<\/strong><\/h2>\n<p>Inovador\u00a0<strong>calha extra\u00edvel de tr\u00eas n\u00edveis<\/strong>\u00a0, utilizando\u00a0<strong>calha deslizante de nylon + ranhura de guia met\u00e1lica<\/strong>\u00a0combina\u00e7\u00e3o, o empurr\u00e3o com uma m\u00e3o pode deslizar suavemente para fora da caixa interior e o coeficiente de resist\u00eancia \u00e9 controlado dentro de 0,3N. O corpo da caixa tem apenas 15 mm de espessura, poupando 40% espa\u00e7o em compara\u00e7\u00e3o com as caixas de flip tradicionais, adequadas para cenas compactas, como toucadores e malas de m\u00e3o.<\/p>\n<h2 id=\"-3-coated-paper-composite-structure-anti-compression-and-anti-deformation-\"><strong>3. Estrutura composta de papel revestido, anti-compress\u00e3o e anti-deforma\u00e7\u00e3o<\/strong><\/h2>\n<p>O corpo da caixa adopta\u00a0<strong>Papel revestido de 350 g + cart\u00e3o cinzento de 1,5 mm<\/strong>\u00a0processo composto, e \u00e9 processado por\u00a0<strong>Moldagem hidr\u00e1ulica de 10.000 toneladas<\/strong>. A capacidade de suporte de carga de empilhamento atinge 50kg\/\u33a1 sem deforma\u00e7\u00e3o. O forro \u00e9 projetado com um esqueleto de suporte de favo de mel, que passou\u00a0<strong>Certifica\u00e7\u00e3o de compress\u00e3o BIFMA X5<\/strong>\u00a0e pode suportar 90% do impacto da extrus\u00e3o durante o transporte.<\/p>\n<h2 id=\"-4-double-sided-lamination-protection-wear-resistant-and-scratch-resistant-\"><strong>4. Prote\u00e7\u00e3o por lamina\u00e7\u00e3o de dupla face, resistente ao desgaste e aos riscos<\/strong><\/h2>\n<p>A camada exterior \u00e9 coberta com\u00a0<strong>Pel\u00edcula PET mate de 0,15 mm<\/strong>e a dureza da superf\u00edcie atinge o n\u00edvel 3H (teste de dureza do l\u00e1pis), que pode resistir aos riscos das extremidades das j\u00f3ias. A camada interna \u00e9 coberta com\u00a0<strong>pel\u00edcula PE de qualidade alimentar<\/strong>que passou o teste de biocompatibilidade ISO 10993 para garantir que a pasta de batom n\u00e3o tem qualquer risco de contamina\u00e7\u00e3o.<\/p>\n<h2 id=\"-5-micron-level-edge-treatment-silky-touch-\"><strong>5. Tratamento dos bordos ao n\u00edvel dos microns, toque sedoso<\/strong><\/h2>\n<p>Adotar\u00a0<strong>corte por jato de \u00e1gua + nano-polimento<\/strong>\u00a0o raio do chanfro da borda \u00e9 \u22640,1 mm, atingindo o padr\u00e3o suave de grau de dispositivo m\u00e9dico.\u00a0<strong>Tiras-tamp\u00e3o em TPU<\/strong>\u00a0s\u00e3o implantados nas articula\u00e7\u00f5es principais e n\u00e3o se geram rebarbas depois de abrir e fechar 10.000 vezes, sendo o toque compar\u00e1vel ao das caixas de j\u00f3ias em pele.<\/p>\n<h2 id=\"-6-customized-hot-stamping-process-brand-value-added-design-\"><strong>6. Processo de estampagem a quente personalizado, design de valor acrescentado da marca<\/strong><\/h2>\n<p>Reservado\u00a0<strong>\u00c1rea de estampagem a quente com posicionamento UV<\/strong>\u00a0suporta personaliza\u00e7\u00e3o de folha de ouro 22K \/ folha de prata laser, diferen\u00e7a de cor \u0394E\u22641,5 (padr\u00e3o Pantone). A camada de estampagem a quente \u00e9\u00a0<strong>lamina\u00e7\u00e3o secund\u00e1ria e cura<\/strong>\u00a0e o n\u00famero de vezes de utiliza\u00e7\u00e3o \u00e9 superior a 5.000, satisfazendo os requisitos de durabilidade dos artigos de luxo.<\/p>\n<h2 id=\"-7-morandi-pink-visual-system-elegant-empowerment-\"><strong>7. Sistema visual cor-de-rosa, empowerment elegante<\/strong><\/h2>\n<p>A cor principal adopta\u00a0<strong>Pantone 13-2805 TPG (cinzento p\u00f3 de nevoeiro)<\/strong>\u00a0, a\u00a0<strong>f\u00f3rmula de baixo reflexo de luz azul<\/strong>\u00a0certificado pelo Instituto de Oftalmologia, e o \u00edndice de fadiga visual \u00e9 reduzido em 37% ap\u00f3s um visionamento cont\u00ednuo de 60 minutos.\u00a0<strong>Revestimento em madrep\u00e9rola<\/strong>\u00a0est\u00e1 integrado na superf\u00edcie da caixa, que apresenta um brilho natural de p\u00e9rola sob uma luz quente de 3000K, refor\u00e7ando a associa\u00e7\u00e3o com as categorias de j\u00f3ias.<\/p>\n<h2 id=\"-8-aviation-grade-ribbon-system-durable-and-value-added-\"><strong>8. Sistema de fita de qualidade aeron\u00e1utica, dur\u00e1vel e com valor acrescentado<\/strong><\/h2>\n<p>O anel de tra\u00e7\u00e3o adopta\u00a0<strong>fibra de aramida + mistura de seda<\/strong>\u00a0com uma resist\u00eancia \u00e0 rutura de 220N (norma ASTM D5035), que pode suportar mais de 200 aberturas e fechos violentos. A extremidade est\u00e1 equipada com\u00a0<strong>fivela em liga de tit\u00e2nio<\/strong>que n\u00e3o apresenta ferrugem ap\u00f3s 1.200 horas de teste de n\u00e9voa salina e suporta o servi\u00e7o de personaliza\u00e7\u00e3o de grava\u00e7\u00e3o.<\/p>\n<h2 id=\"technical-certification-and-value-added-services\">Certifica\u00e7\u00e3o t\u00e9cnica e servi\u00e7os de valor acrescentado<\/h2>\n<ul>\n<li><strong>Certifica\u00e7\u00e3o ambiental<\/strong>: Aprovado na certifica\u00e7\u00e3o florestal FSC, testes REACH SVHC 205<\/li>\n<li><strong>Servi\u00e7o de personaliza\u00e7\u00e3o<\/strong>: Suporta a implanta\u00e7\u00e3o de chips NFC, microc\u00e1psulas de aroma (fragr\u00e2ncia de rosa\/cedro) e outros m\u00f3dulos de valor acrescentado<\/li>\n<li><strong>Garantia log\u00edstica<\/strong>: Cumpre as normas de teste de transporte ISTA 3A e oferece um seguro de transporte com franquia global<\/li>\n<\/ul>\n<p>A caixa de oferta combina na perfei\u00e7\u00e3o a est\u00e9tica funcional com padr\u00f5es de artesanato ao n\u00edvel da joalharia, redefinindo o paradigma das embalagens de beleza topo de gama.<\/p>","protected":false},"excerpt":{"rendered":"<p>O design deslizante \u00e9 ergon\u00f3mico e permite uma opera\u00e7\u00e3o suave com uma s\u00f3 m\u00e3o, evitando o problema de ocupa\u00e7\u00e3o de espa\u00e7o das caixas de presente tradicionais em forma de concha. O design da janela permite que os utilizadores mostrem as j\u00f3ias intuitivamente sem abrir a caixa, aumentando o seu sentimento de confian\u00e7a. O corpo da caixa suportado por papel revestido tem uma forte resist\u00eancia \u00e0 press\u00e3o e n\u00e3o se deforma facilmente durante o transporte e o empilhamento.<\/p>","protected":false},"featured_media":819,"template":"","meta":{"_kad_post_transparent":"default","_kad_post_title":"","_kad_post_layout":"default","_kad_post_sidebar_id":"","_kad_post_content_style":"default","_kad_post_vertical_padding":"default","_kad_post_feature":"","_kad_post_feature_position":"","_kad_post_header":false,"_kad_post_footer":false,"_kad_post_classname":""},"product_brand":[],"product_cat":[15,28,20,17],"product_tag":[308,307,306],"class_list":{"0":"post-818","1":"product","2":"type-product","3":"status-publish","4":"has-post-thumbnail","6":"product_cat-red-light-therapy","7":"product_cat-customize","8":"product_cat-led-face-light-therapy","9":"product_cat-services","10":"product_tag-cosmetic-lipstick-gift-boxes","11":"product_tag-lipstick-slide-out-gift-boxes","12":"product_tag-luxury-cosmetic-slide-out-boxes","14":"first","15":"instock","16":"shipping-taxable","17":"product-type-simple","18":"entry","19":"content-bg","20":"loop-entry"},"_links":{"self":[{"href":"https:\/\/red-lighttherapy.com\/pt_pt\/wp-json\/wp\/v2\/product\/818","targetHints":{"allow":["GET"]}}],"collection":[{"href":"https:\/\/red-lighttherapy.com\/pt_pt\/wp-json\/wp\/v2\/product"}],"about":[{"href":"https:\/\/red-lighttherapy.com\/pt_pt\/wp-json\/wp\/v2\/types\/product"}],"wp:featuredmedia":[{"embeddable":true,"href":"https:\/\/red-lighttherapy.com\/pt_pt\/wp-json\/wp\/v2\/media\/819"}],"wp:attachment":[{"href":"https:\/\/red-lighttherapy.com\/pt_pt\/wp-json\/wp\/v2\/media?parent=818"}],"wp:term":[{"taxonomy":"product_brand","embeddable":true,"href":"https:\/\/red-lighttherapy.com\/pt_pt\/wp-json\/wp\/v2\/product_brand?post=818"},{"taxonomy":"product_cat","embeddable":true,"href":"https:\/\/red-lighttherapy.com\/pt_pt\/wp-json\/wp\/v2\/product_cat?post=818"},{"taxonomy":"product_tag","embeddable":true,"href":"https:\/\/red-lighttherapy.com\/pt_pt\/wp-json\/wp\/v2\/product_tag?post=818"}],"curies":[{"name":"wp","href":"https:\/\/api.w.org\/{rel}","templated":true}]}}