{"id":812,"date":"2025-04-15T02:51:47","date_gmt":"2025-04-15T02:51:47","guid":{"rendered":"https:\/\/red-lighttherapy.com\/?post_type=product&#038;p=812"},"modified":"2025-04-15T03:01:39","modified_gmt":"2025-04-15T03:01:39","slug":"bespoke-soft-touch-lamination-match-style-necklaces-box","status":"publish","type":"product","link":"https:\/\/red-lighttherapy.com\/pt_pt\/bespoke-soft-touch-lamination-match-style-necklaces-box\/","title":{"rendered":"Caixa para colares com lamina\u00e7\u00e3o de toque suave e estilo de correspond\u00eancia"},"content":{"rendered":"<h2 id=\"customized-soft-touch-coating-matching-style-necklace-box-product-description\">Caixa para colar estilo a condizer com revestimento de toque suave feita \u00e0 medida Descri\u00e7\u00e3o do produto<\/h2>\n<h2 id=\"1-cuboid-drawer-structure-\">1. Papel<strong> estrutura da caixa de gavetas<\/strong><\/h2>\n<ul>\n<li>Adoptando uma forma de caixa retangular calculada com precis\u00e3o, a taxa de utiliza\u00e7\u00e3o do espa\u00e7o interno \u00e9 aumentada em 30%, o que \u00e9 adequado para a exposi\u00e7\u00e3o de balc\u00f5es de joalharias e cenas de arruma\u00e7\u00e3o de toucadores dom\u00e9sticos. O design em camadas do tipo gaveta pode armazenar diferentes j\u00f3ias, como colares, an\u00e9is, brincos, etc. em categorias para evitar o emaranhamento e o desgaste.<\/li>\n<li>O corpo da caixa foi\u00a0<strong>geometricamente optimizado<\/strong>e os bordos s\u00e3o processados com cantos arredondados de 0,5 mm, o que n\u00e3o s\u00f3 mant\u00e9m o sentido tridimensional como tamb\u00e9m melhora a estabilidade do empilhamento. Pode suportar 5 camadas de press\u00e3o sobreposta durante o transporte e coopera com materiais de amortecimento anti-colis\u00e3o (como o algod\u00e3o p\u00e9rola EPE) para alcan\u00e7ar a seguran\u00e7a de transporte de liga\u00e7\u00e3o total.<\/li>\n<\/ul>\n<h2 id=\"2-slide-rail-pull-out-one-hand-operation-\">2.\u00a0<strong>Funcionamento com uma m\u00e3o para retirar a calha deslizante<\/strong><\/h2>\n<ul>\n<li>Equipado com\u00a0<strong>calha deslizante com amortecimento silencioso<\/strong>A resist\u00eancia \u00e0 abertura e ao fecho \u00e9 \u22641,5N, e pode ser aberta suavemente com um simples toque de m\u00e3o, o que \u00e9 40% mais eficiente do que a opera\u00e7\u00e3o tradicional de flip-top. O teste de vida do trilho deslizante \u00e9 mais de 100.000 vezes, o que \u00e9 adequado para cen\u00e1rios de uso de alta frequ\u00eancia.<\/li>\n<li>A gaveta est\u00e1 equipada com um\u00a0<strong>sistema de posicionamento magn\u00e9tico<\/strong>\u00a0que se alinha automaticamente quando fechada para evitar um deslizamento acidental devido a vibra\u00e7\u00f5es.<\/li>\n<\/ul>\n<h2 id=\"-second-surface-technology-and-visual-presentation-\"><strong>3. Tecnologia de superf\u00edcies e apresenta\u00e7\u00e3o visual<\/strong><\/h2>\n<ol>\n<li><strong>Revestimento de toque suave e textura tridimensional<\/strong><\/li>\n<li>O corpo da caixa adopta\u00a0<strong>Tecnologia de revestimento em PU<\/strong>\u00a0A superf\u00edcie \u00e9 t\u00e3o delicada como o veludo e tem tamb\u00e9m propriedades anti-riscos e anti-impress\u00e3o digital. Atrav\u00e9s de\u00a0<strong>Tecnologia de grava\u00e7\u00e3o 3D<\/strong>\u00a0A partir do padr\u00e3o de diamante\/crocodilo, \u00e9 formada uma textura tridimensional para melhorar a estratifica\u00e7\u00e3o visual e o reconhecimento da marca.<\/li>\n<\/ol>\n<h2 id=\"4-dark-blue-main-color-and-hot-stamping-luxury-\">4.\u00a0<strong>Cor principal azul escura e luxo de estampagem a quente<\/strong><\/h2>\n<ul>\n<li>O corpo da caixa est\u00e1 principalmente em\u00a0<strong>Pantone 19-4052 azul escuro cl\u00e1ssico<\/strong>\u00a0que simboliza a confian\u00e7a e a eternidade, e \u00e9 muito coerente com a linguagem visual dos produtos de luxo. Com\u00a0<strong>tecnologia de estampagem parcial a quente<\/strong>\u00a0A folha de ouro 24K e a tecnologia de posicionamento a laser s\u00e3o usadas, o brilho do metal \u0394E\u22641,5 e a precis\u00e3o da borda do texto \/ logotipo atinge \u00b1 0,1 mm, destacando a textura nobre.<\/li>\n<\/ul>\n<h2 id=\"5-eva-velvet-composite-inner-support-\">5.\u00a0<strong>Suporte interior em comp\u00f3sito EVA+veludo<\/strong><\/h2>\n<ul>\n<li>O revestimento interior adopta\u00a0<strong>esponja EVA de alta densidade<\/strong>\u00a0(dureza 40\u00b15 Shore C) e\u00a0<strong>Veludo 600D<\/strong>\u00a0estrutura composta, que \u00e9 suave ao toque e tem uma forte resist\u00eancia \u00e0 press\u00e3o, protegendo as j\u00f3ias do impacto.<\/li>\n<li><strong>Design modular de ranhura para cart\u00f5es<\/strong>:<\/li>\n<li><strong>Ranhura para colar<\/strong>: Ranhura em forma de U com 15 mm de profundidade, adequada para colares com comprimento de corrente de 40-70 cm;<\/li>\n<li><strong>Suporte para an\u00e9is<\/strong>: Posi\u00e7\u00e3o de fixa\u00e7\u00e3o do anel de silicone ajust\u00e1vel, compat\u00edvel com os an\u00e9is 4-20;<\/li>\n<li><strong>Tomada para j\u00f3ias de orelha<\/strong>Design combinado de orif\u00edcio de pino com 2 mm de di\u00e2metro e ranhura magn\u00e9tica para armazenamento de tamp\u00f5es para os ouvidos.<\/li>\n<\/ul>\n<h2 id=\"6-highly-customized-solutions-\">6.\u00a0<strong>Solu\u00e7\u00f5es altamente personalizadas<\/strong><\/h2>\n<ul>\n<li><strong>Personaliza\u00e7\u00e3o do tamanho<\/strong>: Suporta o ajuste do tamanho da caixa de 5cm\u00d75cm a 30cm\u00d730cm, adequado para conjuntos de casamento, caixas de presente de item \u00fanico e outros cen\u00e1rios;<\/li>\n<li><strong>Integra\u00e7\u00e3o de elementos da marca<\/strong>: Pode incorporar chips RFID, gravar log\u00f3tipos de marcas a laser ou ajustar padr\u00f5es de relevo e posi\u00e7\u00f5es de estampagem a quente em combina\u00e7\u00e3o com os sistemas VI do cliente;<\/li>\n<li><strong>Produ\u00e7\u00e3o em massa e embalagem<\/strong>: Suporta uma encomenda m\u00ednima de 500 pe\u00e7as e fornece solu\u00e7\u00f5es de embalagem integradas, tais como sacos de p\u00f3, caixas de oferta e paletes de transporte.<\/li>\n<\/ul>\n<h2 id=\"7-technical-parameters-and-environmental-standards-\">7.\u00a0<strong>Par\u00e2metros t\u00e9cnicos e normas ambientais<\/strong><\/h2>\n<ul>\n<li><strong>Material<\/strong>: Substrato de pl\u00e1stico ABS de qualidade alimentar + revestimento de PU amigo do ambiente (certificado REACH\/SVHC);<\/li>\n<li><strong>Normas de processo<\/strong>: Sistema de gest\u00e3o da qualidade ISO 9001, erro de precis\u00e3o de estampagem a quente \u22640,2 mm;<\/li>\n<li><strong>Cen\u00e1rios aplic\u00e1veis<\/strong>: Lojas emblem\u00e1ticas de marcas de j\u00f3ias, personaliza\u00e7\u00e3o de presentes de alta gama, embalagens de j\u00f3ias de leil\u00f5es.<\/li>\n<\/ul>","protected":false},"excerpt":{"rendered":"<p>Crie uma solu\u00e7\u00e3o de gaveta de papel para j\u00f3ias que seja simultaneamente pr\u00e1tica e art\u00edstica, satisfazendo as necessidades das marcas de j\u00f3ias topo de gama para uma embalagem refinada, funcional e personalizada<\/p>","protected":false},"featured_media":813,"template":"","meta":{"_kad_post_transparent":"default","_kad_post_title":"","_kad_post_layout":"default","_kad_post_sidebar_id":"","_kad_post_content_style":"default","_kad_post_vertical_padding":"default","_kad_post_feature":"","_kad_post_feature_position":"","_kad_post_header":false,"_kad_post_footer":false,"_kad_post_classname":""},"product_brand":[],"product_cat":[15,20,17],"product_tag":[303,305,304],"class_list":{"0":"post-812","1":"product","2":"type-product","3":"status-publish","4":"has-post-thumbnail","6":"product_cat-red-light-therapy","7":"product_cat-led-face-light-therapy","8":"product_cat-services","9":"product_tag-bespoke-necklaces-box","10":"product_tag-match-style-necklaces-box","11":"product_tag-soft-touch-lamination-necklaces-box","13":"first","14":"instock","15":"shipping-taxable","16":"product-type-simple","17":"entry","18":"content-bg","19":"loop-entry"},"_links":{"self":[{"href":"https:\/\/red-lighttherapy.com\/pt_pt\/wp-json\/wp\/v2\/product\/812","targetHints":{"allow":["GET"]}}],"collection":[{"href":"https:\/\/red-lighttherapy.com\/pt_pt\/wp-json\/wp\/v2\/product"}],"about":[{"href":"https:\/\/red-lighttherapy.com\/pt_pt\/wp-json\/wp\/v2\/types\/product"}],"wp:featuredmedia":[{"embeddable":true,"href":"https:\/\/red-lighttherapy.com\/pt_pt\/wp-json\/wp\/v2\/media\/813"}],"wp:attachment":[{"href":"https:\/\/red-lighttherapy.com\/pt_pt\/wp-json\/wp\/v2\/media?parent=812"}],"wp:term":[{"taxonomy":"product_brand","embeddable":true,"href":"https:\/\/red-lighttherapy.com\/pt_pt\/wp-json\/wp\/v2\/product_brand?post=812"},{"taxonomy":"product_cat","embeddable":true,"href":"https:\/\/red-lighttherapy.com\/pt_pt\/wp-json\/wp\/v2\/product_cat?post=812"},{"taxonomy":"product_tag","embeddable":true,"href":"https:\/\/red-lighttherapy.com\/pt_pt\/wp-json\/wp\/v2\/product_tag?post=812"}],"curies":[{"name":"wp","href":"https:\/\/api.w.org\/{rel}","templated":true}]}}