{"id":806,"date":"2025-04-15T02:36:36","date_gmt":"2025-04-15T02:36:36","guid":{"rendered":"https:\/\/red-lighttherapy.com\/?post_type=product&#038;p=806"},"modified":"2025-04-15T02:51:40","modified_gmt":"2025-04-15T02:51:40","slug":"oem-odm-rigid-slide-drawer-style-jewelry-earring-gift-boxes","status":"publish","type":"product","link":"https:\/\/red-lighttherapy.com\/pt_pt\/oem-odm-rigid-slide-drawer-style-jewelry-earring-gift-boxes\/","title":{"rendered":"OEM ODM Caixas de presente de brinco de j\u00f3ias estilo gaveta r\u00edgida deslizante"},"content":{"rendered":"<h2><strong>Gaveta deslizante r\u00edgida OEM ODM <\/strong><strong>Caixa de oferta para brincos de j\u00f3ias Descri\u00e7\u00e3o do produto<\/strong><\/h2>\n<h2 id=\"1-classic-box-type-and-slide-rail-nesting-design-\">1.\u00a0<strong>Tipo de caixa cl\u00e1ssico e design de encaixe de calha deslizante<\/strong><\/h2>\n<ul>\n<li>O\u00a0<strong>tipo de caixa com fundo e tampa inferior<\/strong>\u00a0\u00e9 adoptada e o corpo da caixa tem linhas simples e resistentes, o que se adequa ao tom sofisticado dos produtos de joalharia. A tampa da caixa e o corpo da caixa s\u00e3o encaixados atrav\u00e9s da\u00a0<strong>sistema de carris deslizantes de precis\u00e3o<\/strong>e podem deslizar suavemente ao abrir e fechar apenas com um ligeiro pux\u00e3o, poupando espa\u00e7o e dando uma sensa\u00e7\u00e3o de ritual ao abrir a caixa. A calha deslizante adopta um design de fivela anti-queda e n\u00e3o se soltou ap\u00f3s 5000 testes de tra\u00e7\u00e3o.<\/li>\n<\/ul>\n<h2 id=\"2-scientific-partition-and-protective-inner-box-\">2.\u00a0<strong>Divis\u00f3ria cient\u00edfica e caixa interior protetora<\/strong><\/h2>\n<ul>\n<li>A caixa interior \u00e9 feita de material EVA de alta densidade cinzento claro. O design das divis\u00f3rias inclui\u00a0<strong>ranhuras para fixa\u00e7\u00e3o de brincos, \u00e1rea para pendurar colares e camada plana para pulseiras<\/strong>que evita eficazmente danos por fric\u00e7\u00e3o nas j\u00f3ias. A superf\u00edcie de revestimento interior \u00e9 coberta por uma camada de flocagem de 0,8 mm, que tem fun\u00e7\u00f5es de amortecimento e anti-est\u00e1tica e \u00e9 adequada para materiais facilmente oxid\u00e1veis, como j\u00f3ias de prata e pedras preciosas.<\/li>\n<\/ul>\n<h2 id=\"3-material-and-surface-technology-\">3.\u00a0<strong>Tecnologia de materiais e superf\u00edcies<\/strong><\/h2>\n<ul>\n<li>O corpo da caixa \u00e9 feito de\u00a0<strong>papel revestido de alta densidade<\/strong>com elevada resist\u00eancia \u00e0 compress\u00e3o e certifica\u00e7\u00e3o de seguran\u00e7a UE REACH e RoHS. A superf\u00edcie \u00e9 coberta com\u00a0<strong>revestimento nano resistente ao desgaste<\/strong>A tela \u00e9 t\u00e3o delicada como o veludo e \u00e9 resistente a riscos e impress\u00f5es digitais, com uma fidelidade de cor superior a 95% de Pantone.<\/li>\n<li>Opcional\u00a0<strong>estampagem a quente\/grava\u00e7\u00e3o em relevo\/grava\u00e7\u00e3o a laser<\/strong>\u00a0tecnologia: a estampagem a quente utiliza folha de ouro de 24K, a profundidade do relevo \u00e9 de 0,2 mm e a precis\u00e3o da grava\u00e7\u00e3o a laser \u00e9 de 0,015 mm, suportando a personaliza\u00e7\u00e3o, como log\u00f3tipos e padr\u00f5es da marca.<\/li>\n<\/ul>\n<h2 id=\"4-ergonomics-and-aesthetic-design-\">4.\u00a0<strong>Ergonomia e design est\u00e9tico<\/strong><\/h2>\n<ul>\n<li><strong>A cor principal de castanho e rosa \u00e9 inspirada na est\u00e9tica das cores nude, e a textura mate transmite uma sensa\u00e7\u00e3o de calor e luxo. A pega adopta\u00a0<\/strong>Design de tubo redondo em forma de C**, com uma largura de \uff1e20cm, adequado para adultos segurarem com quatro dedos, com for\u00e7a uniforme e economia de trabalho, e o conforto de abertura e fechamento \u00e9 aumentado em 40%. Os cantos s\u00e3o tratados com R, arredondados e sem rebarbas, cumprindo as normas de controlo de qualidade ISO 9001.<\/li>\n<\/ul>\n<h2 id=\"5-flexible-production-and-quality-control-process-\">5.\u00a0<strong>Processo flex\u00edvel de produ\u00e7\u00e3o e controlo de qualidade<\/strong><\/h2>\n<ul>\n<li>Apoio\u00a0<strong>Encomenda m\u00ednima de 500 unidades<\/strong>O ciclo de produ\u00e7\u00e3o \u00e9 de 8 a 15 dias (incluindo 4 a 7 dias para a prova). O processo de produ\u00e7\u00e3o abrange mais de 20 processos, como estampagem de moldes, corte a laser, moldagem CNC, etc., com os seguintes destaques:<\/li>\n<li><strong>Tr\u00eas inspec\u00e7\u00f5es de qualidade manuais<\/strong>: Inspe\u00e7\u00e3o SGS das mat\u00e9rias-primas, verifica\u00e7\u00e3o da estrutura do produto semi-acabado e inspe\u00e7\u00e3o da integridade da superf\u00edcie do produto acabado;<\/li>\n<li><strong>Pulveriza\u00e7\u00e3o de revestimentos resistentes ao desgaste<\/strong>: Revestimento composto de pol\u00edmero, ensaio de proje\u00e7\u00e3o salina &gt; 72 horas sem cair;<\/li>\n<li><strong>Retifica\u00e7\u00e3o fina de arestas e cantos<\/strong>: Erro do \u00e2ngulo R \u2264 0,1 mm, atrav\u00e9s da dete\u00e7\u00e3o 3D do projetor.<\/li>\n<\/ul>\n<h2 id=\"6-environmental-protection-and-compliance-\">6.\u00a0<strong>Prote\u00e7\u00e3o e conformidade ambiental<\/strong><\/h2>\n<ul>\n<li>O material obteve a certifica\u00e7\u00e3o florestal FSC, o processo de lamina\u00e7\u00e3o utiliza colas \u00e0 base de \u00e1gua e as emiss\u00f5es de COV s\u00e3o 50% inferiores ao limite da UE.<\/li>\n<\/ul>\n<h2 id=\"-application-scenarios-and-customized-services-\"><strong>Cen\u00e1rios de aplica\u00e7\u00e3o e servi\u00e7os personalizados<\/strong><\/h2>\n<ul>\n<li><strong>Cen\u00e1rios aplic\u00e1veis<\/strong>: venda a retalho de j\u00f3ias topo de gama, presentes de marca, joint ventures de luxo, personaliza\u00e7\u00e3o de casamentos, etc;<\/li>\n<li><strong>Servi\u00e7os de valor acrescentado<\/strong>: fornecer sacos selados anti-oxida\u00e7\u00e3o, solu\u00e7\u00f5es de adapta\u00e7\u00e3o segura \u00e0 humidade constante e anti-falsifica\u00e7\u00e3o por laser de etiquetas AR;<\/li>\n<li><strong>Normas de entrega<\/strong>Cada lote \u00e9 acompanhado de um relat\u00f3rio de ensaio do material, apoiando os servi\u00e7os log\u00edsticos globais DDP.<\/li>\n<\/ul>\n<h2 id=\"-technical-parameters-\"><strong>Par\u00e2metros t\u00e9cnicos<\/strong><\/h2>\n<table>\n<thead>\n<tr>\n<th>Projeto<\/th>\n<th>Par\u00e2metros<\/th>\n<\/tr>\n<\/thead>\n<tbody>\n<tr>\n<td>Material<\/td>\n<td>Papel revestido de 450 g + forro em EVA<\/td>\n<\/tr>\n<tr>\n<td>Tamanho da caixa<\/td>\n<td>240\u00d7160\u00d760mm<\/td>\n<\/tr>\n<tr>\n<td>Capacidade de carga<\/td>\n<td>Est\u00e1tico 5kg\/din\u00e2mico 2kg<\/td>\n<\/tr>\n<tr>\n<td>Dureza da superf\u00edcie<\/td>\n<td>Dureza do l\u00e1pis 3H<\/td>\n<\/tr>\n<tr>\n<td>Quantidade m\u00ednima de encomenda<\/td>\n<td>500 pe\u00e7as<\/td>\n<\/tr>\n<tr>\n<td>Ciclo de entrega<\/td>\n<td>15 dias para os modelos normais<\/td>\n<\/tr>\n<\/tbody>\n<\/table>\n<p><strong>Conclus\u00e3o<\/strong>\u00a0Este produto leva\u00a0<strong>\"est\u00e9tica visual + prote\u00e7\u00e3o funcional\"<\/strong>\u00a0e fornece \u00e0s marcas uma solu\u00e7\u00e3o de cadeia completa, desde a embalagem \u00e0 experi\u00eancia do utilizador, atrav\u00e9s de tecnologia de precis\u00e3o e sistema de produ\u00e7\u00e3o flex\u00edvel. Quer se trate de estampagem a quente cl\u00e1ssica ou de estampagem personalizada, pode tornar-se um meio silencioso para transmitir o valor da marca.<\/p>","protected":false},"excerpt":{"rendered":"<p>Esta caixa de presente para brincos de j\u00f3ias, estilo gaveta de papel, foi especialmente concebida para marcas de j\u00f3ias topo de gama. Combina uma est\u00e9tica cl\u00e1ssica com um artesanato moderno. Com base no tipo de caixa com tampa superior e inferior, cria uma solu\u00e7\u00e3o de arruma\u00e7\u00e3o que \u00e9 simultaneamente cerimonial e pr\u00e1tica atrav\u00e9s de linhas geom\u00e9tricas simples e de uma estrutura precisa. O produto passou por oito processos de controlo de qualidade e foi combinado com as normas de seguran\u00e7a de embalagens da UE para obter uma garantia de qualidade total, desde os materiais at\u00e9 aos produtos acabados. \u00c9 adequado para necessidades personalizadas nos dom\u00ednios da joalharia, rel\u00f3gios, artigos de luxo, etc.<\/p>","protected":false},"featured_media":810,"template":"","meta":{"_kad_post_transparent":"default","_kad_post_title":"","_kad_post_layout":"default","_kad_post_sidebar_id":"","_kad_post_content_style":"default","_kad_post_vertical_padding":"default","_kad_post_feature":"","_kad_post_feature_position":"","_kad_post_header":false,"_kad_post_footer":false,"_kad_post_classname":""},"product_brand":[],"product_cat":[15,20,17],"product_tag":[301,300,302],"class_list":{"0":"post-806","1":"product","2":"type-product","3":"status-publish","4":"has-post-thumbnail","6":"product_cat-red-light-therapy","7":"product_cat-led-face-light-therapy","8":"product_cat-services","9":"product_tag-earring-drawer-style-boxes","10":"product_tag-jewelry-gift-boxes","11":"product_tag-oem-odm-rigid-boxes","13":"first","14":"instock","15":"shipping-taxable","16":"product-type-simple","17":"entry","18":"content-bg","19":"loop-entry"},"_links":{"self":[{"href":"https:\/\/red-lighttherapy.com\/pt_pt\/wp-json\/wp\/v2\/product\/806","targetHints":{"allow":["GET"]}}],"collection":[{"href":"https:\/\/red-lighttherapy.com\/pt_pt\/wp-json\/wp\/v2\/product"}],"about":[{"href":"https:\/\/red-lighttherapy.com\/pt_pt\/wp-json\/wp\/v2\/types\/product"}],"wp:featuredmedia":[{"embeddable":true,"href":"https:\/\/red-lighttherapy.com\/pt_pt\/wp-json\/wp\/v2\/media\/810"}],"wp:attachment":[{"href":"https:\/\/red-lighttherapy.com\/pt_pt\/wp-json\/wp\/v2\/media?parent=806"}],"wp:term":[{"taxonomy":"product_brand","embeddable":true,"href":"https:\/\/red-lighttherapy.com\/pt_pt\/wp-json\/wp\/v2\/product_brand?post=806"},{"taxonomy":"product_cat","embeddable":true,"href":"https:\/\/red-lighttherapy.com\/pt_pt\/wp-json\/wp\/v2\/product_cat?post=806"},{"taxonomy":"product_tag","embeddable":true,"href":"https:\/\/red-lighttherapy.com\/pt_pt\/wp-json\/wp\/v2\/product_tag?post=806"}],"curies":[{"name":"wp","href":"https:\/\/api.w.org\/{rel}","templated":true}]}}