{"id":795,"date":"2025-04-14T16:43:08","date_gmt":"2025-04-14T16:43:08","guid":{"rendered":"https:\/\/red-lighttherapy.com\/?post_type=product&#038;p=795"},"modified":"2025-04-15T02:12:49","modified_gmt":"2025-04-15T02:12:49","slug":"customized-child-resistant-rigid-paperboard-slider-box-supplier","status":"publish","type":"product","link":"https:\/\/red-lighttherapy.com\/pt_pt\/customized-child-resistant-rigid-paperboard-slider-box-supplier\/","title":{"rendered":"Fornecedor de caixa deslizante de cart\u00e3o r\u00edgido resistente a crian\u00e7as personalizada"},"content":{"rendered":"<h3 id=\"1-cannabis-e-cigarette-style-design-childproof-buckle-both-safe-and-fashionable-\">1.\u00a0<strong>Design estilo cigarro eletr\u00f3nico de cannabis \u00d7 fivela de seguran\u00e7a para crian\u00e7as, seguro e moderno<\/strong><\/h3>\n<p>A caixa deslizante adopta a linguagem de design cl\u00e1ssica dos cigarros electr\u00f3nicos de cannabis (cigarros electr\u00f3nicos CBD), com linhas minimalistas e forma tecnol\u00f3gica como n\u00facleo, e est\u00e1 equipada com um dispositivo de fivela de seguran\u00e7a para crian\u00e7as, que n\u00e3o s\u00f3 satisfaz as necessidades de prote\u00e7\u00e3o das crian\u00e7as, como tamb\u00e9m transmite um tom de marca de alta qualidade e vanguarda. O design da fivela de seguran\u00e7a para crian\u00e7as est\u00e1 em conformidade com as normas de seguran\u00e7a internacionais (como a EN 71-3). Atrav\u00e9s de fivelas f\u00edsicas e estruturas de desbloqueio ocultas, impede eficazmente que as crian\u00e7as lhe toquem acidentalmente, mantendo a suavidade do aspeto. O esquema geral de cores \u00e9 dominado pelo branco e pelo verde floresta, simulando a atmosfera fresca da floresta original, transmitindo uma experi\u00eancia visual natural e tranquila, e em linha com a tend\u00eancia de consumo saud\u00e1vel.<\/p>\n<h3 id=\"2-material-technology-350g-cardboard-1000g-cardboard-enhanced-pull-out-experience-\">2.\u00a0<strong>Tecnologia do material: cart\u00e3o de 350g \u00d7 cart\u00e3o de 1000g, experi\u00eancia de extra\u00e7\u00e3o melhorada<\/strong><\/h3>\n<p>A caixa exterior utiliza cart\u00e3o de 350 g de elevada gramagem com uma pel\u00edcula mate na superf\u00edcie, que \u00e9 simultaneamente resistente ao desgaste e delicada; a caixa interior utiliza cart\u00e3o espesso de 1000 g, que \u00e9 unido sem problemas atrav\u00e9s de uma tecnologia de corte de precis\u00e3o, e a resist\u00eancia durante o processo de extra\u00e7\u00e3o \u00e9 uniforme. Com o design do amortecedor, proporciona uma experi\u00eancia de utiliza\u00e7\u00e3o topo de gama de \"leve press\u00e3o para arrancar, paragem est\u00e1vel sem tremer\". O contraste entre os materiais internos e externos cria uma sensa\u00e7\u00e3o de hierarquia e aumenta o valor acrescentado do produto.<\/p>\n<h3 id=\"3-primitive-forest-theme-visual-design-3d-green-leaf-uv-technology-\">3.\u00a0<strong>Design visual com tema de floresta primitiva, tecnologia UV de folha verde 3D<\/strong><\/h3>\n<p>Os elementos de folha verde apresentam um efeito de relevo tridimensional atrav\u00e9s da tecnologia de impress\u00e3o UV local, formando um brilho gradiente \u00e0 luz e \u00e0 sombra, simulando a textura e o toque das folhas reais. As posi\u00e7\u00f5es-chave da caixa de presente (como a \u00e1rea do cadeado e a \u00e1rea do log\u00f3tipo da marca) utilizam a tecnologia de estampagem a quente em ouro\/prata, combinada com um corte de alta precis\u00e3o para garantir que o padr\u00e3o \u00e9 claro e resistente ao desgaste. O log\u00f3tipo da marca est\u00e1 integrado no desenho do veio da folha para melhorar a imagem da integra\u00e7\u00e3o da natureza e da tecnologia e aumentar o reconhecimento.<\/p>\n<h3 id=\"4-flexible-mold-development-capabilities-quick-response-to-customization-needs-\">4.\u00a0<strong>Capacidades flex\u00edveis de desenvolvimento de moldes, resposta r\u00e1pida \u00e0s necessidades de personaliza\u00e7\u00e3o<\/strong><\/h3>\n<p>O fornecedor est\u00e1 equipado com um sistema de desenvolvimento de moldes de processo completo, que suporta a convers\u00e3o r\u00e1pida de desenhos 2D para modela\u00e7\u00e3o 3D, e pode personalizar moldes de forma especial (tais como faixas curvas extra\u00edveis, estruturas aninhadas de v\u00e1rias camadas), com uma quantidade m\u00ednima de encomenda t\u00e3o baixa como 500 pe\u00e7as. Atrav\u00e9s de um design modular, o tamanho da caixa de oferta, a posi\u00e7\u00e3o do fecho e o conte\u00fado da impress\u00e3o podem ser ajustados de forma flex\u00edvel e o ciclo de entrega \u00e9 encurtado para 12-15 dias, satisfazendo as necessidades urgentes das marcas de cigarros electr\u00f3nicos para a diferencia\u00e7\u00e3o das embalagens.<\/p>\n<h3 id=\"5-industry-technology-frontier-exploration-continuous-innovation-and-upgrading-\">5.\u00a0<strong>Explora\u00e7\u00e3o das fronteiras tecnol\u00f3gicas da ind\u00fastria, inova\u00e7\u00e3o e atualiza\u00e7\u00e3o cont\u00ednuas<\/strong><\/h3>\n<p>Participar ativamente em exposi\u00e7\u00f5es internacionais de cigarros electr\u00f3nicos, como a EVO NXT, na Alemanha, e a InterTabac, em It\u00e1lia, comparar tecnologias com empresas l\u00edderes, como a British American Tobacco e a Philip Morris International, e introduzir tecnologias inovadoras, como algoritmos de correspond\u00eancia de cores com IA e revestimentos de base biol\u00f3gica degrad\u00e1veis. A solu\u00e7\u00e3o de \"tinta UV sem solventes\" lan\u00e7ada em 2024 foi aprovada na certifica\u00e7\u00e3o REACH da UE, reduzindo as emiss\u00f5es de COV em 90% e promovendo a transforma\u00e7\u00e3o ecol\u00f3gica da ind\u00fastria.<\/p>\n<h3 id=\"6-full-link-environmentally-friendly-production-system-\">6.\u00a0<strong>Sistema de produ\u00e7\u00e3o ecol\u00f3gico totalmente ligado<\/strong><\/h3>\n<p>A f\u00e1brica utiliza equipamento de revestimento de pel\u00edculas \u00e0 base de \u00e1gua, importado da Alemanha, para substituir os processos tradicionais \u00e0 base de solventes, reduzindo 90% de vol\u00e1teis nocivos; estabelece um sistema de tratamento de \u00e1guas residuais em circuito fechado para conseguir 95% a reutiliza\u00e7\u00e3o dos recursos h\u00eddricos. 100% dos materiais de embalagem utilizam pasta de papel certificada pelo FSC, e 30% de fibra reciclada \u00e9 adicionada \u00e0 caixa interior, que est\u00e1 em conformidade com o sistema de gest\u00e3o ambiental ISO 14001. Passou a certifica\u00e7\u00e3o da pegada de carbono em 2024, e as emiss\u00f5es de carbono por caixa s\u00e3o 40% inferiores \u00e0 m\u00e9dia da ind\u00fastria.<\/p>\n<h3 id=\"7-compliance-and-sustainable-development-dual-drive-\">7.\u00a0<strong>Conformidade e desenvolvimento sustent\u00e1vel: duplo impulso<\/strong><\/h3>\n<p>Seguimos rigorosamente as \"Medidas de Gest\u00e3o de Cigarros Electr\u00f3nicos\" e a Diretiva TPD da UE, e todos os produtos passam nos testes de seguran\u00e7a f\u00edsica mec\u00e2nica EN 71-1 e na certifica\u00e7\u00e3o do sistema de qualidade ISO 9001.<\/p>","protected":false},"excerpt":{"rendered":"<p>Ao integrar a est\u00e9tica do design industrial, normas de seguran\u00e7a de alto n\u00edvel e conceitos de economia circular, fornecemos \u00e0s marcas de cigarros electr\u00f3nicos solu\u00e7\u00f5es de produtos que s\u00e3o simultaneamente competitivas no mercado e socialmente respons\u00e1veis, especialmente para as empresas de cigarros electr\u00f3nicos CBD que est\u00e3o posicionadas no topo da gama e se concentram na imagem ESG.<\/p>","protected":false},"featured_media":800,"template":"","meta":{"_kad_post_transparent":"default","_kad_post_title":"","_kad_post_layout":"default","_kad_post_sidebar_id":"","_kad_post_content_style":"default","_kad_post_vertical_padding":"default","_kad_post_feature":"","_kad_post_feature_position":"","_kad_post_header":false,"_kad_post_footer":false,"_kad_post_classname":""},"product_brand":[],"product_cat":[15,20,40,17],"product_tag":[295,294,296],"class_list":{"0":"post-795","1":"product","2":"type-product","3":"status-publish","4":"has-post-thumbnail","6":"product_cat-red-light-therapy","7":"product_cat-led-face-light-therapy","8":"product_cat-red-light-therapy-panel","9":"product_cat-services","10":"product_tag-child-resistant-box","11":"product_tag-customized-paperboard-box","12":"product_tag-slider-box-supplier","14":"first","15":"instock","16":"shipping-taxable","17":"product-type-simple","18":"entry","19":"content-bg","20":"loop-entry"},"_links":{"self":[{"href":"https:\/\/red-lighttherapy.com\/pt_pt\/wp-json\/wp\/v2\/product\/795","targetHints":{"allow":["GET"]}}],"collection":[{"href":"https:\/\/red-lighttherapy.com\/pt_pt\/wp-json\/wp\/v2\/product"}],"about":[{"href":"https:\/\/red-lighttherapy.com\/pt_pt\/wp-json\/wp\/v2\/types\/product"}],"wp:featuredmedia":[{"embeddable":true,"href":"https:\/\/red-lighttherapy.com\/pt_pt\/wp-json\/wp\/v2\/media\/800"}],"wp:attachment":[{"href":"https:\/\/red-lighttherapy.com\/pt_pt\/wp-json\/wp\/v2\/media?parent=795"}],"wp:term":[{"taxonomy":"product_brand","embeddable":true,"href":"https:\/\/red-lighttherapy.com\/pt_pt\/wp-json\/wp\/v2\/product_brand?post=795"},{"taxonomy":"product_cat","embeddable":true,"href":"https:\/\/red-lighttherapy.com\/pt_pt\/wp-json\/wp\/v2\/product_cat?post=795"},{"taxonomy":"product_tag","embeddable":true,"href":"https:\/\/red-lighttherapy.com\/pt_pt\/wp-json\/wp\/v2\/product_tag?post=795"}],"curies":[{"name":"wp","href":"https:\/\/api.w.org\/{rel}","templated":true}]}}