{"id":788,"date":"2025-04-14T16:24:13","date_gmt":"2025-04-14T16:24:13","guid":{"rendered":"https:\/\/red-lighttherapy.com\/?post_type=product&#038;p=788"},"modified":"2025-04-15T02:13:05","modified_gmt":"2025-04-15T02:13:05","slug":"custom-child-resistant-boxes-drawer-rigid-box-manufacturer","status":"publish","type":"product","link":"https:\/\/red-lighttherapy.com\/pt_pt\/custom-child-resistant-boxes-drawer-rigid-box-manufacturer\/","title":{"rendered":"Caixas personalizadas resistentes a crian\u00e7as Gaveta Caixa r\u00edgida Fabricante"},"content":{"rendered":"<h3 id=\"1-selected-high-quality-coated-paper-printing-touch-film-enhances-texture-\">1.\u00a0<strong>Impress\u00e3o em papel revestido selecionado de alta qualidade, a pel\u00edcula t\u00e1til melhora a textura<\/strong><\/h3>\n<p>O fabricante utiliza papel revestido de alta qualidade como material de base, combinado com o processo de pel\u00edcula t\u00e1til, para tornar a superf\u00edcie da caixa de presente delicada e suave, macia ao toque e resistente a riscos. O papel revestido utiliza a impress\u00e3o offset, a impress\u00e3o UV e outras tecnologias para obter uma apresenta\u00e7\u00e3o de padr\u00f5es de alta precis\u00e3o, enquanto a pel\u00edcula t\u00e1til pode melhorar a estratifica\u00e7\u00e3o visual, conferindo \u00e0 caixa de presente uma textura de alta qualidade e uma atmosfera natural.<\/p>\n<h3 id=\"2-traditional-and-modern-elements-are-integrated-and-the-cultural-charm-is-unique-\">2.\u00a0<strong>Os elementos tradicionais e modernos est\u00e3o integrados, e o encanto cultural \u00e9 \u00fanico<\/strong><\/h3>\n<p>A equipa de design combina padr\u00f5es tradicionais (como nuvens auspiciosas e l\u00f3tus) com linhas geom\u00e9tricas modernas e mant\u00e9m o encanto cultural atrav\u00e9s da simplifica\u00e7\u00e3o abstrata. A cor utiliza cores tradicionais como o vermelho chin\u00eas, o azul e o azul branco, e incorpora tend\u00eancias populares como o gradiente e as cores contrastantes para formar uma express\u00e3o visual que combina o charme cl\u00e1ssico e a moda.<\/p>\n<h3 id=\"3-drawer-type-box-structure-both-protection-and-fun-\">3.\u00a0<strong>Estrutura de caixa tipo gaveta, prote\u00e7\u00e3o e divers\u00e3o<\/strong><\/h3>\n<p>Adotar um design de gaveta de camada dupla ou oculta, a divis\u00f3ria interna da gaveta pode ser personalizada para se adaptar a presentes de diferentes tamanhos, e o design de abertura e fecho escalonado aumenta a divers\u00e3o, como o desencadear da luz ou o efeito de apar\u00eancia gradual do padr\u00e3o quando a gaveta \u00e9 aberta.<\/p>\n<h3 id=\"4-opening-and-closing-ritual-design-\">4.\u00a0<strong>Conce\u00e7\u00e3o do ritual de abertura e de encerramento<\/strong><\/h3>\n<p>Otimizar a calha da gaveta e o sistema de amortecimento para garantir uma abertura e um fecho leves e suaves. Alguns modelos est\u00e3o equipados com fivelas magn\u00e9ticas ou dispositivos de mola, que s\u00e3o acompanhados de um som de \"clique\" ou de um efeito de abrandamento quando s\u00e3o abertos, para aumentar a sensa\u00e7\u00e3o de ritual de desembalagem. Alguns modelos topo de gama podem ser combinados com tiras de luz LED para projetar log\u00f3tipos de marcas ou luzes e sombras din\u00e2micas no momento da abertura da caixa.<\/p>\n<h3 id=\"5-partial-uv-printing-strengthens-brand-logo-\">5.\u00a0<strong>A impress\u00e3o UV parcial refor\u00e7a o log\u00f3tipo da marca<\/strong><\/h3>\n<p>Utilize a tecnologia UV local em posi\u00e7\u00f5es-chave, como a tampa da caixa e o rebordo da gaveta, para real\u00e7ar o LOGOTIPO da marca, a mascote ou o s\u00edmbolo cultural atrav\u00e9s de um revestimento tridimensional de alto brilho. A tinta UV tem propriedades resistentes ao desgaste e aos riscos, garantindo a clareza do padr\u00e3o a longo prazo, ao mesmo tempo que forma um contraste de textura com o substrato mate para aumentar o impacto visual.<\/p>\n<h3 id=\"6-industry-experience-and-quality-assurance-\">6.\u00a0<strong>Experi\u00eancia no sector e garantia de qualidade<\/strong><\/h3>\n<p>O fabricante tem mais de 16 anos de experi\u00eancia em personaliza\u00e7\u00e3o de embalagens, passou a certifica\u00e7\u00e3o do sistema de gest\u00e3o de qualidade ISO 9001 e tem servido marcas em v\u00e1rios campos, tais como cuidados materno-infantis, beleza e vaporizadores electr\u00f3nicos. Est\u00e1 em conformidade com as normas de seguran\u00e7a, tais como CE e RoHS, para garantir que os produtos cumprem os requisitos de exporta\u00e7\u00e3o internacionais.<\/p>\n<h3 id=\"7-intelligent-production-and-after-sales-service-\">7.\u00a0<strong>Produ\u00e7\u00e3o inteligente e servi\u00e7o p\u00f3s-venda<\/strong><\/h3>\n<p>A implementa\u00e7\u00e3o de sistemas ERP e MES permite a gest\u00e3o digital de todo o processo de encomenda, encurtando o ciclo desde a conce\u00e7\u00e3o e prova at\u00e9 \u00e0 produ\u00e7\u00e3o em massa por 30%. Fornecer servi\u00e7os p\u00f3s-venda personalizados, incluindo sugest\u00f5es de otimiza\u00e7\u00e3o da estrutura de embalagem, substitui\u00e7\u00e3o de produtos danificados e processamento r\u00e1pido de encomendas de emerg\u00eancia, e apoiar o acompanhamento log\u00edstico global.<\/p>\n<p>&nbsp;<\/p>","protected":false},"excerpt":{"rendered":"<p>Criamos uma caixa de presente funcional, art\u00edstica e segura para a prote\u00e7\u00e3o das crian\u00e7as atrav\u00e9s da inova\u00e7\u00e3o de materiais, da capacita\u00e7\u00e3o cultural e da produ\u00e7\u00e3o inteligente para satisfazer as necessidades da marca em termos de embalagens diferenciadas e actualiza\u00e7\u00f5es da experi\u00eancia do utilizador.<\/p>","protected":false},"featured_media":794,"template":"","meta":{"_kad_post_transparent":"default","_kad_post_title":"","_kad_post_layout":"default","_kad_post_sidebar_id":"","_kad_post_content_style":"default","_kad_post_vertical_padding":"default","_kad_post_feature":"","_kad_post_feature_position":"","_kad_post_header":false,"_kad_post_footer":false,"_kad_post_classname":""},"product_brand":[],"product_cat":[15,20,40,17],"product_tag":[292,291,293],"class_list":{"0":"post-788","1":"product","2":"type-product","3":"status-publish","4":"has-post-thumbnail","6":"product_cat-red-light-therapy","7":"product_cat-led-face-light-therapy","8":"product_cat-red-light-therapy-panel","9":"product_cat-services","10":"product_tag-child-resistant-boxes","11":"product_tag-custom-boxes","12":"product_tag-drawer-box-manufacturer","14":"first","15":"instock","16":"shipping-taxable","17":"product-type-simple","18":"entry","19":"content-bg","20":"loop-entry"},"_links":{"self":[{"href":"https:\/\/red-lighttherapy.com\/pt_pt\/wp-json\/wp\/v2\/product\/788","targetHints":{"allow":["GET"]}}],"collection":[{"href":"https:\/\/red-lighttherapy.com\/pt_pt\/wp-json\/wp\/v2\/product"}],"about":[{"href":"https:\/\/red-lighttherapy.com\/pt_pt\/wp-json\/wp\/v2\/types\/product"}],"wp:featuredmedia":[{"embeddable":true,"href":"https:\/\/red-lighttherapy.com\/pt_pt\/wp-json\/wp\/v2\/media\/794"}],"wp:attachment":[{"href":"https:\/\/red-lighttherapy.com\/pt_pt\/wp-json\/wp\/v2\/media?parent=788"}],"wp:term":[{"taxonomy":"product_brand","embeddable":true,"href":"https:\/\/red-lighttherapy.com\/pt_pt\/wp-json\/wp\/v2\/product_brand?post=788"},{"taxonomy":"product_cat","embeddable":true,"href":"https:\/\/red-lighttherapy.com\/pt_pt\/wp-json\/wp\/v2\/product_cat?post=788"},{"taxonomy":"product_tag","embeddable":true,"href":"https:\/\/red-lighttherapy.com\/pt_pt\/wp-json\/wp\/v2\/product_tag?post=788"}],"curies":[{"name":"wp","href":"https:\/\/api.w.org\/{rel}","templated":true}]}}