{"id":782,"date":"2025-04-14T13:27:51","date_gmt":"2025-04-14T13:27:51","guid":{"rendered":"https:\/\/red-lighttherapy.com\/?post_type=product&#038;p=782"},"modified":"2025-04-15T02:36:25","modified_gmt":"2025-04-15T02:36:25","slug":"leatherette-paper-jewelry-earrings-slider-rigid-box-dealer","status":"publish","type":"product","link":"https:\/\/red-lighttherapy.com\/pt_pt\/leatherette-paper-jewelry-earrings-slider-rigid-box-dealer\/","title":{"rendered":"Caixa r\u00edgida para brincos de j\u00f3ias em papel de couro sint\u00e9tico"},"content":{"rendered":"<h2 id=\"-artificial-leather-paper-jewelry-earrings-slide-cover-hard-box-high-end-customized-packaging-solutions-\"><strong>Caixa r\u00edgida com tampa deslizante para brincos de j\u00f3ias em couro artificial | Solu\u00e7\u00f5es de embalagem personalizadas de alta qualidade<\/strong><\/h2>\n<h2 id=\"-1-seiko-drawer-style-box-design-zero-error-and-anti-slip-rail-\"><strong>1. Design da caixa de gaveta de papel Seiko, zero erros e carril antiderrapante<\/strong><\/h2>\n<ul>\n<li>A estrutura de abertura e fecho da gaveta do papel feita com tecnologia de moldes de precis\u00e3o, combinada com um sistema de carris de alta precis\u00e3o, consegue uma experi\u00eancia suave de empurrar-puxar, garantindo que n\u00e3o h\u00e1 encravamento e zero erros ao abrir e fechar.<\/li>\n<li>O limitador de trajet\u00f3ria incorporado impede eficazmente o deslizamento acidental ou o pux\u00e3o excessivo, garantindo a seguran\u00e7a absoluta das j\u00f3ias durante o transporte ou a exposi\u00e7\u00e3o.<\/li>\n<\/ul>\n<h2 id=\"-2-humanized-corner-processing-safety-and-toughness-coexist-\"><strong>2. Processamento humanizado de cantos, seguran\u00e7a e resist\u00eancia coexistem<\/strong><\/h2>\n<ul>\n<li>Os cantos do corpo da caixa adoptam\u00a0<strong>tecnologia de chanfragem por micro-arco<\/strong>que maximiza a est\u00e9tica resistente do \u00e2ngulo reto, ao mesmo tempo que elimina o perigo oculto de os cantos afiados cortarem as m\u00e3os e melhora o conforto de utiliza\u00e7\u00e3o.<\/li>\n<li>Todo o corpo da caixa est\u00e1 coberto com uma superf\u00edcie de papel de couro artificial mate, que \u00e9 delicada e resistente ao desgaste e \u00e0s manchas, tendo em conta a textura topo de gama e a experi\u00eancia pr\u00e1tica.<\/li>\n<\/ul>\n<h2 id=\"-3-environmentally-certified-special-paper-substrate-delivering-sustainable-value-\"><strong>3. Substrato de papel especial certificado ambientalmente, proporcionando valor sustent\u00e1vel<\/strong><\/h2>\n<ul>\n<li>O material principal \u00e9\u00a0<strong>Papel de couro especial certificado pelo FSC<\/strong>As mat\u00e9rias-primas prov\u00eam de florestas geridas de forma sustent\u00e1vel e cumprem as normas ambientais globais.<\/li>\n<li>Atrav\u00e9s de processos de produ\u00e7\u00e3o amigos do ambiente, as emiss\u00f5es de carbono s\u00e3o reduzidas, ajudando as marcas a estabelecer uma imagem ecol\u00f3gica, correspondendo exatamente \u00e0s prefer\u00eancias de consumo sustent\u00e1vel da Gera\u00e7\u00e3o Z e dos indiv\u00edduos com elevado patrim\u00f3nio l\u00edquido.<\/li>\n<\/ul>\n<h2 id=\"-4-luxurious-hot-stamping-technology-visual-texture-upgraded-\"><strong>4. Tecnologia luxuosa de estampagem a quente, textura visual melhorada<\/strong><\/h2>\n<ul>\n<li>A superf\u00edcie da caixa pode ser personalizada<strong>\u00a0tecnologia de estampagem a quente\/prata\/ouro a cores<\/strong>A sua fun\u00e7\u00e3o \u00e9 a de permitir a apresenta\u00e7\u00e3o de alta precis\u00e3o de log\u00f3tipos de marcas, padr\u00f5es ou textos art\u00edsticos, criando um efeito de relevo tridimensional.<\/li>\n<li>Combinando a superf\u00edcie de papel mate com o brilho met\u00e1lico, forma-se uma forte hierarquia visual contrastante, conferindo \u00e0 embalagem atributos de oferta de alta qualidade e reconhecimento da marca.<\/li>\n<\/ul>\n<h2 id=\"-5-embedded-eva-anti-seismic-lining-all-round-protection-of-jewelry-\"><strong>5. Forro antiss\u00edsmico em EVA incorporado, prote\u00e7\u00e3o total das j\u00f3ias<\/strong><\/h2>\n<ul>\n<li>A moldagem de precis\u00e3o incorporada\u00a0<strong>Forro amortecedor integrado em EVA<\/strong>\u00a0adapta-se aos contornos de j\u00f3ias com formas especiais, como brincos e pulseiras, para evitar vibra\u00e7\u00f5es, fric\u00e7\u00e3o e extrus\u00e3o durante o transporte.<\/li>\n<li>A espessura do forro \u00e9 opcional (2 mm-5 mm) e suporta um design compartimentado e em camadas, que \u00e9 adequado para as necessidades de armazenamento de v\u00e1rias categorias de combina\u00e7\u00f5es de j\u00f3ias, garantindo que os produtos s\u00e3o entregues aos clientes intactos.<\/li>\n<\/ul>\n<h2 id=\"-6-full-dimensional-customized-services-to-meet-brand-differentiation-needs-\"><strong>6. Servi\u00e7os personalizados de dimens\u00e3o total para satisfazer as necessidades de diferencia\u00e7\u00e3o da marca<\/strong><\/h2>\n<ul>\n<li><strong>Design flex\u00edvel da caixa<\/strong>: Suporta v\u00e1rios m\u00e9todos de abertura e fecho, como o tipo gaveta, tipo flip, tipo suc\u00e7\u00e3o magn\u00e9tica, etc., e o tamanho pode ser personalizado (m\u00ednimo 5cm\u00b3, m\u00e1ximo 30cm\u00b3).<\/li>\n<li><strong>Combina\u00e7\u00e3o de trabalhos manuais personalizados<\/strong>: Processos de superf\u00edcie opcionais, tais como grava\u00e7\u00e3o em relevo, impress\u00e3o UV, serigrafia, grava\u00e7\u00e3o a laser, etc., e simultaneamente fornecer solu\u00e7\u00f5es de mistura e combina\u00e7\u00e3o de papel, metal, tecido e outros materiais.<\/li>\n<li><strong>Impress\u00e3o exclusiva da marca<\/strong>: Desde a impress\u00e3o externa do corpo da caixa at\u00e9 \u00e0 etiqueta da fita de revestimento, a implanta\u00e7\u00e3o profunda dos elementos da marca VI \u00e9 apoiada ao longo de todo o processo para criar uma imagem de marca integrada.<\/li>\n<\/ul>\n<h2 id=\"-application-scenarios-and-customer-value-\"><strong>Cen\u00e1rios de aplica\u00e7\u00e3o e valor para o cliente<\/strong><\/h2>\n<p>\ud83d\udd38\u00a0<strong>Marcas de j\u00f3ias<\/strong>--Aumentar o valor acrescentado dos produtos e refor\u00e7ar o posicionamento no mercado de gama alta; \ud83d\udd38\u00a0<strong>Empresas de personaliza\u00e7\u00e3o de presentes<\/strong>--Atrair clientes que oferecem presentes atrav\u00e9s de embalagens diferenciadas e aumentar o pre\u00e7o unit\u00e1rio do cliente; \ud83d\udd38\u00a0<strong>Canais de com\u00e9rcio eletr\u00f3nico<\/strong>--Otimizar o desempenho da prote\u00e7\u00e3o log\u00edstica e reduzir a taxa de perda p\u00f3s-venda; \ud83d\udd38\u00a0<strong>Marcas amigas do ambiente<\/strong>--Utilizar embalagens com certifica\u00e7\u00e3o FSC para transmitir conceitos sustent\u00e1veis e aumentar o reconhecimento do utilizador.<\/p>","protected":false},"excerpt":{"rendered":"<p>Esta caixa r\u00edgida com tampa deslizante para j\u00f3ias em papel de couro sint\u00e9tico foi especialmente concebida para j\u00f3ias requintadas, como brincos, pulseiras e an\u00e9is. Combina conceitos de artesanato e prote\u00e7\u00e3o ambiental para criar uma solu\u00e7\u00e3o de embalagem que combina prote\u00e7\u00e3o de seguran\u00e7a, est\u00e9tica luxuosa e elevada personaliza\u00e7\u00e3o. \u00c9 adequada para a venda a retalho de marcas, presentes topo de gama e cen\u00e1rios de personaliza\u00e7\u00e3o privada, dando aos seus produtos de joalharia garantia de qualidade e tens\u00e3o visual de dentro para fora.<\/p>","protected":false},"featured_media":804,"template":"","meta":{"_kad_post_transparent":"default","_kad_post_title":"","_kad_post_layout":"default","_kad_post_sidebar_id":"","_kad_post_content_style":"default","_kad_post_vertical_padding":"default","_kad_post_feature":"","_kad_post_feature_position":"","_kad_post_header":false,"_kad_post_footer":false,"_kad_post_classname":""},"product_brand":[],"product_cat":[15,20,17],"product_tag":[298,299,297],"class_list":{"0":"post-782","1":"product","2":"type-product","3":"status-publish","4":"has-post-thumbnail","6":"product_cat-red-light-therapy","7":"product_cat-led-face-light-therapy","8":"product_cat-services","9":"product_tag-earrings-slider-rigid-box","10":"product_tag-jewelry-earrings-rigid-box-dealer","11":"product_tag-leatherette-paper-jewelry-box","13":"first","14":"instock","15":"shipping-taxable","16":"product-type-simple","17":"entry","18":"content-bg","19":"loop-entry"},"_links":{"self":[{"href":"https:\/\/red-lighttherapy.com\/pt_pt\/wp-json\/wp\/v2\/product\/782","targetHints":{"allow":["GET"]}}],"collection":[{"href":"https:\/\/red-lighttherapy.com\/pt_pt\/wp-json\/wp\/v2\/product"}],"about":[{"href":"https:\/\/red-lighttherapy.com\/pt_pt\/wp-json\/wp\/v2\/types\/product"}],"wp:featuredmedia":[{"embeddable":true,"href":"https:\/\/red-lighttherapy.com\/pt_pt\/wp-json\/wp\/v2\/media\/804"}],"wp:attachment":[{"href":"https:\/\/red-lighttherapy.com\/pt_pt\/wp-json\/wp\/v2\/media?parent=782"}],"wp:term":[{"taxonomy":"product_brand","embeddable":true,"href":"https:\/\/red-lighttherapy.com\/pt_pt\/wp-json\/wp\/v2\/product_brand?post=782"},{"taxonomy":"product_cat","embeddable":true,"href":"https:\/\/red-lighttherapy.com\/pt_pt\/wp-json\/wp\/v2\/product_cat?post=782"},{"taxonomy":"product_tag","embeddable":true,"href":"https:\/\/red-lighttherapy.com\/pt_pt\/wp-json\/wp\/v2\/product_tag?post=782"}],"curies":[{"name":"wp","href":"https:\/\/api.w.org\/{rel}","templated":true}]}}