{"id":776,"date":"2025-04-14T12:26:14","date_gmt":"2025-04-14T12:26:14","guid":{"rendered":"https:\/\/red-lighttherapy.com\/?post_type=product&#038;p=776"},"modified":"2025-04-14T12:50:33","modified_gmt":"2025-04-14T12:50:33","slug":"china-kraft-paper-folding-carton-for-lip-balm-gloss-eyeliner","status":"publish","type":"product","link":"https:\/\/red-lighttherapy.com\/pt_pt\/china-kraft-paper-folding-carton-for-lip-balm-gloss-eyeliner\/","title":{"rendered":"Caixa dobr\u00e1vel de papel kraft da China para b\u00e1lsamo labial brilho delineador"},"content":{"rendered":"<h2 id=\"-product-description-of-chinese-kraft-paper-folding-carton-\"><strong>Descri\u00e7\u00e3o do produto da Caixa dobr\u00e1vel de papel kraft da China para delineador de brilho labial<\/strong><\/h2>\n<h2 id=\"-1-natural-materials-and-environmental-certification-\"><strong>1. Materiais naturais e certifica\u00e7\u00e3o ambiental<\/strong><\/h2>\n<p>Este produto \u00e9 fabricado com pasta de papel artesanal natural e as mat\u00e9rias-primas s\u00e3o obtidas a partir de recursos florestais constantes. O processo de produ\u00e7\u00e3o segue rigorosamente as normas de certifica\u00e7\u00e3o FSC, que garantem a rastreabilidade ambiental de toda a gama, desde as mat\u00e9rias-primas at\u00e9 aos produtos acabados. O papel \u00e9 resistente e naturalmente mate, o que n\u00e3o s\u00f3 mant\u00e9m a textura original do papel kraft, como tamb\u00e9m cumpre os requisitos da UE em mat\u00e9ria de reciclabilidade e de aus\u00eancia de res\u00edduos de metais pesados nos materiais de embalagem.<\/p>\n<h2 id=\"-2-hot-stamping-process-and-visual-presentation-\"><strong>2. Processo de estampagem a quente e apresenta\u00e7\u00e3o visual<\/strong><\/h2>\n<p>A fim de melhorar a\u00a0<strong>luxo e reconhecimento da marca<\/strong>\u00a0da embalagem, utilizamos\u00a0<strong>processo de estampagem a quente personalizado<\/strong>. Atrav\u00e9s da tecnologia precisa de prensagem a quente da folha met\u00e1lica, o log\u00f3tipo da marca, o padr\u00e3o ou o texto podem ser apresentados na superf\u00edcie da caixa, dando ao produto um impacto visual de alta qualidade. A parte de estampagem a quente \u00e9 altamente resistente ao desgaste e, com a textura natural do papel kraft, forma um efeito de contraste discreto e elegante.<\/p>\n<h2 id=\"-3-moisture-proof-performance-and-surface-treatment-\"><strong>3. Desempenho \u00e0 prova de humidade e tratamento de superf\u00edcie<\/strong><\/h2>\n<p>A superf\u00edcie da caixa de embalagem adopta\u00a0<strong>tecnologia de lamina\u00e7\u00e3o amiga do ambiente<\/strong>\u00a0para formar uma camada protetora transparente, que isola eficazmente a entrada de humidade e garante que o corpo da caixa pode permanecer direito e n\u00e3o deformado num ambiente h\u00famido (como a casa de banho, armazenamento a alta temperatura). O material de lamina\u00e7\u00e3o cumpre as normas de seguran\u00e7a de qualidade alimentar, n\u00e3o \u00e9 t\u00f3xico e \u00e9 inofensivo, e aumenta a resist\u00eancia a riscos da superf\u00edcie da caixa.<\/p>\n<h2 id=\"-4-flexible-size-customization-service-\"><strong>4. Servi\u00e7o de personaliza\u00e7\u00e3o de tamanhos flex\u00edveis<\/strong><\/h2>\n<p>Apoiamos\u00a0<strong>personaliza\u00e7\u00e3o em tamanho real<\/strong>e pode ajustar o di\u00e2metro interior e a altura da caixa de embalagem de acordo com as especifica\u00e7\u00f5es do batom ou do eyeliner (como o di\u00e2metro e o comprimento) fornecidas pelo cliente. Por exemplo:<\/p>\n<ul>\n<li><strong>Caixa de batom<\/strong>: Gama de tamanhos comuns 15<em>15<\/em>80mm a 25<em>25<\/em>120 mm;<\/li>\n<li><strong>Caixa de eyeliner<\/strong>: Adequado para produtos magros, tamanho recomendado 12<em>12<\/em>130 mm a 18<em>18<\/em>150mm.<\/li>\n<\/ul>\n<h2 id=\"-5-diversified-box-type-selection-\"><strong>5. Sele\u00e7\u00e3o diversificada de tipos de caixas<\/strong><\/h2>\n<p>Para al\u00e9m da caixa dobr\u00e1vel b\u00e1sica, fornecemos o seguinte\u00a0<strong>solu\u00e7\u00f5es topo de gama do tipo caixa<\/strong>\u00a0para satisfazer as necessidades de diferentes posicionamentos de marca:<\/p>\n<ul>\n<li><strong>Tampa e caixa de base<\/strong>: O design da divis\u00e3o superior e inferior tem um forte sentido de cerim\u00f3nia de abertura e fecho, adequado para embalagens de presentes de alta qualidade;<\/li>\n<li><strong>Caixa de gavetas<\/strong>: A estrutura tipo gaveta tem uma ranhura para cart\u00f5es incorporada para fixar o produto, o que \u00e9 simultaneamente pr\u00e1tico e interessante;<\/li>\n<li><strong>Caixa com fecho magn\u00e9tico<\/strong>: A tampa da caixa tem um \u00edman incorporado, que fecha firmemente e \u00e9 f\u00e1cil de abrir e fechar, adequado para cen\u00e1rios de venda a retalho frequentes. Outros tipos de caixas opcionais incluem caixas de dupla inser\u00e7\u00e3o, caixas em forma de livro, etc., que permitem a conce\u00e7\u00e3o de estruturas especiais de abertura e fecho de acordo com as necessidades.<\/li>\n<\/ul>\n<h2 id=\"-6-comprehensive-advantages-and-applicable-scenarios-\"><strong>6. Vantagens globais e cen\u00e1rios aplic\u00e1veis<\/strong><\/h2>\n<ul>\n<li><strong>Prote\u00e7\u00e3o do ambiente<\/strong>: 100% materiais biodegrad\u00e1veis, em conformidade com as exig\u00eancias das plataformas de com\u00e9rcio eletr\u00f3nico transfronteiri\u00e7as (como a Amazon e o AliExpress) em mat\u00e9ria de embalagens sustent\u00e1veis;<\/li>\n<li><strong>Capacita\u00e7\u00e3o da marca<\/strong>: Suporta impress\u00e3o de LOGO, correspond\u00eancia Pantone de cor direta e tecnologia UV local para melhorar a unidade visual da marca;<\/li>\n<li><strong>Ampla aplica\u00e7\u00e3o<\/strong>: Adequado para balc\u00f5es de cosm\u00e9ticos, com\u00e9rcio eletr\u00f3nico a retalho, caixas de presente de Natal e embalagens de produtos de edi\u00e7\u00e3o limitada.<\/li>\n<\/ul>","protected":false},"excerpt":{"rendered":"<p>Esta caixa de embalagem de batom e eyeliner em papel kraft tem um tratamento de revestimento de superf\u00edcie que torna o produto \u00e0 prova de humidade e n\u00e3o se deforma num ambiente h\u00famido. O processo de estampagem a quente confere \u00e0 embalagem uma apresenta\u00e7\u00e3o visual luxuosa e de alta qualidade.<\/p>","protected":false},"featured_media":780,"template":"","meta":{"_kad_post_transparent":"default","_kad_post_title":"","_kad_post_layout":"default","_kad_post_sidebar_id":"","_kad_post_content_style":"default","_kad_post_vertical_padding":"default","_kad_post_feature":"","_kad_post_feature_position":"","_kad_post_header":false,"_kad_post_footer":false,"_kad_post_classname":""},"product_brand":[],"product_cat":[15,28,24,17],"product_tag":[288,290,289],"class_list":{"0":"post-776","1":"product","2":"type-product","3":"status-publish","4":"has-post-thumbnail","6":"product_cat-red-light-therapy","7":"product_cat-customize","8":"product_cat-red-light-therapy-bed","9":"product_cat-services","10":"product_tag-cosmetic-packaging-solution","11":"product_tag-custom-lip-gloss-boxes","12":"product_tag-lip-gloss-boxes-bespoke","14":"first","15":"instock","16":"shipping-taxable","17":"product-type-simple","18":"entry","19":"content-bg","20":"loop-entry"},"_links":{"self":[{"href":"https:\/\/red-lighttherapy.com\/pt_pt\/wp-json\/wp\/v2\/product\/776","targetHints":{"allow":["GET"]}}],"collection":[{"href":"https:\/\/red-lighttherapy.com\/pt_pt\/wp-json\/wp\/v2\/product"}],"about":[{"href":"https:\/\/red-lighttherapy.com\/pt_pt\/wp-json\/wp\/v2\/types\/product"}],"wp:featuredmedia":[{"embeddable":true,"href":"https:\/\/red-lighttherapy.com\/pt_pt\/wp-json\/wp\/v2\/media\/780"}],"wp:attachment":[{"href":"https:\/\/red-lighttherapy.com\/pt_pt\/wp-json\/wp\/v2\/media?parent=776"}],"wp:term":[{"taxonomy":"product_brand","embeddable":true,"href":"https:\/\/red-lighttherapy.com\/pt_pt\/wp-json\/wp\/v2\/product_brand?post=776"},{"taxonomy":"product_cat","embeddable":true,"href":"https:\/\/red-lighttherapy.com\/pt_pt\/wp-json\/wp\/v2\/product_cat?post=776"},{"taxonomy":"product_tag","embeddable":true,"href":"https:\/\/red-lighttherapy.com\/pt_pt\/wp-json\/wp\/v2\/product_tag?post=776"}],"curies":[{"name":"wp","href":"https:\/\/api.w.org\/{rel}","templated":true}]}}